{"id":11523,"date":"2024-10-27T07:55:14","date_gmt":"2024-10-27T07:55:14","guid":{"rendered":"https:\/\/kasperindre.lt\/?post_type=product&#038;p=11523"},"modified":"2024-10-27T07:56:06","modified_gmt":"2024-10-27T07:56:06","slug":"maria-nila-plauku-formavimo-lakas-styling-spray","status":"publish","type":"product","link":"https:\/\/kasperindre.lt\/?product=maria-nila-plauku-formavimo-lakas-styling-spray","title":{"rendered":"MARIA NILA Plauk\u0173 formavimo lakas \u2013 Styling Spray"},"content":{"rendered":"\t\t<div data-elementor-type=\"wp-post\" data-elementor-id=\"11523\" class=\"elementor elementor-11523\" data-elementor-settings=\"[]\">\n\t\t\t\t\t\t\t<div class=\"elementor-section-wrap\">\n\t\t\t\t\t\t\t<section class=\"elementor-section elementor-top-section elementor-element elementor-element-3b5bdbc8 elementor-section-boxed elementor-section-height-default elementor-section-height-default qodef-elementor-content-no\" data-id=\"3b5bdbc8\" data-element_type=\"section\">\n\t\t\t\t\t\t<div class=\"elementor-container elementor-column-gap-default\">\n\t\t\t\t\t<div class=\"elementor-column elementor-col-100 elementor-top-column elementor-element elementor-element-52398814\" data-id=\"52398814\" data-element_type=\"column\">\n\t\t\t<div class=\"elementor-widget-wrap elementor-element-populated\">\n\t\t\t\t\t\t\t\t<div class=\"elementor-element elementor-element-44a64cdd elementor-widget elementor-widget-text-editor\" data-id=\"44a64cdd\" data-element_type=\"widget\" data-widget_type=\"text-editor.default\">\n\t\t\t\t<div class=\"elementor-widget-container\">\n\t\t\t\t\t\t\t<p>\u0160velnus silpnos fiksacijos pur\u0161kiklis suteikia \u017evilgesio ir suma\u017eina v\u0117lim\u0105si. Pur\u0161kiklis puikiai tinka naudoti formuojant plaukus, jis gali b\u016bti pur\u0161kiamas keliais sluoksniais ir lengvai i\u0161\u0161ukuojamas, jei reikia atlikti korekcijas. Palyginus su FINISHING SPRAY ir EXTREME SPRAY, m\u016bs\u0173 STYLING SPRAY yra silpniausias plauk\u0173 pur\u0161kiklis i\u0161 MARIA NILA plauk\u0173 formavimo linijos. Pur\u0161kiklis i\u0161siskiria vanil\u0117s-balzamiko aromatu su citrusin\u0117mis ir g\u0117lin\u0117mis nektarino, marcipano, rausvosios ro\u017e\u0117s ir magnolijos natomis. Colour Guard Complex apsaugo plauk\u0173 spalv\u0105 nuo UV spinduli\u0173 ir laisv\u0173j\u0173 radikal\u0173.<\/p><h5 class=\"yikes-custom-woo-tab-title yikes-custom-woo-tab-title-naudojimas\">Naudojimas<\/h5><p>I\u0161d\u017eiovin\u0119 plaukus d\u017eiovintuvu ar suformav\u0119 \u0161ukuosen\u0105, purk\u0161kite pur\u0161kikl\u012f ant plauk\u0173 fiksacijai ir \u017evilgesiui suteikti. Pur\u0161kiklis puikiai tinka naudoti formuojant plaukus, jis lengvai i\u0161\u0161ukuojamas, jei reikia atlikti korekcijas. Nor\u0117dami stipriau u\u017efiksuoti \u0161ukuosen\u0105, purk\u0161kite priemon\u0119 keliais sluoksniais ir u\u017ebaikite \u0161ukuosen\u0105 naudodami FINISHING SPRAY, kad suteiktum\u0117te papildomos fiksacijos.<\/p><h5 class=\"yikes-custom-woo-tab-title yikes-custom-woo-tab-title-sudetis\">ingredientai<\/h5><p>Alcohol Denat, Butane, Isobutane, Acrylates Copolymer, Propane, Aminomethyl Propanol, Aqua, Helianthus Annuus Seed Extract, Quaternium-95, Propanediol, Pentaerythrityl Tetra-di-t-butyl Hydroxyhydrocinnamate, PEG\/PPG-18\/18 Dimethicone, PPG- 3 Methyl Ether, Butylene Glycol, Parfum.<\/p>\t\t\t\t\t\t<\/div>\n\t\t\t\t<\/div>\n\t\t\t\t\t<\/div>\n\t\t<\/div>\n\t\t\t\t\t\t\t<\/div>\n\t\t<\/section>\n\t\t\t\t\t\t<\/div>\n\t\t\t\t\t<\/div>\n\t\t","protected":false},"excerpt":{"rendered":"<div class=\"woocommerce-product-details__short-description\">\n<ul>\n<li>Stiprumas 2\/5<\/li>\n<li>Silpnos fiksacijos, lengva i\u0161\u0161ukuoti<\/li>\n<li>Suteikia \u017evilgesio ir suma\u017eina v\u0117lim\u0105si<\/li>\n<li>Be sulfat\u0173 ir paraben\u0173<\/li>\n<li>100% vegani\u0161kas ir nebandytas su gyv\u016bnais<\/li>\n<li>Kompensuojamas pakuo\u010di\u0173 CO<sub>2<\/sub><\/li>\n<\/ul>\n<\/div>\n","protected":false},"featured_media":11524,"comment_status":"open","ping_status":"closed","template":"","meta":{"om_disable_all_campaigns":false},"product_brand":[],"product_cat":[44,39],"product_tag":[],"class_list":{"0":"post-11523","1":"product","2":"type-product","3":"status-publish","4":"has-post-thumbnail","6":"product_cat-mini-produktai","7":"product_cat-plauku-lakai-ir-purskikliai","9":"first","10":"instock","11":"shipping-taxable","12":"purchasable","13":"product-type-variable","14":"add-to-wishlist-before_image"},"aioseo_notices":[],"_links":{"self":[{"href":"https:\/\/kasperindre.lt\/index.php?rest_route=\/wp\/v2\/product\/11523","targetHints":{"allow":["GET"]}}],"collection":[{"href":"https:\/\/kasperindre.lt\/index.php?rest_route=\/wp\/v2\/product"}],"about":[{"href":"https:\/\/kasperindre.lt\/index.php?rest_route=\/wp\/v2\/types\/product"}],"replies":[{"embeddable":true,"href":"https:\/\/kasperindre.lt\/index.php?rest_route=%2Fwp%2Fv2%2Fcomments&post=11523"}],"version-history":[{"count":4,"href":"https:\/\/kasperindre.lt\/index.php?rest_route=\/wp\/v2\/product\/11523\/revisions"}],"predecessor-version":[{"id":11530,"href":"https:\/\/kasperindre.lt\/index.php?rest_route=\/wp\/v2\/product\/11523\/revisions\/11530"}],"wp:featuredmedia":[{"embeddable":true,"href":"https:\/\/kasperindre.lt\/index.php?rest_route=\/wp\/v2\/media\/11524"}],"wp:attachment":[{"href":"https:\/\/kasperindre.lt\/index.php?rest_route=%2Fwp%2Fv2%2Fmedia&parent=11523"}],"wp:term":[{"taxonomy":"product_brand","embeddable":true,"href":"https:\/\/kasperindre.lt\/index.php?rest_route=%2Fwp%2Fv2%2Fproduct_brand&post=11523"},{"taxonomy":"product_cat","embeddable":true,"href":"https:\/\/kasperindre.lt\/index.php?rest_route=%2Fwp%2Fv2%2Fproduct_cat&post=11523"},{"taxonomy":"product_tag","embeddable":true,"href":"https:\/\/kasperindre.lt\/index.php?rest_route=%2Fwp%2Fv2%2Fproduct_tag&post=11523"}],"curies":[{"name":"wp","href":"https:\/\/api.w.org\/{rel}","templated":true}]}}