{"id":11482,"date":"2024-10-27T07:45:48","date_gmt":"2024-10-27T07:45:48","guid":{"rendered":"https:\/\/kasperindre.lt\/?post_type=product&#038;p=11482"},"modified":"2024-10-27T07:46:43","modified_gmt":"2024-10-27T07:46:43","slug":"maria-nila-sausasis-sampunas-dry-shampoo","status":"publish","type":"product","link":"https:\/\/kasperindre.lt\/?product=maria-nila-sausasis-sampunas-dry-shampoo","title":{"rendered":"MARIA NILA Sausasis \u0161amp\u016bnas \u2013 Dry Shampoo"},"content":{"rendered":"\t\t<div data-elementor-type=\"wp-post\" data-elementor-id=\"11482\" class=\"elementor elementor-11482\" data-elementor-settings=\"[]\">\n\t\t\t\t\t\t\t<div class=\"elementor-section-wrap\">\n\t\t\t\t\t\t\t<section class=\"elementor-section elementor-top-section elementor-element elementor-element-4dec301e elementor-section-boxed elementor-section-height-default elementor-section-height-default qodef-elementor-content-no\" data-id=\"4dec301e\" data-element_type=\"section\">\n\t\t\t\t\t\t<div class=\"elementor-container elementor-column-gap-default\">\n\t\t\t\t\t<div class=\"elementor-column elementor-col-100 elementor-top-column elementor-element elementor-element-323f1c46\" data-id=\"323f1c46\" data-element_type=\"column\">\n\t\t\t<div class=\"elementor-widget-wrap elementor-element-populated\">\n\t\t\t\t\t\t\t\t<div class=\"elementor-element elementor-element-24dbd903 elementor-widget elementor-widget-text-editor\" data-id=\"24dbd903\" data-element_type=\"widget\" data-widget_type=\"text-editor.default\">\n\t\t\t\t<div class=\"elementor-widget-container\">\n\t\t\t\t\t\t\t<p>Pudros pavidalo stiprios fiksacijos pur\u0161kiklis akimirksniu atgaivina susiriebalavusius plaukus. Jis taip pat gali b\u016bti naudojamas kaip formavimo priemon\u0117, nes sukuria \u0161iurk\u0161tesn\u0119 tekst\u016br\u0105 ir apimt\u012f, tod\u0117l formuojant plaukus lankeliai ir sagu\u010diai geriau prisitvirtina. Palyginus su MARIA NILA INVISIDRY SHAMPOO, m\u016bs\u0173 DRY SHAMPOO yra stipresnis, suteikia plaukams daugiau apimties ir tekst\u016bros. Sausasis \u0161amp\u016bnas yra unikalaus vaisinio kriau\u0161i\u0173 kvapo. Colour Guard Complex apsaugo plauk\u0173 spalv\u0105 nuo UV spinduli\u0173 ir laisv\u0173j\u0173 radikal\u0173.<\/p><h5 class=\"yikes-custom-woo-tab-title yikes-custom-woo-tab-title-naudojimas\">Naudojimas<\/h5><p>Prie\u0161 naudodami priemon\u0119, buteliuk\u0105 gerai suplakite. Purk\u0161kite saus\u0105j\u012f \u0161amp\u016bn\u0105 ant sruogomis padalint\u0173 saus\u0173 plauk\u0173 \u0161akn\u0173 arba pirmiausiai papurk\u0161kite ant pir\u0161t\u0173 galiuk\u0173 ir perbraukite pir\u0161tais norimas atgaivinti plauk\u0173 dalis. Baig\u0119 kruop\u0161\u010diai i\u0161\u0161ukuokite plaukus arba \u012fmasa\u017euokite priemon\u0119, kad visi plaukai b\u016bt\u0173 tolygiai atgaivinti. Purk\u0161kite ant susiriebalavusi\u0173 plauk\u0173, siekdami suteikti jiems gaivumo, arba ant k\u0105 tik i\u0161trinkt\u0173 plauk\u0173, kad \u0161vari\u0173 plauk\u0173 poj\u016btis i\u0161silaikyt\u0173 kuo ilgiau.<\/p><h5 class=\"yikes-custom-woo-tab-title yikes-custom-woo-tab-title-sudetis\">Ingredientai<\/h5><p>Butane, Alcohol Denat, Isobutane, Propane, Aluminum Starch Octenylsuccinate, Solanum Tuberosum (Potato) Starch, Silica, Parfum.<\/p>\t\t\t\t\t\t<\/div>\n\t\t\t\t<\/div>\n\t\t\t\t\t<\/div>\n\t\t<\/div>\n\t\t\t\t\t\t\t<\/div>\n\t\t<\/section>\n\t\t\t\t\t\t<\/div>\n\t\t\t\t\t<\/div>\n\t\t","protected":false},"excerpt":{"rendered":"<div class=\"woocommerce-product-details__short-description\">\n<ul>\n<li>Stiprumas 3\/5<\/li>\n<li>Suteikia apimties ir atgaivina susiriebalavusius plaukus<\/li>\n<li>Stipri fiksacija, \u0161iurk\u0161tina plaukus<\/li>\n<li>Be sulfat\u0173 ir paraben\u0173<\/li>\n<li>100% vegani\u0161kas ir nebandytas su gyv\u016bnais<\/li>\n<li>Kompensuojamas pakuo\u010di\u0173 CO<sub>2<\/sub><\/li>\n<\/ul>\n<\/div>\n","protected":false},"featured_media":11483,"comment_status":"open","ping_status":"closed","template":"","meta":{"om_disable_all_campaigns":false},"product_brand":[],"product_cat":[15],"product_tag":[],"class_list":{"0":"post-11482","1":"product","2":"type-product","3":"status-publish","4":"has-post-thumbnail","6":"product_cat-sampunai","8":"first","9":"instock","10":"shipping-taxable","11":"purchasable","12":"product-type-variable","13":"add-to-wishlist-before_image"},"aioseo_notices":[],"_links":{"self":[{"href":"https:\/\/kasperindre.lt\/index.php?rest_route=\/wp\/v2\/product\/11482","targetHints":{"allow":["GET"]}}],"collection":[{"href":"https:\/\/kasperindre.lt\/index.php?rest_route=\/wp\/v2\/product"}],"about":[{"href":"https:\/\/kasperindre.lt\/index.php?rest_route=\/wp\/v2\/types\/product"}],"replies":[{"embeddable":true,"href":"https:\/\/kasperindre.lt\/index.php?rest_route=%2Fwp%2Fv2%2Fcomments&post=11482"}],"version-history":[{"count":4,"href":"https:\/\/kasperindre.lt\/index.php?rest_route=\/wp\/v2\/product\/11482\/revisions"}],"predecessor-version":[{"id":11489,"href":"https:\/\/kasperindre.lt\/index.php?rest_route=\/wp\/v2\/product\/11482\/revisions\/11489"}],"wp:featuredmedia":[{"embeddable":true,"href":"https:\/\/kasperindre.lt\/index.php?rest_route=\/wp\/v2\/media\/11483"}],"wp:attachment":[{"href":"https:\/\/kasperindre.lt\/index.php?rest_route=%2Fwp%2Fv2%2Fmedia&parent=11482"}],"wp:term":[{"taxonomy":"product_brand","embeddable":true,"href":"https:\/\/kasperindre.lt\/index.php?rest_route=%2Fwp%2Fv2%2Fproduct_brand&post=11482"},{"taxonomy":"product_cat","embeddable":true,"href":"https:\/\/kasperindre.lt\/index.php?rest_route=%2Fwp%2Fv2%2Fproduct_cat&post=11482"},{"taxonomy":"product_tag","embeddable":true,"href":"https:\/\/kasperindre.lt\/index.php?rest_route=%2Fwp%2Fv2%2Fproduct_tag&post=11482"}],"curies":[{"name":"wp","href":"https:\/\/api.w.org\/{rel}","templated":true}]}}