{"id":11452,"date":"2024-10-26T14:11:58","date_gmt":"2024-10-26T14:11:58","guid":{"rendered":"https:\/\/kasperindre.lt\/?post_type=product&#038;p=11452"},"modified":"2024-10-26T14:12:42","modified_gmt":"2024-10-26T14:12:42","slug":"maria-nila-spindesio-suteikianti-dulksna-shimmer-spray","status":"publish","type":"product","link":"https:\/\/kasperindre.lt\/?product=maria-nila-spindesio-suteikianti-dulksna-shimmer-spray","title":{"rendered":"MARIA NILA spindesio suteikianti dulksna \u2013 Shimmer Spray"},"content":{"rendered":"\t\t<div data-elementor-type=\"wp-post\" data-elementor-id=\"11452\" class=\"elementor elementor-11452\" data-elementor-settings=\"[]\">\n\t\t\t\t\t\t\t<div class=\"elementor-section-wrap\">\n\t\t\t\t\t\t\t<section class=\"elementor-section elementor-top-section elementor-element elementor-element-66b35de elementor-section-boxed elementor-section-height-default elementor-section-height-default qodef-elementor-content-no\" data-id=\"66b35de\" data-element_type=\"section\">\n\t\t\t\t\t\t<div class=\"elementor-container elementor-column-gap-default\">\n\t\t\t\t\t<div class=\"elementor-column elementor-col-100 elementor-top-column elementor-element elementor-element-5c1b46df\" data-id=\"5c1b46df\" data-element_type=\"column\">\n\t\t\t<div class=\"elementor-widget-wrap elementor-element-populated\">\n\t\t\t\t\t\t\t\t<div class=\"elementor-element elementor-element-51357b89 elementor-widget elementor-widget-text-editor\" data-id=\"51357b89\" data-element_type=\"widget\" data-widget_type=\"text-editor.default\">\n\t\t\t\t<div class=\"elementor-widget-container\">\n\t\t\t\t\t\t\t<p>Lengvos tekst\u016bros dulksna plaukams suteikia spindesio ir ma\u017eina p\u016btim\u0105si. Spindin\u010dios dalel\u0117s i\u0161gautos i\u0161 nat\u016brali\u0173 ir sintetini\u0173 mineral\u0173, o sud\u0117tyje esantis spalv\u0105 saugantis kompleksas su saul\u0117gr\u0105\u017e\u0173 s\u0117kl\u0173 aliejumi apsaugo plaukus ir padeda i\u0161saugoti j\u0173 spalv\u0105. Sud\u0117tyje taip pat yra antioksidanto vitamino E, kuris i\u0161saugo dr\u0117gm\u0119. Vaisi\u0173 \u2013 g\u0117li\u0173 kvapas primena malonius kvepalus, kuri\u0173 vir\u0161utin\u0117se natose jau\u010diami rabarbarai ir raudonieji serbentai, \u0161irdies natose ro\u017einiai ciklamenai, o bazin\u0117se natose santalmedis ir greipfrutai. MARIA NILA spindesio suteikian\u010di\u0105 dulksn\u0105 SHIMMER SPRAY galima naudoti kartu su kitais formavimo produktais, nes jo sud\u0117tyje n\u0117ra joki\u0173 plaukus fiksuojan\u010di\u0173 med\u017eiag\u0173.<\/p><h5 class=\"yikes-custom-woo-tab-title yikes-custom-woo-tab-title-naudojimas\">Naudojimas<\/h5><p>Gerai suplakite flakon\u0105 ir purk\u0161kite SHIMMER SPRAY ant saus\u0173 plauk\u0173 po formavimo, plaukai \u012fgaus ypatingo \u017evilgesio ir atrodys gyvybingi ir sveiki.<\/p><h5 class=\"yikes-custom-woo-tab-title yikes-custom-woo-tab-title-sudetis\">Ingredientai<\/h5><p>Butane, Alcohol Denat., Isododecane, Isobutane, Trimethylsiloxyphenyl Dimethicone, Propane, C12-15 Alkyl Benzoate, Triheptanoin, C13-16 Isoparaffin, Cetearyl Ethylhexanoate, Tocopherol, Butylene Glycol, Synthetic Fluorphlogopite, Isopropyl Myristate, Helianthus Annuus (Sunflower) Seed Extract, Tin Oxide, CI 77891\/Titanium Dioxide, Parfum\/Fragrance.<\/p>\t\t\t\t\t\t<\/div>\n\t\t\t\t<\/div>\n\t\t\t\t\t<\/div>\n\t\t<\/div>\n\t\t\t\t\t\t\t<\/div>\n\t\t<\/section>\n\t\t\t\t\t\t<\/div>\n\t\t\t\t\t<\/div>\n\t\t","protected":false},"excerpt":{"rendered":"<div class=\"woocommerce-product-details__short-description\">\n<ul>\n<li>Stiprumas 0\/5<\/li>\n<li>Lengvos tekst\u016bros dulksna plaukams suteikia spindesio.<\/li>\n<li>Suma\u017eina p\u016btim\u0105si.<\/li>\n<li>Antioksidantas vitaminas E, kuris i\u0161saugo dr\u0117gm\u0119.<\/li>\n<li>Be sulfat\u0173 ir paraben\u0173<\/li>\n<li>100% vegani\u0161kas ir nebandytas su gyv\u016bnais<\/li>\n<li>Kompensuojamas pakuo\u010di\u0173 CO<sub>2<\/sub><\/li>\n<\/ul>\n<\/div>\n","protected":false},"featured_media":11453,"comment_status":"open","ping_status":"closed","template":"","meta":{"om_disable_all_campaigns":false},"product_brand":[],"product_cat":[39],"product_tag":[],"class_list":{"0":"post-11452","1":"product","2":"type-product","3":"status-publish","4":"has-post-thumbnail","6":"product_cat-plauku-lakai-ir-purskikliai","8":"first","9":"instock","10":"shipping-taxable","11":"purchasable","12":"product-type-variable","13":"add-to-wishlist-before_image"},"aioseo_notices":[],"_links":{"self":[{"href":"https:\/\/kasperindre.lt\/index.php?rest_route=\/wp\/v2\/product\/11452","targetHints":{"allow":["GET"]}}],"collection":[{"href":"https:\/\/kasperindre.lt\/index.php?rest_route=\/wp\/v2\/product"}],"about":[{"href":"https:\/\/kasperindre.lt\/index.php?rest_route=\/wp\/v2\/types\/product"}],"replies":[{"embeddable":true,"href":"https:\/\/kasperindre.lt\/index.php?rest_route=%2Fwp%2Fv2%2Fcomments&post=11452"}],"version-history":[{"count":4,"href":"https:\/\/kasperindre.lt\/index.php?rest_route=\/wp\/v2\/product\/11452\/revisions"}],"predecessor-version":[{"id":11459,"href":"https:\/\/kasperindre.lt\/index.php?rest_route=\/wp\/v2\/product\/11452\/revisions\/11459"}],"wp:featuredmedia":[{"embeddable":true,"href":"https:\/\/kasperindre.lt\/index.php?rest_route=\/wp\/v2\/media\/11453"}],"wp:attachment":[{"href":"https:\/\/kasperindre.lt\/index.php?rest_route=%2Fwp%2Fv2%2Fmedia&parent=11452"}],"wp:term":[{"taxonomy":"product_brand","embeddable":true,"href":"https:\/\/kasperindre.lt\/index.php?rest_route=%2Fwp%2Fv2%2Fproduct_brand&post=11452"},{"taxonomy":"product_cat","embeddable":true,"href":"https:\/\/kasperindre.lt\/index.php?rest_route=%2Fwp%2Fv2%2Fproduct_cat&post=11452"},{"taxonomy":"product_tag","embeddable":true,"href":"https:\/\/kasperindre.lt\/index.php?rest_route=%2Fwp%2Fv2%2Fproduct_tag&post=11452"}],"curies":[{"name":"wp","href":"https:\/\/api.w.org\/{rel}","templated":true}]}}