{"id":1145,"date":"2020-12-30T14:19:03","date_gmt":"2020-12-30T14:19:03","guid":{"rendered":"https:\/\/passim.qodeinteractive.com\/?post_type=product&#038;p=1145"},"modified":"2024-09-26T15:50:42","modified_gmt":"2024-09-26T15:50:42","slug":"plauku-aliejukai-geliai-7","status":"publish","type":"product","link":"https:\/\/kasperindre.lt\/?product=plauku-aliejukai-geliai-7","title":{"rendered":"SERUMAS NUO ANDROGENETINIO IR HORMONINIO PLAUK\u0172 SLINKIMO PH: 5.4 | ENERGIZING"},"content":{"rendered":"\t\t<div data-elementor-type=\"wp-post\" data-elementor-id=\"1145\" class=\"elementor elementor-1145\" data-elementor-settings=\"[]\">\n\t\t\t\t\t\t\t<div class=\"elementor-section-wrap\">\n\t\t\t\t\t\t\t<section class=\"elementor-section elementor-top-section elementor-element elementor-element-f30aed5 elementor-section-full_width elementor-section-height-default elementor-section-height-default qodef-elementor-content-no\" data-id=\"f30aed5\" data-element_type=\"section\">\n\t\t\t\t\t\t<div class=\"elementor-container elementor-column-gap-default\">\n\t\t\t\t\t<div class=\"elementor-column elementor-col-100 elementor-top-column elementor-element elementor-element-68fe7cf\" data-id=\"68fe7cf\" data-element_type=\"column\">\n\t\t\t<div class=\"elementor-widget-wrap elementor-element-populated\">\n\t\t\t\t\t\t\t\t<div class=\"elementor-element elementor-element-09d4d32 elementor-widget elementor-widget-text-editor\" data-id=\"09d4d32\" data-element_type=\"widget\" data-widget_type=\"text-editor.default\">\n\t\t\t\t<div class=\"elementor-widget-container\">\n\t\t\t\t\t\t\t<div class=\"easytabs-text\"><p>Stipriai stimuliuojantis serumas nuo plauk\u0173 slinkimo, kur\u012f sukelia androgenetiniai, hormoniniai veiksniai. \u0160is superaktyvas suma\u017eina plauk\u0173 slinkim\u0105, subalansuoja riebalus. Plaukai tampa tankesni, stipresni, o oda stangresn\u0117. Papildytas spindulin\u0117s pupuol\u0117s (green gram) ir raudonojo dobilo (red clover) ekstraktais.<\/p><\/div><div id=\"4710823067780\" class=\"easytabs-container tab-widget-4710823067780 easytabs-inited\" data-et-min-width=\"0\" data-et-auto-accordion=\"0\" data-et-cbw=\"1\" data-et-cbr=\"3\" data-et-sta=\"1\" data-et-amp=\"0\" data-et-flx=\"0\" data-et-wt=\"0\" data-et-ao=\"1\" data-et-tabs-width=\"295\"><div class=\"easytabs-holder easytabs-accordion\"><div class=\"easytabs-contents\"><div class=\"easytabs-content-item easytabs-active\" data-et-marker=\"tabs-energizing-superaktyvas-nuo-antrogenetinio-ar-hormoninio-plauku-slinkimo-ph-5-4-2\" data-et-handle=\"tabs-kaip-naudoti\"><h5 class=\"easytabs-accordion-item\" tabindex=\"0\" aria-labelledby=\"easytabs-slide-label-4710823067780-0\" aria-selected=\"true\"><a class=\"ui-tabs-anchor js-no-transition\">Kaip naudoti?<\/a><\/h5><div class=\"easytabs-content-holder\" aria-labelledby=\"easytabs-slide-label-4710823067780-0\" aria-expanded=\"true\" aria-hidden=\"false\"><p>I\u0161trink\u0119 plaukus \u201eEnergizing\u201c \u0161amp\u016bnu, pipete u\u017ela\u0161inkite superaktyv\u0105 ant galvos odos, \u0161velniai \u012fmasa\u017euokite.<\/p><p>Intensyvus gydymas: kas antr\u0105 dien\u0105 vien\u0105 m\u0117nes\u012f. Prevencinis gydymas: 2 kartus per savait\u0119 2 m\u0117nesius. Esant poreikiui po trumpos pertraukos pakartokite.\u00a0NENUSKALAUKITE.<\/p><p>Svarbu pamin\u0117ti, jog produkto nerekomenduojama naudoti n\u0117\u0161tumo ir \u017eindymo laikotarpiu.<\/p><\/div><\/div><div class=\"easytabs-content-item\" data-et-marker=\"tabs-energizing-superaktyvas-nuo-antrogenetinio-ar-hormoninio-plauku-slinkimo-ph-5-4-3\" data-et-handle=\"tabs-sudedamosios-dalys\"><h5 class=\"easytabs-accordion-item\" tabindex=\"-1\" aria-labelledby=\"easytabs-slide-label-4710823067780-1\" aria-selected=\"false\"><a class=\"ui-tabs-anchor js-no-transition\">Sudedamosios dalys<\/a><\/h5><p id=\"tw-target-text\" class=\"tw-data-text tw-text-large XcVN5d tw-ta\" dir=\"ltr\" data-placeholder=\"Vertimas\" data-pid=\"JDnUm\">Energizing &#8211; tai linija, padedanti sustabdyti sezonin\u012f ar antrogenetin\u012f plauk\u0173 slinkim\u0105. Ji praturtinta Energizuojan\u010diu kompleksu, kur\u012f sudaro tokie komponentai, kaip:<\/p><p id=\"tw-target-text\" class=\"tw-data-text tw-text-large XcVN5d tw-ta\" dir=\"ltr\" data-placeholder=\"Vertimas\" data-pid=\"Euvdg\">\u017daliosios arbatos ekstraktas, kurio sud\u0117tyje yra katechino &#8211; tai stipri\u0173 antioksidantini\u0173 ir prie\u0161u\u017edegimini\u0173 savybi\u0173 turintis organinis junginys &#8211; fenolis. Jis yra antrinis augal\u0173 metabolitas, priskiriamas flavanoid\u0173 klasei. Jo gausu \u017ealioje arbatoje, kakavoje, \u0161okolade, acte.\u00a0<\/p><p id=\"tw-target-text\" class=\"tw-data-text tw-text-large XcVN5d tw-ta\" dir=\"ltr\" data-placeholder=\"Vertimas\" data-pid=\"mDeLC\">Taip pat svarb\u0173 vaidmen\u012f atlieka Vitaminas B3, kuris subalansuoja odos riebal\u0173 gamyb\u0105 ir pagerina odos dr\u0117kinim\u0105.<\/p><p class=\"tw-data-text tw-text-large XcVN5d tw-ta\" dir=\"ltr\" data-placeholder=\"Vertimas\" data-pid=\"VywOH\">\u00a0Formul\u0117 taip pat pasi\u017eymi kofeino fitocitais. Kofeinas stimuliuoja galvos odos l\u0105steli\u0173 metabolizm\u0105, skatina deguonies pratakum\u0105 audiniuose.<\/p><p>AQUA \/ WATER \/ EAU, ALCOHOL DENAT., EUCALYPTOL, MENTHOL, GLYCERIN, NIACINAMIDE, LIMONENE, VIGNA RADIATA SEEDEXTRACT, TRIFOLIUM PRATENSE EXTRACT \/ TRIFOLIUM PRATENSE (CLOVER) EXTRACT, EPIGALLOCATECHIN GALLATYL GLUCOSIDE<\/p><\/div><\/div><\/div><\/div>\t\t\t\t\t\t<\/div>\n\t\t\t\t<\/div>\n\t\t\t\t\t<\/div>\n\t\t<\/div>\n\t\t\t\t\t\t\t<\/div>\n\t\t<\/section>\n\t\t\t\t\t\t<\/div>\n\t\t\t\t\t<\/div>\n\t\t","protected":false},"excerpt":{"rendered":"<div class=\"easytabs-text\">\n<p>Stipriai stimuliuojantis serumas nuo plauk\u0173 slinkimo, kur\u012f sukelia androgenetiniai, hormoniniai veiksniai. \u0160is superaktyvas suma\u017eina plauk\u0173 slinkim\u0105, subalansuoja riebalus. Plaukai tampa tankesni, stipresni, o oda stangresn\u0117.<\/p>\n<\/div>\n<div id=\"4710823067780\" class=\"easytabs-container tab-widget-4710823067780 easytabs-inited\" data-et-min-width=\"0\" data-et-auto-accordion=\"0\" data-et-cbw=\"1\" data-et-cbr=\"3\" data-et-sta=\"1\" data-et-amp=\"0\" data-et-flx=\"0\" data-et-wt=\"0\" data-et-ao=\"1\" data-et-tabs-width=\"295\">\n<div class=\"easytabs-holder easytabs-accordion\">\n<div class=\"easytabs-contents\">\n<div class=\"easytabs-content-item easytabs-active\" data-et-marker=\"tabs-energizing-superaktyvas-nuo-antrogenetinio-ar-hormoninio-plauku-slinkimo-ph-5-4-2\" data-et-handle=\"tabs-kaip-naudoti\"><\/div>\n<\/div>\n<\/div>\n<\/div>\n","protected":false},"featured_media":10183,"comment_status":"open","ping_status":"closed","template":"","meta":{"om_disable_all_campaigns":false},"product_brand":[],"product_cat":[46],"product_tag":[47],"class_list":{"0":"post-1145","1":"product","2":"type-product","3":"status-publish","4":"has-post-thumbnail","6":"product_cat-plauku-geliai-serumai-losjonai","7":"product_tag-slenkantys-plaukai","9":"first","10":"instock","11":"shipping-taxable","12":"purchasable","13":"product-type-simple","14":"add-to-wishlist-before_image"},"aioseo_notices":[],"_links":{"self":[{"href":"https:\/\/kasperindre.lt\/index.php?rest_route=\/wp\/v2\/product\/1145","targetHints":{"allow":["GET"]}}],"collection":[{"href":"https:\/\/kasperindre.lt\/index.php?rest_route=\/wp\/v2\/product"}],"about":[{"href":"https:\/\/kasperindre.lt\/index.php?rest_route=\/wp\/v2\/types\/product"}],"replies":[{"embeddable":true,"href":"https:\/\/kasperindre.lt\/index.php?rest_route=%2Fwp%2Fv2%2Fcomments&post=1145"}],"version-history":[{"count":4,"href":"https:\/\/kasperindre.lt\/index.php?rest_route=\/wp\/v2\/product\/1145\/revisions"}],"predecessor-version":[{"id":10187,"href":"https:\/\/kasperindre.lt\/index.php?rest_route=\/wp\/v2\/product\/1145\/revisions\/10187"}],"wp:featuredmedia":[{"embeddable":true,"href":"https:\/\/kasperindre.lt\/index.php?rest_route=\/wp\/v2\/media\/10183"}],"wp:attachment":[{"href":"https:\/\/kasperindre.lt\/index.php?rest_route=%2Fwp%2Fv2%2Fmedia&parent=1145"}],"wp:term":[{"taxonomy":"product_brand","embeddable":true,"href":"https:\/\/kasperindre.lt\/index.php?rest_route=%2Fwp%2Fv2%2Fproduct_brand&post=1145"},{"taxonomy":"product_cat","embeddable":true,"href":"https:\/\/kasperindre.lt\/index.php?rest_route=%2Fwp%2Fv2%2Fproduct_cat&post=1145"},{"taxonomy":"product_tag","embeddable":true,"href":"https:\/\/kasperindre.lt\/index.php?rest_route=%2Fwp%2Fv2%2Fproduct_tag&post=1145"}],"curies":[{"name":"wp","href":"https:\/\/api.w.org\/{rel}","templated":true}]}}