{"id":11442,"date":"2024-10-26T14:08:44","date_gmt":"2024-10-26T14:08:44","guid":{"rendered":"https:\/\/kasperindre.lt\/?post_type=product&#038;p=11442"},"modified":"2024-10-26T14:09:42","modified_gmt":"2024-10-26T14:09:42","slug":"maria-nila-sausasis-sampunas-invisidry-shampoo","status":"publish","type":"product","link":"https:\/\/kasperindre.lt\/?product=maria-nila-sausasis-sampunas-invisidry-shampoo","title":{"rendered":"MARIA NILA Sausasis \u0161amp\u016bnas \u2013 Invisidry Shampoo"},"content":{"rendered":"\t\t<div data-elementor-type=\"wp-post\" data-elementor-id=\"11442\" class=\"elementor elementor-11442\" data-elementor-settings=\"[]\">\n\t\t\t\t\t\t\t<div class=\"elementor-section-wrap\">\n\t\t\t\t\t\t\t<section class=\"elementor-section elementor-top-section elementor-element elementor-element-30d007f elementor-section-boxed elementor-section-height-default elementor-section-height-default qodef-elementor-content-no\" data-id=\"30d007f\" data-element_type=\"section\">\n\t\t\t\t\t\t<div class=\"elementor-container elementor-column-gap-default\">\n\t\t\t\t\t<div class=\"elementor-column elementor-col-100 elementor-top-column elementor-element elementor-element-28d60b8c\" data-id=\"28d60b8c\" data-element_type=\"column\">\n\t\t\t<div class=\"elementor-widget-wrap elementor-element-populated\">\n\t\t\t\t\t\t\t\t<div class=\"elementor-element elementor-element-66c84e56 elementor-widget elementor-widget-text-editor\" data-id=\"66c84e56\" data-element_type=\"widget\" data-widget_type=\"text-editor.default\">\n\t\t\t\t<div class=\"elementor-widget-container\">\n\t\t\t\t\t\t\t<p>Lengvos fiksacijos pudros pavidalo pur\u0161kiklis akimirksniu atgaivina plaukus ir galvos od\u0105. Formul\u0117 lengvai sugeria nat\u016bralius plauk\u0173 riebalus nuo galvos odos ir plauk\u0173 taip suteikdama gaivumo poj\u016bt\u012f. Palyginus su DRY SHAMPOO, m\u016bs\u0173 INVISIDRY SHAMPOO yra silpnesn\u0117s fiksacijos ir nepalieka plaukuose joki\u0173 produkto p\u0117dsak\u0173. D\u0117l to puikiai tinka tiek \u0161viesiems, tiek tamsesniems plaukams. Sausasis \u0161amp\u016bnas yra vaisinio pasifloros ir obuoli\u0173 aromato. Colour Guard Complex apsaugo plauk\u0173 spalv\u0105 nuo UV spinduli\u0173 ir laisv\u0173j\u0173 radikal\u0173.<\/p><h5 class=\"yikes-custom-woo-tab-title yikes-custom-woo-tab-title-naudojimas\">Naudojimas<\/h5><p>Prie\u0161 naudodami priemon\u0119, buteliuk\u0105 gerai suplakite. Purk\u0161kite \u0161amp\u016bn\u0105 ant saus\u0173 plauk\u0173 prie pat \u0161akn\u0173 ar per plauk\u0173 vidurin\u0119 dal\u012f, kad plaukai \u012fgaut\u0173 lengvumo poj\u016bt\u012f. Naudokite ant vis\u0173 plauk\u0173 dalimis arba u\u017epurk\u0161kite produkto ant pir\u0161t\u0173 galiuk\u0173, o tada perbraukite pir\u0161tais per norimas atgaivinti plauk\u0173 vietas. Purk\u0161kite ant susiriebalavusi\u0173 plauk\u0173 siekdami suteikti jiems gaivumo arba ant k\u0105 tik i\u0161trinkt\u0173 plauk\u0173, kad \u0161vari\u0173 plauk\u0173 poj\u016btis i\u0161silaikyt\u0173 kuo ilgiau.<\/p><h5 class=\"yikes-custom-woo-tab-title yikes-custom-woo-tab-title-sudetis\">Ingredientai<\/h5><p>Butane, Isobutane, Alcohol Denat, Propane, Oryza Sativa (Rice) Starch, Crambe Abyssinica Seed Oil, Helianthus Annuus (Sunflower) Seed Extract, Butylene Glycol, Cetrimonium Chloride, Parfum\/Fragrance.<\/p>\t\t\t\t\t\t<\/div>\n\t\t\t\t<\/div>\n\t\t\t\t\t<\/div>\n\t\t<\/div>\n\t\t\t\t\t\t\t<\/div>\n\t\t<\/section>\n\t\t\t\t\t\t<\/div>\n\t\t\t\t\t<\/div>\n\t\t","protected":false},"excerpt":{"rendered":"<div class=\"woocommerce-product-details__short-description\">\n<ul>\n<li>Stiprumas 1\/5<\/li>\n<li>Suteikia susiriebalavusiems plaukams gaivumo tarp trinkim\u0173<\/li>\n<li>Nepastebimas, suteikia ne\u017eymios apimties<\/li>\n<li>Be sulfat\u0173 ir paraben\u0173<\/li>\n<li>100 % vegani\u0161kas ir nebandytas su gyv\u016bnais<\/li>\n<li>Kompensuojamas pakuo\u010di\u0173 CO<sub>2<\/sub><\/li>\n<\/ul>\n<\/div>\n","protected":false},"featured_media":11443,"comment_status":"open","ping_status":"closed","template":"","meta":{"om_disable_all_campaigns":false},"product_brand":[],"product_cat":[15,44],"product_tag":[],"class_list":{"0":"post-11442","1":"product","2":"type-product","3":"status-publish","4":"has-post-thumbnail","6":"product_cat-sampunai","7":"product_cat-mini-produktai","9":"first","10":"instock","11":"shipping-taxable","12":"purchasable","13":"product-type-variable","14":"add-to-wishlist-before_image"},"aioseo_notices":[],"_links":{"self":[{"href":"https:\/\/kasperindre.lt\/index.php?rest_route=\/wp\/v2\/product\/11442","targetHints":{"allow":["GET"]}}],"collection":[{"href":"https:\/\/kasperindre.lt\/index.php?rest_route=\/wp\/v2\/product"}],"about":[{"href":"https:\/\/kasperindre.lt\/index.php?rest_route=\/wp\/v2\/types\/product"}],"replies":[{"embeddable":true,"href":"https:\/\/kasperindre.lt\/index.php?rest_route=%2Fwp%2Fv2%2Fcomments&post=11442"}],"version-history":[{"count":4,"href":"https:\/\/kasperindre.lt\/index.php?rest_route=\/wp\/v2\/product\/11442\/revisions"}],"predecessor-version":[{"id":11449,"href":"https:\/\/kasperindre.lt\/index.php?rest_route=\/wp\/v2\/product\/11442\/revisions\/11449"}],"wp:featuredmedia":[{"embeddable":true,"href":"https:\/\/kasperindre.lt\/index.php?rest_route=\/wp\/v2\/media\/11443"}],"wp:attachment":[{"href":"https:\/\/kasperindre.lt\/index.php?rest_route=%2Fwp%2Fv2%2Fmedia&parent=11442"}],"wp:term":[{"taxonomy":"product_brand","embeddable":true,"href":"https:\/\/kasperindre.lt\/index.php?rest_route=%2Fwp%2Fv2%2Fproduct_brand&post=11442"},{"taxonomy":"product_cat","embeddable":true,"href":"https:\/\/kasperindre.lt\/index.php?rest_route=%2Fwp%2Fv2%2Fproduct_cat&post=11442"},{"taxonomy":"product_tag","embeddable":true,"href":"https:\/\/kasperindre.lt\/index.php?rest_route=%2Fwp%2Fv2%2Fproduct_tag&post=11442"}],"curies":[{"name":"wp","href":"https:\/\/api.w.org\/{rel}","templated":true}]}}