{"id":11431,"date":"2024-10-26T14:04:21","date_gmt":"2024-10-26T14:04:21","guid":{"rendered":"https:\/\/kasperindre.lt\/?post_type=product&#038;p=11431"},"modified":"2024-10-26T14:06:31","modified_gmt":"2024-10-26T14:06:31","slug":"maria-nila-nuo-karscio-apsaugantis-purskiklis-cream-heat-spray","status":"publish","type":"product","link":"https:\/\/kasperindre.lt\/?product=maria-nila-nuo-karscio-apsaugantis-purskiklis-cream-heat-spray","title":{"rendered":"MARIA NILA Nuo kar\u0161\u010dio apsaugantis pur\u0161kiklis \u2013 Cream Heat Spray"},"content":{"rendered":"\t\t<div data-elementor-type=\"wp-post\" data-elementor-id=\"11431\" class=\"elementor elementor-11431\" data-elementor-settings=\"[]\">\n\t\t\t\t\t\t\t<div class=\"elementor-section-wrap\">\n\t\t\t\t\t\t\t<section class=\"elementor-section elementor-top-section elementor-element elementor-element-5a1f4ba elementor-section-boxed elementor-section-height-default elementor-section-height-default qodef-elementor-content-no\" data-id=\"5a1f4ba\" data-element_type=\"section\">\n\t\t\t\t\t\t<div class=\"elementor-container elementor-column-gap-default\">\n\t\t\t\t\t<div class=\"elementor-column elementor-col-100 elementor-top-column elementor-element elementor-element-4035e9cd\" data-id=\"4035e9cd\" data-element_type=\"column\">\n\t\t\t<div class=\"elementor-widget-wrap elementor-element-populated\">\n\t\t\t\t\t\t\t\t<div class=\"elementor-element elementor-element-4043a906 elementor-widget elementor-widget-text-editor\" data-id=\"4043a906\" data-element_type=\"widget\" data-widget_type=\"text-editor.default\">\n\t\t\t\t<div class=\"elementor-widget-container\">\n\t\t\t\t\t\t\t<div id=\"product-3767\" class=\"layout-v6 clearfix product type-product post-3767 status-publish first instock product_cat-apsauga-nuo-karscio product_cat-formavimo-priemones product_cat-purskikliai product_tag-style-finish has-post-thumbnail shipping-taxable purchasable product-type-variable has-default-attributes\"><div class=\"woocommerce-tabs wc-tabs-wrapper\"><p class=\"woocommerce-Tabs-panel woocommerce-Tabs-panel--description panel entry-content wc-tab\" role=\"tabpanel\" aria-labelledby=\"tab-title-description\">Maitinamasis nuo kar\u0161\u010dio apsaugantis kreminis pur\u0161kiklis atkuria pa\u017eeistus plaukus ir neleid\u017eia galiukams skilin\u0117ti bei suteikia plaukams subtilaus \u017evilgesio. Nors kar\u0161tis nuo \u012fkaitusi\u0173 plauk\u0173 formavimo ir d\u017eiovinimo prietais\u0173 d\u017eiovina plaukus, nuo kar\u0161\u010dio apsaugantis pur\u0161kiklis suteikia dr\u0117gm\u0117s kartu apsaugodamas plaukus. Pur\u0161kiklis yra gaivaus persik\u0173, obuoli\u0173 ir ro\u017ei\u0173 kvapo. Colour Guard Complex apsaugo plauk\u0173 spalv\u0105 nuo UV spinduli\u0173 ir laisv\u0173j\u0173 radikal\u0173.<\/p><p><span style=\"color: #000000; font-family: Syne, sans-serif; font-size: 20px; font-weight: bold; letter-spacing: -0.01em; text-transform: uppercase;\">\u00a0<\/span><\/p><p><span style=\"color: #000000; font-family: Syne, sans-serif; font-size: 20px; font-weight: bold; letter-spacing: -0.01em; text-transform: uppercase;\">Naudojimas<\/span><\/p><p><span style=\"color: var( --e-global-color-text ); font-family: var( --e-global-typography-text-font-family ), Sans-serif; font-weight: var( --e-global-typography-text-font-weight );\">\u00a0<\/span><\/p><p><span style=\"color: var( --e-global-color-text ); font-family: var( --e-global-typography-text-font-family ), Sans-serif; font-weight: var( --e-global-typography-text-font-weight );\">Tepkite priemon\u0119 ant dr\u0117gn\u0173, rank\u0161luos\u010diu nusausint\u0173 plauk\u0173 prie\u0161 d\u017eiovindami juos d\u017eiovintuvu arba formuodami formavimo prietaisais. Purk\u0161dami produkt\u0105 ant plauk\u0173 dalimis, \u012fsitikinkite, kad padeng\u0117te visus plaukus. Nuo kar\u0161\u010dio apsaugantis pur\u0161kiklis gali b\u016bti naudojamas tiek ant dr\u0117gn\u0173, tiek ant saus\u0173 plauk\u0173, jis suteikia daugiau dr\u0117gm\u0117s nei silpnesnis QUICK DRY HEAT SPRAY.<\/span><\/p><p><span style=\"color: #000000; font-family: Syne, sans-serif; font-size: 20px; font-weight: bold; letter-spacing: -0.01em; text-transform: uppercase;\">\u00a0<\/span><\/p><p><span style=\"color: #000000; font-family: Syne, sans-serif; font-size: 20px; font-weight: bold; letter-spacing: -0.01em; text-transform: uppercase;\">ingredientai<\/span><\/p><p><span style=\"color: var( --e-global-color-text ); font-family: var( --e-global-typography-text-font-family ), Sans-serif; font-weight: var( --e-global-typography-text-font-weight );\">\u00a0<\/span><\/p><p><span style=\"color: var( --e-global-color-text ); font-family: var( --e-global-typography-text-font-family ), Sans-serif; font-weight: var( --e-global-typography-text-font-weight );\">Aqua\/Water\/Eau, Cyclomethicone, Cetearyl Alcohol, Panthenol, Hydrolyzed Pea Protein PG-Propyl Silanetriol, Helianthus Annuus (Sunflower) Seed Extract, Dimethicone PEG-8 Meadowfoamate, Propylene Glycol, Butylene Glycol, Ethylhexylglycerin, Citric Acid, Behentrimonium Chloride, Alcohol, Hexyl Cinnamal, Limonene, Linalool, Phenoxyethanol, Parfum\/Fragrance.<\/span><\/p><\/div><\/div>\t\t\t\t\t\t<\/div>\n\t\t\t\t<\/div>\n\t\t\t\t\t<\/div>\n\t\t<\/div>\n\t\t\t\t\t\t\t<\/div>\n\t\t<\/section>\n\t\t\t\t\t\t<\/div>\n\t\t\t\t\t<\/div>\n\t\t","protected":false},"excerpt":{"rendered":"<div class=\"woocommerce-product-details__short-description\">\n<ul>\n<li>Stiprumas 1\/5<\/li>\n<li>Apsauga nuo kar\u0161\u010dio<\/li>\n<li>Suteikia plaukams dr\u0117gm\u0117s ir \u017evilgesio<\/li>\n<li>Be sulfat\u0173 ir paraben\u0173<\/li>\n<li>100 % vegani\u0161kas ir nebandytas su gyv\u016bnais<\/li>\n<li>Kompensuojamas pakuo\u010di\u0173 CO<sub>2<\/sub><\/li>\n<\/ul>\n<\/div>\n","protected":false},"featured_media":11432,"comment_status":"open","ping_status":"closed","template":"","meta":{"om_disable_all_campaigns":false},"product_brand":[],"product_cat":[80],"product_tag":[],"class_list":{"0":"post-11431","1":"product","2":"type-product","3":"status-publish","4":"has-post-thumbnail","6":"product_cat-apsauga-nuo-karscio","8":"first","9":"instock","10":"shipping-taxable","11":"purchasable","12":"product-type-simple","13":"add-to-wishlist-before_image"},"aioseo_notices":[],"_links":{"self":[{"href":"https:\/\/kasperindre.lt\/index.php?rest_route=\/wp\/v2\/product\/11431","targetHints":{"allow":["GET"]}}],"collection":[{"href":"https:\/\/kasperindre.lt\/index.php?rest_route=\/wp\/v2\/product"}],"about":[{"href":"https:\/\/kasperindre.lt\/index.php?rest_route=\/wp\/v2\/types\/product"}],"replies":[{"embeddable":true,"href":"https:\/\/kasperindre.lt\/index.php?rest_route=%2Fwp%2Fv2%2Fcomments&post=11431"}],"version-history":[{"count":7,"href":"https:\/\/kasperindre.lt\/index.php?rest_route=\/wp\/v2\/product\/11431\/revisions"}],"predecessor-version":[{"id":11439,"href":"https:\/\/kasperindre.lt\/index.php?rest_route=\/wp\/v2\/product\/11431\/revisions\/11439"}],"wp:featuredmedia":[{"embeddable":true,"href":"https:\/\/kasperindre.lt\/index.php?rest_route=\/wp\/v2\/media\/11432"}],"wp:attachment":[{"href":"https:\/\/kasperindre.lt\/index.php?rest_route=%2Fwp%2Fv2%2Fmedia&parent=11431"}],"wp:term":[{"taxonomy":"product_brand","embeddable":true,"href":"https:\/\/kasperindre.lt\/index.php?rest_route=%2Fwp%2Fv2%2Fproduct_brand&post=11431"},{"taxonomy":"product_cat","embeddable":true,"href":"https:\/\/kasperindre.lt\/index.php?rest_route=%2Fwp%2Fv2%2Fproduct_cat&post=11431"},{"taxonomy":"product_tag","embeddable":true,"href":"https:\/\/kasperindre.lt\/index.php?rest_route=%2Fwp%2Fv2%2Fproduct_tag&post=11431"}],"curies":[{"name":"wp","href":"https:\/\/api.w.org\/{rel}","templated":true}]}}