{"id":11419,"date":"2024-10-26T14:02:10","date_gmt":"2024-10-26T14:02:10","guid":{"rendered":"https:\/\/kasperindre.lt\/?post_type=product&#038;p=11419"},"modified":"2024-10-26T14:02:55","modified_gmt":"2024-10-26T14:02:55","slug":"maria-nila-spindesio-suteikiantis-dazytu-plauku-kondicionierius-luminous-colour-conditioner","status":"publish","type":"product","link":"https:\/\/kasperindre.lt\/?product=maria-nila-spindesio-suteikiantis-dazytu-plauku-kondicionierius-luminous-colour-conditioner","title":{"rendered":"MARIA NILA Spindesio suteikiantis da\u017eyt\u0173 plauk\u0173 kondicionierius \u2013 Luminous Colour Conditioner"},"content":{"rendered":"\t\t<div data-elementor-type=\"wp-post\" data-elementor-id=\"11419\" class=\"elementor elementor-11419\" data-elementor-settings=\"[]\">\n\t\t\t\t\t\t\t<div class=\"elementor-section-wrap\">\n\t\t\t\t\t\t\t<section class=\"elementor-section elementor-top-section elementor-element elementor-element-d8fdf7a elementor-section-boxed elementor-section-height-default elementor-section-height-default qodef-elementor-content-no\" data-id=\"d8fdf7a\" data-element_type=\"section\">\n\t\t\t\t\t\t<div class=\"elementor-container elementor-column-gap-default\">\n\t\t\t\t\t<div class=\"elementor-column elementor-col-100 elementor-top-column elementor-element elementor-element-6a90e9de\" data-id=\"6a90e9de\" data-element_type=\"column\">\n\t\t\t<div class=\"elementor-widget-wrap elementor-element-populated\">\n\t\t\t\t\t\t\t\t<div class=\"elementor-element elementor-element-38674326 elementor-widget elementor-widget-text-editor\" data-id=\"38674326\" data-element_type=\"widget\" data-widget_type=\"text-editor.default\">\n\t\t\t\t<div class=\"elementor-widget-container\">\n\t\t\t\t\t\t\t<p>I\u0161\u0161ukavim\u0105 lengvinantis kondicionierius da\u017eytiems plaukams mink\u0161tina, dr\u0117kina ir ma\u017eina elektrinim\u0105si. Granat\u0173 ekstraktas ir Colour Guard Complex apsaugo plaukus ir suma\u017eina spalvos blukim\u0105, atsirandant\u012f d\u0117l galvos trinkimo, plauk\u0173 formavimo prietais\u0173 naudojimo, UV spinduli\u0173 ir laisv\u0173j\u0173 radikal\u0173. Kondicionierius yra gaivaus vaisinio obuoli\u0173, gervuogi\u0173 ir persik\u0173 kvapo.<\/p><h5 class=\"yikes-custom-woo-tab-title yikes-custom-woo-tab-title-naudojimas\">Naudojimas<\/h5><p>Tepkite ant k\u0105 tik i\u0161trinkt\u0173 plauk\u0173, palikite 1\u20132 minut\u0117ms ir i\u0161skalaukite.<\/p><p>Nor\u0117dami maksimaliai apsaugoti plauk\u0173 spalv\u0105, priemon\u0119 naudokite kartu su \u0161amp\u016bnu, kauke ir plauk\u0173 losjonu i\u0161\u00a0<em><strong>Luminous Colour<\/strong>\u00a0<\/em>linijos. Visi produktai tinka kasdieniam naudojimui.<\/p><h5 class=\"yikes-custom-woo-tab-title yikes-custom-woo-tab-title-ingredientai\">Ingredientai<\/h5><p>Aqua\/Water\/Eau, Cetearyl Alcohol, PPG-3 Benzyl Ether Myristate, Behentrimonium Chloride, Helianthus Annuus (Sunflower) Seed Oil, Polyglyceryl-3 Polyricinoleate, Olea Europaea (Olive) Fruit Oil, Punica Granatum Fruit Extract, Moringa Oleifera Seed Oil, Stearamidopropyl Dimethylamine, Phyllostachys Nigra Leaf Extract, Cetrimonium Chloride, Dimethicone, Amodimethicone\/Morpholinomethyl Silsesquioxane Copolymer, Lactic Acid, Glycerin, Trideceth-5, Linoleamidopropyl PG-Dimonium Chloride Phosphate Dimethicone, Dimethiconol, Dehydroacetic Acid, Quaternium-95, Propanediol, Pentaerythrityl Tetra-Di-T-Butyl Hydroxyhydrocinnamate, Ethylhexylglycerin, Sodium Benzoate, Potassium Sorbate, Phenoxyethanol, Benzyl Salicylate, Linalool, Limonene, Benzyl Alcohol, Parfum\/Fragrance, CI 16035\/Red 40, CI 42090\/Blue 1<\/p>\t\t\t\t\t\t<\/div>\n\t\t\t\t<\/div>\n\t\t\t\t\t<\/div>\n\t\t<\/div>\n\t\t\t\t\t\t\t<\/div>\n\t\t<\/section>\n\t\t\t\t\t\t<\/div>\n\t\t\t\t\t<\/div>\n\t\t","protected":false},"excerpt":{"rendered":"<div class=\"woocommerce-product-details__short-description\">\n<ul>\n<li>Dr\u0117kinamasis granat\u0173 ekstraktas<\/li>\n<li>Saugo ir suma\u017eina spalvos blukim\u0105<\/li>\n<li>Suma\u017eina elektrinim\u0105si<\/li>\n<li>Be sulfat\u0173 ir paraben\u0173<\/li>\n<li>100% vegani\u0161kas ir nebandytas su gyv\u016bnais<\/li>\n<li>Kompensuojamas pakuo\u010di\u0173 CO<sub>2<\/sub><\/li>\n<\/ul>\n<\/div>\n","protected":false},"featured_media":11420,"comment_status":"open","ping_status":"closed","template":"","meta":{"om_disable_all_campaigns":false},"product_brand":[],"product_cat":[44,30],"product_tag":[28],"class_list":{"0":"post-11419","1":"product","2":"type-product","3":"status-publish","4":"has-post-thumbnail","6":"product_cat-mini-produktai","7":"product_cat-kondicionieriai","8":"product_tag-dazyti-plaukai","10":"first","11":"instock","12":"shipping-taxable","13":"purchasable","14":"product-type-variable","15":"add-to-wishlist-before_image"},"aioseo_notices":[],"_links":{"self":[{"href":"https:\/\/kasperindre.lt\/index.php?rest_route=\/wp\/v2\/product\/11419","targetHints":{"allow":["GET"]}}],"collection":[{"href":"https:\/\/kasperindre.lt\/index.php?rest_route=\/wp\/v2\/product"}],"about":[{"href":"https:\/\/kasperindre.lt\/index.php?rest_route=\/wp\/v2\/types\/product"}],"replies":[{"embeddable":true,"href":"https:\/\/kasperindre.lt\/index.php?rest_route=%2Fwp%2Fv2%2Fcomments&post=11419"}],"version-history":[{"count":4,"href":"https:\/\/kasperindre.lt\/index.php?rest_route=\/wp\/v2\/product\/11419\/revisions"}],"predecessor-version":[{"id":11427,"href":"https:\/\/kasperindre.lt\/index.php?rest_route=\/wp\/v2\/product\/11419\/revisions\/11427"}],"wp:featuredmedia":[{"embeddable":true,"href":"https:\/\/kasperindre.lt\/index.php?rest_route=\/wp\/v2\/media\/11420"}],"wp:attachment":[{"href":"https:\/\/kasperindre.lt\/index.php?rest_route=%2Fwp%2Fv2%2Fmedia&parent=11419"}],"wp:term":[{"taxonomy":"product_brand","embeddable":true,"href":"https:\/\/kasperindre.lt\/index.php?rest_route=%2Fwp%2Fv2%2Fproduct_brand&post=11419"},{"taxonomy":"product_cat","embeddable":true,"href":"https:\/\/kasperindre.lt\/index.php?rest_route=%2Fwp%2Fv2%2Fproduct_cat&post=11419"},{"taxonomy":"product_tag","embeddable":true,"href":"https:\/\/kasperindre.lt\/index.php?rest_route=%2Fwp%2Fv2%2Fproduct_tag&post=11419"}],"curies":[{"name":"wp","href":"https:\/\/api.w.org\/{rel}","templated":true}]}}