{"id":11406,"date":"2024-10-26T13:57:32","date_gmt":"2024-10-26T13:57:32","guid":{"rendered":"https:\/\/kasperindre.lt\/?post_type=product&#038;p=11406"},"modified":"2024-10-26T13:59:33","modified_gmt":"2024-10-26T13:59:33","slug":"maria-nila-atstatomoji-kauke-structure-repair-masque","status":"publish","type":"product","link":"https:\/\/kasperindre.lt\/?product=maria-nila-atstatomoji-kauke-structure-repair-masque","title":{"rendered":"MARIA NILA Atstatomoji kauk\u0117 \u2013 Structure Repair Masque"},"content":{"rendered":"\t\t<div data-elementor-type=\"wp-post\" data-elementor-id=\"11406\" class=\"elementor elementor-11406\" data-elementor-settings=\"[]\">\n\t\t\t\t\t\t\t<div class=\"elementor-section-wrap\">\n\t\t\t\t\t\t\t<section class=\"elementor-section elementor-top-section elementor-element elementor-element-6fcc6a06 elementor-section-boxed elementor-section-height-default elementor-section-height-default qodef-elementor-content-no\" data-id=\"6fcc6a06\" data-element_type=\"section\">\n\t\t\t\t\t\t<div class=\"elementor-container elementor-column-gap-default\">\n\t\t\t\t\t<div class=\"elementor-column elementor-col-100 elementor-top-column elementor-element elementor-element-33590a54\" data-id=\"33590a54\" data-element_type=\"column\">\n\t\t\t<div class=\"elementor-widget-wrap elementor-element-populated\">\n\t\t\t\t\t\t\t\t<div class=\"elementor-element elementor-element-176d8fae elementor-widget elementor-widget-text-editor\" data-id=\"176d8fae\" data-element_type=\"widget\" data-widget_type=\"text-editor.default\">\n\t\t\t\t<div class=\"elementor-widget-container\">\n\t\t\t\t\t\t\t<p>\u0160velni priemon\u0117 pa\u017eeistiems, sausiems ir chemi\u0161kai paveiktiems plaukams mink\u0161tina, dr\u0117kina ir ma\u017eina elektrinim\u0105si. Atstatomuoju poveikiu pasi\u017eymintys dumbliai padeda plaukams atgauti nat\u016bral\u0173 stiprum\u0105, padaro juos mink\u0161tus ir spindin\u010dius. Kauk\u0117 yra \u0161velnaus vanil\u0117s, ro\u017ei\u0173 ir jazmin\u0173 kvapo, suteikian\u010dio plaukams gaivumo poj\u016bt\u012f. Colour Guard Complex padeda i\u0161laikyti plauk\u0173 spalv\u0105, apsaugodamas juos nuo UV spinduli\u0173 ir laisv\u0173j\u0173 radikal\u0173.<\/p><h5 class=\"yikes-custom-woo-tab-title yikes-custom-woo-tab-title-naudojimas\">Naudojimas<\/h5><p>Kauk\u0119 tepkite ant k\u0105 tik i\u0161trinkt\u0173 plauk\u0173 ir palikite 5\u201310 min. I\u0161skalaukite ir naudokite kondicionieri\u0173. Kartokite bent 1\u20132 kartus per savait\u0119 arba naudokite kasdien.<\/p><p>Kauk\u0117je gausu maistini\u0173 med\u017eiag\u0173, o jos pagrindin\u0117 u\u017eduotis yra atkurti plauk\u0173 sveikat\u0105. Vis\u0173\u00a0MARIA NILA plauk\u0173 kauki\u0173 pH yra 5\u20135.5 \u2013 tai nat\u016bralus j\u016bs\u0173 odos ir plauk\u0173 pH lygis. Kauk\u0117s mink\u0161tina, maitina ir dr\u0117kina plaukus.<\/p><p>Kad plaukai b\u016bt\u0173 stipr\u016bs ir sveiki, naudokite kauk\u0119 kartu su \u0161amp\u016bnu, kondicionieriumi ir nenuplaunamu kremu i\u0161\u00a0<strong><em>Structure Repair<\/em><\/strong>\u00a0linijos. Visi produktai tinka kasdieniam naudojimui.<\/p><h5 class=\"yikes-custom-woo-tab-title yikes-custom-woo-tab-title-ingredientai\">Ingredientai<\/h5><p>Aqua\/Water\/Eau, Cetearyl Alcohol, Polyglyceryl-3 Polyricinoleate, Butyrospermum Parkii (Shea) Butter, Stearamidopropyl Dimethylamine, Glycerin, Cetrimonium Chloride, Cystoseira Compressa Extract, Helianthus Annuus (Sunflower) Seed Oil, Phyllostachys Nigra Leaf Extract, Moringa Oleifera Seed Oil, Linolenic Acid, Linoleic Acid, Oleic Acid, Hydrolyzed Vegetable Protein PG-Propyl Silanetriol, Tocopherol, Amodimethicone\/Morpholinomethyl Silsesquioxane Copolymer, Gluconolactone, Propanediol, Trideceth-5, Dimethicone, Dimethiconol, Behentrimonium Chloride, Potassium Sorbate, Pentaerythrityl Tetra-Di-T-Butyl Hydroxyhydrocinnamate, Dehydroacetic Acid, Calcium Gluconate, Zea Mays (Corn) Starch, Disodium EDTA, Quaternium-95, Lactic Acid, Ethylhexylglycerin, Benzyl Alcohol, Sodium Benzoate, Phenoxyethanol, Parfum\/Fragrance.<\/p>\t\t\t\t\t\t<\/div>\n\t\t\t\t<\/div>\n\t\t\t\t\t<\/div>\n\t\t<\/div>\n\t\t\t\t\t\t\t<\/div>\n\t\t<\/section>\n\t\t\t\t\t\t<\/div>\n\t\t\t\t\t<\/div>\n\t\t","protected":false},"excerpt":{"rendered":"<ul>\n<li>Pa\u017eeistiems ir sausiems plaukams<\/li>\n<li>Stiprinamuoju ir atstatomuoju poveikiu pasi\u017eymintis dumbli\u0173 ekstraktas<\/li>\n<li>Suma\u017eina elektrinim\u0105si<\/li>\n<li>Be sulfat\u0173 ir paraben\u0173<\/li>\n<li>100% vegani\u0161ka ir nebandyta su gyv\u016bnais<\/li>\n<li>Kompensuojamas pakuo\u010di\u0173 CO<sub>2<\/sub><\/li>\n<\/ul>\n","protected":false},"featured_media":11408,"comment_status":"open","ping_status":"closed","template":"","meta":{"om_disable_all_campaigns":false},"product_brand":[],"product_cat":[38],"product_tag":[70],"class_list":{"0":"post-11406","1":"product","2":"type-product","3":"status-publish","4":"has-post-thumbnail","6":"product_cat-plauku-kaukes","7":"product_tag-pazeisti-plaukai","9":"first","10":"instock","11":"shipping-taxable","12":"purchasable","13":"product-type-simple","14":"add-to-wishlist-before_image"},"aioseo_notices":[],"_links":{"self":[{"href":"https:\/\/kasperindre.lt\/index.php?rest_route=\/wp\/v2\/product\/11406","targetHints":{"allow":["GET"]}}],"collection":[{"href":"https:\/\/kasperindre.lt\/index.php?rest_route=\/wp\/v2\/product"}],"about":[{"href":"https:\/\/kasperindre.lt\/index.php?rest_route=\/wp\/v2\/types\/product"}],"replies":[{"embeddable":true,"href":"https:\/\/kasperindre.lt\/index.php?rest_route=%2Fwp%2Fv2%2Fcomments&post=11406"}],"version-history":[{"count":10,"href":"https:\/\/kasperindre.lt\/index.php?rest_route=\/wp\/v2\/product\/11406\/revisions"}],"predecessor-version":[{"id":11418,"href":"https:\/\/kasperindre.lt\/index.php?rest_route=\/wp\/v2\/product\/11406\/revisions\/11418"}],"wp:featuredmedia":[{"embeddable":true,"href":"https:\/\/kasperindre.lt\/index.php?rest_route=\/wp\/v2\/media\/11408"}],"wp:attachment":[{"href":"https:\/\/kasperindre.lt\/index.php?rest_route=%2Fwp%2Fv2%2Fmedia&parent=11406"}],"wp:term":[{"taxonomy":"product_brand","embeddable":true,"href":"https:\/\/kasperindre.lt\/index.php?rest_route=%2Fwp%2Fv2%2Fproduct_brand&post=11406"},{"taxonomy":"product_cat","embeddable":true,"href":"https:\/\/kasperindre.lt\/index.php?rest_route=%2Fwp%2Fv2%2Fproduct_cat&post=11406"},{"taxonomy":"product_tag","embeddable":true,"href":"https:\/\/kasperindre.lt\/index.php?rest_route=%2Fwp%2Fv2%2Fproduct_tag&post=11406"}],"curies":[{"name":"wp","href":"https:\/\/api.w.org\/{rel}","templated":true}]}}