{"id":11383,"date":"2024-10-26T13:47:02","date_gmt":"2024-10-26T13:47:02","guid":{"rendered":"https:\/\/kasperindre.lt\/?post_type=product&#038;p=11383"},"modified":"2024-10-26T13:47:51","modified_gmt":"2024-10-26T13:47:51","slug":"maria-nila-atstatomasis-nenuplaunamas-kremas-structure-repair-leave-in-cream","status":"publish","type":"product","link":"https:\/\/kasperindre.lt\/?product=maria-nila-atstatomasis-nenuplaunamas-kremas-structure-repair-leave-in-cream","title":{"rendered":"MARIA NILA Atstatomasis nenuplaunamas kremas \u2013 Structure Repair Leave In Cream"},"content":{"rendered":"\t\t<div data-elementor-type=\"wp-post\" data-elementor-id=\"11383\" class=\"elementor elementor-11383\" data-elementor-settings=\"[]\">\n\t\t\t\t\t\t\t<div class=\"elementor-section-wrap\">\n\t\t\t\t\t\t\t<section class=\"elementor-section elementor-top-section elementor-element elementor-element-610e2309 elementor-section-boxed elementor-section-height-default elementor-section-height-default qodef-elementor-content-no\" data-id=\"610e2309\" data-element_type=\"section\">\n\t\t\t\t\t\t<div class=\"elementor-container elementor-column-gap-default\">\n\t\t\t\t\t<div class=\"elementor-column elementor-col-100 elementor-top-column elementor-element elementor-element-7bc137f3\" data-id=\"7bc137f3\" data-element_type=\"column\">\n\t\t\t<div class=\"elementor-widget-wrap elementor-element-populated\">\n\t\t\t\t\t\t\t\t<div class=\"elementor-element elementor-element-18d9930e elementor-widget elementor-widget-text-editor\" data-id=\"18d9930e\" data-element_type=\"widget\" data-widget_type=\"text-editor.default\">\n\t\t\t\t<div class=\"elementor-widget-container\">\n\t\t\t\t\t\t\t<p>Nenuplaunamas kremas su dumbli\u0173 ekstraktu atstato ir atkuria pa\u017eeistus plaukus. Kremas suteikia dr\u0117gm\u0117s, maitina, \u201eu\u017edaro\u201c suskilusius plauk\u0173 galiukus ir apsaugo plaukus nuo kar\u0161\u010dio, kai naudojamas plauk\u0173 d\u017eiovintuvas ar tiesintuvas. Colour Guard Complex padeda i\u0161laikyti plauk\u0173 spalv\u0105, apsaugodamas juos nuo UV spinduli\u0173 ir laisv\u0173j\u0173 radikal\u0173.<\/p><h5 class=\"yikes-custom-woo-tab-title yikes-custom-woo-tab-title-naudojimas\">Naudojimas<\/h5><p>Prie\u0161 d\u017eiovindami plaukus d\u017eiovintuvu arba naudodami plauk\u0173 tiesintuv\u0105, tepkite priemon\u0119 ant rank\u0161luos\u010diu nusausint\u0173 plauk\u0173. Nenuskalaukite.<\/p><p>Kad plaukai b\u016bt\u0173 stipr\u016bs ir sveiki, naudokite kartu su \u0161amp\u016bnu, kondicionieriumi ir nenuplaunamu kremu i\u0161\u00a0<strong><em>Structure Repair<\/em>\u00a0<\/strong>linijos. Visi produktai tinka kasdieniam naudojimui.<\/p><h5 class=\"yikes-custom-woo-tab-title yikes-custom-woo-tab-title-ingredientai\">Ingredientai<\/h5><p>Ingredients: Aqua\/Water\/Eau, Cyclomethicone, Propylene Glycol, Cetyl Alcohol, Cystoseira Compressa Extract, Zea Mays (Corn) Starch, Hydroxypropyltrimonium, Hydrolyzed Wheat Protein, Glycerin, Dimethiconol, Helianthus Annuus (Sunflower) Seed Extract, Gluconolactone, Calcium Gluconate, Carbomer, Butylene Glycol, Quaternium-95, Sodium Benzoate, Propanediol, Pentaerythrityl Tetra-Di-T-Butyl Hydroxyhydrocinnamate, Triethanolamine, Dehydroacetic Acid, Phenoxyethanol, Ethylhexylglycerin, Benzyl Alcohol, Parfum\/Fragrance, CI 47005\/Yellow 10, CI 61570\/Green 5<\/p>\t\t\t\t\t\t<\/div>\n\t\t\t\t<\/div>\n\t\t\t\t\t<\/div>\n\t\t<\/div>\n\t\t\t\t\t\t\t<\/div>\n\t\t<\/section>\n\t\t\t\t\t\t<\/div>\n\t\t\t\t\t<\/div>\n\t\t","protected":false},"excerpt":{"rendered":"<ul>\n<li>Puosel\u0117ja ir maitina<\/li>\n<li>\u201eU\u017edaro\u201c suskilusius plauk\u0173 galiukus<\/li>\n<li>Atstatomuoju poveikiu pasi\u017eymintis dumbli\u0173 ekstraktas<\/li>\n<li>Be sulfat\u0173 ir paraben\u0173<\/li>\n<li>100 % vegani\u0161kas ir nebandytas su gyv\u016bnais<\/li>\n<li>Kompensuojamas pakuo\u010di\u0173 CO<sub>2<\/sub><\/li>\n<\/ul>\n","protected":false},"featured_media":11384,"comment_status":"open","ping_status":"closed","template":"","meta":{"om_disable_all_campaigns":false},"product_brand":[],"product_cat":[40],"product_tag":[71,29],"class_list":{"0":"post-11383","1":"product","2":"type-product","3":"status-publish","4":"has-post-thumbnail","6":"product_cat-plauku-kremai","7":"product_tag-sausi-plaukai","8":"product_tag-siaustis-linke-plaukai","10":"first","11":"instock","12":"shipping-taxable","13":"purchasable","14":"product-type-simple","15":"add-to-wishlist-before_image"},"aioseo_notices":[],"_links":{"self":[{"href":"https:\/\/kasperindre.lt\/index.php?rest_route=\/wp\/v2\/product\/11383","targetHints":{"allow":["GET"]}}],"collection":[{"href":"https:\/\/kasperindre.lt\/index.php?rest_route=\/wp\/v2\/product"}],"about":[{"href":"https:\/\/kasperindre.lt\/index.php?rest_route=\/wp\/v2\/types\/product"}],"replies":[{"embeddable":true,"href":"https:\/\/kasperindre.lt\/index.php?rest_route=%2Fwp%2Fv2%2Fcomments&post=11383"}],"version-history":[{"count":4,"href":"https:\/\/kasperindre.lt\/index.php?rest_route=\/wp\/v2\/product\/11383\/revisions"}],"predecessor-version":[{"id":11388,"href":"https:\/\/kasperindre.lt\/index.php?rest_route=\/wp\/v2\/product\/11383\/revisions\/11388"}],"wp:featuredmedia":[{"embeddable":true,"href":"https:\/\/kasperindre.lt\/index.php?rest_route=\/wp\/v2\/media\/11384"}],"wp:attachment":[{"href":"https:\/\/kasperindre.lt\/index.php?rest_route=%2Fwp%2Fv2%2Fmedia&parent=11383"}],"wp:term":[{"taxonomy":"product_brand","embeddable":true,"href":"https:\/\/kasperindre.lt\/index.php?rest_route=%2Fwp%2Fv2%2Fproduct_brand&post=11383"},{"taxonomy":"product_cat","embeddable":true,"href":"https:\/\/kasperindre.lt\/index.php?rest_route=%2Fwp%2Fv2%2Fproduct_cat&post=11383"},{"taxonomy":"product_tag","embeddable":true,"href":"https:\/\/kasperindre.lt\/index.php?rest_route=%2Fwp%2Fv2%2Fproduct_tag&post=11383"}],"curies":[{"name":"wp","href":"https:\/\/api.w.org\/{rel}","templated":true}]}}