{"id":11373,"date":"2024-10-26T13:44:02","date_gmt":"2024-10-26T13:44:02","guid":{"rendered":"https:\/\/kasperindre.lt\/?post_type=product&#038;p=11373"},"modified":"2024-10-26T13:45:01","modified_gmt":"2024-10-26T13:45:01","slug":"maria-nila-stiprios-fiksacijos-lakas-finishing-spray","status":"publish","type":"product","link":"https:\/\/kasperindre.lt\/?product=maria-nila-stiprios-fiksacijos-lakas-finishing-spray","title":{"rendered":"MARIA NILA Stiprios fiksacijos lakas \u2013 Finishing Spray"},"content":{"rendered":"\t\t<div data-elementor-type=\"wp-post\" data-elementor-id=\"11373\" class=\"elementor elementor-11373\" data-elementor-settings=\"[]\">\n\t\t\t\t\t\t\t<div class=\"elementor-section-wrap\">\n\t\t\t\t\t\t\t<section class=\"elementor-section elementor-top-section elementor-element elementor-element-11b2467d elementor-section-boxed elementor-section-height-default elementor-section-height-default qodef-elementor-content-no\" data-id=\"11b2467d\" data-element_type=\"section\">\n\t\t\t\t\t\t<div class=\"elementor-container elementor-column-gap-default\">\n\t\t\t\t\t<div class=\"elementor-column elementor-col-100 elementor-top-column elementor-element elementor-element-256d33fc\" data-id=\"256d33fc\" data-element_type=\"column\">\n\t\t\t<div class=\"elementor-widget-wrap elementor-element-populated\">\n\t\t\t\t\t\t\t\t<div class=\"elementor-element elementor-element-429e49cb elementor-widget elementor-widget-text-editor\" data-id=\"429e49cb\" data-element_type=\"widget\" data-widget_type=\"text-editor.default\">\n\t\t\t\t<div class=\"elementor-widget-container\">\n\t\t\t\t\t\t\t<p>\u0160velnus stiprios fiksacijos pur\u0161kiklis nesulipina plauk\u0173. Puikiai tinka suformuotai \u0161ukuosenai fiksuoti. Palyginus su kitais m\u016bs\u0173 pur\u0161kikliais, m\u016bs\u0173 FINISHING SPRAY yra stipresnis nei STYLING SPRAY ir silpnesnis nei EXTREME SPRAY. Pur\u0161kiklis yra vaisinio ananas\u0173 ir gervuogi\u0173 aromato. \u201eColour Guard Complex\u201c apsaugo plauk\u0173 spalv\u0105 nuo UV spinduli\u0173 ir laisv\u0173j\u0173 radikal\u0173.<\/p><h5 class=\"yikes-custom-woo-tab-title yikes-custom-woo-tab-title-naudojimas\">Naudojimas<\/h5><p>I\u0161d\u017eiovinkite plaukus d\u017eiovintuvu ir (arba) suformuokite \u0161ukuosen\u0105, o pabaigoje purk\u0161kite priemon\u0119 ant saus\u0173 plauk\u0173 \u0161ukuosenai fiksuoti. Naudodami pur\u0161kikl\u012f garbanotiems plaukams, purk\u0161kite tik ant pa\u010di\u0173 garban\u0173 ir venkite patekimo ant vis\u0173 plauk\u0173. Tai ne tik suteiks garbanoms lengvumo, bet kartu pad\u0117s i\u0161laikyti j\u0173 form\u0105.<\/p><h5 class=\"yikes-custom-woo-tab-title yikes-custom-woo-tab-title-sudetis\">Sud\u0117tis<\/h5><p>Alcohol Denat, Butane, Isobutane, Octylacrylamide\/Acrylates\/Butylaminoethyl Methacrylate Copolymer, Aqua, Propane, Aminomethyl Propanol, Helianthus Annuus (Sunflower) Seed Extract, Quaternium-95, Propanediol, Pentaerythrityl Tetra-di-t-butyl Hydroxyhydrocinnamate, Butylene Glycol, Parfum, Linalool, Limonene, Geraniol, Citronellol.<\/p>\t\t\t\t\t\t<\/div>\n\t\t\t\t<\/div>\n\t\t\t\t\t<\/div>\n\t\t<\/div>\n\t\t\t\t\t\t\t<\/div>\n\t\t<\/section>\n\t\t\t\t\t\t<\/div>\n\t\t\t\t\t<\/div>\n\t\t","protected":false},"excerpt":{"rendered":"<ul>\n<li>Stiprumas 4\/5, lengva i\u0161\u0161ukuoti<\/li>\n<li>\u0160velnus stiprios fiksacijos pur\u0161kiklis<\/li>\n<li>Puikiai tinka garbanoms ir \u0161ukuosenoms fiksuoti<\/li>\n<li>Be sulfat\u0173 ir paraben\u0173<\/li>\n<li>100% vegani\u0161kas ir nebandytas su gyv\u016bnais<\/li>\n<li>Kompensuojamas pakuo\u010di\u0173 CO<sub>2<\/sub><br \/>\n.<\/li>\n<\/ul>\n","protected":false},"featured_media":11374,"comment_status":"open","ping_status":"closed","template":"","meta":{"om_disable_all_campaigns":false},"product_brand":[],"product_cat":[44,39],"product_tag":[],"class_list":{"0":"post-11373","1":"product","2":"type-product","3":"status-publish","4":"has-post-thumbnail","6":"product_cat-mini-produktai","7":"product_cat-plauku-lakai-ir-purskikliai","9":"first","10":"instock","11":"shipping-taxable","12":"purchasable","13":"product-type-variable","14":"add-to-wishlist-before_image"},"aioseo_notices":[],"_links":{"self":[{"href":"https:\/\/kasperindre.lt\/index.php?rest_route=\/wp\/v2\/product\/11373","targetHints":{"allow":["GET"]}}],"collection":[{"href":"https:\/\/kasperindre.lt\/index.php?rest_route=\/wp\/v2\/product"}],"about":[{"href":"https:\/\/kasperindre.lt\/index.php?rest_route=\/wp\/v2\/types\/product"}],"replies":[{"embeddable":true,"href":"https:\/\/kasperindre.lt\/index.php?rest_route=%2Fwp%2Fv2%2Fcomments&post=11373"}],"version-history":[{"count":5,"href":"https:\/\/kasperindre.lt\/index.php?rest_route=\/wp\/v2\/product\/11373\/revisions"}],"predecessor-version":[{"id":11381,"href":"https:\/\/kasperindre.lt\/index.php?rest_route=\/wp\/v2\/product\/11373\/revisions\/11381"}],"wp:featuredmedia":[{"embeddable":true,"href":"https:\/\/kasperindre.lt\/index.php?rest_route=\/wp\/v2\/media\/11374"}],"wp:attachment":[{"href":"https:\/\/kasperindre.lt\/index.php?rest_route=%2Fwp%2Fv2%2Fmedia&parent=11373"}],"wp:term":[{"taxonomy":"product_brand","embeddable":true,"href":"https:\/\/kasperindre.lt\/index.php?rest_route=%2Fwp%2Fv2%2Fproduct_brand&post=11373"},{"taxonomy":"product_cat","embeddable":true,"href":"https:\/\/kasperindre.lt\/index.php?rest_route=%2Fwp%2Fv2%2Fproduct_cat&post=11373"},{"taxonomy":"product_tag","embeddable":true,"href":"https:\/\/kasperindre.lt\/index.php?rest_route=%2Fwp%2Fv2%2Fproduct_tag&post=11373"}],"curies":[{"name":"wp","href":"https:\/\/api.w.org\/{rel}","templated":true}]}}