{"id":11362,"date":"2024-10-26T13:40:54","date_gmt":"2024-10-26T13:40:54","guid":{"rendered":"https:\/\/kasperindre.lt\/?post_type=product&#038;p=11362"},"modified":"2024-10-26T13:41:53","modified_gmt":"2024-10-26T13:41:53","slug":"maria-nila-apimties-suteikiantis-kondicionierius-pure-volume-conditioner","status":"publish","type":"product","link":"https:\/\/kasperindre.lt\/?product=maria-nila-apimties-suteikiantis-kondicionierius-pure-volume-conditioner","title":{"rendered":"MARIA NILA Apimties suteikiantis kondicionierius \u2013 Pure Volume Conditioner"},"content":{"rendered":"\t\t<div data-elementor-type=\"wp-post\" data-elementor-id=\"11362\" class=\"elementor elementor-11362\" data-elementor-settings=\"[]\">\n\t\t\t\t\t\t\t<div class=\"elementor-section-wrap\">\n\t\t\t\t\t\t\t<section class=\"elementor-section elementor-top-section elementor-element elementor-element-63fa3572 elementor-section-boxed elementor-section-height-default elementor-section-height-default qodef-elementor-content-no\" data-id=\"63fa3572\" data-element_type=\"section\">\n\t\t\t\t\t\t<div class=\"elementor-container elementor-column-gap-default\">\n\t\t\t\t\t<div class=\"elementor-column elementor-col-100 elementor-top-column elementor-element elementor-element-33874fa\" data-id=\"33874fa\" data-element_type=\"column\">\n\t\t\t<div class=\"elementor-widget-wrap elementor-element-populated\">\n\t\t\t\t\t\t\t\t<div class=\"elementor-element elementor-element-19a8e234 elementor-widget elementor-widget-text-editor\" data-id=\"19a8e234\" data-element_type=\"widget\" data-widget_type=\"text-editor.default\">\n\t\t\t\t<div class=\"elementor-widget-container\">\n\t\t\t\t\t\t\t<div id=\"product-3441\" class=\"layout-v6 clearfix product type-product post-3441 status-publish first instock product_cat-kondicionieriai product_cat-plauku-prieziura product_tag-silpniems-plaukams product_tag-suteikia-apimties product_tag-suteikia-turio has-post-thumbnail shipping-taxable purchasable product-type-variable has-default-attributes\"><div class=\"woocommerce-tabs wc-tabs-wrapper\"><div id=\"tab-description\" class=\"woocommerce-Tabs-panel woocommerce-Tabs-panel--description panel entry-content wc-tab\" role=\"tabpanel\" aria-labelledby=\"tab-title-description\"><p>I\u0161\u0161ukavim\u0105 lengvinantis kondicionierius mink\u0161tina ir dr\u0117kina plaukus j\u0173 neapsunkindamas. Vitaminas B5 suteikia dr\u0117gm\u0117s ir ilgai i\u0161liekan\u010dios apimties, o citrusinis g\u0117linis apelsinmed\u017ei\u0173 \u017eied\u0173, citrinos ir hiacinto aromatas \u2013 gaivumo poj\u016bt\u012f. Colour Guard Complex padeda i\u0161laikyti plauk\u0173 spalv\u0105, apsaugodamas juos nuo UV spinduli\u0173 ir laisv\u0173j\u0173 radikal\u0173.<\/p><p><span style=\"color: #000000; font-family: Syne, sans-serif; font-size: 20px; font-weight: bold; letter-spacing: -0.01em; text-transform: uppercase;\">\u00a0<\/span><\/p><p><span style=\"color: #000000; font-family: Syne, sans-serif; font-size: 20px; font-weight: bold; letter-spacing: -0.01em; text-transform: uppercase;\">Naudojimas<\/span><\/p><p><span style=\"color: var( --e-global-color-text ); font-family: var( --e-global-typography-text-font-family ), Sans-serif; font-weight: var( --e-global-typography-text-font-weight );\">Tepkite ant k\u0105 tik i\u0161trinkt\u0173 plauk\u0173, palikite 1\u20132 minut\u0117ms ir i\u0161skalaukite.<\/span><\/p><p><span style=\"color: var( --e-global-color-text ); font-family: var( --e-global-typography-text-font-family ), Sans-serif; font-weight: var( --e-global-typography-text-font-weight );\">\u00a0<\/span><\/p><p><span style=\"color: var( --e-global-color-text ); font-family: var( --e-global-typography-text-font-family ), Sans-serif; font-weight: var( --e-global-typography-text-font-weight );\">Nor\u0117dami daugiau apimties plaukams, naudokite \u0161amp\u016bn\u0105 kartu su kauke, kondicionieriumi ir apimties suteikian\u010diomis putomis i\u0161\u00a0<\/span><em style=\"color: var( --e-global-color-text ); font-family: var( --e-global-typography-text-font-family ), Sans-serif; font-weight: var( --e-global-typography-text-font-weight );\"><strong>Pure Volume<\/strong><\/em><span style=\"color: var( --e-global-color-text ); font-family: var( --e-global-typography-text-font-family ), Sans-serif; font-weight: var( --e-global-typography-text-font-weight );\">\u00a0linijos. Visi produktai tinka kasdieniam naudojimui.<\/span><\/p><h5 class=\"yikes-custom-woo-tab-title yikes-custom-woo-tab-title-ingredientai\">Ingredientai<\/h5><p>Aqua\/Water\/Eau, Cetearyl Alcohol, PPG-3 Benzyl Ether Myristate, Behentrimonium Chloride, Panthenol, Moringa Oleifera Seed Oil, Olea Europaea (Olive) Fruit Oil, Stearamidopropyl Dimethylamine, Ethyltrimonium Chloride Methacrylate\/Hydrolyzed Wheat Protein Copolymer, Phyllostachys Nigra Leaf Extract, Helianthus Annuus (Sunflower) Seed Oil, Glycerin, Dimethicone, Amodimethicone\/Morpholinomethyl Silsesquioxane Copolymer, Polyglyceryl-3 Polyricinoleate, Dimethiconol, Trideceth-5, Quaternium-95, Propanediol, Potassium Sorbate, Disodium EDTA, Cetrimonium Chloride, Lactic Acid, Pentaerythrityl Tetra-Di-T-Butyl Hydroxyhydrocinnamate, Ethylhexylglycerin, Citric Acid, Phenoxyethanol, Citronellol, Benzyl Alcohol, Benzyl Salicylate, Hexyl Cinnamal, Linalool, Parfum\/Fragrance, CI 16035\/Red 40, CI 42090\/Blue 1<\/p><div id=\"product-3441\" class=\"layout-v6 clearfix product type-product post-3441 status-publish first instock product_cat-kondicionieriai product_cat-plauku-prieziura product_tag-silpniems-plaukams product_tag-suteikia-apimties product_tag-suteikia-turio has-post-thumbnail shipping-taxable purchasable product-type-variable has-default-attributes\"><div class=\"woocommerce-tabs wc-tabs-wrapper\">\u00a0<\/div><\/div><\/div><\/div><\/div>\t\t\t\t\t\t<\/div>\n\t\t\t\t<\/div>\n\t\t\t\t\t<\/div>\n\t\t<\/div>\n\t\t\t\t\t\t\t<\/div>\n\t\t<\/section>\n\t\t\t\t\t\t<\/div>\n\t\t\t\t\t<\/div>\n\t\t","protected":false},"excerpt":{"rendered":"<div class=\"woocommerce-product-details__short-description\">\n<ul>\n<li>Apimties suteikiantis vitaminas B5<\/li>\n<li>Ploniems plaukams suteikia ilgai i\u0161liekan\u010dios apimties<\/li>\n<li>Mink\u0161tina ir dr\u0117kina<\/li>\n<li>Be sulfat\u0173 ir paraben\u0173<\/li>\n<li>100% vegani\u0161kas ir nebandytas su gyv\u016bnais<\/li>\n<li>Kompensuojamas pakuo\u010di\u0173 CO<sub>2<\/sub><\/li>\n<\/ul>\n<\/div>\n","protected":false},"featured_media":11363,"comment_status":"open","ping_status":"closed","template":"","meta":{"om_disable_all_campaigns":false},"product_brand":[],"product_cat":[44,30],"product_tag":[49],"class_list":{"0":"post-11362","1":"product","2":"type-product","3":"status-publish","4":"has-post-thumbnail","6":"product_cat-mini-produktai","7":"product_cat-kondicionieriai","8":"product_tag-ploni-plaukai","10":"first","11":"instock","12":"shipping-taxable","13":"purchasable","14":"product-type-variable","15":"add-to-wishlist-before_image"},"aioseo_notices":[],"_links":{"self":[{"href":"https:\/\/kasperindre.lt\/index.php?rest_route=\/wp\/v2\/product\/11362","targetHints":{"allow":["GET"]}}],"collection":[{"href":"https:\/\/kasperindre.lt\/index.php?rest_route=\/wp\/v2\/product"}],"about":[{"href":"https:\/\/kasperindre.lt\/index.php?rest_route=\/wp\/v2\/types\/product"}],"replies":[{"embeddable":true,"href":"https:\/\/kasperindre.lt\/index.php?rest_route=%2Fwp%2Fv2%2Fcomments&post=11362"}],"version-history":[{"count":4,"href":"https:\/\/kasperindre.lt\/index.php?rest_route=\/wp\/v2\/product\/11362\/revisions"}],"predecessor-version":[{"id":11370,"href":"https:\/\/kasperindre.lt\/index.php?rest_route=\/wp\/v2\/product\/11362\/revisions\/11370"}],"wp:featuredmedia":[{"embeddable":true,"href":"https:\/\/kasperindre.lt\/index.php?rest_route=\/wp\/v2\/media\/11363"}],"wp:attachment":[{"href":"https:\/\/kasperindre.lt\/index.php?rest_route=%2Fwp%2Fv2%2Fmedia&parent=11362"}],"wp:term":[{"taxonomy":"product_brand","embeddable":true,"href":"https:\/\/kasperindre.lt\/index.php?rest_route=%2Fwp%2Fv2%2Fproduct_brand&post=11362"},{"taxonomy":"product_cat","embeddable":true,"href":"https:\/\/kasperindre.lt\/index.php?rest_route=%2Fwp%2Fv2%2Fproduct_cat&post=11362"},{"taxonomy":"product_tag","embeddable":true,"href":"https:\/\/kasperindre.lt\/index.php?rest_route=%2Fwp%2Fv2%2Fproduct_tag&post=11362"}],"curies":[{"name":"wp","href":"https:\/\/api.w.org\/{rel}","templated":true}]}}