{"id":11336,"date":"2024-10-26T13:31:50","date_gmt":"2024-10-26T13:31:50","guid":{"rendered":"https:\/\/kasperindre.lt\/?post_type=product&#038;p=11336"},"modified":"2024-10-26T13:32:45","modified_gmt":"2024-10-26T13:32:45","slug":"maria-nila-spindesio-suteikiantis-dazytu-plauku-sampunas-luminous-colour-shampoo","status":"publish","type":"product","link":"https:\/\/kasperindre.lt\/?product=maria-nila-spindesio-suteikiantis-dazytu-plauku-sampunas-luminous-colour-shampoo","title":{"rendered":"MARIA NILA Spindesio suteikiantis da\u017eyt\u0173 plauk\u0173 \u0161amp\u016bnas \u2013 Luminous Colour Shampoo"},"content":{"rendered":"\t\t<div data-elementor-type=\"wp-post\" data-elementor-id=\"11336\" class=\"elementor elementor-11336\" data-elementor-settings=\"[]\">\n\t\t\t\t\t\t\t<div class=\"elementor-section-wrap\">\n\t\t\t\t\t\t\t<section class=\"elementor-section elementor-top-section elementor-element elementor-element-63bbc6ed elementor-section-boxed elementor-section-height-default elementor-section-height-default qodef-elementor-content-no\" data-id=\"63bbc6ed\" data-element_type=\"section\">\n\t\t\t\t\t\t<div class=\"elementor-container elementor-column-gap-default\">\n\t\t\t\t\t<div class=\"elementor-column elementor-col-100 elementor-top-column elementor-element elementor-element-16e38b7d\" data-id=\"16e38b7d\" data-element_type=\"column\">\n\t\t\t<div class=\"elementor-widget-wrap elementor-element-populated\">\n\t\t\t\t\t\t\t\t<div class=\"elementor-element elementor-element-398095ca elementor-widget elementor-widget-text-editor\" data-id=\"398095ca\" data-element_type=\"widget\" data-widget_type=\"text-editor.default\">\n\t\t\t\t<div class=\"elementor-widget-container\">\n\t\t\t\t\t\t\t<p>Spalv\u0105 saugantis da\u017eyt\u0173 plauk\u0173 \u0161amp\u016bnas atkuria ir stiprina plauko strukt\u016br\u0105 bei suteikia spindesio. Granat\u0173 ekstraktas ir Colour Guard Complex apsaugo plaukus ir suma\u017eina spalvos blukim\u0105, atsirandant\u012f d\u0117l galvos trinkimo, plauk\u0173 formavimo prietais\u0173 naudojimo, UV spinduli\u0173 ir laisv\u0173j\u0173 radikal\u0173. \u0160amp\u016bnas yra gaivaus vaisinio obuoli\u0173, gervuogi\u0173 ir persik\u0173 kvapo.<\/p><h5 class=\"yikes-custom-woo-tab-title yikes-custom-woo-tab-title-naudojimas\">Naudojimas<\/h5><p>Tepkite ant dr\u0117gn\u0173 plauk\u0173 ir \u0161velniai \u012fmasa\u017euokite \u012f plaukus ir galvos od\u0105. I\u0161skalaukite plaukus ir i\u0161trinkite antr\u0105 kart\u0105 \u0161amp\u016bnu. Toliau naudokite kauk\u0119 ir u\u017ebaikite kondicionieriumi.<\/p><p>Nor\u0117dami maksimaliai apsaugoti plauk\u0173 spalv\u0105, naudokite \u0161amp\u016bn\u0105 kartu su kauke, kondicionieriumi ir plauk\u0173 losjonu i\u0161 \u201eLuminous Colour\u201c linijos. Visi produktai tinka kasdieniam naudojimui.<\/p><h5 class=\"yikes-custom-woo-tab-title yikes-custom-woo-tab-title-ingredientai\">Ingredientai<\/h5><p>Aqua\/Water\/Eau, Sodium Lauroyl Methyl Isethionate, Cocamidopropyl Betaine, Disodium Laureth Sulfosuccinate, Sodium Lauryl Sulfoacetate, Glycerin, Punica Granatum Fruit Extract, Hydrolyzed Wheat Protein, Phyllostachys Nigra Leaf Extract, Helianthus Annuus (Sunflower) Seed Oil, Hydrolyzed Vegetable Protein PG-Propyl Silanetriol, Glycol Distearate, Sodium Chloride, Linoleamidopropyl PG-Dimonium Chloride Phosphate Dimethicone, Amodimethicone\/Morpholinomethyl Silsesquioxane Copolymer, Guar Hydroxypropyltrimonium Chloride, PEG-150 Pentaerythrityl Tetrastearate, Trideceth-5, Dehydroacetic Acid, Lactic Acid, Quaternium-95, PPG-2 Hydroxyethyl Cocamide, Propanediol, Potassium Sorbate, Disodium EDTA, Pentaerythrityl Tetra-Di-T-Butyl Hydroxyhydrocinnamate, Ethylhexylglycerin, Sodium Benzoate, Linalool, Benzyl Salicylate, Limonene, Benzyl Alcohol, Phenoxyethanol, Parfum\/Fragrance, CI 16035\/Red 40, CI 42090\/Blue 1<\/p>\t\t\t\t\t\t<\/div>\n\t\t\t\t<\/div>\n\t\t\t\t\t<\/div>\n\t\t<\/div>\n\t\t\t\t\t\t\t<\/div>\n\t\t<\/section>\n\t\t\t\t\t\t<\/div>\n\t\t\t\t\t<\/div>\n\t\t","protected":false},"excerpt":{"rendered":"<div class=\"woocommerce-product-details__short-description\">\n<ul>\n<li>Dr\u0117kinamasis granat\u0173 ekstraktas<\/li>\n<li>Saugo ir suma\u017eina spalvos blukim\u0105<\/li>\n<li>Stiprina, maitina ir suteikia spindesio<\/li>\n<li>Be sulfat\u0173 ir paraben\u0173<\/li>\n<li>100% vegani\u0161kas ir nebandytas su gyv\u016bnais<\/li>\n<li>Kompensuojamas pakuo\u010di\u0173 CO<sub>2<\/sub><\/li>\n<\/ul>\n<\/div>\n","protected":false},"featured_media":11337,"comment_status":"open","ping_status":"closed","template":"","meta":{"om_disable_all_campaigns":false},"product_brand":[],"product_cat":[15,44],"product_tag":[28],"class_list":{"0":"post-11336","1":"product","2":"type-product","3":"status-publish","4":"has-post-thumbnail","6":"product_cat-sampunai","7":"product_cat-mini-produktai","8":"product_tag-dazyti-plaukai","10":"first","11":"instock","12":"shipping-taxable","13":"purchasable","14":"product-type-variable","15":"add-to-wishlist-before_image"},"aioseo_notices":[],"_links":{"self":[{"href":"https:\/\/kasperindre.lt\/index.php?rest_route=\/wp\/v2\/product\/11336","targetHints":{"allow":["GET"]}}],"collection":[{"href":"https:\/\/kasperindre.lt\/index.php?rest_route=\/wp\/v2\/product"}],"about":[{"href":"https:\/\/kasperindre.lt\/index.php?rest_route=\/wp\/v2\/types\/product"}],"replies":[{"embeddable":true,"href":"https:\/\/kasperindre.lt\/index.php?rest_route=%2Fwp%2Fv2%2Fcomments&post=11336"}],"version-history":[{"count":4,"href":"https:\/\/kasperindre.lt\/index.php?rest_route=\/wp\/v2\/product\/11336\/revisions"}],"predecessor-version":[{"id":11344,"href":"https:\/\/kasperindre.lt\/index.php?rest_route=\/wp\/v2\/product\/11336\/revisions\/11344"}],"wp:featuredmedia":[{"embeddable":true,"href":"https:\/\/kasperindre.lt\/index.php?rest_route=\/wp\/v2\/media\/11337"}],"wp:attachment":[{"href":"https:\/\/kasperindre.lt\/index.php?rest_route=%2Fwp%2Fv2%2Fmedia&parent=11336"}],"wp:term":[{"taxonomy":"product_brand","embeddable":true,"href":"https:\/\/kasperindre.lt\/index.php?rest_route=%2Fwp%2Fv2%2Fproduct_brand&post=11336"},{"taxonomy":"product_cat","embeddable":true,"href":"https:\/\/kasperindre.lt\/index.php?rest_route=%2Fwp%2Fv2%2Fproduct_cat&post=11336"},{"taxonomy":"product_tag","embeddable":true,"href":"https:\/\/kasperindre.lt\/index.php?rest_route=%2Fwp%2Fv2%2Fproduct_tag&post=11336"}],"curies":[{"name":"wp","href":"https:\/\/api.w.org\/{rel}","templated":true}]}}