{"id":11312,"date":"2024-10-26T13:24:35","date_gmt":"2024-10-26T13:24:35","guid":{"rendered":"https:\/\/kasperindre.lt\/?post_type=product&#038;p=11312"},"modified":"2024-10-26T13:26:00","modified_gmt":"2024-10-26T13:26:00","slug":"maria-nila-dazanti-maitinamoji-kauke-colour-refresh-cacao-6-00","status":"publish","type":"product","link":"https:\/\/kasperindre.lt\/?product=maria-nila-dazanti-maitinamoji-kauke-colour-refresh-cacao-6-00","title":{"rendered":"MARIA NILA Da\u017eanti maitinamoji kauk\u0117 \u2013 Colour Refresh Cacao 6.00"},"content":{"rendered":"\t\t<div data-elementor-type=\"wp-post\" data-elementor-id=\"11312\" class=\"elementor elementor-11312\" data-elementor-settings=\"[]\">\n\t\t\t\t\t\t\t<div class=\"elementor-section-wrap\">\n\t\t\t\t\t\t\t<section class=\"elementor-section elementor-top-section elementor-element elementor-element-6ebbafef elementor-section-boxed elementor-section-height-default elementor-section-height-default qodef-elementor-content-no\" data-id=\"6ebbafef\" data-element_type=\"section\">\n\t\t\t\t\t\t<div class=\"elementor-container elementor-column-gap-default\">\n\t\t\t\t\t<div class=\"elementor-column elementor-col-100 elementor-top-column elementor-element elementor-element-3f132bc8\" data-id=\"3f132bc8\" data-element_type=\"column\">\n\t\t\t<div class=\"elementor-widget-wrap elementor-element-populated\">\n\t\t\t\t\t\t\t\t<div class=\"elementor-element elementor-element-1c31a4c4 elementor-widget elementor-widget-text-editor\" data-id=\"1c31a4c4\" data-element_type=\"widget\" data-widget_type=\"text-editor.default\">\n\t\t\t\t<div class=\"elementor-widget-container\">\n\t\t\t\t\t\t\t<p>Da\u017eanti maitinamoji kauk\u0117 su laikinais spalvos pigmentais akimirksniu atgaivins j\u016bs\u0173 plaukus. Kauk\u0117 dr\u0117kina ir ma\u017eina v\u0117lim\u0105si, j\u016bs\u0173 plaukai taps \u0161ilkiniai, glotn\u016bs ir \u017evilgantys. Prie pakuot\u0117s prid\u0117ta pir\u0161tini\u0173 pora. Visus da\u017eus galima mai\u0161yti su baltuoju mi\u0161iniu\u00a0<strong><em>White Mix<\/em><\/strong>\u00a0siekiant i\u0161gauti pastelines spalvas. Arba tiesiog sumai\u0161ykite dvi skirtingas spalvas ir sukurkite savo unikali\u0105 spalv\u0105.\u00a0<strong><em>Colour Refresh<\/em><\/strong>\u00a0puikiai tinka naudoti tarp da\u017eym\u0173 gro\u017eio salone arba prie\u0161 ypatingas progas.<\/p><p><span style=\"color: #000000; font-family: Syne, sans-serif; font-size: 20px; font-weight: bold; letter-spacing: -0.01em; text-transform: uppercase;\">\u00a0<\/span><\/p><p><span style=\"color: #000000; font-family: Syne, sans-serif; font-size: 20px; font-weight: bold; letter-spacing: -0.01em; text-transform: uppercase;\">Naudojimas<\/span><\/p><p><span style=\"color: var( --e-global-color-text ); font-family: var( --e-global-typography-text-font-family ), Sans-serif; font-weight: var( --e-global-typography-text-font-weight );\">\u00a0<\/span><\/p><p><span style=\"color: var( --e-global-color-text ); font-family: var( --e-global-typography-text-font-family ), Sans-serif; font-weight: var( --e-global-typography-text-font-weight );\">I\u0161trinkite plaukus \u0161amp\u016bnu, i\u0161skalaukite ir nusausinkite rank\u0161luos\u010diu, taip pasiruo\u0161ite proced\u016brai. Naudokite pir\u0161tines ir pir\u0161tais ar \u0161ukomis tolygiai paskirstykite\u00a0<\/span><em style=\"color: var( --e-global-color-text ); font-family: var( --e-global-typography-text-font-family ), Sans-serif; font-weight: var( --e-global-typography-text-font-weight );\">Colour Refresh<\/em><span style=\"color: var( --e-global-color-text ); font-family: var( --e-global-typography-text-font-family ), Sans-serif; font-weight: var( --e-global-typography-text-font-weight );\">\u00a0per vis\u0105 plauk\u0173 ilg\u012f ar tose vietose, kurias norite nuda\u017eyti. Palikite 3\u201310 minu\u010di\u0173, priklausomai nuo pageidaujamo intensyvumo. I\u0161skalaukite vandeniu, kad pa\u0161alintum\u0117te da\u017e\u0173 liku\u010dius, ir tepkite kondicionieri\u0173. Spalva i\u0161lieka apie 4\u201310 plovim\u0173, atsi\u017evelgiant \u012f j\u016bs\u0173 plauk\u0173 kokyb\u0119 ir spalv\u0105.<\/span><\/p><p><span style=\"color: var( --e-global-color-text ); font-family: var( --e-global-typography-text-font-family ), Sans-serif; font-weight: var( --e-global-typography-text-font-weight );\">\u00a0<\/span><\/p><p><span style=\"color: var( --e-global-color-text ); font-family: var( --e-global-typography-text-font-family ), Sans-serif; font-weight: var( --e-global-typography-text-font-weight );\">Nepamir\u0161kite informuoti savo kirp\u0117jo, jei prie\u0161 tai naudojote Color Refresh, nes netur\u0117tum\u0117te \u0161viesinti plauk\u0173 i\u0161 karto po proced\u016bros.<\/span><\/p><p><span style=\"color: #000000; font-family: Syne, sans-serif; font-size: 20px; font-weight: bold; letter-spacing: -0.01em; text-transform: uppercase;\">\u00a0<\/span><\/p><p><span style=\"color: #000000; font-family: Syne, sans-serif; font-size: 20px; font-weight: bold; letter-spacing: -0.01em; text-transform: uppercase;\">Ingredientai<\/span><\/p><p><span style=\"color: var( --e-global-color-text ); font-family: var( --e-global-typography-text-font-family ), Sans-serif; font-weight: var( --e-global-typography-text-font-weight );\">\u00a0<\/span><\/p><p><span style=\"color: var( --e-global-color-text ); font-family: var( --e-global-typography-text-font-family ), Sans-serif; font-weight: var( --e-global-typography-text-font-weight );\">Aqua\/Water\/Eau, Cetearyl Alcohol, Behentrimonium Chloride, Cetyl Alcohol, Argania Spinosa Kernel Oil, Panthenol, Helianthus Annuus (Sunflower) Seed Oil, Hydrolyzed Wheat Protein, Glycerin, Caprylyl Glycol, Propylene Glycol, Guar Hydroxypropyltrimonium Chloride, Pentaerythrityl Tetra-Di-T-Butyl Hydroxyhydrocinnamate, Propanediol, Potassium Sorbate, Trideceth-5, Amodimethicone\/Morpholinomethyl Silsesquioxane Copolymer, Citric Acid, PEG-12 Dimethicone, Quaternium-95, Lactic Acid, Phenoxyethanol, Parfum\/Fragrance, Basic Blue 99, Basic Red 76, Basic Yellow 57<\/span><\/p><div id=\"product-3590\" class=\"layout-v6 clearfix product type-product post-3590 status-publish first instock product_cat-atspalvi-suteikiancios-priemones product_cat-plauku-kaukes product_cat-plauku-prieziura product_tag-silpniems-plaukams product_tag-suteikia-apimties product_tag-suteikia-turio has-post-thumbnail shipping-taxable purchasable product-type-variable has-default-attributes\">\u00a0<\/div>\t\t\t\t\t\t<\/div>\n\t\t\t\t<\/div>\n\t\t\t\t\t<\/div>\n\t\t<\/div>\n\t\t\t\t\t\t\t<\/div>\n\t\t<\/section>\n\t\t\t\t\t\t<\/div>\n\t\t\t\t\t<\/div>\n\t\t","protected":false},"excerpt":{"rendered":"<div class=\"woocommerce-product-details__short-description\">\n<ul>\n<li>Suteikia rudus atspalvius<\/li>\n<li>Mink\u0161tinamasis argano aliejus<\/li>\n<li>Colour Guard Complex<\/li>\n<li>Be sulfat\u0173 ir paraben\u0173<\/li>\n<li>100% vegani\u0161ka ir nebandyta su gyv\u016bnais<\/li>\n<li>Kompensuojamas pakuo\u010di\u0173 CO<sub>2<\/sub><\/li>\n<\/ul>\n<\/div>\n","protected":false},"featured_media":11313,"comment_status":"open","ping_status":"closed","template":"","meta":{"om_disable_all_campaigns":false},"product_brand":[],"product_cat":[44,38],"product_tag":[49],"class_list":{"0":"post-11312","1":"product","2":"type-product","3":"status-publish","4":"has-post-thumbnail","6":"product_cat-mini-produktai","7":"product_cat-plauku-kaukes","8":"product_tag-ploni-plaukai","10":"first","11":"instock","12":"shipping-taxable","13":"purchasable","14":"product-type-variable","15":"add-to-wishlist-before_image"},"aioseo_notices":[],"_links":{"self":[{"href":"https:\/\/kasperindre.lt\/index.php?rest_route=\/wp\/v2\/product\/11312","targetHints":{"allow":["GET"]}}],"collection":[{"href":"https:\/\/kasperindre.lt\/index.php?rest_route=\/wp\/v2\/product"}],"about":[{"href":"https:\/\/kasperindre.lt\/index.php?rest_route=\/wp\/v2\/types\/product"}],"replies":[{"embeddable":true,"href":"https:\/\/kasperindre.lt\/index.php?rest_route=%2Fwp%2Fv2%2Fcomments&post=11312"}],"version-history":[{"count":10,"href":"https:\/\/kasperindre.lt\/index.php?rest_route=\/wp\/v2\/product\/11312\/revisions"}],"predecessor-version":[{"id":11325,"href":"https:\/\/kasperindre.lt\/index.php?rest_route=\/wp\/v2\/product\/11312\/revisions\/11325"}],"wp:featuredmedia":[{"embeddable":true,"href":"https:\/\/kasperindre.lt\/index.php?rest_route=\/wp\/v2\/media\/11313"}],"wp:attachment":[{"href":"https:\/\/kasperindre.lt\/index.php?rest_route=%2Fwp%2Fv2%2Fmedia&parent=11312"}],"wp:term":[{"taxonomy":"product_brand","embeddable":true,"href":"https:\/\/kasperindre.lt\/index.php?rest_route=%2Fwp%2Fv2%2Fproduct_brand&post=11312"},{"taxonomy":"product_cat","embeddable":true,"href":"https:\/\/kasperindre.lt\/index.php?rest_route=%2Fwp%2Fv2%2Fproduct_cat&post=11312"},{"taxonomy":"product_tag","embeddable":true,"href":"https:\/\/kasperindre.lt\/index.php?rest_route=%2Fwp%2Fv2%2Fproduct_tag&post=11312"}],"curies":[{"name":"wp","href":"https:\/\/api.w.org\/{rel}","templated":true}]}}