{"id":11302,"date":"2024-10-26T13:20:33","date_gmt":"2024-10-26T13:20:33","guid":{"rendered":"https:\/\/kasperindre.lt\/?post_type=product&#038;p=11302"},"modified":"2024-10-27T07:52:36","modified_gmt":"2024-10-27T07:52:36","slug":"maria-nila-apimties-suteikiantis-purskiklis-volume-spray","status":"publish","type":"product","link":"https:\/\/kasperindre.lt\/?product=maria-nila-apimties-suteikiantis-purskiklis-volume-spray","title":{"rendered":"MARIA NILA Apimties suteikiantis pur\u0161kiklis \u2013 Volume Spray"},"content":{"rendered":"\t\t<div data-elementor-type=\"wp-post\" data-elementor-id=\"11302\" class=\"elementor elementor-11302\" data-elementor-settings=\"[]\">\n\t\t\t\t\t\t\t<div class=\"elementor-section-wrap\">\n\t\t\t\t\t\t\t<section class=\"elementor-section elementor-top-section elementor-element elementor-element-24799e9a elementor-section-boxed elementor-section-height-default elementor-section-height-default qodef-elementor-content-no\" data-id=\"24799e9a\" data-element_type=\"section\">\n\t\t\t\t\t\t<div class=\"elementor-container elementor-column-gap-default\">\n\t\t\t\t\t<div class=\"elementor-column elementor-col-100 elementor-top-column elementor-element elementor-element-2c51c727\" data-id=\"2c51c727\" data-element_type=\"column\">\n\t\t\t<div class=\"elementor-widget-wrap elementor-element-populated\">\n\t\t\t\t\t\t\t\t<div class=\"elementor-element elementor-element-6d99851c elementor-widget elementor-widget-text-editor\" data-id=\"6d99851c\" data-element_type=\"widget\" data-widget_type=\"text-editor.default\">\n\t\t\t\t<div class=\"elementor-widget-container\">\n\t\t\t\t\t\t\t<p>Maitinamasis pur\u0161kiklis suteikia plaukams apimties prie\u0161 juos formuojant, leid\u017eia jiems atrodyti nat\u016braliau, bet nesulipina. Palyginus su kitais plauk\u0173 pur\u0161kikliais i\u0161 MARIA NILA linijos, VOLUME SPRAY yra skysta priemon\u0117 ir tur\u0117t\u0173 b\u016bti naudojamas ant dr\u0117gn\u0173 plauk\u0173. Pur\u0161kiklis yra vaisinio ananas\u0173 ir gervuogi\u0173 aromato. Colour Guard Complex apsaugo plauk\u0173 spalv\u0105 nuo UV spinduli\u0173 ir laisv\u0173j\u0173 radikal\u0173.<\/p>\n<h5 class=\"yikes-custom-woo-tab-title yikes-custom-woo-tab-title-naudojimas\">Naudojimas<\/h5>\n<p>Purk\u0161kite priemon\u0119 ant rank\u0161luos\u010diu nusausint\u0173 plauk\u0173 nuo \u0161akn\u0173 iki pat galiuk\u0173. Pur\u0161kiklis lengvai \u012fsigeria \u012f plaukus, suteikdamas tankumo plauk\u0173 galiukams ir apimties prie \u0161akn\u0173. Geriausiam rezultatui pasiekti i\u0161d\u017eiovinkite plaukus d\u017eiovintuvu.<\/p>\n<h5 class=\"yikes-custom-woo-tab-title yikes-custom-woo-tab-title-sudetis\">Ingredientai<\/h5>\n<p>Aqua, Dimethyl Ether, Alcohol Denat, VP\/VA Copolymer, PVP, Helianthus Annuus Seed Extract, PEG-12 Dimethicone, Quaternium-95, Propanediol, Pentaerythrityl Tetra-di-t-butyl Hydroxyhydrocinnamate, Butylene Glycol, Linalool, Limonene, Geraniol, Citronellol, Parfum.<\/p>\t\t\t\t\t\t<\/div>\n\t\t\t\t<\/div>\n\t\t\t\t\t<\/div>\n\t\t<\/div>\n\t\t\t\t\t\t\t<\/div>\n\t\t<\/section>\n\t\t\t\t\t\t<\/div>\n\t\t\t\t\t<\/div>\n\t\t","protected":false},"excerpt":{"rendered":"<div class=\"woocommerce-product-details__short-description\">\n<ul>\n<li>Stiprumas 4\/5<\/li>\n<li>Nesulipina plauk\u0173<\/li>\n<li>Saugo nuo kar\u0161\u010dio<\/li>\n<li>Be sulfat\u0173 ir paraben\u0173<\/li>\n<li>100 % vegani\u0161kas ir nebandytas su gyv\u016bnais<\/li>\n<li>Kompensuojamas pakuo\u010di\u0173 CO<sub>2<\/sub><\/li>\n<\/ul>\n<\/div>\n","protected":false},"featured_media":11303,"comment_status":"open","ping_status":"closed","template":"","meta":{"om_disable_all_campaigns":false},"product_brand":[],"product_cat":[44,39],"product_tag":[],"class_list":{"0":"post-11302","1":"product","2":"type-product","3":"status-publish","4":"has-post-thumbnail","6":"product_cat-mini-produktai","7":"product_cat-plauku-lakai-ir-purskikliai","9":"first","10":"instock","11":"shipping-taxable","12":"purchasable","13":"product-type-variable","14":"add-to-wishlist-before_image"},"aioseo_notices":[],"_links":{"self":[{"href":"https:\/\/kasperindre.lt\/index.php?rest_route=\/wp\/v2\/product\/11302","targetHints":{"allow":["GET"]}}],"collection":[{"href":"https:\/\/kasperindre.lt\/index.php?rest_route=\/wp\/v2\/product"}],"about":[{"href":"https:\/\/kasperindre.lt\/index.php?rest_route=\/wp\/v2\/types\/product"}],"replies":[{"embeddable":true,"href":"https:\/\/kasperindre.lt\/index.php?rest_route=%2Fwp%2Fv2%2Fcomments&post=11302"}],"version-history":[{"count":7,"href":"https:\/\/kasperindre.lt\/index.php?rest_route=\/wp\/v2\/product\/11302\/revisions"}],"predecessor-version":[{"id":11513,"href":"https:\/\/kasperindre.lt\/index.php?rest_route=\/wp\/v2\/product\/11302\/revisions\/11513"}],"wp:featuredmedia":[{"embeddable":true,"href":"https:\/\/kasperindre.lt\/index.php?rest_route=\/wp\/v2\/media\/11303"}],"wp:attachment":[{"href":"https:\/\/kasperindre.lt\/index.php?rest_route=%2Fwp%2Fv2%2Fmedia&parent=11302"}],"wp:term":[{"taxonomy":"product_brand","embeddable":true,"href":"https:\/\/kasperindre.lt\/index.php?rest_route=%2Fwp%2Fv2%2Fproduct_brand&post=11302"},{"taxonomy":"product_cat","embeddable":true,"href":"https:\/\/kasperindre.lt\/index.php?rest_route=%2Fwp%2Fv2%2Fproduct_cat&post=11302"},{"taxonomy":"product_tag","embeddable":true,"href":"https:\/\/kasperindre.lt\/index.php?rest_route=%2Fwp%2Fv2%2Fproduct_tag&post=11302"}],"curies":[{"name":"wp","href":"https:\/\/api.w.org\/{rel}","templated":true}]}}