{"id":11241,"date":"2024-10-26T12:45:13","date_gmt":"2024-10-26T12:45:13","guid":{"rendered":"https:\/\/kasperindre.lt\/?post_type=product&#038;p=11241"},"modified":"2024-10-26T12:46:07","modified_gmt":"2024-10-26T12:46:07","slug":"maria-nila-atstatomasis-sampunas-structure-repair-shampoo","status":"publish","type":"product","link":"https:\/\/kasperindre.lt\/?product=maria-nila-atstatomasis-sampunas-structure-repair-shampoo","title":{"rendered":"MARIA NILA Atstatomasis \u0161amp\u016bnas \u2013 Structure Repair Shampoo"},"content":{"rendered":"\t\t<div data-elementor-type=\"wp-post\" data-elementor-id=\"11241\" class=\"elementor elementor-11241\" data-elementor-settings=\"[]\">\n\t\t\t\t\t\t\t<div class=\"elementor-section-wrap\">\n\t\t\t\t\t\t\t<section class=\"elementor-section elementor-top-section elementor-element elementor-element-30dbf65 elementor-section-boxed elementor-section-height-default elementor-section-height-default qodef-elementor-content-no\" data-id=\"30dbf65\" data-element_type=\"section\">\n\t\t\t\t\t\t<div class=\"elementor-container elementor-column-gap-default\">\n\t\t\t\t\t<div class=\"elementor-column elementor-col-100 elementor-top-column elementor-element elementor-element-53717abb\" data-id=\"53717abb\" data-element_type=\"column\">\n\t\t\t<div class=\"elementor-widget-wrap elementor-element-populated\">\n\t\t\t\t\t\t\t\t<div class=\"elementor-element elementor-element-31848757 elementor-widget elementor-widget-text-editor\" data-id=\"31848757\" data-element_type=\"widget\" data-widget_type=\"text-editor.default\">\n\t\t\t\t<div class=\"elementor-widget-container\">\n\t\t\t\t\t\t\t<p>Maitinamasis \u0161amp\u016bnas pa\u017eeistiems, sausiems ir chemi\u0161kai paveiktiems plaukams dr\u0117kina ir stiprina plaukus. Atstatomuoju poveikiu pasi\u017eymintys dumbliai padeda atgaivinti plaukus, padaro juos mink\u0161tus ir spindin\u010dius. \u0160amp\u016bnas yra \u0161velnaus vanil\u0117s, ro\u017ei\u0173 ir jazmin\u0173 kvapo, suteikian\u010dio plaukams gaivumo poj\u016bt\u012f. Colour Guard Complex padeda i\u0161laikyti plauk\u0173 spalv\u0105, apsaugodamas juos nuo UV spinduli\u0173 ir laisv\u0173j\u0173 radikal\u0173.<\/p><h5 class=\"yikes-custom-woo-tab-title yikes-custom-woo-tab-title-naudojimas\">Naudojimas<\/h5><p>Tepkite ant dr\u0117gn\u0173 plauk\u0173 ir \u0161velniai \u012fmasa\u017euokite \u012f plaukus ir galvos od\u0105. I\u0161skalaukite ir i\u0161trinkite \u0161amp\u016bnu antr\u0105 kart\u0105. Toliau naudokite kauk\u0119 ir u\u017ebaikite kondicionieriumi.<\/p><p>Kad plaukai b\u016bt\u0173 stipr\u016bs ir sveiki, naudokite \u0161amp\u016bn\u0105 kartu su kauke, kondicionieriumi ir nenuplaunamu kremu i\u0161\u00a0<strong><em>Structure Repair<\/em><\/strong>\u00a0linijos. Visi produktai tinka kasdieniam naudojimui.<\/p><h5 class=\"yikes-custom-woo-tab-title yikes-custom-woo-tab-title-ingredientai\">Ingredientai<\/h5><p>Aqua\/Water\/Eau, Sodium Lauroyl Methyl Isethionate, Cocamidopropyl Betaine, Disodium Laureth Sulfosuccinate, Sodium Lauryl Sulfoacetate, Glycerin, Cystoseira Compressa Extract, Zea Mays (Corn) Starch, Glycol Distearate, Guar Hydroxypropyltrimonium Chloride, Amodimethicone\/Morpholinomethyl Silsesquioxane Copolymer, Sodium Chloride, Hydrolyzed Vegetable Protein PG-Propyl Silanetriol, Phyllostachys Nigra Leaf Extract, Gluconolactone, Hydrolyzed Wheat Protein, Trideceth-5, Benzoic Acid, PEG-150 Pentaerythrityl Tetrastearate, Lactic Acid, Quaternium-95, PPG-2 Hydroxyethyl Cocamide, Propanediol, Dehydroacetic Acid, Pentaerythrityl Tetra-Di-T-Butyl Hydroxyhydrocinnamate, Potassium Sorbate, Disodium EDTA, Calcium Gluconate, Sodium Benzoate, Phenoxyethanol, Helianthus Annuus (Sunflower) Seed Oil, Benzyl Alcohol, Parfum\/Fragrance, CI 47005\/Yellow 10, CI 61570\/Green 5<\/p>\t\t\t\t\t\t<\/div>\n\t\t\t\t<\/div>\n\t\t\t\t\t<\/div>\n\t\t<\/div>\n\t\t\t\t\t\t\t<\/div>\n\t\t<\/section>\n\t\t\t\t\t\t<\/div>\n\t\t\t\t\t<\/div>\n\t\t","protected":false},"excerpt":{"rendered":"<ul>\n<li>Pa\u017eeistiems ir sausiems plaukams<\/li>\n<li>Dr\u0117kina ir stiprina<\/li>\n<li>Atstatomuoju poveikiu pasi\u017eymintis dumbli\u0173 ekstraktas<\/li>\n<li>Be sulfat\u0173 ir paraben\u0173<\/li>\n<li>100 % vegani\u0161kas ir nebandytas su gyv\u016bnais<\/li>\n<li>Kompensuojamas pakuo\u010di\u0173 CO<sub>2<\/sub><\/li>\n<\/ul>\n","protected":false},"featured_media":11242,"comment_status":"open","ping_status":"closed","template":"","meta":{"om_disable_all_campaigns":false},"product_brand":[],"product_cat":[15,44],"product_tag":[70],"class_list":{"0":"post-11241","1":"product","2":"type-product","3":"status-publish","4":"has-post-thumbnail","6":"product_cat-sampunai","7":"product_cat-mini-produktai","8":"product_tag-pazeisti-plaukai","10":"first","11":"instock","12":"shipping-taxable","13":"purchasable","14":"product-type-variable","15":"add-to-wishlist-before_image"},"aioseo_notices":[],"_links":{"self":[{"href":"https:\/\/kasperindre.lt\/index.php?rest_route=\/wp\/v2\/product\/11241","targetHints":{"allow":["GET"]}}],"collection":[{"href":"https:\/\/kasperindre.lt\/index.php?rest_route=\/wp\/v2\/product"}],"about":[{"href":"https:\/\/kasperindre.lt\/index.php?rest_route=\/wp\/v2\/types\/product"}],"replies":[{"embeddable":true,"href":"https:\/\/kasperindre.lt\/index.php?rest_route=%2Fwp%2Fv2%2Fcomments&post=11241"}],"version-history":[{"count":4,"href":"https:\/\/kasperindre.lt\/index.php?rest_route=\/wp\/v2\/product\/11241\/revisions"}],"predecessor-version":[{"id":11249,"href":"https:\/\/kasperindre.lt\/index.php?rest_route=\/wp\/v2\/product\/11241\/revisions\/11249"}],"wp:featuredmedia":[{"embeddable":true,"href":"https:\/\/kasperindre.lt\/index.php?rest_route=\/wp\/v2\/media\/11242"}],"wp:attachment":[{"href":"https:\/\/kasperindre.lt\/index.php?rest_route=%2Fwp%2Fv2%2Fmedia&parent=11241"}],"wp:term":[{"taxonomy":"product_brand","embeddable":true,"href":"https:\/\/kasperindre.lt\/index.php?rest_route=%2Fwp%2Fv2%2Fproduct_brand&post=11241"},{"taxonomy":"product_cat","embeddable":true,"href":"https:\/\/kasperindre.lt\/index.php?rest_route=%2Fwp%2Fv2%2Fproduct_cat&post=11241"},{"taxonomy":"product_tag","embeddable":true,"href":"https:\/\/kasperindre.lt\/index.php?rest_route=%2Fwp%2Fv2%2Fproduct_tag&post=11241"}],"curies":[{"name":"wp","href":"https:\/\/api.w.org\/{rel}","templated":true}]}}