{"id":11226,"date":"2024-10-26T07:55:03","date_gmt":"2024-10-26T07:55:03","guid":{"rendered":"https:\/\/kasperindre.lt\/?post_type=product&#038;p=11226"},"modified":"2024-10-26T12:47:55","modified_gmt":"2024-10-26T12:47:55","slug":"maria-nila-minkstinamasis-sampunas-true-soft-shampoo","status":"publish","type":"product","link":"https:\/\/kasperindre.lt\/?product=maria-nila-minkstinamasis-sampunas-true-soft-shampoo","title":{"rendered":"MARIA NILA Mink\u0161tinamasis \u0161amp\u016bnas \u2013 True Soft Shampoo"},"content":{"rendered":"\t\t<div data-elementor-type=\"wp-post\" data-elementor-id=\"11226\" class=\"elementor elementor-11226\" data-elementor-settings=\"[]\">\n\t\t\t\t\t\t\t<div class=\"elementor-section-wrap\">\n\t\t\t\t\t\t\t<section class=\"elementor-section elementor-top-section elementor-element elementor-element-7175eabe elementor-section-boxed elementor-section-height-default elementor-section-height-default qodef-elementor-content-no\" data-id=\"7175eabe\" data-element_type=\"section\">\n\t\t\t\t\t\t<div class=\"elementor-container elementor-column-gap-default\">\n\t\t\t\t\t<div class=\"elementor-column elementor-col-100 elementor-top-column elementor-element elementor-element-1729954d\" data-id=\"1729954d\" data-element_type=\"column\">\n\t\t\t<div class=\"elementor-widget-wrap elementor-element-populated\">\n\t\t\t\t\t\t\t\t<div class=\"elementor-element elementor-element-2b5eac7e elementor-widget elementor-widget-text-editor\" data-id=\"2b5eac7e\" data-element_type=\"widget\" data-widget_type=\"text-editor.default\">\n\t\t\t\t<div class=\"elementor-widget-container\">\n\t\t\t\t\t\t\t<p>\u0160velnus \u0161amp\u016bnas sausiems plaukams mink\u0161tina, dr\u0117kina ir stiprina plauko strukt\u016br\u0105 bei suma\u017eina v\u0117lim\u0105si ir elektrinim\u0105si. Glotninamuoju poveikiu pasi\u017eymintis argano aliejus, antioksidantai ir riebal\u0173 r\u016bg\u0161tys i\u0161saugo dr\u0117gm\u0119 ir stiprina plaukus. \u0160amp\u016bnas dvelkia unikaliu lelijos, jazmino ir ro\u017e\u0117s aromatu. Colour Guard Complex padeda i\u0161laikyti plauk\u0173 spalv\u0105, apsaugodamas juos nuo UV spinduli\u0173 ir laisv\u0173j\u0173 radikal\u0173.<\/p>\n<h5 class=\"yikes-custom-woo-tab-title yikes-custom-woo-tab-title-naudojimas\">Naudojimas<\/h5>\n<p>Tepkite ant dr\u0117gn\u0173 plauk\u0173 ir \u0161velniai \u012fmasa\u017euokite \u012f plaukus ir galvos od\u0105. I\u0161skalaukite ir antr\u0105 kart\u0105 i\u0161trinkite plaukus \u0161amp\u016bnu. Toliau naudokite kauk\u0119 ir u\u017ebaikite kondicionieriumi. Kad plaukai b\u016bt\u0173 tikrai mink\u0161ti, kartu naudokite kauk\u0119, kondicionieri\u0173 ir argano aliej\u0173 i\u0161&nbsp;<em><strong>True Soft<\/strong><\/em>&nbsp;linijos. Visi produktai tinka kasdieniam naudojimui.<\/p><p><span style=\"color: rgb(0, 0, 0); font-family: Syne, sans-serif; font-size: 20px; font-weight: 700; letter-spacing: -0.01em; text-transform: uppercase;\"><br><\/span><\/p><p><span style=\"color: rgb(0, 0, 0); font-family: Syne, sans-serif; font-size: 20px; font-weight: 700; letter-spacing: -0.01em; text-transform: uppercase;\">Ingredientai<\/span><\/p><p><span style=\"color: var( --e-global-color-text ); font-family: var( --e-global-typography-text-font-family ), Sans-serif; font-weight: var( --e-global-typography-text-font-weight );\"><br><\/span><\/p><p><span style=\"color: var( --e-global-color-text ); font-family: var( --e-global-typography-text-font-family ), Sans-serif; font-weight: var( --e-global-typography-text-font-weight );\">Aqua\/Water\/Eau, Sodium Lauroyl Methyl Isethionate, Cocamidopropyl Betaine, Disodium Laureth Sulfosuccinate, Sodium Lauryl Sulfoacetate, Glycerin, Argania Spinosa Kernel Oil, Hydrolyzed Wheat Protein, Helianthus Annuus (Sunflower) Seed Oil, Phyllostachys Nigra Leaf Extract, Glycol Distearate, Hydrolyzed Vegetable Protein PG- Propyl Silanetriol, Guar Hydroxypropyltrimonium Chloride, Sodium PCA, Lauryl Methyl Gluceth-10 Hydroxypropyldimonium Chloride, Amodimethicone\/Morpholinomethyl Silsesquioxane Copolymer, Sodium Chloride, Trideceth-5, Dehydroacetic Acid, PEG-150 Pentaerythrityl Tetrastearate, Quaternium-95, PPG-2 Hydroxyethyl Cocamide, Propanediol, Pentaerythrityl Tetra-Di-T-Butyl Hydroxyhydrocinnamate, Alpha-Isomethyl Ionone, Benzoic Acid, Lactic Acid, Potassium Sorbate, Disodium EDTA, Phenoxyethanol, Parfum\/Fragrance, CI 47005\/Yellow 10, CI 61570\/Green 5, CI 42090\/Blue 1<\/span><\/p><div id=\"product-3457\" class=\"layout-v6 clearfix product type-product post-3457 status-publish first instock product_cat-plauku-prieziura product_cat-sampunai product_tag-drekinantis-plaukus product_tag-sausiems-plaukams has-post-thumbnail shipping-taxable purchasable product-type-variable has-default-attributes\"><div class=\"woocommerce-tabs wc-tabs-wrapper\">\n<\/div>\n<\/div>\t\t\t\t\t\t<\/div>\n\t\t\t\t<\/div>\n\t\t\t\t\t<\/div>\n\t\t<\/div>\n\t\t\t\t\t\t\t<\/div>\n\t\t<\/section>\n\t\t\t\t\t\t<\/div>\n\t\t\t\t\t<\/div>\n\t\t","protected":false},"excerpt":{"rendered":"<ul>\n<li>Mink\u0161tinamasis argano aliejus ir antioksidantai<\/li>\n<li>Suma\u017eina v\u0117lim\u0105si<\/li>\n<li>Suma\u017eina elektrinim\u0105si<\/li>\n<li>Be sulfat\u0173 ir paraben\u0173<\/li>\n<li>100% vegani\u0161kas ir nebandytas su gyv\u016bnais<\/li>\n<li>Kompensuojamas pakuo\u010di\u0173 CO<sub>2<\/sub><\/li>\n<\/ul>\n","protected":false},"featured_media":11230,"comment_status":"open","ping_status":"closed","template":"","meta":{"om_disable_all_campaigns":false},"product_brand":[],"product_cat":[15,44],"product_tag":[71],"class_list":{"0":"post-11226","1":"product","2":"type-product","3":"status-publish","4":"has-post-thumbnail","6":"product_cat-sampunai","7":"product_cat-mini-produktai","8":"product_tag-sausi-plaukai","10":"first","11":"instock","12":"shipping-taxable","13":"purchasable","14":"product-type-variable","15":"add-to-wishlist-before_image"},"aioseo_notices":[],"_links":{"self":[{"href":"https:\/\/kasperindre.lt\/index.php?rest_route=\/wp\/v2\/product\/11226","targetHints":{"allow":["GET"]}}],"collection":[{"href":"https:\/\/kasperindre.lt\/index.php?rest_route=\/wp\/v2\/product"}],"about":[{"href":"https:\/\/kasperindre.lt\/index.php?rest_route=\/wp\/v2\/types\/product"}],"replies":[{"embeddable":true,"href":"https:\/\/kasperindre.lt\/index.php?rest_route=%2Fwp%2Fv2%2Fcomments&post=11226"}],"version-history":[{"count":7,"href":"https:\/\/kasperindre.lt\/index.php?rest_route=\/wp\/v2\/product\/11226\/revisions"}],"predecessor-version":[{"id":11237,"href":"https:\/\/kasperindre.lt\/index.php?rest_route=\/wp\/v2\/product\/11226\/revisions\/11237"}],"wp:featuredmedia":[{"embeddable":true,"href":"https:\/\/kasperindre.lt\/index.php?rest_route=\/wp\/v2\/media\/11230"}],"wp:attachment":[{"href":"https:\/\/kasperindre.lt\/index.php?rest_route=%2Fwp%2Fv2%2Fmedia&parent=11226"}],"wp:term":[{"taxonomy":"product_brand","embeddable":true,"href":"https:\/\/kasperindre.lt\/index.php?rest_route=%2Fwp%2Fv2%2Fproduct_brand&post=11226"},{"taxonomy":"product_cat","embeddable":true,"href":"https:\/\/kasperindre.lt\/index.php?rest_route=%2Fwp%2Fv2%2Fproduct_cat&post=11226"},{"taxonomy":"product_tag","embeddable":true,"href":"https:\/\/kasperindre.lt\/index.php?rest_route=%2Fwp%2Fv2%2Fproduct_tag&post=11226"}],"curies":[{"name":"wp","href":"https:\/\/api.w.org\/{rel}","templated":true}]}}