{"id":11207,"date":"2024-10-25T14:56:41","date_gmt":"2024-10-25T14:56:41","guid":{"rendered":"https:\/\/kasperindre.lt\/?post_type=product&#038;p=11207"},"modified":"2024-10-25T14:57:22","modified_gmt":"2024-10-25T14:57:22","slug":"maria-nila-atstatomasis-kondicionierius-structure-repair-conditioner","status":"publish","type":"product","link":"https:\/\/kasperindre.lt\/?product=maria-nila-atstatomasis-kondicionierius-structure-repair-conditioner","title":{"rendered":"MARIA NILA Atstatomasis kondicionierius \u2013 Structure Repair Conditioner"},"content":{"rendered":"\t\t<div data-elementor-type=\"wp-post\" data-elementor-id=\"11207\" class=\"elementor elementor-11207\" data-elementor-settings=\"[]\">\n\t\t\t\t\t\t\t<div class=\"elementor-section-wrap\">\n\t\t\t\t\t\t\t<section class=\"elementor-section elementor-top-section elementor-element elementor-element-1fa6fa75 elementor-section-boxed elementor-section-height-default elementor-section-height-default qodef-elementor-content-no\" data-id=\"1fa6fa75\" data-element_type=\"section\">\n\t\t\t\t\t\t<div class=\"elementor-container elementor-column-gap-default\">\n\t\t\t\t\t<div class=\"elementor-column elementor-col-100 elementor-top-column elementor-element elementor-element-1cf0f576\" data-id=\"1cf0f576\" data-element_type=\"column\">\n\t\t\t<div class=\"elementor-widget-wrap elementor-element-populated\">\n\t\t\t\t\t\t\t\t<div class=\"elementor-element elementor-element-449ce909 elementor-widget elementor-widget-text-editor\" data-id=\"449ce909\" data-element_type=\"widget\" data-widget_type=\"text-editor.default\">\n\t\t\t\t<div class=\"elementor-widget-container\">\n\t\t\t\t\t\t\t<p>I\u0161\u0161ukavim\u0105 lengvinantis kondicionierius pa\u017eeistiems, sausiems ir chemi\u0161kai paveiktiems plaukams mink\u0161tina, dr\u0117kina ir ma\u017eina elektrinim\u0105si. Atstatomuoju poveikiu pasi\u017eymintys dumbliai padeda plaukams atgauti nat\u016bral\u0173 stiprum\u0105, padaro juos mink\u0161tus ir spindin\u010dius. Kondicionierius yra \u0161velnaus vanil\u0117s, ro\u017ei\u0173 ir jazmin\u0173 kvapo, suteikian\u010dio plaukams gaivumo poj\u016bt\u012f. Colour Guard Complex padeda i\u0161laikyti plauk\u0173 spalv\u0105, apsaugodamas juos nuo UV spinduli\u0173 ir laisv\u0173j\u0173 radikal\u0173.<\/p><h5 class=\"yikes-custom-woo-tab-title yikes-custom-woo-tab-title-naudojimas\">Naudojimas<\/h5><p>Tepkite ant k\u0105 tik i\u0161trinkt\u0173 plauk\u0173, palikite 1\u20132 minut\u0117ms ir i\u0161skalaukite.<\/p><p>Kad plaukai b\u016bt\u0173 stipr\u016bs ir sveiki, naudokite kondicionieri\u0173 kartu su \u0161amp\u016bnu, kauke ir nenuplaunamu kremu i\u0161\u00a0<em><strong>Structure Repair<\/strong><\/em>\u00a0linijos. Visi produktai tinka kasdieniam naudojimui.<\/p><h5 class=\"yikes-custom-woo-tab-title yikes-custom-woo-tab-title-ingredientai\">Ingredientai<\/h5><p>Aqua\/Water\/Eau, Cetearyl Alcohol, PPG-3 Benzyl Ether Myristate, Behentrimonium Chloride, Zea Mays (Corn) Starch, Olea Europaea (Olive) Fruit Oil, Cystoseira Compressa Extract, Benzyl Alcohol, Helianthus Annuus (Sunflower) Seed Oil, Phyllostachys Nigra Leaf Extract, Polyglyceryl-3 Polyricinoleate, Glycerin, Gluconolactone, Amodimethicone\/Morpholinomethyl Silsesquioxane Copolymer, Stearamidopropyl Dimethylamine, Dimethiconol, Trideceth-5, Quaternium-95, Dimethicone, Propanediol, Calcium Gluconate, Cetrimonium Chloride, Pentaerythrityl Tetra-Di-T-Butyl, Hydroxyhydrocinnamate, Lactic Acid, Sodium Benzoate, Dehydroacetic Acid, Benzoic Acid, Phenoxyethanol, Moringa Oleifera Seed Oil, Parfum\/Fragrance, CI 47005\/Yellow 10, CI 61570\/Green 5<\/p>\t\t\t\t\t\t<\/div>\n\t\t\t\t<\/div>\n\t\t\t\t\t<\/div>\n\t\t<\/div>\n\t\t\t\t\t\t\t<\/div>\n\t\t<\/section>\n\t\t\t\t\t\t<\/div>\n\t\t\t\t\t<\/div>\n\t\t","protected":false},"excerpt":{"rendered":"<div class=\"woocommerce-product-details__short-description\">\n<ul>\n<li>Pa\u017eeistiems ir sausiems plaukams<\/li>\n<li>Atstatomasis dumbli\u0173 ekstraktas<\/li>\n<li>Suma\u017eina elektrinim\u0105si<\/li>\n<li>Be sulfat\u0173 ir paraben\u0173<\/li>\n<li>100% vegani\u0161kas ir nebandytas su gyv\u016bnais<\/li>\n<li>Kompensuojamas pakuo\u010di\u0173 CO<sub>2<\/sub><\/li>\n<\/ul>\n<\/div>\n","protected":false},"featured_media":11208,"comment_status":"open","ping_status":"closed","template":"","meta":{"om_disable_all_campaigns":false},"product_brand":[],"product_cat":[44,30],"product_tag":[71,29],"class_list":{"0":"post-11207","1":"product","2":"type-product","3":"status-publish","4":"has-post-thumbnail","6":"product_cat-mini-produktai","7":"product_cat-kondicionieriai","8":"product_tag-sausi-plaukai","9":"product_tag-siaustis-linke-plaukai","11":"first","12":"instock","13":"shipping-taxable","14":"purchasable","15":"product-type-variable","16":"add-to-wishlist-before_image"},"aioseo_notices":[],"_links":{"self":[{"href":"https:\/\/kasperindre.lt\/index.php?rest_route=\/wp\/v2\/product\/11207","targetHints":{"allow":["GET"]}}],"collection":[{"href":"https:\/\/kasperindre.lt\/index.php?rest_route=\/wp\/v2\/product"}],"about":[{"href":"https:\/\/kasperindre.lt\/index.php?rest_route=\/wp\/v2\/types\/product"}],"replies":[{"embeddable":true,"href":"https:\/\/kasperindre.lt\/index.php?rest_route=%2Fwp%2Fv2%2Fcomments&post=11207"}],"version-history":[{"count":4,"href":"https:\/\/kasperindre.lt\/index.php?rest_route=\/wp\/v2\/product\/11207\/revisions"}],"predecessor-version":[{"id":11215,"href":"https:\/\/kasperindre.lt\/index.php?rest_route=\/wp\/v2\/product\/11207\/revisions\/11215"}],"wp:featuredmedia":[{"embeddable":true,"href":"https:\/\/kasperindre.lt\/index.php?rest_route=\/wp\/v2\/media\/11208"}],"wp:attachment":[{"href":"https:\/\/kasperindre.lt\/index.php?rest_route=%2Fwp%2Fv2%2Fmedia&parent=11207"}],"wp:term":[{"taxonomy":"product_brand","embeddable":true,"href":"https:\/\/kasperindre.lt\/index.php?rest_route=%2Fwp%2Fv2%2Fproduct_brand&post=11207"},{"taxonomy":"product_cat","embeddable":true,"href":"https:\/\/kasperindre.lt\/index.php?rest_route=%2Fwp%2Fv2%2Fproduct_cat&post=11207"},{"taxonomy":"product_tag","embeddable":true,"href":"https:\/\/kasperindre.lt\/index.php?rest_route=%2Fwp%2Fv2%2Fproduct_tag&post=11207"}],"curies":[{"name":"wp","href":"https:\/\/api.w.org\/{rel}","templated":true}]}}