{"id":11136,"date":"2024-10-25T14:16:47","date_gmt":"2024-10-25T14:16:47","guid":{"rendered":"https:\/\/kasperindre.lt\/?post_type=product&#038;p=11136"},"modified":"2024-10-25T14:40:20","modified_gmt":"2024-10-25T14:40:20","slug":"maria-nila","status":"publish","type":"product","link":"https:\/\/kasperindre.lt\/?product=maria-nila","title":{"rendered":"MARIA NILA Gydomasis galvos odos ir plauk\u0173 \u0161amp\u016bnas \u2013 Head &#038; Hair Heal Shampoo"},"content":{"rendered":"\t\t<div data-elementor-type=\"wp-post\" data-elementor-id=\"11136\" class=\"elementor elementor-11136\" data-elementor-settings=\"[]\">\n\t\t\t\t\t\t\t<div class=\"elementor-section-wrap\">\n\t\t\t\t\t\t\t<section class=\"elementor-section elementor-top-section elementor-element elementor-element-6317f29c elementor-section-boxed elementor-section-height-default elementor-section-height-default qodef-elementor-content-no\" data-id=\"6317f29c\" data-element_type=\"section\">\n\t\t\t\t\t\t<div class=\"elementor-container elementor-column-gap-default\">\n\t\t\t\t\t<div class=\"elementor-column elementor-col-100 elementor-top-column elementor-element elementor-element-7841d35f\" data-id=\"7841d35f\" data-element_type=\"column\">\n\t\t\t<div class=\"elementor-widget-wrap elementor-element-populated\">\n\t\t\t\t\t\t\t\t<div class=\"elementor-element elementor-element-285bbd34 elementor-widget elementor-widget-text-editor\" data-id=\"285bbd34\" data-element_type=\"widget\" data-widget_type=\"text-editor.default\">\n\t\t\t\t<div class=\"elementor-widget-container\">\n\t\t\t\t\t\t\t<p class=\"product_title entry-title\">Raminamasis ir plauk\u0173 augim\u0105 skatinantis \u0161amp\u016bnas su nat\u016braliu alavijo ekstraktu ir piroktono olaminu apsaugo nuo pleiskan\u0173 ir gydo galvos odos problemas. Sudedamosios dalys stimuliuoja plauk\u0173 folikulus, skatina plauk\u0173 augim\u0105 ir apsaugo nuo plauk\u0173 slinkimo.\u00a0<em><strong>Head &amp; Hair Heal<\/strong><\/em>\u00a0\u0161amp\u016bnas sukurtas itin jautriai galvos odai ir papildytas unikaliu baltojo jazmino, galbanin\u0117s ferulos ir liep\u0173 \u017eied\u0173 aromatu, kuris nesukelia alergijos. Colour Guard Complex apsaugo plauk\u0173 spalv\u0105 nuo UV spinduli\u0173 ir laisv\u0173j\u0173 radikal\u0173.<\/p><h5 class=\"yikes-custom-woo-tab-title yikes-custom-woo-tab-title-naudojimas\">Naudojimas<\/h5><p>Tepkite ant dr\u0117gn\u0173 plauk\u0173 ir \u0161velniai \u012fmasa\u017euokite \u012f plaukus ir galvos od\u0105. I\u0161skalaukite ir i\u0161trinkite antr\u0105 kart\u0105 \u0161amp\u016bnu. Toliau naudokite kauk\u0119 ir u\u017ebaikite kondicionieriumi.<\/p><p>Kad plaukai ir galvos oda b\u016bt\u0173 sveiki ir subalansuoti, naudokite \u0161amp\u016bn\u0105 kartu su kondicionieriumi ir kauke i\u0161 \u201eHair and Head Heal\u201c linijos. Visi produktai tinka kasdieniam naudojimui.<\/p><h5 class=\"yikes-custom-woo-tab-title yikes-custom-woo-tab-title-ingredientai\">Ingredientai<\/h5><p>Aqua\/Water\/Eau, Cocamidopropyl Betaine, Sodium Lauroyl Methyl Isethionate, Disodium Laureth Sulfosuccinate, Sodium Lauryl Sulfoacetate, Glycol Distearate, Biotinoyl Tripeptide-1, Oleanolic Acid, Apigenin, Acetyl Tetrapeptide-3, Trifolium Pratense (Clover) Flower Extract, Piroctone Olamine, Tocopheryl Acetate, Aloe Barbadensis Leaf Extract, Helianthus Annuus (Sunflower) Seed Oil, Guar Hydroxypropyltrimonium Chloride, Glycerin, Amodimethicone\/Morpholinomethyl Silsesquioxane Copolymer, PPG-2 Hydroxyethyl Cocamide, Trideceth-5, Benzoic Acid, Dehydroacetic Acid, Dextran, Pentaerythrityl Tetra-Di-T-Butyl Hydroxyhydrocinnamate, PEG-150 Pentaerythrityl Tetrastearate, Quaternium-95, PPG-26-Buteth-26, PEG-40 Hydrogenated Castor Oil, Sodium Chloride, Propanediol, Sodium Benzoate, Butylene Glycol, Citric Acid, Potassium Sorbate, Lactic Acid, Phenoxyethanol, Parfum\/Fragrance, CI 16035\/Red 40, CI 19140\/Yellow 5<\/p>\t\t\t\t\t\t<\/div>\n\t\t\t\t<\/div>\n\t\t\t\t\t<\/div>\n\t\t<\/div>\n\t\t\t\t\t\t\t<\/div>\n\t\t<\/section>\n\t\t\t\t\t\t<\/div>\n\t\t\t\t\t<\/div>\n\t\t","protected":false},"excerpt":{"rendered":"<div class=\"woocommerce-product-details__short-description\">\n<ul>\n<li>Apsaugo nuo pleiskan\u0173<\/li>\n<li>Gydo galvos odos problemas<\/li>\n<li>Skatina plauk\u0173 augim\u0105 ir ma\u017eina slinkim\u0105<\/li>\n<li>Be sulfat\u0173 ir paraben\u0173<\/li>\n<li>100% vegani\u0161kas ir nebandytas su gyv\u016bnais<\/li>\n<li>Kompensuojamas pakuo\u010di\u0173 CO<sub>2<\/sub><\/li>\n<\/ul>\n<\/div>\n","protected":false},"featured_media":11137,"comment_status":"open","ping_status":"closed","template":"","meta":{"om_disable_all_campaigns":false},"product_brand":[],"product_cat":[15,44],"product_tag":[69,47],"class_list":{"0":"post-11136","1":"product","2":"type-product","3":"status-publish","4":"has-post-thumbnail","6":"product_cat-sampunai","7":"product_cat-mini-produktai","8":"product_tag-pleiskanojanti-galvos-oda","9":"product_tag-slenkantys-plaukai","11":"first","12":"instock","13":"shipping-taxable","14":"purchasable","15":"product-type-variable","16":"add-to-wishlist-before_image"},"aioseo_notices":[],"_links":{"self":[{"href":"https:\/\/kasperindre.lt\/index.php?rest_route=\/wp\/v2\/product\/11136","targetHints":{"allow":["GET"]}}],"collection":[{"href":"https:\/\/kasperindre.lt\/index.php?rest_route=\/wp\/v2\/product"}],"about":[{"href":"https:\/\/kasperindre.lt\/index.php?rest_route=\/wp\/v2\/types\/product"}],"replies":[{"embeddable":true,"href":"https:\/\/kasperindre.lt\/index.php?rest_route=%2Fwp%2Fv2%2Fcomments&post=11136"}],"version-history":[{"count":10,"href":"https:\/\/kasperindre.lt\/index.php?rest_route=\/wp\/v2\/product\/11136\/revisions"}],"predecessor-version":[{"id":11178,"href":"https:\/\/kasperindre.lt\/index.php?rest_route=\/wp\/v2\/product\/11136\/revisions\/11178"}],"wp:featuredmedia":[{"embeddable":true,"href":"https:\/\/kasperindre.lt\/index.php?rest_route=\/wp\/v2\/media\/11137"}],"wp:attachment":[{"href":"https:\/\/kasperindre.lt\/index.php?rest_route=%2Fwp%2Fv2%2Fmedia&parent=11136"}],"wp:term":[{"taxonomy":"product_brand","embeddable":true,"href":"https:\/\/kasperindre.lt\/index.php?rest_route=%2Fwp%2Fv2%2Fproduct_brand&post=11136"},{"taxonomy":"product_cat","embeddable":true,"href":"https:\/\/kasperindre.lt\/index.php?rest_route=%2Fwp%2Fv2%2Fproduct_cat&post=11136"},{"taxonomy":"product_tag","embeddable":true,"href":"https:\/\/kasperindre.lt\/index.php?rest_route=%2Fwp%2Fv2%2Fproduct_tag&post=11136"}],"curies":[{"name":"wp","href":"https:\/\/api.w.org\/{rel}","templated":true}]}}