{"id":11052,"date":"2024-09-25T14:24:14","date_gmt":"2024-09-25T14:24:14","guid":{"rendered":"https:\/\/kasperindre.lt\/?post_type=product&#038;p=11052"},"modified":"2024-09-27T07:50:56","modified_gmt":"2024-09-27T07:50:56","slug":"sampuno-garbanotiems-plaukams-papildymo-maiselis","status":"publish","type":"product","link":"https:\/\/kasperindre.lt\/?product=sampuno-garbanotiems-plaukams-papildymo-maiselis","title":{"rendered":"\u0160AMP\u016aNO GARBANOTIEMS PLAUKAMS PAPILDYMO MAI\u0160ELIS"},"content":{"rendered":"\t\t<div data-elementor-type=\"wp-post\" data-elementor-id=\"11052\" class=\"elementor elementor-11052\" data-elementor-settings=\"[]\">\n\t\t\t\t\t\t\t<div class=\"elementor-section-wrap\">\n\t\t\t\t\t\t\t<section class=\"elementor-section elementor-top-section elementor-element elementor-element-75e562e6 elementor-section-boxed elementor-section-height-default elementor-section-height-default qodef-elementor-content-no\" data-id=\"75e562e6\" data-element_type=\"section\">\n\t\t\t\t\t\t<div class=\"elementor-container elementor-column-gap-default\">\n\t\t\t\t\t<div class=\"elementor-column elementor-col-100 elementor-top-column elementor-element elementor-element-47805e93\" data-id=\"47805e93\" data-element_type=\"column\">\n\t\t\t<div class=\"elementor-widget-wrap elementor-element-populated\">\n\t\t\t\t\t\t\t\t<div class=\"elementor-element elementor-element-76556b4e elementor-widget elementor-widget-text-editor\" data-id=\"76556b4e\" data-element_type=\"widget\" data-widget_type=\"text-editor.default\">\n\t\t\t\t<div class=\"elementor-widget-container\">\n\t\t\t\t\t\t\t<p>Kremin\u0117s tekst\u016bros \u0161amp\u016bnas, kuris suteikia elastingumo garbanotiems bei banguotiems plaukams. Dr\u0117kinamoji formul\u0117 valo plauk\u0173 od\u0105, suteikia jiems \u0161velnumo bei\u00a0 lengvumo, padidindama plauk\u0173 apimt\u012f, suteikia blizgesio ir atkuria nat\u016brali\u0105 tekst\u016br\u0105.<\/p><p>\u00a0<\/p><p>Naudodami vienos talpos 500ml pakel\u012f, vietoje dviej\u0173 po 250ml Essential Haircare \u0161amp\u016bno buteliuk\u0173, sunaudojate 74 % ma\u017eiau plastiko.\u00a0Suma\u017einus med\u017eiag\u0173 naudojim\u0105 taip pat suma\u017e\u0117ja CO2 i\u0161metimas, susij\u0119s su med\u017eiag\u0173 ir pakuo\u010di\u0173 gamyba bei pagamintu gamini\u0173 transportavimu.<\/p><h5>Kaip naudoti?<\/h5><p>Nuimkite tu\u0161\u010dio \u0161amp\u016bno buteliuko kam\u0161tel\u012f ir \u0161varioje, sausoje vietoje pilkite \u0161amp\u016bn\u0105 i\u0161 papildymo mai\u0161elio \u012f buteliuk\u0105. U\u017esukite buteliuko kam\u0161tel\u012f ir sandariai u\u017edarykite papildymo mai\u0161el\u012f. \u0160amp\u016bno buteliuko skalauti papildomai nereikia. Tepkite ant dr\u0117gn\u0173 plauk\u0173, \u0161velniai masa\u017euokite, nuplaukite ir pakartokite proced\u016br\u0105 dar kart\u0105. Toliau naudokite LOVE Curl kondicionieri\u0173 ar LOVE Curl plauk\u0173 kauk\u0119.\u00a0<\/p><h5>Sudedamosios dalys<\/h5><p>Su dar efektyvesniu \u201eNoto\u201c migdol\u0173 ekstraktu i\u0161 \u201eSlow Food Presidium\u201c. Linija turtinga\u00a0 baltym\u0173, B grup\u0117s vitamin\u0173, vitamino E, neso\u010di\u0173j\u0173 riebal\u0173, magnio, gele\u017eies, kalio, vario ir fosforo.<\/p><p>\u00a0<\/p><div class=\"specifics__item\"><div class=\"specifics__container\"><div class=\"specifics__list ingredients\">AQUA \/ WATER \/ EAU, SODIUM LAUROYL METHYL ISETHIONATE,COCAMIDOPROPYL BETAINE, GLYCERIN, SODIUM LAURYL SULFOACETATE, DISODIUMCOCOAMPHODIACETATE, DECYL GLUCOSIDE, SODIUM COCOYL GLYCINATE, SODIUM CHLORIDE,POLYSORBATE 20, PARFUM \/ FRAGRANCE, BENZYL ALCOHOL, SODIUM METHYL 2-SULFOLAURATE,POLYQUATERNIUM-70, ACRYLATES\/C10-30 ALKYL ACRYLATE CROSSPOLYMER, SODIUM BENZOATE,DISODIUM 2-SULFOLAURATE, POLYQUATERNIUM-7, POLYQUATERNIUM-10, TRISODIUM ETHYLENEDIAMINEDISUCCINATE, GLYCOL DISTEARATE, DIPROPYLENE GLYCOL, PRUNUS AMYGDALUS DULCIS SEEDEXTRACT \/ PRUNUS AMYGDALUS DULCIS (SWEET ALMOND) SEED EXTRACT, TETRASODIUMGLUTAMATE DIACETATE, COCO-GLUCOSIDE, SODIUM HYDROXIDE, GLYCERYL OLEATE, GLYCERYLSTEARATE, LIMONENE, CITRIC ACID.<\/div><\/div><\/div><div class=\"specifics__item specifics__cta-container\"><div class=\"specifics__container\"><div class=\"specifics__cta\">\u00a0<\/div><\/div><\/div>\t\t\t\t\t\t<\/div>\n\t\t\t\t<\/div>\n\t\t\t\t\t<\/div>\n\t\t<\/div>\n\t\t\t\t\t\t\t<\/div>\n\t\t<\/section>\n\t\t\t\t\t\t<\/div>\n\t\t\t\t\t<\/div>\n\t\t","protected":false},"excerpt":{"rendered":"<p>Kremin\u0117s tekst\u016bros \u0161amp\u016bnas, kuris suteikia elastingumo garbanotiems bei banguotiems plaukams. Dr\u0117kinamoji formul\u0117 valo plauk\u0173 od\u0105, suteikia jiems \u0161velnumo bei\u00a0 lengvumo, padidindama plauk\u0173 apimt\u012f, suteikia blizgesio ir atkuria nat\u016brali\u0105 tekst\u016br\u0105.<\/p>\n","protected":false},"featured_media":11053,"comment_status":"open","ping_status":"closed","template":"","meta":{"om_disable_all_campaigns":false},"product_brand":[],"product_cat":[15,98],"product_tag":[],"class_list":{"0":"post-11052","1":"product","2":"type-product","3":"status-publish","4":"has-post-thumbnail","6":"product_cat-sampunai","7":"product_cat-produktai-maiseliuose","9":"first","10":"instock","11":"shipping-taxable","12":"purchasable","13":"product-type-simple","14":"add-to-wishlist-before_image"},"aioseo_notices":[],"_links":{"self":[{"href":"https:\/\/kasperindre.lt\/index.php?rest_route=\/wp\/v2\/product\/11052","targetHints":{"allow":["GET"]}}],"collection":[{"href":"https:\/\/kasperindre.lt\/index.php?rest_route=\/wp\/v2\/product"}],"about":[{"href":"https:\/\/kasperindre.lt\/index.php?rest_route=\/wp\/v2\/types\/product"}],"replies":[{"embeddable":true,"href":"https:\/\/kasperindre.lt\/index.php?rest_route=%2Fwp%2Fv2%2Fcomments&post=11052"}],"version-history":[{"count":4,"href":"https:\/\/kasperindre.lt\/index.php?rest_route=\/wp\/v2\/product\/11052\/revisions"}],"predecessor-version":[{"id":11057,"href":"https:\/\/kasperindre.lt\/index.php?rest_route=\/wp\/v2\/product\/11052\/revisions\/11057"}],"wp:featuredmedia":[{"embeddable":true,"href":"https:\/\/kasperindre.lt\/index.php?rest_route=\/wp\/v2\/media\/11053"}],"wp:attachment":[{"href":"https:\/\/kasperindre.lt\/index.php?rest_route=%2Fwp%2Fv2%2Fmedia&parent=11052"}],"wp:term":[{"taxonomy":"product_brand","embeddable":true,"href":"https:\/\/kasperindre.lt\/index.php?rest_route=%2Fwp%2Fv2%2Fproduct_brand&post=11052"},{"taxonomy":"product_cat","embeddable":true,"href":"https:\/\/kasperindre.lt\/index.php?rest_route=%2Fwp%2Fv2%2Fproduct_cat&post=11052"},{"taxonomy":"product_tag","embeddable":true,"href":"https:\/\/kasperindre.lt\/index.php?rest_route=%2Fwp%2Fv2%2Fproduct_tag&post=11052"}],"curies":[{"name":"wp","href":"https:\/\/api.w.org\/{rel}","templated":true}]}}