{"id":11043,"date":"2024-09-25T14:22:28","date_gmt":"2024-09-25T14:22:28","guid":{"rendered":"https:\/\/kasperindre.lt\/?post_type=product&#038;p=11043"},"modified":"2024-09-27T07:51:05","modified_gmt":"2024-09-27T07:51:05","slug":"sampuno-dazytiems-plaukams-papildymo-maiselis","status":"publish","type":"product","link":"https:\/\/kasperindre.lt\/?product=sampuno-dazytiems-plaukams-papildymo-maiselis","title":{"rendered":"\u0160AMP\u016aNO DA\u017dYTIEMS PLAUKAMS PAPILDYMO MAI\u0160ELIS"},"content":{"rendered":"\t\t<div data-elementor-type=\"wp-post\" data-elementor-id=\"11043\" class=\"elementor elementor-11043\" data-elementor-settings=\"[]\">\n\t\t\t\t\t\t\t<div class=\"elementor-section-wrap\">\n\t\t\t\t\t\t\t<section class=\"elementor-section elementor-top-section elementor-element elementor-element-fd99fe8 elementor-section-boxed elementor-section-height-default elementor-section-height-default qodef-elementor-content-no\" data-id=\"fd99fe8\" data-element_type=\"section\">\n\t\t\t\t\t\t<div class=\"elementor-container elementor-column-gap-default\">\n\t\t\t\t\t<div class=\"elementor-column elementor-col-100 elementor-top-column elementor-element elementor-element-3af3c333\" data-id=\"3af3c333\" data-element_type=\"column\">\n\t\t\t<div class=\"elementor-widget-wrap elementor-element-populated\">\n\t\t\t\t\t\t\t\t<div class=\"elementor-element elementor-element-3f360ad0 elementor-widget elementor-widget-text-editor\" data-id=\"3f360ad0\" data-element_type=\"widget\" data-widget_type=\"text-editor.default\">\n\t\t\t\t<div class=\"elementor-widget-container\">\n\t\t\t\t\t\t\t<p>Tai apsauginis \u0161amp\u016bnas, skirtas da\u017eytiems plaukams. Jo formul\u0117 pasi\u017eymi sodriomis ir pilnavidur\u0117mis putomis, \u0161velniai valo galvos od\u0105, apsaugodama spalv\u0105 ir ilgiau i\u0161laikant plauk\u0173 blizges\u012f.<\/p><p>\u00a0<\/p><p>Naudodami vienos talpos 500ml pakel\u012f, vietoje dviej\u0173 po 250ml Essential Haircare \u0161amp\u016bno buteliuk\u0173, sunaudojate 74 % ma\u017eiau plastiko.\u00a0Suma\u017einus med\u017eiag\u0173 naudojim\u0105 taip pat suma\u017e\u0117ja CO2 i\u0161metimas, susij\u0119s su med\u017eiag\u0173 ir pakuo\u010di\u0173 gamyba bei pagamintu gamini\u0173 transportavimu.<\/p><h5>Kaip naudoti?<\/h5><div class=\"jhH5U\"><div id=\"tw-ob\" class=\"tw-src-ltr\"><div class=\"oSioSc\"><div id=\"tw-target\"><div id=\"kAz1tf\" class=\"g9WsWb\"><div id=\"tw-target-text-container\" class=\"tw-ta-container hide-focus-ring tw-nfl\" tabindex=\"0\"><p id=\"tw-target-text\" class=\"tw-data-text tw-text-large XcVN5d tw-ta\" dir=\"ltr\" data-placeholder=\"Vertimas\"><span lang=\"lt\">Naudoti ant dr\u0117gn\u0173 plauk\u0173. \u0160velniai masa\u017euokite ir nuplaukite, pakartokite proced\u016br\u0105 dar kart\u0105. Tuomet naudokite MINU kondicionieri\u0173 arba MINU plauk\u0173 kauk\u0119, atsi\u017evelgdami \u012f\u00a0 savo poreikius.<\/span><\/p><h5 class=\"tw-data-text tw-text-large XcVN5d tw-ta\" dir=\"ltr\" data-placeholder=\"Vertimas\"><span lang=\"lt\">Sudedamosios dalys<\/span><\/h5><p class=\"tw-data-text tw-text-large XcVN5d tw-ta\" dir=\"ltr\" data-placeholder=\"Vertimas\"><span lang=\"lt\">Su Salina kapar\u0117li\u0173 \u017eied\u0173 ekstraktu, i\u0161 &#8222;L\u0117to maisto prezidiumo&#8221;. Gausu kvercetino su plauk\u0173 spalv\u0105 apsaugan\u010diais polifenoliais.<\/span><\/p><p dir=\"ltr\" data-placeholder=\"Vertimas\">\u00a0<\/p><p class=\"tw-data-text tw-text-large XcVN5d tw-ta\" dir=\"ltr\" data-placeholder=\"Vertimas\"><span lang=\"lt\">AQUA \/ WATER \/ EAU, DISODIUM LAURETH SULFOSUCCINATE, GLYCERIN, SODIUM LAUROYL METHYL ISETHIONATE, SODIUM COCOYL ISETHIONATE, COCAMIDOPROPYL BETAINE, SODIUM LAUROYL SARCOSINATE, SODIUM LAURYL SULFOACETATE, ACRYLATES\/C10-30 ALKYL ACRYLATE CROSSPOLYMER, BENZYL ALCOHOL, PANTHENOL, PHENETHYL BENZOATE, COCO-GLUCOSIDE, SODIUM METHYL 2-SULFOLAURATE, GLYCOL DISTEARATE, PPG-26-BUTETH-26, PARFUM \/ FRAGRANCE, SODIUM BENZOATE, GLYCERYL OLEATE, PEG-40 HYDROGENATED CASTOR OIL, DICAPRYLYL ETHER, POLYQUATERNIUM-53, POLYQUATERNIUM-7, BUTETH-3, LAURYL ALCOHOL, DISODIUM 2-SULFOLAURATE, AMODIMETHICONE\/SILSESQUIOXANE COPOLYMER, GUAR HYDROXYPROPYLTRIMONIUM CHLORIDE, SODIUM BENZOTRIAZOLYL BUTYLPHENOL SULFONATE, TRISODIUM ETHYLENEDIAMINE DISUCCINATE, TETRASODIUM GLUTAMATE DIACETATE, LINALOOL, SODIUM HYDROXIDE, CITRIC ACID, TRIDECETH-5, GLYCERYL STEARATE, CAPPARIS SPINOSA FRUIT EXTRACT, SODIUM CHLORIDE, GERANIOL, PHENOXYETHANOL, ALCOHOL, TRIBUTYL CITRATE, TRIS(TETRAMETHYLHYDROXYPIPERIDINOL) CITRATE, CI 61570 \/ GREEN 5, CI 60730 \/ EXT. VIOLET 2, CI 19140 \/ YELLOW 5.<\/span><\/p><\/div><pre id=\"tw-target-rmn\" class=\"tw-data-placeholder tw-text-small tw-ta\" dir=\"ltr\" data-placeholder=\"\">\u00a0<\/pre><div class=\"iYB33c\"><div data-cviv=\"false\" data-ved=\"2ahUKEwib-NTj_uLqAhVDiYsKHfueBHIQz_AEMAB6BAgEEA4\">\u00a0<\/div><\/div><\/div><\/div><\/div><\/div><\/div>\t\t\t\t\t\t<\/div>\n\t\t\t\t<\/div>\n\t\t\t\t\t<\/div>\n\t\t<\/div>\n\t\t\t\t\t\t\t<\/div>\n\t\t<\/section>\n\t\t\t\t\t\t<\/div>\n\t\t\t\t\t<\/div>\n\t\t","protected":false},"excerpt":{"rendered":"<p>Tai apsauginis \u0161amp\u016bnas, skirtas da\u017eytiems plaukams. Jo formul\u0117 pasi\u017eymi sodriomis ir pilnavidur\u0117mis putomis, \u0161velniai valo galvos od\u0105, apsaugodama spalv\u0105 ir ilgiau i\u0161laikant plauk\u0173 blizges\u012f.<\/p>\n","protected":false},"featured_media":11044,"comment_status":"open","ping_status":"closed","template":"","meta":{"om_disable_all_campaigns":false},"product_brand":[],"product_cat":[15,98],"product_tag":[],"class_list":{"0":"post-11043","1":"product","2":"type-product","3":"status-publish","4":"has-post-thumbnail","6":"product_cat-sampunai","7":"product_cat-produktai-maiseliuose","9":"first","10":"instock","11":"shipping-taxable","12":"purchasable","13":"product-type-simple","14":"add-to-wishlist-before_image"},"aioseo_notices":[],"_links":{"self":[{"href":"https:\/\/kasperindre.lt\/index.php?rest_route=\/wp\/v2\/product\/11043","targetHints":{"allow":["GET"]}}],"collection":[{"href":"https:\/\/kasperindre.lt\/index.php?rest_route=\/wp\/v2\/product"}],"about":[{"href":"https:\/\/kasperindre.lt\/index.php?rest_route=\/wp\/v2\/types\/product"}],"replies":[{"embeddable":true,"href":"https:\/\/kasperindre.lt\/index.php?rest_route=%2Fwp%2Fv2%2Fcomments&post=11043"}],"version-history":[{"count":4,"href":"https:\/\/kasperindre.lt\/index.php?rest_route=\/wp\/v2\/product\/11043\/revisions"}],"predecessor-version":[{"id":11048,"href":"https:\/\/kasperindre.lt\/index.php?rest_route=\/wp\/v2\/product\/11043\/revisions\/11048"}],"wp:featuredmedia":[{"embeddable":true,"href":"https:\/\/kasperindre.lt\/index.php?rest_route=\/wp\/v2\/media\/11044"}],"wp:attachment":[{"href":"https:\/\/kasperindre.lt\/index.php?rest_route=%2Fwp%2Fv2%2Fmedia&parent=11043"}],"wp:term":[{"taxonomy":"product_brand","embeddable":true,"href":"https:\/\/kasperindre.lt\/index.php?rest_route=%2Fwp%2Fv2%2Fproduct_brand&post=11043"},{"taxonomy":"product_cat","embeddable":true,"href":"https:\/\/kasperindre.lt\/index.php?rest_route=%2Fwp%2Fv2%2Fproduct_cat&post=11043"},{"taxonomy":"product_tag","embeddable":true,"href":"https:\/\/kasperindre.lt\/index.php?rest_route=%2Fwp%2Fv2%2Fproduct_tag&post=11043"}],"curies":[{"name":"wp","href":"https:\/\/api.w.org\/{rel}","templated":true}]}}