{"id":11032,"date":"2024-09-25T14:20:13","date_gmt":"2024-09-25T14:20:13","guid":{"rendered":"https:\/\/kasperindre.lt\/?post_type=product&#038;p=11032"},"modified":"2024-09-27T07:51:15","modified_gmt":"2024-09-27T07:51:15","slug":"tiesinancio-sampuno-papildymo-maiselis","status":"publish","type":"product","link":"https:\/\/kasperindre.lt\/?product=tiesinancio-sampuno-papildymo-maiselis","title":{"rendered":"TIESINAN\u010cIO \u0160AMP\u016aNO PAPILDYMO MAI\u0160ELIS"},"content":{"rendered":"\t\t<div data-elementor-type=\"wp-post\" data-elementor-id=\"11032\" class=\"elementor elementor-11032\" data-elementor-settings=\"[]\">\n\t\t\t\t\t\t\t<div class=\"elementor-section-wrap\">\n\t\t\t\t\t\t\t<section class=\"elementor-section elementor-top-section elementor-element elementor-element-669293aa elementor-section-boxed elementor-section-height-default elementor-section-height-default qodef-elementor-content-no\" data-id=\"669293aa\" data-element_type=\"section\">\n\t\t\t\t\t\t<div class=\"elementor-container elementor-column-gap-default\">\n\t\t\t\t\t<div class=\"elementor-column elementor-col-100 elementor-top-column elementor-element elementor-element-61643e10\" data-id=\"61643e10\" data-element_type=\"column\">\n\t\t\t<div class=\"elementor-widget-wrap elementor-element-populated\">\n\t\t\t\t\t\t\t\t<div class=\"elementor-element elementor-element-7733e77a elementor-widget elementor-widget-text-editor\" data-id=\"7733e77a\" data-element_type=\"widget\" data-widget_type=\"text-editor.default\">\n\t\t\t\t<div class=\"elementor-widget-container\">\n\t\t\t\t\t\t\t<p>Tiesinantis \u0161amp\u016bnas, skirtas p\u016bstis linkusiems plaukams. Formul\u0117 pasi\u017eymi \u0161velniomis ir kremin\u0117mis putomis, kurios sukurtos \u0161velniai valyti galvos od\u0105, suteikti plaukams glotnumo, \u017evilgesio ir elastingumo.<\/p><p>\u00a0<\/p><p>Naudodami vienos talpos 500ml pakel\u012f, vietoje dviej\u0173 po 250ml Essential Haircare \u0161amp\u016bno buteliuk\u0173, sunaudojate 74 % ma\u017eiau plastiko.\u00a0Suma\u017einus med\u017eiag\u0173 naudojim\u0105 taip pat suma\u017e\u0117ja CO2 i\u0161metimas, susij\u0119s su med\u017eiag\u0173 ir pakuo\u010di\u0173 gamyba bei pagamintu gamini\u0173 transportavimu.<\/p><h5>Kaip naudoti?<\/h5><p>Nuimkite tu\u0161\u010dio \u0161amp\u016bno buteliuko kam\u0161tel\u012f ir \u0161varioje, sausoje vietoje pilkite \u0161amp\u016bn\u0105 i\u0161 papildymo mai\u0161elio \u012f buteliuk\u0105. U\u017esukite buteliuko kam\u0161tel\u012f ir sandariai u\u017edarykite papildymo mai\u0161el\u012f. \u0160amp\u016bno buteliuko skalauti papildomai nereikia.\u00a0Taikyti ant dr\u0117gn\u0173 plauk\u0173. \u0160velniai masa\u017euokite ir nuplaukite. Pakartokite proced\u016br\u0105 dar kart\u0105, tuomet\u00a0 naudokite LOVE Smooth kondicionieri\u0173.<\/p><h5>Sudedamosios dalys<\/h5><p>Su Minuta alyvuogi\u0173 ekstraktu, i\u0161 l\u0117to maisto prezidiumo. Linija turtinga riebi\u0173j\u0173 r\u016bg\u0161\u010di\u0173 ir vitamin\u0173, suteikia elastingumo ir mink\u0161tumo.<\/p><p>\u00a0<\/p><div class=\"specifics__item\"><div class=\"specifics__container\"><div class=\"specifics__list ingredients\">AQUA \/ WATER \/ EAU, DISODIUM LAURETH SULFOSUCCINATE, GLYCERIN, SODIUM COCOYL ISETHIONATE, SODIUM LAUROYL METHYL ISETHIONATE, COCAMIDOPROPYL BETAINE, SODIUM LAUROYL SARCOSINATE, SODIUM LAURYL SULFOACETATE, COCO-GLUCOSIDE, GLYCERYL OLEATE, PARFUM \/ FRAGRANCE, PANTHENOL, PHENETHYL BENZOATE, ACRYLATES\/C10-30 ALKYL ACRYLATE CROSSPOLYMER, BENZYL ALCOHOL, DICAPRYLYL ETHER, GLYCOL DISTEARATE, SODIUM METHYL 2-SULFOLAURATE, SODIUM BENZOATE, LAURYL ALCOHOL, POLYQUATERNIUM-7, GUAR HYDROXYPROPYLTRIMONIUM CHLORIDE, AMODIMETHICONE\/SILSESQUIOXANE COPOLYMER, TRISODIUM ETHYLENEDIAMINE DISUCCINATE, TETRASODIUM GLUTAMATE DIACETATE, DISODIUM 2-SULFOLAURATE, OLEA EUROPAEA FRUIT EXTRACT \/ OLEA EUROPAEA (OLIVE) FRUIT EXTRACT, CITRIC ACID, TRIDECETH-5, GLYCERYL STEARATE, SODIUM HYDROXIDE, SODIUM CHLORIDE, LIMONENE, CI 60730 \/ EXT. VIOLET 2, CI 19140 \/ YELLOW 5, CI 61570 \/ GREEN 5<\/div><\/div><\/div>\t\t\t\t\t\t<\/div>\n\t\t\t\t<\/div>\n\t\t\t\t\t<\/div>\n\t\t<\/div>\n\t\t\t\t\t\t\t<\/div>\n\t\t<\/section>\n\t\t\t\t\t\t<\/div>\n\t\t\t\t\t<\/div>\n\t\t","protected":false},"excerpt":{"rendered":"<p>Tiesinantis \u0161amp\u016bnas, skirtas p\u016bstis linkusiems plaukams. Formul\u0117 pasi\u017eymi \u0161velniomis ir kremin\u0117mis putomis, kurios sukurtos \u0161velniai valyti galvos od\u0105, suteikti plaukams glotnumo, \u017evilgesio ir elastingumo.<\/p>\n","protected":false},"featured_media":11033,"comment_status":"open","ping_status":"closed","template":"","meta":{"om_disable_all_campaigns":false},"product_brand":[],"product_cat":[15,98],"product_tag":[],"class_list":{"0":"post-11032","1":"product","2":"type-product","3":"status-publish","4":"has-post-thumbnail","6":"product_cat-sampunai","7":"product_cat-produktai-maiseliuose","9":"first","10":"instock","11":"shipping-taxable","12":"purchasable","13":"product-type-simple","14":"add-to-wishlist-before_image"},"aioseo_notices":[],"_links":{"self":[{"href":"https:\/\/kasperindre.lt\/index.php?rest_route=\/wp\/v2\/product\/11032","targetHints":{"allow":["GET"]}}],"collection":[{"href":"https:\/\/kasperindre.lt\/index.php?rest_route=\/wp\/v2\/product"}],"about":[{"href":"https:\/\/kasperindre.lt\/index.php?rest_route=\/wp\/v2\/types\/product"}],"replies":[{"embeddable":true,"href":"https:\/\/kasperindre.lt\/index.php?rest_route=%2Fwp%2Fv2%2Fcomments&post=11032"}],"version-history":[{"count":7,"href":"https:\/\/kasperindre.lt\/index.php?rest_route=\/wp\/v2\/product\/11032\/revisions"}],"predecessor-version":[{"id":11040,"href":"https:\/\/kasperindre.lt\/index.php?rest_route=\/wp\/v2\/product\/11032\/revisions\/11040"}],"wp:featuredmedia":[{"embeddable":true,"href":"https:\/\/kasperindre.lt\/index.php?rest_route=\/wp\/v2\/media\/11033"}],"wp:attachment":[{"href":"https:\/\/kasperindre.lt\/index.php?rest_route=%2Fwp%2Fv2%2Fmedia&parent=11032"}],"wp:term":[{"taxonomy":"product_brand","embeddable":true,"href":"https:\/\/kasperindre.lt\/index.php?rest_route=%2Fwp%2Fv2%2Fproduct_brand&post=11032"},{"taxonomy":"product_cat","embeddable":true,"href":"https:\/\/kasperindre.lt\/index.php?rest_route=%2Fwp%2Fv2%2Fproduct_cat&post=11032"},{"taxonomy":"product_tag","embeddable":true,"href":"https:\/\/kasperindre.lt\/index.php?rest_route=%2Fwp%2Fv2%2Fproduct_tag&post=11032"}],"curies":[{"name":"wp","href":"https:\/\/api.w.org\/{rel}","templated":true}]}}