{"id":11024,"date":"2024-09-25T14:18:41","date_gmt":"2024-09-25T14:18:41","guid":{"rendered":"https:\/\/kasperindre.lt\/?post_type=product&#038;p=11024"},"modified":"2024-09-27T07:51:25","modified_gmt":"2024-09-27T07:51:25","slug":"sampuno-sviesintiems-plaukams-papildymo-maiselis","status":"publish","type":"product","link":"https:\/\/kasperindre.lt\/?product=sampuno-sviesintiems-plaukams-papildymo-maiselis","title":{"rendered":"\u0160AMP\u016aNO \u0160VIESINTIEMS PLAUKAMS PAPILDYMO MAI\u0160ELIS"},"content":{"rendered":"\t\t<div data-elementor-type=\"wp-post\" data-elementor-id=\"11024\" class=\"elementor elementor-11024\" data-elementor-settings=\"[]\">\n\t\t\t\t\t\t\t<div class=\"elementor-section-wrap\">\n\t\t\t\t\t\t\t<section class=\"elementor-section elementor-top-section elementor-element elementor-element-2af70fee elementor-section-boxed elementor-section-height-default elementor-section-height-default qodef-elementor-content-no\" data-id=\"2af70fee\" data-element_type=\"section\">\n\t\t\t\t\t\t<div class=\"elementor-container elementor-column-gap-default\">\n\t\t\t\t\t<div class=\"elementor-column elementor-col-100 elementor-top-column elementor-element elementor-element-831583c\" data-id=\"831583c\" data-element_type=\"column\">\n\t\t\t<div class=\"elementor-widget-wrap elementor-element-populated\">\n\t\t\t\t\t\t\t\t<div class=\"elementor-element elementor-element-65646afc elementor-widget elementor-widget-text-editor\" data-id=\"65646afc\" data-element_type=\"widget\" data-widget_type=\"text-editor.default\">\n\t\t\t\t<div class=\"elementor-widget-container\">\n\t\t\t\t\t\t\t<p>\u0160amp\u016bnas skirtas\u00a0 \u0161viesintiems plaukams, norint atkurti nat\u016brali\u0105 plauko strukt\u016br\u0105. Turtinga formul\u0117 \u0161velniai valo plaukus, suteikdama jiems gil\u0173 maitinim\u0105, dr\u0117kinim\u0105 ir atkurdama nat\u016bral\u0173 \u0161velnum\u0105 ir blizges\u012f.<\/p><h5>Kaip naudoti?<\/h5><p>Taikykite ant dr\u0117gn\u0173 plauk\u0173.\u00a0 \u0160velniai masa\u017euokite ir nuplaukite. Pakartokite \u0161amp\u016bno naudojim\u0105, tuomet u\u017etepkite NOUNOU kondicionieri\u0173.<\/p><h5>Sudedamosios dalys<\/h5><p>Su Torre Guaceto Fiaschetto pomidor\u0173 ekstraktu, i\u0161 l\u0117to maisto prezidiumo. Gausu angliavandeni\u0173 ir baltym\u0173,\u00a0 turi stipri\u0105 maitinam\u0105j\u0105 gali\u0105 ir d\u0117l vitamino C , pasi\u017eymi antioksidaciniu poveikiu.<\/p><div class=\"specifics__item\"><div class=\"specifics__container\"><div class=\"specifics__list ingredients\">AQUA \/ WATER \/ EAU, DISODIUM LAURETH SULFOSUCCINATE, GLYCERIN, SODIUM COCOYL ISETHIONATE, SODIUM LAUROYL METHYL ISETHIONATE, COCAMIDOPROPYL BETAINE, SODIUM LAUROYL SARCOSINATE, SODIUM LAURYL SULFOACETATE, COCO-GLUCOSIDE, GLYCERYL OLEATE, BENZYL ALCOHOL, PANTHENOL, PHENETHYL BENZOATE, ACRYLATES\/C10-30 ALKYL ACRYLATE CROSSPOLYMER, PARFUM \/ FRAGRANCE, GLYCOL DISTEARATE, SODIUM METHYL 2-SULFOLAURATE, SODIUM BENZOATE, DICAPRYLYL ETHER, DISODIUM EDTA, BUTETH-3, LAURYL ALCOHOL, POLYQUATERNIUM-7, POLYQUATERNIUM-10, AMODIMETHICONE, SODIUM BENZOTRIAZOLYL BUTYLPHENOL SULFONATE, TRISODIUM ETHYLENEDIAMINE DISUCCINATE, SODIUM HYDROXIDE, DISODIUM 2-SULFOLAURATE, SOLANUM LYCOPERSICUM FRUIT EXTRACT \/ SOLANUM LYCOPERSICUM (TOMATO) FRUIT EXTRACT, CITRIC ACID, C11-15 PARETH-7, GLYCERYL STEARATE, ALCOHOL, SODIUM CHLORIDE, LAURETH-9, TRIDECETH-12, LINALOOL, GERANIOL, TRIS(TETRAMETHYLHYDROXYPIPERIDINOL) CITRATE, TRIBUTYL CITRATE, CI 19140 \/ YELLOW 5, CI 14700 \/ RED 4, CI 61570 \/ GREEN 5.<\/div><\/div><\/div>\t\t\t\t\t\t<\/div>\n\t\t\t\t<\/div>\n\t\t\t\t\t<\/div>\n\t\t<\/div>\n\t\t\t\t\t\t\t<\/div>\n\t\t<\/section>\n\t\t\t\t\t\t<\/div>\n\t\t\t\t\t<\/div>\n\t\t","protected":false},"excerpt":{"rendered":"<p>\u0160amp\u016bnas skirtas\u00a0 \u0161viesintiems plaukams, norint atkurti nat\u016brali\u0105 plauko strukt\u016br\u0105. Turtinga formul\u0117 \u0161velniai valo plaukus, suteikdama jiems gil\u0173 maitinim\u0105, dr\u0117kinim\u0105 ir atkurdama nat\u016bral\u0173 \u0161velnum\u0105 ir blizges\u012f.<\/p>\n","protected":false},"featured_media":11025,"comment_status":"open","ping_status":"closed","template":"","meta":{"om_disable_all_campaigns":false},"product_brand":[],"product_cat":[15,98],"product_tag":[],"class_list":{"0":"post-11024","1":"product","2":"type-product","3":"status-publish","4":"has-post-thumbnail","6":"product_cat-sampunai","7":"product_cat-produktai-maiseliuose","9":"first","10":"instock","11":"shipping-taxable","12":"purchasable","13":"product-type-simple","14":"add-to-wishlist-before_image"},"aioseo_notices":[],"_links":{"self":[{"href":"https:\/\/kasperindre.lt\/index.php?rest_route=\/wp\/v2\/product\/11024","targetHints":{"allow":["GET"]}}],"collection":[{"href":"https:\/\/kasperindre.lt\/index.php?rest_route=\/wp\/v2\/product"}],"about":[{"href":"https:\/\/kasperindre.lt\/index.php?rest_route=\/wp\/v2\/types\/product"}],"replies":[{"embeddable":true,"href":"https:\/\/kasperindre.lt\/index.php?rest_route=%2Fwp%2Fv2%2Fcomments&post=11024"}],"version-history":[{"count":4,"href":"https:\/\/kasperindre.lt\/index.php?rest_route=\/wp\/v2\/product\/11024\/revisions"}],"predecessor-version":[{"id":11029,"href":"https:\/\/kasperindre.lt\/index.php?rest_route=\/wp\/v2\/product\/11024\/revisions\/11029"}],"wp:featuredmedia":[{"embeddable":true,"href":"https:\/\/kasperindre.lt\/index.php?rest_route=\/wp\/v2\/media\/11025"}],"wp:attachment":[{"href":"https:\/\/kasperindre.lt\/index.php?rest_route=%2Fwp%2Fv2%2Fmedia&parent=11024"}],"wp:term":[{"taxonomy":"product_brand","embeddable":true,"href":"https:\/\/kasperindre.lt\/index.php?rest_route=%2Fwp%2Fv2%2Fproduct_brand&post=11024"},{"taxonomy":"product_cat","embeddable":true,"href":"https:\/\/kasperindre.lt\/index.php?rest_route=%2Fwp%2Fv2%2Fproduct_cat&post=11024"},{"taxonomy":"product_tag","embeddable":true,"href":"https:\/\/kasperindre.lt\/index.php?rest_route=%2Fwp%2Fv2%2Fproduct_tag&post=11024"}],"curies":[{"name":"wp","href":"https:\/\/api.w.org\/{rel}","templated":true}]}}