{"id":10968,"date":"2024-09-25T13:48:44","date_gmt":"2024-09-25T13:48:44","guid":{"rendered":"https:\/\/kasperindre.lt\/?post_type=product&#038;p=10968"},"modified":"2024-09-25T13:49:54","modified_gmt":"2024-09-25T13:49:54","slug":"nematomas-sausas-sampunas-i-more-inside","status":"publish","type":"product","link":"https:\/\/kasperindre.lt\/?product=nematomas-sausas-sampunas-i-more-inside","title":{"rendered":"NEMATOMAS SAUSAS \u0160AMP\u016aNAS I MORE INSIDE"},"content":{"rendered":"\t\t<div data-elementor-type=\"wp-post\" data-elementor-id=\"10968\" class=\"elementor elementor-10968\" data-elementor-settings=\"[]\">\n\t\t\t\t\t\t\t<div class=\"elementor-section-wrap\">\n\t\t\t\t\t\t\t<section class=\"elementor-section elementor-top-section elementor-element elementor-element-456d6028 elementor-section-boxed elementor-section-height-default elementor-section-height-default qodef-elementor-content-no\" data-id=\"456d6028\" data-element_type=\"section\">\n\t\t\t\t\t\t<div class=\"elementor-container elementor-column-gap-default\">\n\t\t\t\t\t<div class=\"elementor-column elementor-col-100 elementor-top-column elementor-element elementor-element-29a4d319\" data-id=\"29a4d319\" data-element_type=\"column\">\n\t\t\t<div class=\"elementor-widget-wrap elementor-element-populated\">\n\t\t\t\t\t\t\t\t<div class=\"elementor-element elementor-element-a3b182b elementor-widget elementor-widget-text-editor\" data-id=\"a3b182b\" data-element_type=\"widget\" data-widget_type=\"text-editor.default\">\n\t\t\t\t<div class=\"elementor-widget-container\">\n\t\t\t\t\t\t\t<p>Tai nematomas sausas \u0161amp\u016bnas, kuris i\u0161valo plaukus, suteikia apimties ir nepalieka joki\u0173 produkto liku\u010di\u0173! Sausas \u0161amp\u016bnas sugeria galvos odos aliejus ir ne\u0161varumus, suteikia \u0161velnumo ir nat\u016bralumo jausm\u0105.<\/p><p>\u00a0<\/p><ul><li>Atgaivina plaukus ir galvos od\u0105 nepalikdamas produkto liku\u010di\u0173;<\/li><li>Suteikia plaukams \u0161velnumo ir nat\u016bralumo efekt\u0105;<\/li><li>Sugeria riebal\u0173 pertekli\u0173, suteikdamas apimt\u012f ir prailgindamas plauk\u0173 d\u017eiovintuvo tarnavimo laik\u0105.<\/li><\/ul><p>95,5% biologi\u0161kai skaid\u017ei\u0173 ingredient\u0173. CO2 neutrali pakuot\u0117.<\/p><h5>Kaip naudoti?<\/h5><p>Prie\u0161 naudojim\u0105 gerai suplakite. Laikykite 20 cm atstumu nuo galvos ir pur\u0161kite \u012f galvos od\u0105 bei \u0161aknis dalimis. \u012emasa\u017euokite \u012f galvos od\u0105\u00a0 pir\u0161tais arba \u0161epe\u010diu, kad produktas geriau pasiskirstyt\u0173.<\/p><h5>Sudedamosios dalys<\/h5><p>BUTANE, ISOBUTANE, PROPANE, ALCOHOL DENAT., DISTARCH PHOSPHATE, PARFUM \/ FRAGRANCE, SORBITAN LAURATE.<\/p>\t\t\t\t\t\t<\/div>\n\t\t\t\t<\/div>\n\t\t\t\t\t<\/div>\n\t\t<\/div>\n\t\t\t\t\t\t\t<\/div>\n\t\t<\/section>\n\t\t\t\t\t\t<\/div>\n\t\t\t\t\t<\/div>\n\t\t","protected":false},"excerpt":{"rendered":"<p>Tai nematomas sausas \u0161amp\u016bnas, kuris i\u0161valo plaukus, suteikia apimties ir nepalieka joki\u0173 produkto liku\u010di\u0173! Sausas \u0161amp\u016bnas sugeria galvos odos aliejus ir ne\u0161varumus, suteikia \u0161velnumo ir nat\u016bralumo jausm\u0105. \u00a0 Atgaivina plaukus ir galvos od\u0105 nepalikdamas produkto liku\u010di\u0173; Suteikia plaukams \u0161velnumo ir nat\u016bralumo efekt\u0105; Sugeria riebal\u0173 pertekli\u0173, suteikdamas apimt\u012f ir prailgindamas plauk\u0173 d\u017eiovintuvo tarnavimo laik\u0105. 95,5% biologi\u0161kai [&hellip;]<\/p>\n","protected":false},"featured_media":10969,"comment_status":"open","ping_status":"closed","template":"","meta":{"om_disable_all_campaigns":false},"product_brand":[],"product_cat":[15],"product_tag":[],"class_list":{"0":"post-10968","1":"product","2":"type-product","3":"status-publish","4":"has-post-thumbnail","6":"product_cat-sampunai","8":"first","9":"instock","10":"shipping-taxable","11":"purchasable","12":"product-type-variable","13":"add-to-wishlist-before_image"},"aioseo_notices":[],"_links":{"self":[{"href":"https:\/\/kasperindre.lt\/index.php?rest_route=\/wp\/v2\/product\/10968","targetHints":{"allow":["GET"]}}],"collection":[{"href":"https:\/\/kasperindre.lt\/index.php?rest_route=\/wp\/v2\/product"}],"about":[{"href":"https:\/\/kasperindre.lt\/index.php?rest_route=\/wp\/v2\/types\/product"}],"replies":[{"embeddable":true,"href":"https:\/\/kasperindre.lt\/index.php?rest_route=%2Fwp%2Fv2%2Fcomments&post=10968"}],"version-history":[{"count":7,"href":"https:\/\/kasperindre.lt\/index.php?rest_route=\/wp\/v2\/product\/10968\/revisions"}],"predecessor-version":[{"id":10978,"href":"https:\/\/kasperindre.lt\/index.php?rest_route=\/wp\/v2\/product\/10968\/revisions\/10978"}],"wp:featuredmedia":[{"embeddable":true,"href":"https:\/\/kasperindre.lt\/index.php?rest_route=\/wp\/v2\/media\/10969"}],"wp:attachment":[{"href":"https:\/\/kasperindre.lt\/index.php?rest_route=%2Fwp%2Fv2%2Fmedia&parent=10968"}],"wp:term":[{"taxonomy":"product_brand","embeddable":true,"href":"https:\/\/kasperindre.lt\/index.php?rest_route=%2Fwp%2Fv2%2Fproduct_brand&post=10968"},{"taxonomy":"product_cat","embeddable":true,"href":"https:\/\/kasperindre.lt\/index.php?rest_route=%2Fwp%2Fv2%2Fproduct_cat&post=10968"},{"taxonomy":"product_tag","embeddable":true,"href":"https:\/\/kasperindre.lt\/index.php?rest_route=%2Fwp%2Fv2%2Fproduct_tag&post=10968"}],"curies":[{"name":"wp","href":"https:\/\/api.w.org\/{rel}","templated":true}]}}