{"id":10832,"date":"2021-09-24T16:59:03","date_gmt":"2021-09-24T16:59:03","guid":{"rendered":"https:\/\/kasperindre.lt\/?post_type=product&#038;p=10832"},"modified":"2021-09-24T17:00:52","modified_gmt":"2021-09-24T17:00:52","slug":"drekinantis-plauku-kremas-ph-5-3-momo","status":"publish","type":"product","link":"https:\/\/kasperindre.lt\/?product=drekinantis-plauku-kremas-ph-5-3-momo","title":{"rendered":"DR\u0116KINANTIS PLAUK\u0172 KREMAS PH: 5.3 | MOMO"},"content":{"rendered":"\t\t<div data-elementor-type=\"wp-post\" data-elementor-id=\"10832\" class=\"elementor elementor-10832\" data-elementor-settings=\"[]\">\n\t\t\t\t\t\t\t<div class=\"elementor-section-wrap\">\n\t\t\t\t\t\t\t<section class=\"elementor-section elementor-top-section elementor-element elementor-element-c7f0e5b elementor-section-boxed elementor-section-height-default elementor-section-height-default qodef-elementor-content-no\" data-id=\"c7f0e5b\" data-element_type=\"section\">\n\t\t\t\t\t\t<div class=\"elementor-container elementor-column-gap-default\">\n\t\t\t\t\t<div class=\"elementor-column elementor-col-100 elementor-top-column elementor-element elementor-element-35784c8\" data-id=\"35784c8\" data-element_type=\"column\">\n\t\t\t<div class=\"elementor-widget-wrap elementor-element-populated\">\n\t\t\t\t\t\t\t\t<div class=\"elementor-element elementor-element-2f184db elementor-widget elementor-widget-text-editor\" data-id=\"2f184db\" data-element_type=\"widget\" data-widget_type=\"text-editor.default\">\n\t\t\t\t<div class=\"elementor-widget-container\">\n\t\t\t\t\t\t\t<div class=\"easytabs-text\"><p>\u0160velnus, nenuplaunamas kremas, kuris suteikia plaukams daugiau dr\u0117gm\u0117s. Jis pasi\u017eymi \u0161ilkine tekst\u016bra bei skirtas dr\u0117kinti vis\u0173 tip\u0173 plaukus, taip pat juos mink\u0161tina, suteikia \u017evilgesio ir neapsunkina.\u00a0<\/p><\/div><div id=\"4713320218756\" class=\"easytabs-container tab-widget-4713320218756 easytabs-inited\" data-et-min-width=\"0\" data-et-auto-accordion=\"0\" data-et-cbw=\"1\" data-et-cbr=\"3\" data-et-sta=\"1\" data-et-amp=\"0\" data-et-flx=\"0\" data-et-wt=\"0\" data-et-ao=\"1\" data-et-tabs-width=\"295\"><div class=\"easytabs-holder easytabs-accordion\"><div class=\"easytabs-contents\"><div class=\"easytabs-content-item easytabs-active\" data-et-marker=\"tabs-momo-drekinamasis-plauku-kremas-ph-5-3-2\" data-et-handle=\"tabs-kaip-naudoti\"><h6 class=\"easytabs-accordion-item\" tabindex=\"0\" aria-labelledby=\"easytabs-slide-label-4713320218756-0\" aria-selected=\"true\"><a class=\"ui-tabs-anchor js-no-transition\">Kaip naudoti?<\/a><\/h6><div class=\"easytabs-content-holder\" aria-labelledby=\"easytabs-slide-label-4713320218756-0\" aria-expanded=\"true\" aria-hidden=\"false\"><p>Produkt\u0105 galite u\u017etepti ant dr\u0117gn\u0173 plauk\u0173 vis\u0173 pirma po MOMO linijos produkt\u0173, bet taip pat galite naudoti ir po bet kurio ESSENTIAL HAIRCARE linijos \u0161amp\u016bno ar kondicionieriaus. Taip pat galite paskirstyti krem\u0105 ant jau suformuot\u0173 saus\u0173 plauk\u0173. Jo mink\u0161ta, bet lengva tekst\u016bra nesuteikia \u0161lapio efekto.<\/p><\/div><\/div><div class=\"easytabs-content-item\" data-et-marker=\"tabs-momo-drekinamasis-plauku-kremas-ph-5-3-3\" data-et-handle=\"tabs-sudedamosios-dalys\"><h6 class=\"easytabs-accordion-item\" tabindex=\"-1\" aria-labelledby=\"easytabs-slide-label-4713320218756-1\" aria-selected=\"false\"><a class=\"ui-tabs-anchor js-no-transition\">Sudedamosios dalys<\/a><\/h6><p>Su Paceco Cartucciaru geltonojo meliono ekstraktu, i\u0161 l\u0117to maisto prezidiumo. Turtingas vandeniu, vitaminais ir mineralin\u0117mis druskomis, suteikia ilgalaik\u012f dr\u0117kinim\u0105.<\/p><p>AQUA \/ WATER \/ EAU, CETEARYL ALCOHOL, GLYCERIN, HYDROXYPROPYL STARCH PHOSPHATE, PANTHENOL, BENZOTRIAZOLYL DODECYL P-CRESOL, DIMETHICONE, PARFUM \/ FRAGRANCE, BEHENTRIMONIUM CHLORIDE, BENZYL ALCOHOL, METHYL GLUCETH-20, PENTAERYTHRITYL TETRA-DI-T-BUTYL HYDROXYHYDROCINNAMATE, POLYSORBATE 20, HYDROXYPROPYLTRIMONIUM HYDROLYZED WHEAT PROTEIN, SCLEROTIUM GUM, ACRYLAMIDOPROPYLTRIMONIUM CHLORIDE\/ACRYLATES COPOLYMER, DISODIUM EDTA, POLYQUATERNIUM-28, TOCOPHEROL, SODIUM BENZOATE, GUAR HYDROXYPROPYLTRIMONIUM CHLORIDE, ISOPROPYL ALCOHOL, AMODIMETHICONE, CUCUMIS MELO FRUIT EXTRACT \/ CUCUMIS MELO (MELON) FRUIT EXTRACT, PHENOXYETHANOL, CAPRYLYL GLYCOL, CITRIC ACID, CI 19140 \/ YELLOW 5, LIMONENE, COUMARIN, CI 61570 \/ GREEN 5, CI 17200 \/ RED 33.<\/p><\/div><\/div><\/div><\/div>\t\t\t\t\t\t<\/div>\n\t\t\t\t<\/div>\n\t\t\t\t\t<\/div>\n\t\t<\/div>\n\t\t\t\t\t\t\t<\/div>\n\t\t<\/section>\n\t\t\t\t\t\t<\/div>\n\t\t\t\t\t<\/div>\n\t\t","protected":false},"excerpt":{"rendered":"<div class=\"easytabs-text\">\n<p>daugiau dr\u0117gm\u0117s. Jis pasi\u017eymi \u0161ilkine tekst\u016bra bei skirtas dr\u0117kinti vis\u0173 tip\u0173 plaukus, taip pat juos mink\u0161tina, suteikia \u017evilgesio ir neapsunkina.<\/p>\n<\/div>\n","protected":false},"featured_media":10833,"comment_status":"open","ping_status":"closed","template":"","meta":{"om_disable_all_campaigns":false},"product_brand":[],"product_cat":[40],"product_tag":[],"class_list":{"0":"post-10832","1":"product","2":"type-product","3":"status-publish","4":"has-post-thumbnail","6":"product_cat-plauku-kremai","8":"first","9":"instock","10":"shipping-taxable","11":"purchasable","12":"product-type-simple","13":"add-to-wishlist-before_image"},"aioseo_notices":[],"_links":{"self":[{"href":"https:\/\/kasperindre.lt\/index.php?rest_route=\/wp\/v2\/product\/10832","targetHints":{"allow":["GET"]}}],"collection":[{"href":"https:\/\/kasperindre.lt\/index.php?rest_route=\/wp\/v2\/product"}],"about":[{"href":"https:\/\/kasperindre.lt\/index.php?rest_route=\/wp\/v2\/types\/product"}],"replies":[{"embeddable":true,"href":"https:\/\/kasperindre.lt\/index.php?rest_route=%2Fwp%2Fv2%2Fcomments&post=10832"}],"version-history":[{"count":4,"href":"https:\/\/kasperindre.lt\/index.php?rest_route=\/wp\/v2\/product\/10832\/revisions"}],"predecessor-version":[{"id":10837,"href":"https:\/\/kasperindre.lt\/index.php?rest_route=\/wp\/v2\/product\/10832\/revisions\/10837"}],"wp:featuredmedia":[{"embeddable":true,"href":"https:\/\/kasperindre.lt\/index.php?rest_route=\/wp\/v2\/media\/10833"}],"wp:attachment":[{"href":"https:\/\/kasperindre.lt\/index.php?rest_route=%2Fwp%2Fv2%2Fmedia&parent=10832"}],"wp:term":[{"taxonomy":"product_brand","embeddable":true,"href":"https:\/\/kasperindre.lt\/index.php?rest_route=%2Fwp%2Fv2%2Fproduct_brand&post=10832"},{"taxonomy":"product_cat","embeddable":true,"href":"https:\/\/kasperindre.lt\/index.php?rest_route=%2Fwp%2Fv2%2Fproduct_cat&post=10832"},{"taxonomy":"product_tag","embeddable":true,"href":"https:\/\/kasperindre.lt\/index.php?rest_route=%2Fwp%2Fv2%2Fproduct_tag&post=10832"}],"curies":[{"name":"wp","href":"https:\/\/api.w.org\/{rel}","templated":true}]}}