{"id":10609,"date":"2021-08-07T13:00:48","date_gmt":"2021-08-07T13:00:48","guid":{"rendered":"http:\/\/kasperindre.lt\/?post_type=product&#038;p=10609"},"modified":"2024-09-25T14:25:44","modified_gmt":"2024-09-25T14:25:44","slug":"galvos-odos-ir-plauku-sveitiklis-su-juros-druska-solu","status":"publish","type":"product","link":"https:\/\/kasperindre.lt\/?product=galvos-odos-ir-plauku-sveitiklis-su-juros-druska-solu","title":{"rendered":"GALVOS ODOS IR PLAUK\u0172 \u0160VEITIKLIS SU J\u016aROS DRUSKA | SOLU"},"content":{"rendered":"\t\t<div data-elementor-type=\"wp-post\" data-elementor-id=\"10609\" class=\"elementor elementor-10609\" data-elementor-settings=\"[]\">\n\t\t\t\t\t\t\t<div class=\"elementor-section-wrap\">\n\t\t\t\t\t\t\t<section class=\"elementor-section elementor-top-section elementor-element elementor-element-75323234 elementor-section-boxed elementor-section-height-default elementor-section-height-default qodef-elementor-content-no\" data-id=\"75323234\" data-element_type=\"section\">\n\t\t\t\t\t\t<div class=\"elementor-container elementor-column-gap-default\">\n\t\t\t\t\t<div class=\"elementor-column elementor-col-100 elementor-top-column elementor-element elementor-element-21b7af31\" data-id=\"21b7af31\" data-element_type=\"column\">\n\t\t\t<div class=\"elementor-widget-wrap elementor-element-populated\">\n\t\t\t\t\t\t\t\t<div class=\"elementor-element elementor-element-4dad4276 elementor-widget elementor-widget-text-editor\" data-id=\"4dad4276\" data-element_type=\"widget\" data-widget_type=\"text-editor.default\">\n\t\t\t\t<div class=\"elementor-widget-container\">\n\t\t\t\t\t\t\t<div class=\"easytabs-text\"><p>\u0160veitiklis \u0161velniai valo galvos od\u0105 ir pa\u0161alina stilizavimo priemoni\u0173 liku\u010dius, priemai\u0161as bei tar\u0161os daleles gautas i\u0161 aplinkos. Priemon\u0117 suteikia plaukams tekst\u016bros, ilgalaik\u012f \u0161varos ir lengvumo efekt\u0105.<\/p><p>Ar \u017einojote?<\/p><ul><li>\u0160veitikliai k\u016bnui ir odai jau seniai \u012fsitvirtin\u0119 ir taikomi \u012fvairioms odos prie\u017ei\u016bros proced\u016broms, ta\u010diau jie tampa vis svarbesni ir plauk\u0173 prie\u017ei\u016bros \u0160ie produktai stimuliuoja kraujotak\u0105, giliai i\u0161valo ir suteikia ilgalaik\u012f \u0161vari\u0173 plauk\u0173 poj\u016bt\u012f.<\/li><li>\u0160iandien pastebime, kad \u017emon\u0117s vis s\u0105moningiau supranta tar\u0161os poveik\u012f galvos odai ir \u0160veitikliai padeda pa\u0161alinti tar\u0161os daleles ir i\u0161laikyti galvos odos ir plauk\u0173 gerov\u0119.<\/li><li>Tar\u0161os daleli\u0173 pa\u0161alinimas padeda i\u0161vengti sen\u0117jimo po\u017eymi\u0173 ir i\u0161saugo plauk\u0173 pluo\u0161to kokyb\u0119.<\/li><\/ul><\/div><div id=\"4713382543492\" class=\"easytabs-container tab-widget-4713382543492 easytabs-inited\" data-et-min-width=\"0\" data-et-auto-accordion=\"0\" data-et-cbw=\"1\" data-et-cbr=\"3\" data-et-sta=\"1\" data-et-amp=\"0\" data-et-flx=\"0\" data-et-wt=\"0\" data-et-ao=\"1\" data-et-tabs-width=\"295\"><div class=\"easytabs-holder easytabs-accordion\"><div class=\"easytabs-contents\"><div class=\"easytabs-content-item easytabs-active\" data-et-marker=\"tabs-solu-sveitiklis-su-juros-druska-2\" data-et-handle=\"tabs-kaip-naudoti\"><h5 class=\"easytabs-accordion-item\" tabindex=\"0\" aria-labelledby=\"easytabs-slide-label-4713382543492-0\" aria-selected=\"true\"><a class=\"ui-tabs-anchor js-no-transition\">Kaip naudoti?<\/a><\/h5><div class=\"easytabs-content-holder\" aria-labelledby=\"easytabs-slide-label-4713382543492-0\" aria-expanded=\"true\" aria-hidden=\"false\"><p>U\u017etepkite \u0161veitikl\u012f ant dr\u0117gn\u0173 plauk\u0173, \u0161velniai \u012fmasa\u017euokite j\u012f \u012f galvos od\u0105, kad susidaryt\u0173 sodrios putos, prireikus \u012fpilkite daugiau vandens. Kruop\u0161\u010diai nuplaukite ir naudokite maitinam\u0105j\u0105 kauk\u0119 ar kondicionieri\u0173. \u0160veitiklis rekomenduojamas kas antr\u0105 ar tre\u010di\u0105 galvos plovim\u0105. Formul\u0117 yra papildyta Trapani j\u016bros druska i\u0161 \u201eSlow Food Presidium\u201c, kad apsaugot\u0173 m\u016bs\u0173 planetos biologin\u0119 \u012fvairov\u0119.<\/p><p>Kada b\u016btina naudoti produkt\u0105?<\/p><ul><li>Kai reikalingas gilus valymas, pavyzd\u017eiui, vasaros pabaigoje, norint pa\u0161alinti apsaugini\u0173 produkt\u0173 pertekli\u0173, j\u016bros drusk\u0105 ar kitas<\/li><li>Bet kuriuo metu, kai reikalingas plauk\u0105 atgaivinantis gydymas, pavyzd\u017eiui, po s\u0105ly\u010dio su labai u\u017eter\u0161ta<\/li><li>Kai norite pa\u0161alinti stilizavimo priemoni\u0173 liku\u010dius.<\/li><li>Pavasar\u012f, kai norisi atnaujinti galvos od\u0105 ir plaukus.<\/li><\/ul><\/div><\/div><div class=\"easytabs-content-item\" data-et-marker=\"tabs-solu-sveitiklis-su-juros-druska-3\" data-et-handle=\"tabs-sudedamosios-dalys\"><h5 class=\"easytabs-accordion-item\" tabindex=\"-1\" aria-labelledby=\"easytabs-slide-label-4713382543492-1\" aria-selected=\"false\"><a class=\"ui-tabs-anchor js-no-transition\">Sudedamosios dalys<\/a><\/h5><div tabindex=\"-1\" aria-labelledby=\"easytabs-slide-label-4713382543492-1\" aria-selected=\"false\"><p>Su Trapanio j\u016bros druska i\u0161 &#8222;L\u0117to maisto prezidiumo&#8221;. Produktas turtingas kaliu ir magniu, ma\u017eas kiekis natrio chlorido. Suteikia \u0161veitimo efekt\u0105 bei tekst\u016bros plaukams.<\/p><p>SODIUM CHLORIDE, AQUA \/ WATER \/ EAU, SODIUM LAUROYL METHYL ISETHIONATE, SODIUM COCOYL ISETHIONATE, POLYGLYCERYL-10 LAURATE, STEARAMIDOPROPYL DIMETHYLAMINE, COCO-BETAINE, GLYCERIN, SODIUM METHYL ISETHIONATE, DECYL GLUCOSIDE, LAURIC ACID, POLYGLYCERYL-4 OLEATE, COCAMIDE MIPA, BETAINE, PARFUM \/ FRAGRANCE, STEARYL STEARATE, CITRIC ACID, POLYESTER-37, SODIUM LAURATE, GLYCERYL OLIVATE, DISODIUM EDTA, HYDROGENATED RAPESEED ALCOHOL, LIMONENE, LINALOOL, BENZYL SALICYLATE, EUPHORBIA CERIFERA CERA \/ EUPHORBIA CERIFERA CERA (CANDELILLA) WAX, GERANIOL, CITRONELLOL, JOJOBA ESTERS, CI 77491\/ IRON OXIDES.<\/p><\/div><\/div><\/div><\/div><\/div>\t\t\t\t\t\t<\/div>\n\t\t\t\t<\/div>\n\t\t\t\t\t<\/div>\n\t\t<\/div>\n\t\t\t\t\t\t\t<\/div>\n\t\t<\/section>\n\t\t\t\t\t\t<\/div>\n\t\t\t\t\t<\/div>\n\t\t","protected":false},"excerpt":{"rendered":"<div class=\"easytabs-text\">\n<p>\u0160veitiklis \u0161velniai valo galvos od\u0105 ir pa\u0161alina stilizavimo priemoni\u0173 liku\u010dius, priemai\u0161as bei tar\u0161os daleles gautas i\u0161 aplinkos. Priemon\u0117 suteikia plaukams tekst\u016bros, ilgalaik\u012f \u0161varos ir lengvumo efekt\u0105.<\/p>\n<\/div>\n<div id=\"4713382543492\" class=\"easytabs-container tab-widget-4713382543492 easytabs-inited\" data-et-min-width=\"0\" data-et-auto-accordion=\"0\" data-et-cbw=\"1\" data-et-cbr=\"3\" data-et-sta=\"1\" data-et-amp=\"0\" data-et-flx=\"0\" data-et-wt=\"0\" data-et-ao=\"1\" data-et-tabs-width=\"295\">\n<div class=\"easytabs-holder easytabs-accordion\">\n<div class=\"easytabs-contents\">\n<div class=\"easytabs-content-item\" data-et-marker=\"tabs-solu-sveitiklis-su-juros-druska-3\" data-et-handle=\"tabs-sudedamosios-dalys\">\n<div class=\"easytabs-accordion-item\" tabindex=\"-1\" aria-labelledby=\"easytabs-slide-label-4713382543492-1\" aria-selected=\"false\"><\/div>\n<\/div>\n<\/div>\n<\/div>\n<\/div>\n","protected":false},"featured_media":10610,"comment_status":"open","ping_status":"closed","template":"","meta":{"om_disable_all_campaigns":false},"product_brand":[],"product_cat":[44],"product_tag":[],"class_list":{"0":"post-10609","1":"product","2":"type-product","3":"status-publish","4":"has-post-thumbnail","6":"product_cat-mini-produktai","8":"first","9":"instock","10":"shipping-taxable","11":"purchasable","12":"product-type-variable","13":"has-default-attributes","14":"add-to-wishlist-before_image"},"aioseo_notices":[],"_links":{"self":[{"href":"https:\/\/kasperindre.lt\/index.php?rest_route=\/wp\/v2\/product\/10609","targetHints":{"allow":["GET"]}}],"collection":[{"href":"https:\/\/kasperindre.lt\/index.php?rest_route=\/wp\/v2\/product"}],"about":[{"href":"https:\/\/kasperindre.lt\/index.php?rest_route=\/wp\/v2\/types\/product"}],"replies":[{"embeddable":true,"href":"https:\/\/kasperindre.lt\/index.php?rest_route=%2Fwp%2Fv2%2Fcomments&post=10609"}],"version-history":[{"count":4,"href":"https:\/\/kasperindre.lt\/index.php?rest_route=\/wp\/v2\/product\/10609\/revisions"}],"predecessor-version":[{"id":10616,"href":"https:\/\/kasperindre.lt\/index.php?rest_route=\/wp\/v2\/product\/10609\/revisions\/10616"}],"wp:featuredmedia":[{"embeddable":true,"href":"https:\/\/kasperindre.lt\/index.php?rest_route=\/wp\/v2\/media\/10610"}],"wp:attachment":[{"href":"https:\/\/kasperindre.lt\/index.php?rest_route=%2Fwp%2Fv2%2Fmedia&parent=10609"}],"wp:term":[{"taxonomy":"product_brand","embeddable":true,"href":"https:\/\/kasperindre.lt\/index.php?rest_route=%2Fwp%2Fv2%2Fproduct_brand&post=10609"},{"taxonomy":"product_cat","embeddable":true,"href":"https:\/\/kasperindre.lt\/index.php?rest_route=%2Fwp%2Fv2%2Fproduct_cat&post=10609"},{"taxonomy":"product_tag","embeddable":true,"href":"https:\/\/kasperindre.lt\/index.php?rest_route=%2Fwp%2Fv2%2Fproduct_tag&post=10609"}],"curies":[{"name":"wp","href":"https:\/\/api.w.org\/{rel}","templated":true}]}}