{"id":10594,"date":"2021-08-07T12:48:50","date_gmt":"2021-08-07T12:48:50","guid":{"rendered":"http:\/\/kasperindre.lt\/?post_type=product&#038;p=10594"},"modified":"2024-09-27T07:47:49","modified_gmt":"2024-09-27T07:47:49","slug":"stiprios-fiksacijos-kreminis-gelis-ph6-strong-hold-cream-gel","status":"publish","type":"product","link":"https:\/\/kasperindre.lt\/?product=stiprios-fiksacijos-kreminis-gelis-ph6-strong-hold-cream-gel","title":{"rendered":"STIPRIOS FIKSACIJOS KREMINIS GELIS PH:6 | STRONG HOLD CREAM GEL"},"content":{"rendered":"\t\t<div data-elementor-type=\"wp-post\" data-elementor-id=\"10594\" class=\"elementor elementor-10594\" data-elementor-settings=\"[]\">\n\t\t\t\t\t\t\t<div class=\"elementor-section-wrap\">\n\t\t\t\t\t\t\t<section class=\"elementor-section elementor-top-section elementor-element elementor-element-763150da elementor-section-boxed elementor-section-height-default elementor-section-height-default qodef-elementor-content-no\" data-id=\"763150da\" data-element_type=\"section\">\n\t\t\t\t\t\t<div class=\"elementor-container elementor-column-gap-default\">\n\t\t\t\t\t<div class=\"elementor-column elementor-col-100 elementor-top-column elementor-element elementor-element-41d4d56e\" data-id=\"41d4d56e\" data-element_type=\"column\">\n\t\t\t<div class=\"elementor-widget-wrap elementor-element-populated\">\n\t\t\t\t\t\t\t\t<div class=\"elementor-element elementor-element-38610605 elementor-widget elementor-widget-text-editor\" data-id=\"38610605\" data-element_type=\"widget\" data-widget_type=\"text-editor.default\">\n\t\t\t\t<div class=\"elementor-widget-container\">\n\t\t\t\t\t\t\t<div class=\"easytabs-text\"><p>Atminkite, kad stipryb\u0117 yra b\u016btent tai, kas yra k\u016brybinga, i\u0161rai\u0161kinga ir nepalau\u017eiama.<\/p><p>Tai stiprios fiksacijos kreminis gelis, trumpiems plaukams, puikiai tinka dr\u0117gn\u0173 plauk\u0173 \u012fvaizd\u017eiui kurti.<\/p><p>Privalumai: sukuria blizgesio kupin\u0105 dr\u0117gn\u0173 plauk\u0173 \u012fvaizd\u012f, greitai i\u0161d\u017ei\u016bsta. Plaukai yra i\u0161skirtinai sukontroliuojami, tampa lankst\u016bs, gelis i\u0161 naujo atkuria form\u0105.<\/p><\/div><div id=\"4708763926660\" class=\"easytabs-container tab-widget-4708763926660 easytabs-inited\" data-et-min-width=\"0\" data-et-auto-accordion=\"0\" data-et-cbw=\"1\" data-et-cbr=\"3\" data-et-sta=\"1\" data-et-amp=\"0\" data-et-flx=\"0\" data-et-wt=\"0\" data-et-ao=\"1\" data-et-tabs-width=\"295\"><div class=\"easytabs-holder easytabs-accordion\"><div class=\"easytabs-contents\"><div class=\"easytabs-content-item easytabs-active\" data-et-marker=\"tabs-stiprios-fiksacijos-kreminis-gelis-strong-hold-cream-gel-ph-6-2\" data-et-handle=\"tabs-kaip-naudoti\"><h5 class=\"easytabs-accordion-item\" tabindex=\"0\" aria-labelledby=\"easytabs-slide-label-4708763926660-0\" aria-selected=\"true\"><a class=\"ui-tabs-anchor js-no-transition\">Kaip naudoti?<\/a><\/h5><div class=\"easytabs-content-holder\" aria-labelledby=\"easytabs-slide-label-4708763926660-0\" aria-expanded=\"true\" aria-hidden=\"false\"><p>U\u017etepkite nedidel\u012f kiek\u012f ant dr\u0117gn\u0173 ar saus\u0173 plauk\u0173, tada formuokite.<\/p><\/div><\/div><div class=\"easytabs-content-item\" data-et-marker=\"tabs-stiprios-fiksacijos-kreminis-gelis-strong-hold-cream-gel-ph-6-3\" data-et-handle=\"tabs-sudedamosios-dalys\"><h5 class=\"easytabs-accordion-item\" tabindex=\"-1\" aria-labelledby=\"easytabs-slide-label-4708763926660-1\" aria-selected=\"false\"><a class=\"ui-tabs-anchor js-no-transition\">Sudedamosios dalys<\/a><\/h5><p>AQUA \/ WATER \/ EAU, VP\/VA COPOLYMER, VINYL CAPROLACTAM\/VP\/DIMETHYLAMINOETHYL METHACRYLATE COPOLYMER, SORBITOL, PEG-40 HYDROGENATED CASTOR OIL, PANTHENOL, SODIUM POLYACRYLATE, HYDROGENATED POLYDECENE, PARFUM \/ FRAGRANCE, CAPRYLYL GLYCOL, BENZYL ALCOHOL, TRIDECETH-6, CAPRYLHYDROXAMIC ACID, GLYCERIN, LINALOOL, LIMONENE.<\/p><\/div><\/div><\/div><\/div>\t\t\t\t\t\t<\/div>\n\t\t\t\t<\/div>\n\t\t\t\t\t<\/div>\n\t\t<\/div>\n\t\t\t\t\t\t\t<\/div>\n\t\t<\/section>\n\t\t\t\t\t\t<\/div>\n\t\t\t\t\t<\/div>\n\t\t","protected":false},"excerpt":{"rendered":"<div class=\"easytabs-text\">\n<p>Atminkite, kad stipryb\u0117 yra b\u016btent tai, kas yra k\u016brybinga, i\u0161rai\u0161kinga ir nepalau\u017eiama.<\/p>\n<p>Tai stiprios fiksacijos kreminis gelis, trumpiems plaukams, puikiai tinka dr\u0117gn\u0173 plauk\u0173 \u012fvaizd\u017eiui kurti.<\/p>\n<\/div>\n","protected":false},"featured_media":10595,"comment_status":"open","ping_status":"closed","template":"","meta":{"om_disable_all_campaigns":false},"product_brand":[],"product_cat":[43],"product_tag":[],"class_list":{"0":"post-10594","1":"product","2":"type-product","3":"status-publish","4":"has-post-thumbnail","6":"product_cat-plauku-stilizavimo-priemones","8":"first","9":"instock","10":"shipping-taxable","11":"purchasable","12":"product-type-simple","13":"add-to-wishlist-before_image"},"aioseo_notices":[],"_links":{"self":[{"href":"https:\/\/kasperindre.lt\/index.php?rest_route=\/wp\/v2\/product\/10594","targetHints":{"allow":["GET"]}}],"collection":[{"href":"https:\/\/kasperindre.lt\/index.php?rest_route=\/wp\/v2\/product"}],"about":[{"href":"https:\/\/kasperindre.lt\/index.php?rest_route=\/wp\/v2\/types\/product"}],"replies":[{"embeddable":true,"href":"https:\/\/kasperindre.lt\/index.php?rest_route=%2Fwp%2Fv2%2Fcomments&post=10594"}],"version-history":[{"count":5,"href":"https:\/\/kasperindre.lt\/index.php?rest_route=\/wp\/v2\/product\/10594\/revisions"}],"predecessor-version":[{"id":10601,"href":"https:\/\/kasperindre.lt\/index.php?rest_route=\/wp\/v2\/product\/10594\/revisions\/10601"}],"wp:featuredmedia":[{"embeddable":true,"href":"https:\/\/kasperindre.lt\/index.php?rest_route=\/wp\/v2\/media\/10595"}],"wp:attachment":[{"href":"https:\/\/kasperindre.lt\/index.php?rest_route=%2Fwp%2Fv2%2Fmedia&parent=10594"}],"wp:term":[{"taxonomy":"product_brand","embeddable":true,"href":"https:\/\/kasperindre.lt\/index.php?rest_route=%2Fwp%2Fv2%2Fproduct_brand&post=10594"},{"taxonomy":"product_cat","embeddable":true,"href":"https:\/\/kasperindre.lt\/index.php?rest_route=%2Fwp%2Fv2%2Fproduct_cat&post=10594"},{"taxonomy":"product_tag","embeddable":true,"href":"https:\/\/kasperindre.lt\/index.php?rest_route=%2Fwp%2Fv2%2Fproduct_tag&post=10594"}],"curies":[{"name":"wp","href":"https:\/\/api.w.org\/{rel}","templated":true}]}}