{"id":10587,"date":"2021-08-07T12:46:31","date_gmt":"2021-08-07T12:46:31","guid":{"rendered":"http:\/\/kasperindre.lt\/?post_type=product&#038;p=10587"},"modified":"2024-09-27T07:46:10","modified_gmt":"2024-09-27T07:46:10","slug":"formuojamoji-pomada","status":"publish","type":"product","link":"https:\/\/kasperindre.lt\/?product=formuojamoji-pomada","title":{"rendered":"FORMUOJAMOJI POMADA"},"content":{"rendered":"\t\t<div data-elementor-type=\"wp-post\" data-elementor-id=\"10587\" class=\"elementor elementor-10587\" data-elementor-settings=\"[]\">\n\t\t\t\t\t\t\t<div class=\"elementor-section-wrap\">\n\t\t\t\t\t\t\t<section class=\"elementor-section elementor-top-section elementor-element elementor-element-51ba1d7c elementor-section-boxed elementor-section-height-default elementor-section-height-default qodef-elementor-content-no\" data-id=\"51ba1d7c\" data-element_type=\"section\">\n\t\t\t\t\t\t<div class=\"elementor-container elementor-column-gap-default\">\n\t\t\t\t\t<div class=\"elementor-column elementor-col-100 elementor-top-column elementor-element elementor-element-45883352\" data-id=\"45883352\" data-element_type=\"column\">\n\t\t\t<div class=\"elementor-widget-wrap elementor-element-populated\">\n\t\t\t\t\t\t\t\t<div class=\"elementor-element elementor-element-6b54d4f7 elementor-widget elementor-widget-text-editor\" data-id=\"6b54d4f7\" data-element_type=\"widget\" data-widget_type=\"text-editor.default\">\n\t\t\t\t<div class=\"elementor-widget-container\">\n\t\t\t\t\t\t\t<div class=\"easytabs-text\"><p>Nematoma pomada, skirta trump\u0173 ir vidutini\u0173 plauk\u0173 stiliui kurti.<\/p><p>Privalumai: neapsunkina, nesuriebaluoja plauk\u0173, sukurta lengvumo formul\u0117 leid\u017eia performuoti \u0161ukuosen\u0105.<\/p><\/div><div id=\"4708743151748\" class=\"easytabs-container tab-widget-4708743151748 easytabs-inited\" data-et-min-width=\"0\" data-et-auto-accordion=\"0\" data-et-cbw=\"1\" data-et-cbr=\"3\" data-et-sta=\"1\" data-et-amp=\"0\" data-et-flx=\"0\" data-et-wt=\"0\" data-et-ao=\"1\" data-et-tabs-width=\"295\"><div class=\"easytabs-holder easytabs-accordion\"><div class=\"easytabs-contents\"><div class=\"easytabs-content-item easytabs-active\" data-et-marker=\"tabs-formuojamoji-pomada-pomade-2\" data-et-handle=\"tabs-kaip-naudoti\"><h5 class=\"easytabs-accordion-item\" tabindex=\"0\" aria-labelledby=\"easytabs-slide-label-4708743151748-0\" aria-selected=\"true\"><a class=\"ui-tabs-anchor js-no-transition\">Kaip naudoti?<\/a><\/h5><div class=\"easytabs-content-holder\" aria-labelledby=\"easytabs-slide-label-4708743151748-0\" aria-expanded=\"true\" aria-hidden=\"false\"><p>Paskirstykite produkt\u0105 delnuose, trindami rankose j\u012f su\u0161ildykite, tuomet ant dr\u0117gn\u0173 plauk\u0173 formuokite norim\u0105 stili\u0173. Naudodami d\u017eiovintuv\u0105 galite i\u0161gauti papildomo lankstumo ir i\u0161skirtines formas.<\/p><\/div><\/div><div class=\"easytabs-content-item\" data-et-marker=\"tabs-formuojamoji-pomada-pomade-3\" data-et-handle=\"tabs-sudedamosios-dalys\"><h5 class=\"easytabs-accordion-item\" tabindex=\"-1\" aria-labelledby=\"easytabs-slide-label-4708743151748-1\" aria-selected=\"false\"><a class=\"ui-tabs-anchor js-no-transition\">Sudedamosios dalys<\/a><\/h5><p>AQUA \/ WATER \/ EAU, BUTYROSPERMUM PARKII BUTTER \/ BUTYROSPERMUM PARKII (SHEA) BUTTER, CETEARYL ALCOHOL, CETEARETH-20, COPERNICIA CERIFERA CERA \/ COPERNICIA CERIFERA (CARNAUBA) WAX \/ CIRE DE CARNAUBA, CERESIN, GLYCERYL DIBEHENATE, LAURETH-4, BEHENETH-25, ORBIGNYA OLEIFERA SEED OIL, PVP, GLYCERYL ROSINATE, TRIBEHENIN, GLYCERYL BEHENATE, PARFUM \/ FRAGRANCE, OLEA EUROPAEA OIL UNSAPONIFIABLES \/ OLEA EUROPAEA (OLIVE) OIL UNSAPONIFIABLES, CAPRYLYL GLYCOL, BENZYL ALCOHOL, ACRYLATES\/C10-30 ALKYL ACRYLATE CROSSPOLYMER, DISODIUM EDTA, CAPRYLHYDROXAMIC ACID, GLYCERIN, LINALOOL, LIMONENE, SODIUM HYDROXIDE.<\/p><\/div><\/div><\/div><\/div>\t\t\t\t\t\t<\/div>\n\t\t\t\t<\/div>\n\t\t\t\t\t<\/div>\n\t\t<\/div>\n\t\t\t\t\t\t\t<\/div>\n\t\t<\/section>\n\t\t\t\t\t\t<\/div>\n\t\t\t\t\t<\/div>\n\t\t","protected":false},"excerpt":{"rendered":"<div class=\"easytabs-text\">\n<p>Nematoma pomada, skirta trump\u0173 ir vidutini\u0173 plauk\u0173 stiliui kurti.<\/p>\n<\/div>\n","protected":false},"featured_media":10588,"comment_status":"open","ping_status":"closed","template":"","meta":{"om_disable_all_campaigns":false},"product_brand":[],"product_cat":[43],"product_tag":[],"class_list":{"0":"post-10587","1":"product","2":"type-product","3":"status-publish","4":"has-post-thumbnail","6":"product_cat-plauku-stilizavimo-priemones","8":"first","9":"instock","10":"shipping-taxable","11":"purchasable","12":"product-type-simple","13":"add-to-wishlist-before_image"},"aioseo_notices":[],"_links":{"self":[{"href":"https:\/\/kasperindre.lt\/index.php?rest_route=\/wp\/v2\/product\/10587","targetHints":{"allow":["GET"]}}],"collection":[{"href":"https:\/\/kasperindre.lt\/index.php?rest_route=\/wp\/v2\/product"}],"about":[{"href":"https:\/\/kasperindre.lt\/index.php?rest_route=\/wp\/v2\/types\/product"}],"replies":[{"embeddable":true,"href":"https:\/\/kasperindre.lt\/index.php?rest_route=%2Fwp%2Fv2%2Fcomments&post=10587"}],"version-history":[{"count":5,"href":"https:\/\/kasperindre.lt\/index.php?rest_route=\/wp\/v2\/product\/10587\/revisions"}],"predecessor-version":[{"id":10593,"href":"https:\/\/kasperindre.lt\/index.php?rest_route=\/wp\/v2\/product\/10587\/revisions\/10593"}],"wp:featuredmedia":[{"embeddable":true,"href":"https:\/\/kasperindre.lt\/index.php?rest_route=\/wp\/v2\/media\/10588"}],"wp:attachment":[{"href":"https:\/\/kasperindre.lt\/index.php?rest_route=%2Fwp%2Fv2%2Fmedia&parent=10587"}],"wp:term":[{"taxonomy":"product_brand","embeddable":true,"href":"https:\/\/kasperindre.lt\/index.php?rest_route=%2Fwp%2Fv2%2Fproduct_brand&post=10587"},{"taxonomy":"product_cat","embeddable":true,"href":"https:\/\/kasperindre.lt\/index.php?rest_route=%2Fwp%2Fv2%2Fproduct_cat&post=10587"},{"taxonomy":"product_tag","embeddable":true,"href":"https:\/\/kasperindre.lt\/index.php?rest_route=%2Fwp%2Fv2%2Fproduct_tag&post=10587"}],"curies":[{"name":"wp","href":"https:\/\/api.w.org\/{rel}","templated":true}]}}