{"id":10580,"date":"2021-08-07T12:44:04","date_gmt":"2021-08-07T12:44:04","guid":{"rendered":"http:\/\/kasperindre.lt\/?post_type=product&#038;p=10580"},"modified":"2024-09-27T07:46:28","modified_gmt":"2024-09-27T07:46:28","slug":"nematomas-serumas-ph-5-5","status":"publish","type":"product","link":"https:\/\/kasperindre.lt\/?product=nematomas-serumas-ph-5-5","title":{"rendered":"NEMATOMAS SERUMAS PH: 5.5"},"content":{"rendered":"\t\t<div data-elementor-type=\"wp-post\" data-elementor-id=\"10580\" class=\"elementor elementor-10580\" data-elementor-settings=\"[]\">\n\t\t\t\t\t\t\t<div class=\"elementor-section-wrap\">\n\t\t\t\t\t\t\t<section class=\"elementor-section elementor-top-section elementor-element elementor-element-2a634f61 elementor-section-boxed elementor-section-height-default elementor-section-height-default qodef-elementor-content-no\" data-id=\"2a634f61\" data-element_type=\"section\">\n\t\t\t\t\t\t<div class=\"elementor-container elementor-column-gap-default\">\n\t\t\t\t\t<div class=\"elementor-column elementor-col-100 elementor-top-column elementor-element elementor-element-1b52f715\" data-id=\"1b52f715\" data-element_type=\"column\">\n\t\t\t<div class=\"elementor-widget-wrap elementor-element-populated\">\n\t\t\t\t\t\t\t\t<div class=\"elementor-element elementor-element-6e5a9162 elementor-widget elementor-widget-text-editor\" data-id=\"6e5a9162\" data-element_type=\"widget\" data-widget_type=\"text-editor.default\">\n\t\t\t\t<div class=\"elementor-widget-container\">\n\t\t\t\t\t\t\t<div class=\"easytabs-text\"><p>Jei turite nesklandum\u0173, kurie Jus jaudina, nusiraminkite, pails\u0117kite. Pusiausvyra pasi\u017eymi tie, kurie \u017eino, kaip pails\u0117ti.<\/p><p>Nematomas serumas, skirtas aksominiam, sutar\u0161ytam \u012fvaizd\u017eiui. Puikiai tinka miegan\u010diai, suveltai i\u0161vaizdai kurti.<\/p><p>Privalumai: kontroliuoja, \u0161velniai atskiria plauk\u0173 sruogas, nuima plauk\u0173 pasi\u0161iau\u0161im\u0105, pasi\u017eymi aksomine tekst\u016bra.<\/p><\/div><div id=\"4708761665668\" class=\"easytabs-container tab-widget-4708761665668 easytabs-inited\" data-et-min-width=\"0\" data-et-auto-accordion=\"0\" data-et-cbw=\"1\" data-et-cbr=\"3\" data-et-sta=\"1\" data-et-amp=\"0\" data-et-flx=\"0\" data-et-wt=\"0\" data-et-ao=\"1\" data-et-tabs-width=\"295\"><div class=\"easytabs-holder easytabs-accordion\"><div class=\"easytabs-contents\"><div class=\"easytabs-content-item easytabs-active\" data-et-marker=\"tabs-nematomas-serumas-invisible-serum-ph-5-5-2\" data-et-handle=\"tabs-kaip-naudoti\"><h5 class=\"easytabs-accordion-item\" tabindex=\"0\" aria-labelledby=\"easytabs-slide-label-4708761665668-0\" aria-selected=\"true\"><a class=\"ui-tabs-anchor js-no-transition\">Kaip naudoti?<\/a><\/h5><div class=\"easytabs-content-holder\" aria-labelledby=\"easytabs-slide-label-4708761665668-0\" aria-expanded=\"true\" aria-hidden=\"false\"><p>Nedidel\u012f serumo kiek\u012f su\u0161ildykite tarp deln\u0173, nedidel\u012f kiek\u012f ant dr\u0117gn\u0173 arba saus\u0173 plauk\u0173.<\/p><\/div><\/div><div class=\"easytabs-content-item\" data-et-marker=\"tabs-nematomas-serumas-invisible-serum-ph-5-5-3\" data-et-handle=\"tabs-sudedamosios-dalys\"><h5 class=\"easytabs-accordion-item\" tabindex=\"-1\" aria-labelledby=\"easytabs-slide-label-4708761665668-1\" aria-selected=\"false\"><a class=\"ui-tabs-anchor js-no-transition\">Sudedamosios dalys<\/a><\/h5><p>AQUA \/ WATER \/ EAU, RICINUS COMMUNIS SEED OIL \/ RICINUS COMMUNIS (CASTOR) SEED OIL, CAPRYLIC\/CAPRIC TRIGLYCERIDE, GLYCERIN, VP\/VA COPOLYMER, SODIUM ACRYLATE\/SODIUM ACRYLOYLDIMETHYL TAURATE COPOLYMER, HYDROGENATED POLYDECENE, PEG-40 HYDROGENATED CASTOR OIL, OCTYLDODECANOL, BENZYL ALCOHOL, PARFUM \/ FRAGRANCE, SODIUM BENZOATE, ACRYLATES\/C10-30 ALKYL ACRYLATE CROSSPOLYMER, HYDROGENATED CASTOR OIL, TOCOPHEROL, SODIUM PHYTATE, LINALOOL, COPERNICIA CERIFERA CERA \/ COPERNICIA CERIFERA (CARNAUBA) WAX \/ CIRE DE CARNAUBA, LIMONENE.<\/p><\/div><\/div><\/div><\/div>\t\t\t\t\t\t<\/div>\n\t\t\t\t<\/div>\n\t\t\t\t\t<\/div>\n\t\t<\/div>\n\t\t\t\t\t\t\t<\/div>\n\t\t<\/section>\n\t\t\t\t\t\t<\/div>\n\t\t\t\t\t<\/div>\n\t\t","protected":false},"excerpt":{"rendered":"<div class=\"easytabs-text\">\n<p>Jei turite nesklandum\u0173, kurie Jus jaudina, nusiraminkite, pails\u0117kite. Pusiausvyra pasi\u017eymi tie, kurie \u017eino, kaip pails\u0117ti.<\/p>\n<\/div>\n","protected":false},"featured_media":10581,"comment_status":"open","ping_status":"closed","template":"","meta":{"om_disable_all_campaigns":false},"product_brand":[],"product_cat":[43],"product_tag":[],"class_list":{"0":"post-10580","1":"product","2":"type-product","3":"status-publish","4":"has-post-thumbnail","6":"product_cat-plauku-stilizavimo-priemones","8":"first","9":"instock","10":"shipping-taxable","11":"purchasable","12":"product-type-simple","13":"add-to-wishlist-before_image"},"aioseo_notices":[],"_links":{"self":[{"href":"https:\/\/kasperindre.lt\/index.php?rest_route=\/wp\/v2\/product\/10580","targetHints":{"allow":["GET"]}}],"collection":[{"href":"https:\/\/kasperindre.lt\/index.php?rest_route=\/wp\/v2\/product"}],"about":[{"href":"https:\/\/kasperindre.lt\/index.php?rest_route=\/wp\/v2\/types\/product"}],"replies":[{"embeddable":true,"href":"https:\/\/kasperindre.lt\/index.php?rest_route=%2Fwp%2Fv2%2Fcomments&post=10580"}],"version-history":[{"count":5,"href":"https:\/\/kasperindre.lt\/index.php?rest_route=\/wp\/v2\/product\/10580\/revisions"}],"predecessor-version":[{"id":10586,"href":"https:\/\/kasperindre.lt\/index.php?rest_route=\/wp\/v2\/product\/10580\/revisions\/10586"}],"wp:featuredmedia":[{"embeddable":true,"href":"https:\/\/kasperindre.lt\/index.php?rest_route=\/wp\/v2\/media\/10581"}],"wp:attachment":[{"href":"https:\/\/kasperindre.lt\/index.php?rest_route=%2Fwp%2Fv2%2Fmedia&parent=10580"}],"wp:term":[{"taxonomy":"product_brand","embeddable":true,"href":"https:\/\/kasperindre.lt\/index.php?rest_route=%2Fwp%2Fv2%2Fproduct_brand&post=10580"},{"taxonomy":"product_cat","embeddable":true,"href":"https:\/\/kasperindre.lt\/index.php?rest_route=%2Fwp%2Fv2%2Fproduct_cat&post=10580"},{"taxonomy":"product_tag","embeddable":true,"href":"https:\/\/kasperindre.lt\/index.php?rest_route=%2Fwp%2Fv2%2Fproduct_tag&post=10580"}],"curies":[{"name":"wp","href":"https:\/\/api.w.org\/{rel}","templated":true}]}}