{"id":10574,"date":"2021-08-07T12:40:32","date_gmt":"2021-08-07T12:40:32","guid":{"rendered":"http:\/\/kasperindre.lt\/?post_type=product&#038;p=10574"},"modified":"2024-09-27T07:45:26","modified_gmt":"2024-09-27T07:45:26","slug":"teksturos-ir-apimties-milteliai-plaukams-texturizer-dust","status":"publish","type":"product","link":"https:\/\/kasperindre.lt\/?product=teksturos-ir-apimties-milteliai-plaukams-texturizer-dust","title":{"rendered":"TEKST\u016aROS IR APIMTIES MILTELIAI PLAUKAMS | TEXTURIZER DUST"},"content":{"rendered":"\t\t<div data-elementor-type=\"wp-post\" data-elementor-id=\"10574\" class=\"elementor elementor-10574\" data-elementor-settings=\"[]\">\n\t\t\t\t\t\t\t<div class=\"elementor-section-wrap\">\n\t\t\t\t\t\t\t<section class=\"elementor-section elementor-top-section elementor-element elementor-element-76701567 elementor-section-boxed elementor-section-height-default elementor-section-height-default qodef-elementor-content-no\" data-id=\"76701567\" data-element_type=\"section\">\n\t\t\t\t\t\t<div class=\"elementor-container elementor-column-gap-default\">\n\t\t\t\t\t<div class=\"elementor-column elementor-col-100 elementor-top-column elementor-element elementor-element-615cf5a1\" data-id=\"615cf5a1\" data-element_type=\"column\">\n\t\t\t<div class=\"elementor-widget-wrap elementor-element-populated\">\n\t\t\t\t\t\t\t\t<div class=\"elementor-element elementor-element-58df6d46 elementor-widget elementor-widget-text-editor\" data-id=\"58df6d46\" data-element_type=\"widget\" data-widget_type=\"text-editor.default\">\n\t\t\t\t<div class=\"elementor-widget-container\">\n\t\t\t\t\t\t\t<div class=\"easytabs-text\"><p>Formavimo milteliai, idealiai tinkantys plauk\u0173 apim\u010diai ir tekst\u016brai padidinti.<\/p><p>Privalumai: plaukams suteikia apimties tekst\u016bros ir matin\u012f efekt\u0105, puikiai kontroliuoja plauk\u0105.<\/p><\/div><div id=\"4708752588932\" class=\"easytabs-container tab-widget-4708752588932 easytabs-inited\" data-et-min-width=\"0\" data-et-auto-accordion=\"0\" data-et-cbw=\"1\" data-et-cbr=\"3\" data-et-sta=\"1\" data-et-amp=\"0\" data-et-flx=\"0\" data-et-wt=\"0\" data-et-ao=\"1\" data-et-tabs-width=\"295\"><div class=\"easytabs-holder easytabs-accordion\"><div class=\"easytabs-contents\"><div class=\"easytabs-content-item easytabs-active\" data-et-marker=\"tabs-teksturos-ir-apimties-milteliai-texturizer-dust-2\" data-et-handle=\"tabs-kaip-naudoti\"><h5 class=\"easytabs-accordion-item\" tabindex=\"0\" aria-labelledby=\"easytabs-slide-label-4708752588932-0\" aria-selected=\"true\"><a class=\"ui-tabs-anchor js-no-transition\">Kaip naudoti?<\/a><\/h5><div class=\"easytabs-content-holder\" aria-labelledby=\"easytabs-slide-label-4708752588932-0\" aria-expanded=\"true\" aria-hidden=\"false\"><p>Prie\u0161 naudodami supurtykite. Miltelius berkite tiesiai ant saus\u0173 plauk\u0173 \u0161akn\u0173 ten, kur norite daugiau apimties. Galite u\u017eberti ant deln\u0173 arba ant \u0161epe\u010dio ir naudoti plauk\u0173 formavimui u\u017ebaigti.<\/p><\/div><\/div><div class=\"easytabs-content-item\" data-et-marker=\"tabs-teksturos-ir-apimties-milteliai-texturizer-dust-3\" data-et-handle=\"tabs-sudedamosios-dalys\"><h5 class=\"easytabs-accordion-item\" tabindex=\"-1\" aria-labelledby=\"easytabs-slide-label-4708752588932-1\" aria-selected=\"false\"><a class=\"ui-tabs-anchor js-no-transition\">Sudedamosios dalys<\/a><\/h5><p>AQUA \/ WATER \/ EAU, SILICA SILYLATE, ISOPENTYLDIOL, GLUCONOLACTONE, SODIUM BENZOATE, VP\/VA COPOLYMER, PASSIFLORA EDULIS SEED OIL, ORYZA SATIVA BRAN OIL \/ ORYZA SATIVA (RICE) BRAN OIL, EUTERPE OLERACEA FRUIT OIL.<\/p><\/div><\/div><\/div><\/div>\t\t\t\t\t\t<\/div>\n\t\t\t\t<\/div>\n\t\t\t\t\t<\/div>\n\t\t<\/div>\n\t\t\t\t\t\t\t<\/div>\n\t\t<\/section>\n\t\t\t\t\t\t<\/div>\n\t\t\t\t\t<\/div>\n\t\t","protected":false},"excerpt":{"rendered":"<div class=\"easytabs-text\">\n<p>Formavimo milteliai, idealiai tinkantys plauk\u0173 apim\u010diai ir tekst\u016brai padidinti.<\/p>\n<\/div>\n","protected":false},"featured_media":10575,"comment_status":"open","ping_status":"closed","template":"","meta":{"om_disable_all_campaigns":false},"product_brand":[],"product_cat":[43],"product_tag":[],"class_list":{"0":"post-10574","1":"product","2":"type-product","3":"status-publish","4":"has-post-thumbnail","6":"product_cat-plauku-stilizavimo-priemones","8":"first","9":"instock","10":"shipping-taxable","11":"purchasable","12":"product-type-simple","13":"add-to-wishlist-before_image"},"aioseo_notices":[],"_links":{"self":[{"href":"https:\/\/kasperindre.lt\/index.php?rest_route=\/wp\/v2\/product\/10574","targetHints":{"allow":["GET"]}}],"collection":[{"href":"https:\/\/kasperindre.lt\/index.php?rest_route=\/wp\/v2\/product"}],"about":[{"href":"https:\/\/kasperindre.lt\/index.php?rest_route=\/wp\/v2\/types\/product"}],"replies":[{"embeddable":true,"href":"https:\/\/kasperindre.lt\/index.php?rest_route=%2Fwp%2Fv2%2Fcomments&post=10574"}],"version-history":[{"count":4,"href":"https:\/\/kasperindre.lt\/index.php?rest_route=\/wp\/v2\/product\/10574\/revisions"}],"predecessor-version":[{"id":10579,"href":"https:\/\/kasperindre.lt\/index.php?rest_route=\/wp\/v2\/product\/10574\/revisions\/10579"}],"wp:featuredmedia":[{"embeddable":true,"href":"https:\/\/kasperindre.lt\/index.php?rest_route=\/wp\/v2\/media\/10575"}],"wp:attachment":[{"href":"https:\/\/kasperindre.lt\/index.php?rest_route=%2Fwp%2Fv2%2Fmedia&parent=10574"}],"wp:term":[{"taxonomy":"product_brand","embeddable":true,"href":"https:\/\/kasperindre.lt\/index.php?rest_route=%2Fwp%2Fv2%2Fproduct_brand&post=10574"},{"taxonomy":"product_cat","embeddable":true,"href":"https:\/\/kasperindre.lt\/index.php?rest_route=%2Fwp%2Fv2%2Fproduct_cat&post=10574"},{"taxonomy":"product_tag","embeddable":true,"href":"https:\/\/kasperindre.lt\/index.php?rest_route=%2Fwp%2Fv2%2Fproduct_tag&post=10574"}],"curies":[{"name":"wp","href":"https:\/\/api.w.org\/{rel}","templated":true}]}}