{"id":10532,"date":"2021-08-07T11:47:52","date_gmt":"2021-08-07T11:47:52","guid":{"rendered":"http:\/\/kasperindre.lt\/?post_type=product&#038;p=10532"},"modified":"2024-09-27T07:43:21","modified_gmt":"2024-09-27T07:43:21","slug":"aliejus-ne-aliejus-oil-non-oil","status":"publish","type":"product","link":"https:\/\/kasperindre.lt\/?product=aliejus-ne-aliejus-oil-non-oil","title":{"rendered":"ALIEJUS NE ALIEJUS | OIL NON OIL"},"content":{"rendered":"\t\t<div data-elementor-type=\"wp-post\" data-elementor-id=\"10532\" class=\"elementor elementor-10532\" data-elementor-settings=\"[]\">\n\t\t\t\t\t\t\t<div class=\"elementor-section-wrap\">\n\t\t\t\t\t\t\t<section class=\"elementor-section elementor-top-section elementor-element elementor-element-6c980d17 elementor-section-boxed elementor-section-height-default elementor-section-height-default qodef-elementor-content-no\" data-id=\"6c980d17\" data-element_type=\"section\">\n\t\t\t\t\t\t<div class=\"elementor-container elementor-column-gap-default\">\n\t\t\t\t\t<div class=\"elementor-column elementor-col-100 elementor-top-column elementor-element elementor-element-1aaca397\" data-id=\"1aaca397\" data-element_type=\"column\">\n\t\t\t<div class=\"elementor-widget-wrap elementor-element-populated\">\n\t\t\t\t\t\t\t\t<div class=\"elementor-element elementor-element-11ce5c09 elementor-widget elementor-widget-text-editor\" data-id=\"11ce5c09\" data-element_type=\"widget\" data-widget_type=\"text-editor.default\">\n\t\t\t\t<div class=\"elementor-widget-container\">\n\t\t\t\t\t\t\t<div class=\"easytabs-text\"><p>Visk\u0105, k\u0105 mes kuriame, norime padaryti kokybi\u0161kai ir tobulai, bet tam reikia realizuoti svajones ir tur\u0117ti laiko. Pasistenkite sukurti tai nepriekai\u0161tingu b\u016bdu.<\/p><p>\u201eAliejus ne aliejus\u201c skirtas suvaldyti tekst\u016brai ir nat\u016braliam \u012fvaizd\u017eiui formuoti.<\/p><p>Privalumai: lengvos tekst\u016bros, dr\u0117kina plaukus, nuima pasi\u0161iau\u0161im\u0105, sukuria nat\u016brali\u0105 i\u0161vaizd\u0105, padaro plaukus \u0161velnius.<\/p><\/div><div id=\"4708760420484\" class=\"easytabs-container tab-widget-4708760420484 easytabs-inited\" data-et-min-width=\"0\" data-et-auto-accordion=\"0\" data-et-cbw=\"1\" data-et-cbr=\"3\" data-et-sta=\"1\" data-et-amp=\"0\" data-et-flx=\"0\" data-et-wt=\"0\" data-et-ao=\"1\" data-et-tabs-width=\"295\"><div class=\"easytabs-holder easytabs-accordion\"><div class=\"easytabs-contents\"><div class=\"easytabs-content-item easytabs-active\" data-et-marker=\"tabs-aliejus-ne-aliejus-oil-non-oil-ph-4-4-2\" data-et-handle=\"tabs-kaip-naudoti\"><h5 class=\"easytabs-accordion-item\" tabindex=\"0\" aria-labelledby=\"easytabs-slide-label-4708760420484-0\" aria-selected=\"true\"><a class=\"ui-tabs-anchor js-no-transition\">Kaip naudoti?<\/a><\/h5><div class=\"easytabs-content-holder\" aria-labelledby=\"easytabs-slide-label-4708760420484-0\" aria-expanded=\"true\" aria-hidden=\"false\"><p>Tolygiai paskirstykite ant dr\u0117gn\u0173 arba saus\u0173 plauk\u0173 ir juos formuokite. \u0160lapiam \u012fvaizd\u017eiui sukurti patariama naudoti daugiau.<\/p><\/div><\/div><div class=\"easytabs-content-item\" data-et-marker=\"tabs-aliejus-ne-aliejus-oil-non-oil-ph-4-4-3\" data-et-handle=\"tabs-sudedamosios-dalys\"><div class=\"easytabs-accordion-item\" tabindex=\"-1\" aria-labelledby=\"easytabs-slide-label-4708760420484-1\" aria-selected=\"false\"><h5 class=\"easytabs-accordion-item\" tabindex=\"0\" aria-labelledby=\"easytabs-slide-label-4708760420484-1\" aria-selected=\"true\"><a class=\"ui-tabs-anchor js-no-transition\">Sudedamosios dalys<\/a><\/h5><div class=\"easytabs-content-holder\" aria-labelledby=\"easytabs-slide-label-4708760420484-1\" aria-expanded=\"true\" aria-hidden=\"false\"><p>AQUA \/ WATER \/ EAU, ALCOHOL DENAT., POLYQUATERNIUM-10, BENZYL ALCOHOL, PEG-40 HYDROGENATED CASTOR OIL, METHYL GLUCETH-20, SODIUM BENZOATE, VP\/DIMETHYLAMINOETHYLMETHACRYLATE COPOLYMER, PARFUM \/ FRAGRANCE, CITRIC ACID, HYDROLYZED CORN PROTEIN, HYDROLYZED WHEAT PROTEIN, HYDROLYZED SOY PROTEIN, PHENOXYETHANOL, CAPRYLYL GLYCOL, LEUCONOSTOC\/RADISH ROOT FERMENT FILTRATE.<\/p><\/div><\/div><\/div><\/div><\/div><\/div>\t\t\t\t\t\t<\/div>\n\t\t\t\t<\/div>\n\t\t\t\t\t<\/div>\n\t\t<\/div>\n\t\t\t\t\t\t\t<\/div>\n\t\t<\/section>\n\t\t\t\t\t\t<\/div>\n\t\t\t\t\t<\/div>\n\t\t","protected":false},"excerpt":{"rendered":"<div class=\"easytabs-text\">\n<p>Visk\u0105, k\u0105 mes kuriame, norime padaryti kokybi\u0161kai ir tobulai, bet tam reikia realizuoti svajones ir tur\u0117ti laiko. Pasistenkite sukurti tai nepriekai\u0161tingu b\u016bdu.<\/p>\n<\/div>\n<div id=\"4708760420484\" class=\"easytabs-container tab-widget-4708760420484 easytabs-inited\" data-et-min-width=\"0\" data-et-auto-accordion=\"0\" data-et-cbw=\"1\" data-et-cbr=\"3\" data-et-sta=\"1\" data-et-amp=\"0\" data-et-flx=\"0\" data-et-wt=\"0\" data-et-ao=\"1\" data-et-tabs-width=\"295\">\n<div class=\"easytabs-holder easytabs-accordion\">\n<div class=\"easytabs-contents\">\n<div class=\"easytabs-content-item\" data-et-marker=\"tabs-aliejus-ne-aliejus-oil-non-oil-ph-4-4-3\" data-et-handle=\"tabs-sudedamosios-dalys\">\n<div class=\"easytabs-accordion-item\" tabindex=\"-1\" aria-labelledby=\"easytabs-slide-label-4708760420484-1\" aria-selected=\"false\"><\/div>\n<\/div>\n<\/div>\n<\/div>\n<\/div>\n","protected":false},"featured_media":10533,"comment_status":"open","ping_status":"closed","template":"","meta":{"om_disable_all_campaigns":false},"product_brand":[],"product_cat":[43],"product_tag":[],"class_list":{"0":"post-10532","1":"product","2":"type-product","3":"status-publish","4":"has-post-thumbnail","6":"product_cat-plauku-stilizavimo-priemones","8":"first","9":"instock","10":"shipping-taxable","11":"purchasable","12":"product-type-simple","13":"add-to-wishlist-before_image"},"aioseo_notices":[],"_links":{"self":[{"href":"https:\/\/kasperindre.lt\/index.php?rest_route=\/wp\/v2\/product\/10532","targetHints":{"allow":["GET"]}}],"collection":[{"href":"https:\/\/kasperindre.lt\/index.php?rest_route=\/wp\/v2\/product"}],"about":[{"href":"https:\/\/kasperindre.lt\/index.php?rest_route=\/wp\/v2\/types\/product"}],"replies":[{"embeddable":true,"href":"https:\/\/kasperindre.lt\/index.php?rest_route=%2Fwp%2Fv2%2Fcomments&post=10532"}],"version-history":[{"count":4,"href":"https:\/\/kasperindre.lt\/index.php?rest_route=\/wp\/v2\/product\/10532\/revisions"}],"predecessor-version":[{"id":10537,"href":"https:\/\/kasperindre.lt\/index.php?rest_route=\/wp\/v2\/product\/10532\/revisions\/10537"}],"wp:featuredmedia":[{"embeddable":true,"href":"https:\/\/kasperindre.lt\/index.php?rest_route=\/wp\/v2\/media\/10533"}],"wp:attachment":[{"href":"https:\/\/kasperindre.lt\/index.php?rest_route=%2Fwp%2Fv2%2Fmedia&parent=10532"}],"wp:term":[{"taxonomy":"product_brand","embeddable":true,"href":"https:\/\/kasperindre.lt\/index.php?rest_route=%2Fwp%2Fv2%2Fproduct_brand&post=10532"},{"taxonomy":"product_cat","embeddable":true,"href":"https:\/\/kasperindre.lt\/index.php?rest_route=%2Fwp%2Fv2%2Fproduct_cat&post=10532"},{"taxonomy":"product_tag","embeddable":true,"href":"https:\/\/kasperindre.lt\/index.php?rest_route=%2Fwp%2Fv2%2Fproduct_tag&post=10532"}],"curies":[{"name":"wp","href":"https:\/\/api.w.org\/{rel}","templated":true}]}}