{"id":10525,"date":"2021-08-07T11:45:34","date_gmt":"2021-08-07T11:45:34","guid":{"rendered":"http:\/\/kasperindre.lt\/?post_type=product&#038;p=10525"},"modified":"2024-09-27T07:43:45","modified_gmt":"2024-09-27T07:43:45","slug":"stiprus-molis-plaukams-strong-moulding-clay","status":"publish","type":"product","link":"https:\/\/kasperindre.lt\/?product=stiprus-molis-plaukams-strong-moulding-clay","title":{"rendered":"STIPRUS MOLIS PLAUKAMS | STRONG MOULDING CLAY"},"content":{"rendered":"\t\t<div data-elementor-type=\"wp-post\" data-elementor-id=\"10525\" class=\"elementor elementor-10525\" data-elementor-settings=\"[]\">\n\t\t\t\t\t\t\t<div class=\"elementor-section-wrap\">\n\t\t\t\t\t\t\t<section class=\"elementor-section elementor-top-section elementor-element elementor-element-10a6680 elementor-section-boxed elementor-section-height-default elementor-section-height-default qodef-elementor-content-no\" data-id=\"10a6680\" data-element_type=\"section\">\n\t\t\t\t\t\t<div class=\"elementor-container elementor-column-gap-default\">\n\t\t\t\t\t<div class=\"elementor-column elementor-col-100 elementor-top-column elementor-element elementor-element-3a2facb9\" data-id=\"3a2facb9\" data-element_type=\"column\">\n\t\t\t<div class=\"elementor-widget-wrap elementor-element-populated\">\n\t\t\t\t\t\t\t\t<div class=\"elementor-element elementor-element-350d244a elementor-widget elementor-widget-text-editor\" data-id=\"350d244a\" data-element_type=\"widget\" data-widget_type=\"text-editor.default\">\n\t\t\t\t<div class=\"elementor-widget-container\">\n\t\t\t\t\t\t\t<div class=\"easytabs-text\"><p>Jei turite laiko r\u016bpintis savo plaukais, atraskite laiko ir tiems, kurie J\u016bs\u0173 tikrai verti ir reikalauja d\u0117mesio. Stiprus, skirtas tvirtai, matinei plauk\u0173 strukt\u016brai. Puikiai tinka matiniam, netvarkingam \u012fvaizd\u017eiui formuoti.<\/p><p>Privalumai: atsparus dr\u0117gmei, atsitiktinai atskiria plauk\u0173 sruogas, suteikia matin\u012f efekt\u0105.<\/p><\/div><div id=\"4708747804804\" class=\"easytabs-container tab-widget-4708747804804 easytabs-inited\" data-et-min-width=\"0\" data-et-auto-accordion=\"0\" data-et-cbw=\"1\" data-et-cbr=\"3\" data-et-sta=\"1\" data-et-amp=\"0\" data-et-flx=\"0\" data-et-wt=\"0\" data-et-ao=\"1\" data-et-tabs-width=\"295\"><div class=\"easytabs-holder easytabs-accordion\"><div class=\"easytabs-contents\"><div class=\"easytabs-content-item easytabs-active\" data-et-marker=\"tabs-stiprus-molis-strong-moulding-clay-2\" data-et-handle=\"tabs-kaip-naudoti\"><h5 class=\"easytabs-accordion-item\" tabindex=\"0\" aria-labelledby=\"easytabs-slide-label-4708747804804-0\" aria-selected=\"true\"><a class=\"ui-tabs-anchor js-no-transition\">Kaip naudoti?<\/a><\/h5><div class=\"easytabs-content-holder\" aria-labelledby=\"easytabs-slide-label-4708747804804-0\" aria-expanded=\"true\" aria-hidden=\"false\"><p>Paskirstykite nedidel\u012f kiek\u012f produkto delnuose, tepkite ant saus\u0173 plauk\u0173 ir formuokite. Matinis poveikis, tvirtam, k\u016brybi\u0161kam \u012fvaizd\u017eiui.<\/p><\/div><\/div><div class=\"easytabs-content-item\" data-et-marker=\"tabs-stiprus-molis-strong-moulding-clay-3\" data-et-handle=\"tabs-sudedamosios-dalys\"><h5 class=\"easytabs-accordion-item\" tabindex=\"-1\" aria-labelledby=\"easytabs-slide-label-4708747804804-1\" aria-selected=\"false\"><a class=\"ui-tabs-anchor js-no-transition\">Sudedamosios dalys<\/a><\/h5><p>RICINUS COMMUNIS SEED OIL \/ RICINUS COMMUNIS (CASTOR) SEED OIL, KAOLIN, PROPYLENE GLYCOL, CERA ALBA \/ BEESWAX \/ CIRE D\u2019ABEILLE, LAURETH-4, ISOHEXADECANE, GLYCERYL STEARATE, BENTONITE, CERESIN, ISOPROPYL MYRISTATE, HYDROGENATED CASTOR OIL, ISOPROPYL PALMITATE, PARFUM \/ FRAGRANCE, COPERNICIA CERIFERA CERA \/ COPERNICIA CERIFERA (CARNAUBA) WAX \/ CIRE DE CARNAUBA, PPG-15 STEARYL ETHER, LINALOOL, LIMONENE, CARAMEL.<\/p><\/div><\/div><\/div><\/div>\t\t\t\t\t\t<\/div>\n\t\t\t\t<\/div>\n\t\t\t\t\t<\/div>\n\t\t<\/div>\n\t\t\t\t\t\t\t<\/div>\n\t\t<\/section>\n\t\t\t\t\t\t<\/div>\n\t\t\t\t\t<\/div>\n\t\t","protected":false},"excerpt":{"rendered":"<div class=\"easytabs-text\">\n<p>Jei turite laiko r\u016bpintis savo plaukais, atraskite laiko ir tiems, kurie J\u016bs\u0173 tikrai verti ir reikalauja d\u0117mesio. Stiprus, skirtas tvirtai, matinei plauk\u0173 strukt\u016brai. Puikiai tinka matiniam, netvarkingam \u012fvaizd\u017eiui formuoti.<\/p>\n<\/div>\n","protected":false},"featured_media":10526,"comment_status":"open","ping_status":"closed","template":"","meta":{"om_disable_all_campaigns":false},"product_brand":[],"product_cat":[43],"product_tag":[],"class_list":{"0":"post-10525","1":"product","2":"type-product","3":"status-publish","4":"has-post-thumbnail","6":"product_cat-plauku-stilizavimo-priemones","8":"first","9":"instock","10":"shipping-taxable","11":"purchasable","12":"product-type-simple","13":"add-to-wishlist-before_image"},"aioseo_notices":[],"_links":{"self":[{"href":"https:\/\/kasperindre.lt\/index.php?rest_route=\/wp\/v2\/product\/10525","targetHints":{"allow":["GET"]}}],"collection":[{"href":"https:\/\/kasperindre.lt\/index.php?rest_route=\/wp\/v2\/product"}],"about":[{"href":"https:\/\/kasperindre.lt\/index.php?rest_route=\/wp\/v2\/types\/product"}],"replies":[{"embeddable":true,"href":"https:\/\/kasperindre.lt\/index.php?rest_route=%2Fwp%2Fv2%2Fcomments&post=10525"}],"version-history":[{"count":4,"href":"https:\/\/kasperindre.lt\/index.php?rest_route=\/wp\/v2\/product\/10525\/revisions"}],"predecessor-version":[{"id":10531,"href":"https:\/\/kasperindre.lt\/index.php?rest_route=\/wp\/v2\/product\/10525\/revisions\/10531"}],"wp:featuredmedia":[{"embeddable":true,"href":"https:\/\/kasperindre.lt\/index.php?rest_route=\/wp\/v2\/media\/10526"}],"wp:attachment":[{"href":"https:\/\/kasperindre.lt\/index.php?rest_route=%2Fwp%2Fv2%2Fmedia&parent=10525"}],"wp:term":[{"taxonomy":"product_brand","embeddable":true,"href":"https:\/\/kasperindre.lt\/index.php?rest_route=%2Fwp%2Fv2%2Fproduct_brand&post=10525"},{"taxonomy":"product_cat","embeddable":true,"href":"https:\/\/kasperindre.lt\/index.php?rest_route=%2Fwp%2Fv2%2Fproduct_cat&post=10525"},{"taxonomy":"product_tag","embeddable":true,"href":"https:\/\/kasperindre.lt\/index.php?rest_route=%2Fwp%2Fv2%2Fproduct_tag&post=10525"}],"curies":[{"name":"wp","href":"https:\/\/api.w.org\/{rel}","templated":true}]}}