{"id":10513,"date":"2021-08-07T08:47:26","date_gmt":"2021-08-07T08:47:26","guid":{"rendered":"http:\/\/kasperindre.lt\/?post_type=product&#038;p=10513"},"modified":"2024-09-27T07:43:05","modified_gmt":"2024-09-27T07:43:05","slug":"teksturos-purskiklis-plaukams-dry-texturizer","status":"publish","type":"product","link":"https:\/\/kasperindre.lt\/?product=teksturos-purskiklis-plaukams-dry-texturizer","title":{"rendered":"TEKST\u016aROS PUR\u0160KIKLIS PLAUKAMS | DRY TEXTURIZER"},"content":{"rendered":"\t\t<div data-elementor-type=\"wp-post\" data-elementor-id=\"10513\" class=\"elementor elementor-10513\" data-elementor-settings=\"[]\">\n\t\t\t\t\t\t\t<div class=\"elementor-section-wrap\">\n\t\t\t\t\t\t\t<section class=\"elementor-section elementor-top-section elementor-element elementor-element-3e2a2d86 elementor-section-boxed elementor-section-height-default elementor-section-height-default qodef-elementor-content-no\" data-id=\"3e2a2d86\" data-element_type=\"section\">\n\t\t\t\t\t\t<div class=\"elementor-container elementor-column-gap-default\">\n\t\t\t\t\t<div class=\"elementor-column elementor-col-100 elementor-top-column elementor-element elementor-element-666dbeb\" data-id=\"666dbeb\" data-element_type=\"column\">\n\t\t\t<div class=\"elementor-widget-wrap elementor-element-populated\">\n\t\t\t\t\t\t\t\t<div class=\"elementor-element elementor-element-73dd9085 elementor-widget elementor-widget-text-editor\" data-id=\"73dd9085\" data-element_type=\"widget\" data-widget_type=\"text-editor.default\">\n\t\t\t\t<div class=\"elementor-widget-container\">\n\t\t\t\t\t\t\t<div class=\"easytabs-text\"><p>Tai sausas tekst\u016bros pur\u0161kiklis &#8211;\u00a0 idealus norint suteikti plaukams apimties ir tekst\u016bros. Suteikia erdv\u0173 ir jausming\u0105, nat\u016bral\u0173 siluet\u0105, neapsunkindamas plauk\u0173. Performuojamas.<\/p><\/div><div id=\"4708772577412\" class=\"easytabs-container tab-widget-4708772577412 easytabs-inited\" data-et-min-width=\"0\" data-et-auto-accordion=\"0\" data-et-cbw=\"1\" data-et-cbr=\"3\" data-et-sta=\"1\" data-et-amp=\"0\" data-et-flx=\"0\" data-et-wt=\"0\" data-et-ao=\"1\" data-et-tabs-width=\"295\"><div class=\"easytabs-holder easytabs-accordion\"><div class=\"easytabs-contents\"><div class=\"easytabs-content-item easytabs-active\" data-et-marker=\"tabs-teksturos-purskiklis-dry-texturizer-2\" data-et-handle=\"tabs-kaip-naudoti\"><h5 class=\"easytabs-accordion-item\" tabindex=\"0\" aria-labelledby=\"easytabs-slide-label-4708772577412-0\" aria-selected=\"true\"><a class=\"ui-tabs-anchor js-no-transition\">Kaip naudoti?<\/a><\/h5><div class=\"easytabs-content-holder\" aria-labelledby=\"easytabs-slide-label-4708772577412-0\" aria-expanded=\"true\" aria-hidden=\"false\"><p>Gerai suplakite, purk\u0161kite i\u0161d\u017eiovintus plaukus apytiksliai 25 cm atstumu.<\/p><\/div><\/div><div class=\"easytabs-content-item\" data-et-marker=\"tabs-teksturos-purskiklis-dry-texturizer-3\" data-et-handle=\"tabs-sudedamosios-dalys\"><h5 class=\"easytabs-accordion-item\" tabindex=\"-1\" aria-labelledby=\"easytabs-slide-label-4708772577412-1\" aria-selected=\"false\"><a class=\"ui-tabs-anchor js-no-transition\">Sudedamosios dalys<\/a><\/h5><div tabindex=\"-1\" aria-labelledby=\"easytabs-slide-label-4708772577412-1\" aria-selected=\"false\">DIMETHYL ETHER, ALCOHOL DENAT., VP\/VA COPOLYMER, AQUA, PARFUM, ZEOLITE, CYCLOPENTASILOXANE, CYCLOHEXASILOXANE.<\/div><\/div><\/div><\/div><\/div>\t\t\t\t\t\t<\/div>\n\t\t\t\t<\/div>\n\t\t\t\t\t<\/div>\n\t\t<\/div>\n\t\t\t\t\t\t\t<\/div>\n\t\t<\/section>\n\t\t\t\t\t\t<\/div>\n\t\t\t\t\t<\/div>\n\t\t","protected":false},"excerpt":{"rendered":"<div class=\"easytabs-text\">\n<p>Tai sausas tekst\u016bros pur\u0161kiklis &#8211;\u00a0 idealus norint suteikti plaukams apimties ir tekst\u016bros. Suteikia erdv\u0173 ir jausming\u0105, nat\u016bral\u0173 siluet\u0105, neapsunkindamas plauk\u0173. Performuojamas.<\/p>\n<\/div>\n","protected":false},"featured_media":10514,"comment_status":"open","ping_status":"closed","template":"","meta":{"om_disable_all_campaigns":false},"product_brand":[],"product_cat":[43],"product_tag":[],"class_list":{"0":"post-10513","1":"product","2":"type-product","3":"status-publish","4":"has-post-thumbnail","6":"product_cat-plauku-stilizavimo-priemones","8":"first","9":"instock","10":"shipping-taxable","11":"purchasable","12":"product-type-simple","13":"add-to-wishlist-before_image"},"aioseo_notices":[],"_links":{"self":[{"href":"https:\/\/kasperindre.lt\/index.php?rest_route=\/wp\/v2\/product\/10513","targetHints":{"allow":["GET"]}}],"collection":[{"href":"https:\/\/kasperindre.lt\/index.php?rest_route=\/wp\/v2\/product"}],"about":[{"href":"https:\/\/kasperindre.lt\/index.php?rest_route=\/wp\/v2\/types\/product"}],"replies":[{"embeddable":true,"href":"https:\/\/kasperindre.lt\/index.php?rest_route=%2Fwp%2Fv2%2Fcomments&post=10513"}],"version-history":[{"count":4,"href":"https:\/\/kasperindre.lt\/index.php?rest_route=\/wp\/v2\/product\/10513\/revisions"}],"predecessor-version":[{"id":10518,"href":"https:\/\/kasperindre.lt\/index.php?rest_route=\/wp\/v2\/product\/10513\/revisions\/10518"}],"wp:featuredmedia":[{"embeddable":true,"href":"https:\/\/kasperindre.lt\/index.php?rest_route=\/wp\/v2\/media\/10514"}],"wp:attachment":[{"href":"https:\/\/kasperindre.lt\/index.php?rest_route=%2Fwp%2Fv2%2Fmedia&parent=10513"}],"wp:term":[{"taxonomy":"product_brand","embeddable":true,"href":"https:\/\/kasperindre.lt\/index.php?rest_route=%2Fwp%2Fv2%2Fproduct_brand&post=10513"},{"taxonomy":"product_cat","embeddable":true,"href":"https:\/\/kasperindre.lt\/index.php?rest_route=%2Fwp%2Fv2%2Fproduct_cat&post=10513"},{"taxonomy":"product_tag","embeddable":true,"href":"https:\/\/kasperindre.lt\/index.php?rest_route=%2Fwp%2Fv2%2Fproduct_tag&post=10513"}],"curies":[{"name":"wp","href":"https:\/\/api.w.org\/{rel}","templated":true}]}}