{"id":10507,"date":"2021-08-07T08:43:57","date_gmt":"2021-08-07T08:43:57","guid":{"rendered":"http:\/\/kasperindre.lt\/?post_type=product&#038;p=10507"},"modified":"2024-09-27T07:42:44","modified_gmt":"2024-09-27T07:42:44","slug":"drekinamosios-garbanu-putos","status":"publish","type":"product","link":"https:\/\/kasperindre.lt\/?product=drekinamosios-garbanu-putos","title":{"rendered":"DR\u0116KINAMOSIOS GARBAN\u0172 PUTOS"},"content":{"rendered":"\t\t<div data-elementor-type=\"wp-post\" data-elementor-id=\"10507\" class=\"elementor elementor-10507\" data-elementor-settings=\"[]\">\n\t\t\t\t\t\t\t<div class=\"elementor-section-wrap\">\n\t\t\t\t\t\t\t<section class=\"elementor-section elementor-top-section elementor-element elementor-element-4c2b6418 elementor-section-boxed elementor-section-height-default elementor-section-height-default qodef-elementor-content-no\" data-id=\"4c2b6418\" data-element_type=\"section\">\n\t\t\t\t\t\t<div class=\"elementor-container elementor-column-gap-default\">\n\t\t\t\t\t<div class=\"elementor-column elementor-col-100 elementor-top-column elementor-element elementor-element-7a9a582b\" data-id=\"7a9a582b\" data-element_type=\"column\">\n\t\t\t<div class=\"elementor-widget-wrap elementor-element-populated\">\n\t\t\t\t\t\t\t\t<div class=\"elementor-element elementor-element-1d74efb4 elementor-widget elementor-widget-text-editor\" data-id=\"1d74efb4\" data-element_type=\"widget\" data-widget_type=\"text-editor.default\">\n\t\t\t\t<div class=\"elementor-widget-container\">\n\t\t\t\t\t\t\t<div class=\"easytabs-text\"><p>Lengvumas ir glotnumas puikiai dera moteri\u0161kai sielai ir \u0161ird\u017eiai. Tad leiskite sau siekti to nat\u016braliai.<\/p><p>Garbanas dr\u0117kinan\u010dios putos, skirtos elastingoms ir apibr\u0117\u017etoms garbanoms. Puikiai tinka sodri\u0173, elasting\u0173 garban\u0173 \u012fvaizd\u017eiui formuoti.<\/p><p>Privalumai: apibr\u0117\u017etos, elastingos garbanos, putos sukuria blizgesio efekt\u0105, saugo nuo plauk\u0173 susiv\u0117limo, j\u0173 neapsunkina ir kondicionuoja.<\/p><\/div><div id=\"4708770939012\" class=\"easytabs-container tab-widget-4708770939012 easytabs-inited\" data-et-min-width=\"0\" data-et-auto-accordion=\"0\" data-et-cbw=\"1\" data-et-cbr=\"3\" data-et-sta=\"1\" data-et-amp=\"0\" data-et-flx=\"0\" data-et-wt=\"0\" data-et-ao=\"1\" data-et-tabs-width=\"295\"><div class=\"easytabs-holder easytabs-accordion\"><div class=\"easytabs-contents\"><div class=\"easytabs-content-item easytabs-active\" data-et-marker=\"tabs-drekinamosios-garbanu-putos-curl-moisturizing-mousse-2\" data-et-handle=\"tabs-kaip-naudoti\"><h5 class=\"easytabs-accordion-item\" tabindex=\"0\" aria-labelledby=\"easytabs-slide-label-4708770939012-0\" aria-selected=\"true\"><a class=\"ui-tabs-anchor js-no-transition\">Kaip naudoti?<\/a><\/h5><div class=\"easytabs-content-holder\" aria-labelledby=\"easytabs-slide-label-4708770939012-0\" aria-expanded=\"true\" aria-hidden=\"false\"><p>Prie\u0161 naudodami suplakite. Paskirstykite tolygiai ant dr\u0117gn\u0173 plauk\u0173.<\/p><\/div><\/div><div class=\"easytabs-content-item\" data-et-marker=\"tabs-drekinamosios-garbanu-putos-curl-moisturizing-mousse-3\" data-et-handle=\"tabs-sudedamosios-dalys\"><h5 class=\"easytabs-accordion-item\" tabindex=\"-1\" aria-labelledby=\"easytabs-slide-label-4708770939012-1\" aria-selected=\"false\"><a class=\"ui-tabs-anchor js-no-transition\">Sudedamosios dalys<\/a><\/h5><p>AQUA \/ WATER \/ EAU, BUTANE, POLYQUATERNIUM-11, GLYCERIN, PROPANE, ISOBUTANE, COCAMIDOPROPYLAMINE OXIDE, PANTHENOL, PEG\/PPG-18\/18 DIMETHICONE, AMODIMETHICONE, PROPYLENE GLYCOL, TRIDECETH-12, PARFUM \/ FRAGRANCE, CETRIMONIUM CHLORIDE, LINALOOL, LIMONENE.<\/p><\/div><\/div><\/div><\/div>\t\t\t\t\t\t<\/div>\n\t\t\t\t<\/div>\n\t\t\t\t\t<\/div>\n\t\t<\/div>\n\t\t\t\t\t\t\t<\/div>\n\t\t<\/section>\n\t\t\t\t\t\t<\/div>\n\t\t\t\t\t<\/div>\n\t\t","protected":false},"excerpt":{"rendered":"<div class=\"easytabs-text\">\n<p>Lengvumas ir glotnumas puikiai dera moteri\u0161kai sielai ir \u0161ird\u017eiai. Tad leiskite sau siekti to nat\u016braliai.<\/p>\n<p>Garbanas dr\u0117kinan\u010dios putos, skirtos elastingoms ir apibr\u0117\u017etoms garbanoms. Puikiai tinka sodri\u0173, elasting\u0173 garban\u0173 \u012fvaizd\u017eiui formuoti.<\/p>\n<\/div>\n<div id=\"4708770939012\" class=\"easytabs-container tab-widget-4708770939012 easytabs-inited\" data-et-min-width=\"0\" data-et-auto-accordion=\"0\" data-et-cbw=\"1\" data-et-cbr=\"3\" data-et-sta=\"1\" data-et-amp=\"0\" data-et-flx=\"0\" data-et-wt=\"0\" data-et-ao=\"1\" data-et-tabs-width=\"295\">\n<div class=\"easytabs-holder easytabs-accordion\">\n<div class=\"easytabs-contents\">\n<div class=\"easytabs-content-item\" data-et-marker=\"tabs-drekinamosios-garbanu-putos-curl-moisturizing-mousse-3\" data-et-handle=\"tabs-sudedamosios-dalys\">\n<div class=\"easytabs-accordion-item\" tabindex=\"-1\" aria-labelledby=\"easytabs-slide-label-4708770939012-1\" aria-selected=\"false\"><\/div>\n<\/div>\n<\/div>\n<\/div>\n<\/div>\n","protected":false},"featured_media":10508,"comment_status":"open","ping_status":"closed","template":"","meta":{"om_disable_all_campaigns":false},"product_brand":[],"product_cat":[43],"product_tag":[33],"class_list":{"0":"post-10507","1":"product","2":"type-product","3":"status-publish","4":"has-post-thumbnail","6":"product_cat-plauku-stilizavimo-priemones","7":"product_tag-garbanoti-plaukai","9":"first","10":"instock","11":"shipping-taxable","12":"purchasable","13":"product-type-simple","14":"add-to-wishlist-before_image"},"aioseo_notices":[],"_links":{"self":[{"href":"https:\/\/kasperindre.lt\/index.php?rest_route=\/wp\/v2\/product\/10507","targetHints":{"allow":["GET"]}}],"collection":[{"href":"https:\/\/kasperindre.lt\/index.php?rest_route=\/wp\/v2\/product"}],"about":[{"href":"https:\/\/kasperindre.lt\/index.php?rest_route=\/wp\/v2\/types\/product"}],"replies":[{"embeddable":true,"href":"https:\/\/kasperindre.lt\/index.php?rest_route=%2Fwp%2Fv2%2Fcomments&post=10507"}],"version-history":[{"count":4,"href":"https:\/\/kasperindre.lt\/index.php?rest_route=\/wp\/v2\/product\/10507\/revisions"}],"predecessor-version":[{"id":10512,"href":"https:\/\/kasperindre.lt\/index.php?rest_route=\/wp\/v2\/product\/10507\/revisions\/10512"}],"wp:featuredmedia":[{"embeddable":true,"href":"https:\/\/kasperindre.lt\/index.php?rest_route=\/wp\/v2\/media\/10508"}],"wp:attachment":[{"href":"https:\/\/kasperindre.lt\/index.php?rest_route=%2Fwp%2Fv2%2Fmedia&parent=10507"}],"wp:term":[{"taxonomy":"product_brand","embeddable":true,"href":"https:\/\/kasperindre.lt\/index.php?rest_route=%2Fwp%2Fv2%2Fproduct_brand&post=10507"},{"taxonomy":"product_cat","embeddable":true,"href":"https:\/\/kasperindre.lt\/index.php?rest_route=%2Fwp%2Fv2%2Fproduct_cat&post=10507"},{"taxonomy":"product_tag","embeddable":true,"href":"https:\/\/kasperindre.lt\/index.php?rest_route=%2Fwp%2Fv2%2Fproduct_tag&post=10507"}],"curies":[{"name":"wp","href":"https:\/\/api.w.org\/{rel}","templated":true}]}}