{"id":10501,"date":"2021-08-07T08:38:16","date_gmt":"2021-08-07T08:38:16","guid":{"rendered":"http:\/\/kasperindre.lt\/?post_type=product&#038;p=10501"},"modified":"2024-09-27T07:41:58","modified_gmt":"2024-09-27T07:41:58","slug":"plauku-apimti-didinancios-putos","status":"publish","type":"product","link":"https:\/\/kasperindre.lt\/?product=plauku-apimti-didinancios-putos","title":{"rendered":"PLAUK\u0172 APIMT\u012e DIDINAN\u010cIOS PUTOS"},"content":{"rendered":"\t\t<div data-elementor-type=\"wp-post\" data-elementor-id=\"10501\" class=\"elementor elementor-10501\" data-elementor-settings=\"[]\">\n\t\t\t\t\t\t\t<div class=\"elementor-section-wrap\">\n\t\t\t\t\t\t\t<section class=\"elementor-section elementor-top-section elementor-element elementor-element-306fc8c0 elementor-section-boxed elementor-section-height-default elementor-section-height-default qodef-elementor-content-no\" data-id=\"306fc8c0\" data-element_type=\"section\">\n\t\t\t\t\t\t<div class=\"elementor-container elementor-column-gap-default\">\n\t\t\t\t\t<div class=\"elementor-column elementor-col-100 elementor-top-column elementor-element elementor-element-48a317e7\" data-id=\"48a317e7\" data-element_type=\"column\">\n\t\t\t<div class=\"elementor-widget-wrap elementor-element-populated\">\n\t\t\t\t\t\t\t\t<div class=\"elementor-element elementor-element-75265851 elementor-widget elementor-widget-text-editor\" data-id=\"75265851\" data-element_type=\"widget\" data-widget_type=\"text-editor.default\">\n\t\t\t\t<div class=\"elementor-widget-container\">\n\t\t\t\t\t\t\t<div class=\"easytabs-text\"><p>\u0160is plaukus dr\u0117kinantis produktas yra ypa\u010d puikus ir leid\u017eia \u012fsiklausyti, pa\u017einti visa, kas Jus supa kiekvien\u0105 dien\u0105.<\/p><p>Plauk\u0173 apimt\u012f didinan\u010dios putos suteikia ilgalaik\u012f plauk\u0173 gausumo poj\u016bt\u012f. Puikiai tinka plaukams formuoti, suteikia jiems apimties ir t\u016brio.<\/p><p>Privalumai: suteikia blizgesio, taip pat gausumo poj\u016bt\u012f, kondicionuoja, dr\u0117kina plaukus ir j\u0173 neapsunkina.<\/p><\/div><div id=\"4708769300612\" class=\"easytabs-container tab-widget-4708769300612 easytabs-inited\" data-et-min-width=\"0\" data-et-auto-accordion=\"0\" data-et-cbw=\"1\" data-et-cbr=\"3\" data-et-sta=\"1\" data-et-amp=\"0\" data-et-flx=\"0\" data-et-wt=\"0\" data-et-ao=\"1\" data-et-tabs-width=\"295\"><div class=\"easytabs-holder easytabs-accordion\"><div class=\"easytabs-contents\"><div class=\"easytabs-content-item easytabs-active\" data-et-marker=\"tabs-gausinamosios-putos-volume-boosting-mousse-2\" data-et-handle=\"tabs-kaip-naudoti\"><h5 class=\"easytabs-accordion-item\" tabindex=\"0\" aria-labelledby=\"easytabs-slide-label-4708769300612-0\" aria-selected=\"true\"><a class=\"ui-tabs-anchor js-no-transition\">Kaip naudoti?<\/a><\/h5><div class=\"easytabs-content-holder\" aria-labelledby=\"easytabs-slide-label-4708769300612-0\" aria-expanded=\"true\" aria-hidden=\"false\"><p>Prie\u0161 naudodami suplakite. Nedidel\u012f kiek\u012f put\u0173 paskirstykite delnuose ir denkite sausus arba dr\u0117gnus plaukus nuo \u0161akn\u0173 iki galiuk\u0173, i\u0161d\u017eiovinkite.<\/p><\/div><\/div><div class=\"easytabs-content-item\" data-et-marker=\"tabs-gausinamosios-putos-volume-boosting-mousse-3\" data-et-handle=\"tabs-sudedamosios-dalys\"><h5 class=\"easytabs-accordion-item\" tabindex=\"-1\" aria-labelledby=\"easytabs-slide-label-4708769300612-1\" aria-selected=\"false\"><a class=\"ui-tabs-anchor js-no-transition\">Sudedamosios dalys<\/a><\/h5><p>AQUA, BUTANE, VP\/VA COPOLYMER, PROPANE, ISOBUTANE, POLYQUATERNIUM-11, PROPYLENE GLYCOL, POLYQUATERNIUM-4, AMODIMETHICONE, CETRIMONIUM CHLORIDE, TRIDECETH-12, COCAMIDOPROPYLAMINE OXIDE, COCAMIDE DEA, PARFUM, GLYCERIN, PANTHENOL, LINALOOL, LIMONENE.<\/p><\/div><\/div><\/div><\/div>\t\t\t\t\t\t<\/div>\n\t\t\t\t<\/div>\n\t\t\t\t\t<\/div>\n\t\t<\/div>\n\t\t\t\t\t\t\t<\/div>\n\t\t<\/section>\n\t\t\t\t\t\t<\/div>\n\t\t\t\t\t<\/div>\n\t\t","protected":false},"excerpt":{"rendered":"<div class=\"easytabs-text\">\n<p>\u0160is plaukus dr\u0117kinantis produktas yra ypa\u010d puikus ir leid\u017eia \u012fsiklausyti, pa\u017einti visa, kas Jus supa kiekvien\u0105 dien\u0105.<\/p>\n<p>Plauk\u0173 apimt\u012f didinan\u010dios putos suteikia ilgalaik\u012f plauk\u0173 gausumo poj\u016bt\u012f. Puikiai tinka plaukams formuoti, suteikia jiems apimties ir t\u016brio.<\/p>\n<\/div>\n","protected":false},"featured_media":10502,"comment_status":"open","ping_status":"closed","template":"","meta":{"om_disable_all_campaigns":false},"product_brand":[],"product_cat":[43],"product_tag":[],"class_list":{"0":"post-10501","1":"product","2":"type-product","3":"status-publish","4":"has-post-thumbnail","6":"product_cat-plauku-stilizavimo-priemones","8":"first","9":"instock","10":"shipping-taxable","11":"purchasable","12":"product-type-simple","13":"add-to-wishlist-before_image"},"aioseo_notices":[],"_links":{"self":[{"href":"https:\/\/kasperindre.lt\/index.php?rest_route=\/wp\/v2\/product\/10501","targetHints":{"allow":["GET"]}}],"collection":[{"href":"https:\/\/kasperindre.lt\/index.php?rest_route=\/wp\/v2\/product"}],"about":[{"href":"https:\/\/kasperindre.lt\/index.php?rest_route=\/wp\/v2\/types\/product"}],"replies":[{"embeddable":true,"href":"https:\/\/kasperindre.lt\/index.php?rest_route=%2Fwp%2Fv2%2Fcomments&post=10501"}],"version-history":[{"count":4,"href":"https:\/\/kasperindre.lt\/index.php?rest_route=\/wp\/v2\/product\/10501\/revisions"}],"predecessor-version":[{"id":10506,"href":"https:\/\/kasperindre.lt\/index.php?rest_route=\/wp\/v2\/product\/10501\/revisions\/10506"}],"wp:featuredmedia":[{"embeddable":true,"href":"https:\/\/kasperindre.lt\/index.php?rest_route=\/wp\/v2\/media\/10502"}],"wp:attachment":[{"href":"https:\/\/kasperindre.lt\/index.php?rest_route=%2Fwp%2Fv2%2Fmedia&parent=10501"}],"wp:term":[{"taxonomy":"product_brand","embeddable":true,"href":"https:\/\/kasperindre.lt\/index.php?rest_route=%2Fwp%2Fv2%2Fproduct_brand&post=10501"},{"taxonomy":"product_cat","embeddable":true,"href":"https:\/\/kasperindre.lt\/index.php?rest_route=%2Fwp%2Fv2%2Fproduct_cat&post=10501"},{"taxonomy":"product_tag","embeddable":true,"href":"https:\/\/kasperindre.lt\/index.php?rest_route=%2Fwp%2Fv2%2Fproduct_tag&post=10501"}],"curies":[{"name":"wp","href":"https:\/\/api.w.org\/{rel}","templated":true}]}}