{"id":10466,"date":"2021-08-06T17:17:35","date_gmt":"2021-08-06T17:17:35","guid":{"rendered":"http:\/\/kasperindre.lt\/?post_type=product&#038;p=10466"},"modified":"2021-08-06T17:20:06","modified_gmt":"2021-08-06T17:20:06","slug":"drekinanti-veido-kauke-quench-circle","status":"publish","type":"product","link":"https:\/\/kasperindre.lt\/?product=drekinanti-veido-kauke-quench-circle","title":{"rendered":"DR\u0116KINANTI VEIDO KAUK\u0116 | QUENCH CIRCLE"},"content":{"rendered":"","protected":false},"excerpt":{"rendered":"<div class=\"Rte\">\n<div class=\"easytabs-text\">\n<p>Dr\u0117kinkite ir atgaivinkite savo saus\u0105 od\u0105 naudodami \u201eThe Quench Circle\u201c veido kauk\u0119! \u0160i lak\u0161tin\u0117 kauk\u0117, praturtinta alaviju ir hialurono r\u016bg\u0161timi, suteiks gaivos, spindesio ir jaunatvi\u0161kumo j\u016bs\u0173 veido odai.<\/p>\n<p>Naudokite kauk\u0119 vos 15 minu\u010di\u0173, per t\u0105 laik\u0105 ypa\u010d dr\u0117kinanti hialurono r\u016bg\u0161tis suteiks tinkam\u0105 dr\u0117gm\u0117s balans\u0105.\u00a0 Geriausia naudoti kart\u0105 ar du per savait\u0119.<\/p>\n<\/div>\n<div id=\"5301732769954\" class=\"easytabs-container tab-widget-5301732769954 easytabs-inited\" data-et-min-width=\"0\" data-et-auto-accordion=\"0\" data-et-cbw=\"1\" data-et-cbr=\"3\" data-et-sta=\"1\" data-et-amp=\"0\" data-et-flx=\"0\" data-et-wt=\"0\" data-et-ao=\"1\" data-et-tabs-width=\"0\">\n<div class=\"easytabs-holder easytabs-accordion\">\n<div class=\"easytabs-contents\"><\/div>\n<div class=\"easytabs-undertabs-holder\"><\/div>\n<\/div>\n<\/div>\n<\/div>\n<div id=\"shopify-product-reviews\" data-id=\"5301732769954\">\n<div class=\"spr-container\">\n<div class=\"spr-header\">\n<div class=\"spr-summary\"><\/div>\n<\/div>\n<\/div>\n<\/div>\n","protected":false},"featured_media":10469,"comment_status":"open","ping_status":"closed","template":"","meta":{"om_disable_all_campaigns":false},"product_brand":[],"product_cat":[42],"product_tag":[],"class_list":{"0":"post-10466","1":"product","2":"type-product","3":"status-publish","4":"has-post-thumbnail","6":"product_cat-veido-ir-kuno-prieziura","8":"first","9":"instock","10":"shipping-taxable","11":"purchasable","12":"product-type-simple","13":"add-to-wishlist-before_image"},"aioseo_notices":[],"_links":{"self":[{"href":"https:\/\/kasperindre.lt\/index.php?rest_route=\/wp\/v2\/product\/10466","targetHints":{"allow":["GET"]}}],"collection":[{"href":"https:\/\/kasperindre.lt\/index.php?rest_route=\/wp\/v2\/product"}],"about":[{"href":"https:\/\/kasperindre.lt\/index.php?rest_route=\/wp\/v2\/types\/product"}],"replies":[{"embeddable":true,"href":"https:\/\/kasperindre.lt\/index.php?rest_route=%2Fwp%2Fv2%2Fcomments&post=10466"}],"version-history":[{"count":1,"href":"https:\/\/kasperindre.lt\/index.php?rest_route=\/wp\/v2\/product\/10466\/revisions"}],"predecessor-version":[{"id":10468,"href":"https:\/\/kasperindre.lt\/index.php?rest_route=\/wp\/v2\/product\/10466\/revisions\/10468"}],"wp:featuredmedia":[{"embeddable":true,"href":"https:\/\/kasperindre.lt\/index.php?rest_route=\/wp\/v2\/media\/10469"}],"wp:attachment":[{"href":"https:\/\/kasperindre.lt\/index.php?rest_route=%2Fwp%2Fv2%2Fmedia&parent=10466"}],"wp:term":[{"taxonomy":"product_brand","embeddable":true,"href":"https:\/\/kasperindre.lt\/index.php?rest_route=%2Fwp%2Fv2%2Fproduct_brand&post=10466"},{"taxonomy":"product_cat","embeddable":true,"href":"https:\/\/kasperindre.lt\/index.php?rest_route=%2Fwp%2Fv2%2Fproduct_cat&post=10466"},{"taxonomy":"product_tag","embeddable":true,"href":"https:\/\/kasperindre.lt\/index.php?rest_route=%2Fwp%2Fv2%2Fproduct_tag&post=10466"}],"curies":[{"name":"wp","href":"https:\/\/api.w.org\/{rel}","templated":true}]}}