{"id":10459,"date":"2021-08-06T17:15:35","date_gmt":"2021-08-06T17:15:35","guid":{"rendered":"http:\/\/kasperindre.lt\/?post_type=product&#038;p=10459"},"modified":"2024-09-26T19:22:57","modified_gmt":"2024-09-26T19:22:57","slug":"plauku-ir-kuno-prausiklis-ph-6-1-su","status":"publish","type":"product","link":"https:\/\/kasperindre.lt\/?product=plauku-ir-kuno-prausiklis-ph-6-1-su","title":{"rendered":"PLAUK\u0172 IR K\u016aNO PRAUSIKLIS PH: 6.1 | SU"},"content":{"rendered":"\t\t<div data-elementor-type=\"wp-post\" data-elementor-id=\"10459\" class=\"elementor elementor-10459\" data-elementor-settings=\"[]\">\n\t\t\t\t\t\t\t<div class=\"elementor-section-wrap\">\n\t\t\t\t\t\t\t<section class=\"elementor-section elementor-top-section elementor-element elementor-element-9322230 elementor-section-boxed elementor-section-height-default elementor-section-height-default qodef-elementor-content-no\" data-id=\"9322230\" data-element_type=\"section\">\n\t\t\t\t\t\t<div class=\"elementor-container elementor-column-gap-default\">\n\t\t\t\t\t<div class=\"elementor-column elementor-col-100 elementor-top-column elementor-element elementor-element-33a084c5\" data-id=\"33a084c5\" data-element_type=\"column\">\n\t\t\t<div class=\"elementor-widget-wrap elementor-element-populated\">\n\t\t\t\t\t\t\t\t<div class=\"elementor-element elementor-element-70d4e21e elementor-widget elementor-widget-text-editor\" data-id=\"70d4e21e\" data-element_type=\"widget\" data-widget_type=\"text-editor.default\">\n\t\t\t\t<div class=\"elementor-widget-container\">\n\t\t\t\t\t\t\t<div class=\"easytabs-text\"><p>\u012evairiapusis plauk\u0173 ir k\u016bno \u0161amp\u016bnas. Pasi\u017eymintis pilnavidur\u0117mis putomis, sudr\u0117kina ir \u0161velniai nuvalo saul\u0117s paveikt\u0105 od\u0105 bei plaukus, suteikdamas antioksiduojant\u012f ir prie\u0161u\u017edegimin\u012f poveik\u012f.<\/p><\/div><div id=\"4708788994180\" class=\"easytabs-container tab-widget-4708788994180 easytabs-inited\" data-et-min-width=\"0\" data-et-auto-accordion=\"0\" data-et-cbw=\"1\" data-et-cbr=\"3\" data-et-sta=\"1\" data-et-amp=\"0\" data-et-flx=\"0\" data-et-wt=\"0\" data-et-ao=\"1\" data-et-tabs-width=\"295\"><div class=\"easytabs-holder easytabs-accordion\"><div class=\"easytabs-contents\"><div class=\"easytabs-content-item easytabs-active\" data-et-marker=\"tabs-su-plauku-ir-kuno-prausiklis-ph-6-1-2\" data-et-handle=\"tabs-kaip-naudoti\"><h5 class=\"easytabs-accordion-item\" tabindex=\"0\" aria-labelledby=\"easytabs-slide-label-4708788994180-0\" aria-selected=\"true\"><a class=\"ui-tabs-anchor js-no-transition\">Kaip naudoti?<\/a><\/h5><div class=\"easytabs-content-holder\" aria-labelledby=\"easytabs-slide-label-4708788994180-0\" aria-expanded=\"true\" aria-hidden=\"false\"><p><span lang=\"LT\">Tepkite ant dr\u0117gn\u0173 plauk\u0173 ir odos. Masa\u017euokite \u0161velniai ir nuplaukite. Pakartokite ritual\u0105. Tuomet atsi\u017evelgiant \u012f poreik\u012f, u\u017etepkite kondicionieri\u0173,\u00a0 SU plauk\u0173 kauk\u0119 ar SU pienel\u012f ant galvos odos.<br \/><\/span><\/p><\/div><\/div><div class=\"easytabs-content-item\" data-et-marker=\"tabs-su-plauku-ir-kuno-prausiklis-ph-6-1-3\" data-et-handle=\"tabs-sudedamosios-dalys\"><h5 class=\"easytabs-accordion-item\" tabindex=\"-1\" aria-labelledby=\"easytabs-slide-label-4708788994180-1\" aria-selected=\"false\"><a class=\"ui-tabs-anchor js-no-transition\">Sudedamosios dalys<\/a><\/h5><p>AQUA \/ WATER \/ EAU, SODIUM C14-16 OLEFIN SULFONATE, SODIUM LAUROYL METHYL ISETHIONATE, COCAMIDOPROPYL BETAINE, SODIUM PCA, SODIUM METHYL 2-SULFOLAURATE, DECYL GLUCOSIDE, POLYSORBATE 20, LAURAMIDOPROPYLAMINE OXIDE, PARFUM \/ FRAGRANCE, SODIUM COCOYL GLYCINATE, SODIUM CHLORIDE, BENZYL ALCOHOL, PANTHENOL, GLYCERYL OLEATE, COCO-GLUCOSIDE, SODIUM BENZOATE, DISODIUM 2-SULFOLAURATE, MYRISTAMIDOPROPYLAMINE OXIDE, GUAR HYDROXYPROPYLTRIMONIUM CHLORIDE, TETRASODIUM GLUTAMATE DIACETATE, POLYQUATERNIUM-7, PROPYLENE GLYCOL, PEG-120 METHYL GLUCOSE TRIOLEATE, CITRIC ACID, GLYCERIN, TRISODIUM ETHYLENEDIAMINE DISUCCINATE, CITRUS AURANTIUM AMARA FRUIT EXTRACT \/ CITRUS AURANTIUM AMARA (BITTER ORANGE) FRUIT EXTRACT, LINALOOL, ALPHA-ISOMETHYL IONONE, HYDROXYCITRONELLAL, CI 60730 \/ EXT. VIOLET 2.<\/p><\/div><\/div><\/div><\/div>\t\t\t\t\t\t<\/div>\n\t\t\t\t<\/div>\n\t\t\t\t\t<\/div>\n\t\t<\/div>\n\t\t\t\t\t\t\t<\/div>\n\t\t<\/section>\n\t\t\t\t\t\t<\/div>\n\t\t\t\t\t<\/div>\n\t\t","protected":false},"excerpt":{"rendered":"<div class=\"easytabs-text\">\n<p>\u012evairiapusis plauk\u0173 ir k\u016bno \u0161amp\u016bnas. Pasi\u017eymintis pilnavidur\u0117mis putomis, sudr\u0117kina ir \u0161velniai nuvalo saul\u0117s paveikt\u0105 od\u0105 bei plaukus, suteikdamas antioksiduojant\u012f ir prie\u0161u\u017edegimin\u012f poveik\u012f.<\/p>\n<\/div>\n","protected":false},"featured_media":10460,"comment_status":"open","ping_status":"closed","template":"","meta":{"om_disable_all_campaigns":false},"product_brand":[],"product_cat":[42],"product_tag":[],"class_list":{"0":"post-10459","1":"product","2":"type-product","3":"status-publish","4":"has-post-thumbnail","6":"product_cat-veido-ir-kuno-prieziura","8":"first","9":"instock","10":"shipping-taxable","11":"purchasable","12":"product-type-simple","13":"add-to-wishlist-before_image"},"aioseo_notices":[],"_links":{"self":[{"href":"https:\/\/kasperindre.lt\/index.php?rest_route=\/wp\/v2\/product\/10459","targetHints":{"allow":["GET"]}}],"collection":[{"href":"https:\/\/kasperindre.lt\/index.php?rest_route=\/wp\/v2\/product"}],"about":[{"href":"https:\/\/kasperindre.lt\/index.php?rest_route=\/wp\/v2\/types\/product"}],"replies":[{"embeddable":true,"href":"https:\/\/kasperindre.lt\/index.php?rest_route=%2Fwp%2Fv2%2Fcomments&post=10459"}],"version-history":[{"count":5,"href":"https:\/\/kasperindre.lt\/index.php?rest_route=\/wp\/v2\/product\/10459\/revisions"}],"predecessor-version":[{"id":10465,"href":"https:\/\/kasperindre.lt\/index.php?rest_route=\/wp\/v2\/product\/10459\/revisions\/10465"}],"wp:featuredmedia":[{"embeddable":true,"href":"https:\/\/kasperindre.lt\/index.php?rest_route=\/wp\/v2\/media\/10460"}],"wp:attachment":[{"href":"https:\/\/kasperindre.lt\/index.php?rest_route=%2Fwp%2Fv2%2Fmedia&parent=10459"}],"wp:term":[{"taxonomy":"product_brand","embeddable":true,"href":"https:\/\/kasperindre.lt\/index.php?rest_route=%2Fwp%2Fv2%2Fproduct_brand&post=10459"},{"taxonomy":"product_cat","embeddable":true,"href":"https:\/\/kasperindre.lt\/index.php?rest_route=%2Fwp%2Fv2%2Fproduct_cat&post=10459"},{"taxonomy":"product_tag","embeddable":true,"href":"https:\/\/kasperindre.lt\/index.php?rest_route=%2Fwp%2Fv2%2Fproduct_tag&post=10459"}],"curies":[{"name":"wp","href":"https:\/\/api.w.org\/{rel}","templated":true}]}}