{"id":10453,"date":"2021-08-06T17:13:04","date_gmt":"2021-08-06T17:13:04","guid":{"rendered":"http:\/\/kasperindre.lt\/?post_type=product&#038;p=10453"},"modified":"2024-09-26T19:23:20","modified_gmt":"2024-09-26T19:23:20","slug":"kremas-aftersun-veidui-ir-kunui-ph-5-5-su","status":"publish","type":"product","link":"https:\/\/kasperindre.lt\/?product=kremas-aftersun-veidui-ir-kunui-ph-5-5-su","title":{"rendered":"KREMAS &#8222;AFTERSUN&#8221; VEIDUI IR K\u016aNUI PH: 5.5 | SU"},"content":{"rendered":"\t\t<div data-elementor-type=\"wp-post\" data-elementor-id=\"10453\" class=\"elementor elementor-10453\" data-elementor-settings=\"[]\">\n\t\t\t\t\t\t\t<div class=\"elementor-section-wrap\">\n\t\t\t\t\t\t\t<section class=\"elementor-section elementor-top-section elementor-element elementor-element-4eb34f26 elementor-section-boxed elementor-section-height-default elementor-section-height-default qodef-elementor-content-no\" data-id=\"4eb34f26\" data-element_type=\"section\">\n\t\t\t\t\t\t<div class=\"elementor-container elementor-column-gap-default\">\n\t\t\t\t\t<div class=\"elementor-column elementor-col-100 elementor-top-column elementor-element elementor-element-10b1506f\" data-id=\"10b1506f\" data-element_type=\"column\">\n\t\t\t<div class=\"elementor-widget-wrap elementor-element-populated\">\n\t\t\t\t\t\t\t\t<div class=\"elementor-element elementor-element-4a53caee elementor-widget elementor-widget-text-editor\" data-id=\"4a53caee\" data-element_type=\"widget\" data-widget_type=\"text-editor.default\">\n\t\t\t\t<div class=\"elementor-widget-container\">\n\t\t\t\t\t\t\t<div class=\"easytabs-text\"><p>Tai gelin\u0117s tekst\u016bros kremas, naudojamas po saul\u0117s voni\u0173, norint sudr\u0117kinti, pamaitinti k\u016bno od\u0105. Kremas ramina ir nedelsiant atstato saus\u0105 bei paraudusi\u0105 od\u0105 po saul\u0117s poveikio. Greitai susigeria, nepalieka lipnumo.<\/p><\/div><div id=\"4708791746692\" class=\"easytabs-container tab-widget-4708791746692 easytabs-inited\" data-et-min-width=\"0\" data-et-auto-accordion=\"0\" data-et-cbw=\"1\" data-et-cbr=\"3\" data-et-sta=\"1\" data-et-amp=\"0\" data-et-flx=\"0\" data-et-wt=\"0\" data-et-ao=\"1\" data-et-tabs-width=\"295\"><div class=\"easytabs-holder easytabs-accordion\"><div class=\"easytabs-contents\"><div class=\"easytabs-content-item easytabs-active\" data-et-marker=\"tabs-su-aftersun-kremas-veidui-ir-kunui-ph-5-5-2\" data-et-handle=\"tabs-kaip-naudoti\"><h5 class=\"easytabs-accordion-item\" tabindex=\"0\" aria-labelledby=\"easytabs-slide-label-4708791746692-0\" aria-selected=\"true\"><a class=\"ui-tabs-anchor js-no-transition\">Kaip naudoti?<\/a><\/h5><div class=\"easytabs-content-holder\" aria-labelledby=\"easytabs-slide-label-4708791746692-0\" aria-expanded=\"true\" aria-hidden=\"false\"><p>Po saul\u0117s poveikio krem\u0105 \u0161velniai \u012fmasa\u017euokite \u012f veido ir k\u016bno od\u0105, kartokite pagal poreik\u012f.<\/p><\/div><\/div><div class=\"easytabs-content-item\" data-et-marker=\"tabs-su-aftersun-kremas-veidui-ir-kunui-ph-5-5-3\" data-et-handle=\"tabs-sudedamosios-dalys\"><h5 class=\"easytabs-accordion-item\" tabindex=\"-1\" aria-labelledby=\"easytabs-slide-label-4708791746692-1\" aria-selected=\"false\"><a class=\"ui-tabs-anchor js-no-transition\">Sudedamosios dalys<\/a><\/h5><div tabindex=\"-1\" aria-labelledby=\"easytabs-slide-label-4708791746692-1\" aria-selected=\"false\">AQUA \/ WATER \/ EAU, GLYCERIN, C12-15 ALKYL BENZOATE, GLYCERYL STEARATE CITRATE, PARFUM \/ FRAGRANCE, DICAPRYLYL CARBONATE, PROPYLHEPTYL CAPRYLATE, CAPRYLIC\/CAPRIC TRIGLYCERIDE, NEOPENTYL GLYCOL DIHEPTANOATE, HEXYLDECANOL, HEXYLDECYL LAURATE, SODIUM ACRYLATES\/BEHENETH-25 METHACRYLATE CROSSPOLYMER, HYDROGENATED POLYDECENE, PENTAERYTHRITYL TETRA-DI-T-BUTYL HYDROXYHYDROCINNAMATE, SORBITAN LAURATE, TOCOPHERYL ACETATE, ACRYLATES\/C10-30 ALKYL ACRYLATE CROSSPOLYMER, ARGANIA SPINOSA KERNEL OIL, CORYLUS AVELLANA SEED OIL \/ CORYLUS AVELLANA (HAZELNUT) SEED OIL, MACADAMIA TERNIFOLIA SEED OIL, CAPRYLYL GLYCOL, SODIUM ANISATE, BUTYROSPERMUM PARKII BUTTER \/ BUTYROSPERMUM PARKII (SHEA) BUTTER, DISODIUM EDTA, ALOE BARBADENSIS LEAF JUICE POWDER, LAURYL GLUCOSIDE, LINALOOL, CAPRYLHYDROXAMIC ACID, CITRUS AURANTIUM AMARA FRUIT EXTRACT \/ CITRUS AURANTIUM AMARA (BITTER ORANGE) FRUIT EXTRACT, ALPHA-ISOMETHYL IONONE, HYDROXYCITRONELLAL, CITRIC ACID, EUGENOL, SODIUM BENZOATE.<\/div><\/div><\/div><\/div><\/div>\t\t\t\t\t\t<\/div>\n\t\t\t\t<\/div>\n\t\t\t\t\t<\/div>\n\t\t<\/div>\n\t\t\t\t\t\t\t<\/div>\n\t\t<\/section>\n\t\t\t\t\t\t<\/div>\n\t\t\t\t\t<\/div>\n\t\t","protected":false},"excerpt":{"rendered":"<div class=\"easytabs-text\">\n<p>Tai gelin\u0117s tekst\u016bros kremas, naudojamas po saul\u0117s voni\u0173, norint sudr\u0117kinti, pamaitinti k\u016bno od\u0105. Kremas ramina ir nedelsiant atstato saus\u0105 bei paraudusi\u0105 od\u0105 po saul\u0117s poveikio. Greitai susigeria, nepalieka lipnumo.<\/p>\n<\/div>\n","protected":false},"featured_media":10454,"comment_status":"open","ping_status":"closed","template":"","meta":{"om_disable_all_campaigns":false},"product_brand":[],"product_cat":[42],"product_tag":[],"class_list":{"0":"post-10453","1":"product","2":"type-product","3":"status-publish","4":"has-post-thumbnail","6":"product_cat-veido-ir-kuno-prieziura","8":"first","9":"instock","10":"shipping-taxable","11":"purchasable","12":"product-type-simple","13":"add-to-wishlist-before_image"},"aioseo_notices":[],"_links":{"self":[{"href":"https:\/\/kasperindre.lt\/index.php?rest_route=\/wp\/v2\/product\/10453","targetHints":{"allow":["GET"]}}],"collection":[{"href":"https:\/\/kasperindre.lt\/index.php?rest_route=\/wp\/v2\/product"}],"about":[{"href":"https:\/\/kasperindre.lt\/index.php?rest_route=\/wp\/v2\/types\/product"}],"replies":[{"embeddable":true,"href":"https:\/\/kasperindre.lt\/index.php?rest_route=%2Fwp%2Fv2%2Fcomments&post=10453"}],"version-history":[{"count":4,"href":"https:\/\/kasperindre.lt\/index.php?rest_route=\/wp\/v2\/product\/10453\/revisions"}],"predecessor-version":[{"id":10458,"href":"https:\/\/kasperindre.lt\/index.php?rest_route=\/wp\/v2\/product\/10453\/revisions\/10458"}],"wp:featuredmedia":[{"embeddable":true,"href":"https:\/\/kasperindre.lt\/index.php?rest_route=\/wp\/v2\/media\/10454"}],"wp:attachment":[{"href":"https:\/\/kasperindre.lt\/index.php?rest_route=%2Fwp%2Fv2%2Fmedia&parent=10453"}],"wp:term":[{"taxonomy":"product_brand","embeddable":true,"href":"https:\/\/kasperindre.lt\/index.php?rest_route=%2Fwp%2Fv2%2Fproduct_brand&post=10453"},{"taxonomy":"product_cat","embeddable":true,"href":"https:\/\/kasperindre.lt\/index.php?rest_route=%2Fwp%2Fv2%2Fproduct_cat&post=10453"},{"taxonomy":"product_tag","embeddable":true,"href":"https:\/\/kasperindre.lt\/index.php?rest_route=%2Fwp%2Fv2%2Fproduct_tag&post=10453"}],"curies":[{"name":"wp","href":"https:\/\/api.w.org\/{rel}","templated":true}]}}