{"id":10445,"date":"2021-08-06T17:11:03","date_gmt":"2021-08-06T17:11:03","guid":{"rendered":"http:\/\/kasperindre.lt\/?post_type=product&#038;p=10445"},"modified":"2024-09-26T19:21:23","modified_gmt":"2024-09-26T19:21:23","slug":"ranku-kremas-oi","status":"publish","type":"product","link":"https:\/\/kasperindre.lt\/?product=ranku-kremas-oi","title":{"rendered":"RANK\u0172 KREMAS | OI"},"content":{"rendered":"\t\t<div data-elementor-type=\"wp-post\" data-elementor-id=\"10445\" class=\"elementor elementor-10445\" data-elementor-settings=\"[]\">\n\t\t\t\t\t\t\t<div class=\"elementor-section-wrap\">\n\t\t\t\t\t\t\t<section class=\"elementor-section elementor-top-section elementor-element elementor-element-36ea421b elementor-section-boxed elementor-section-height-default elementor-section-height-default qodef-elementor-content-no\" data-id=\"36ea421b\" data-element_type=\"section\">\n\t\t\t\t\t\t<div class=\"elementor-container elementor-column-gap-default\">\n\t\t\t\t\t<div class=\"elementor-column elementor-col-100 elementor-top-column elementor-element elementor-element-50647f41\" data-id=\"50647f41\" data-element_type=\"column\">\n\t\t\t<div class=\"elementor-widget-wrap elementor-element-populated\">\n\t\t\t\t\t\t\t\t<div class=\"elementor-element elementor-element-669d9d6f elementor-widget elementor-widget-text-editor\" data-id=\"669d9d6f\" data-element_type=\"widget\" data-widget_type=\"text-editor.default\">\n\t\t\t\t<div class=\"elementor-widget-container\">\n\t\t\t\t\t\t\t<div class=\"easytabs-text\"><p>Gydom\u0105j\u012f ir dr\u0117kinant\u012f poveik\u012f turintis rank\u0173 kremas. Speciali formul\u0117 apsaugo rank\u0173 od\u0105 nuo saul\u0117s, v\u0117jo ir \u0161al\u010dio daromos \u017ealos.<\/p><\/div><div id=\"4707943481476\" class=\"easytabs-container tab-widget-4707943481476 easytabs-inited\" data-et-min-width=\"0\" data-et-auto-accordion=\"0\" data-et-cbw=\"1\" data-et-cbr=\"3\" data-et-sta=\"1\" data-et-amp=\"0\" data-et-flx=\"0\" data-et-wt=\"0\" data-et-ao=\"1\" data-et-tabs-width=\"295\"><div class=\"easytabs-holder easytabs-accordion\"><div class=\"easytabs-contents\"><div class=\"easytabs-content-item easytabs-active\" data-et-marker=\"tabs-oi-ranku-kremas-ph-6-2\" data-et-handle=\"tabs-kaip-naudoti\"><h5 class=\"easytabs-accordion-item\" tabindex=\"0\" aria-labelledby=\"easytabs-slide-label-4707943481476-0\" aria-selected=\"true\"><a class=\"ui-tabs-anchor js-no-transition\">Kaip naudoti?<\/a><\/h5><div class=\"easytabs-content-holder\" aria-labelledby=\"easytabs-slide-label-4707943481476-0\" aria-expanded=\"true\" aria-hidden=\"false\"><p>Tepkite ant rank\u0173 odos ir \u0161velniais judesiais masa\u017euokite, kol kremas pilnai susigers.<\/p><\/div><\/div><div class=\"easytabs-content-item\" data-et-marker=\"tabs-oi-ranku-kremas-ph-6-3\" data-et-handle=\"tabs-sudedamosios-dalys\"><h5 class=\"easytabs-accordion-item\" tabindex=\"-1\" aria-labelledby=\"easytabs-slide-label-4707943481476-1\" aria-selected=\"false\"><a class=\"ui-tabs-anchor js-no-transition\">Sudedamosios dalys<\/a><\/h5><p>Visuose OI linijos produktuose yra aliejaus, i\u0161gauto i\u0161 Roucou, augalo, kilusio i\u0161 Amazon\u0117s. Jame gausu beta-karotino (100 kart\u0173 daugiau nei morkose).<\/p><p>AQUA \/ WATER \/ EAU, GLYCERIN, CYCLOPENTASILOXANE, CETEARYL ALCOHOL, CETYL ALCOHOL, ARACHIDYL ALCOHOL, BEHENYL ALCOHOL, BENZYL ALCOHOL, CYCLOHEXASILOXANE, TOCOPHERYL ACETATE, DIMETHICONE, DICAPRYLYL CARBONATE, C12-15 ALKYL BENZOATE, ARACHIDYL GLUCOSIDE, DIMETHICONE CROSSPOLYMER, ALLANTOIN, SODIUM POLYACRYLATE, HEXYLDECYL LAURATE, HEXYLDECANOL, PARFUM \/ FRAGRANCE, POTASSIUM SORBATE, HYDROGENATED POLYDECENE, C30-45 ALKYL METHICONE, C30-45 OLEFIN, OLEA EUROPAEA FRUIT OIL \/ OLEA EUROPAEA (OLIVE) FRUIT OIL, SIMMONDSIA CHINENSIS SEED OIL \/ SIMMONDSIA CHINENSIS (JOJOBA) SEED OIL, PRUNUS AMYGDALUS DULCIS OIL \/ PRUNUS AMYGDALUS DULCIS (SWEET ALMOND) OIL, DISODIUM EDTA, TOCOPHEROL, TRIDECETH-6, BIXA ORELLANA SEED OIL, HYDROGENATED PALM GLYCERIDES CITRATE, CITRONELLOL, GERANIOL, JUGLANS REGIA SEED EXTRACT \/ JUGLANS REGIA (WALNUT) SEED EXTRACT, ALPHA-ISOMETHYL IONONE, LINALOOL<\/p><\/div><\/div><\/div><\/div>\t\t\t\t\t\t<\/div>\n\t\t\t\t<\/div>\n\t\t\t\t\t<\/div>\n\t\t<\/div>\n\t\t\t\t\t\t\t<\/div>\n\t\t<\/section>\n\t\t\t\t\t\t<\/div>\n\t\t\t\t\t<\/div>\n\t\t","protected":false},"excerpt":{"rendered":"<div class=\"easytabs-text\">\n<p>Gydom\u0105j\u012f ir dr\u0117kinant\u012f poveik\u012f turintis rank\u0173 kremas. Speciali formul\u0117 apsaugo rank\u0173 od\u0105 nuo saul\u0117s, v\u0117jo ir \u0161al\u010dio daromos \u017ealos.<\/p>\n<\/div>\n","protected":false},"featured_media":10446,"comment_status":"open","ping_status":"closed","template":"","meta":{"om_disable_all_campaigns":false},"product_brand":[],"product_cat":[44,42],"product_tag":[],"class_list":{"0":"post-10445","1":"product","2":"type-product","3":"status-publish","4":"has-post-thumbnail","6":"product_cat-mini-produktai","7":"product_cat-veido-ir-kuno-prieziura","9":"first","10":"instock","11":"shipping-taxable","12":"purchasable","13":"product-type-variable","14":"add-to-wishlist-before_image"},"aioseo_notices":[],"_links":{"self":[{"href":"https:\/\/kasperindre.lt\/index.php?rest_route=\/wp\/v2\/product\/10445","targetHints":{"allow":["GET"]}}],"collection":[{"href":"https:\/\/kasperindre.lt\/index.php?rest_route=\/wp\/v2\/product"}],"about":[{"href":"https:\/\/kasperindre.lt\/index.php?rest_route=\/wp\/v2\/types\/product"}],"replies":[{"embeddable":true,"href":"https:\/\/kasperindre.lt\/index.php?rest_route=%2Fwp%2Fv2%2Fcomments&post=10445"}],"version-history":[{"count":5,"href":"https:\/\/kasperindre.lt\/index.php?rest_route=\/wp\/v2\/product\/10445\/revisions"}],"predecessor-version":[{"id":11124,"href":"https:\/\/kasperindre.lt\/index.php?rest_route=\/wp\/v2\/product\/10445\/revisions\/11124"}],"wp:featuredmedia":[{"embeddable":true,"href":"https:\/\/kasperindre.lt\/index.php?rest_route=\/wp\/v2\/media\/10446"}],"wp:attachment":[{"href":"https:\/\/kasperindre.lt\/index.php?rest_route=%2Fwp%2Fv2%2Fmedia&parent=10445"}],"wp:term":[{"taxonomy":"product_brand","embeddable":true,"href":"https:\/\/kasperindre.lt\/index.php?rest_route=%2Fwp%2Fv2%2Fproduct_brand&post=10445"},{"taxonomy":"product_cat","embeddable":true,"href":"https:\/\/kasperindre.lt\/index.php?rest_route=%2Fwp%2Fv2%2Fproduct_cat&post=10445"},{"taxonomy":"product_tag","embeddable":true,"href":"https:\/\/kasperindre.lt\/index.php?rest_route=%2Fwp%2Fv2%2Fproduct_tag&post=10445"}],"curies":[{"name":"wp","href":"https:\/\/api.w.org\/{rel}","templated":true}]}}