{"id":10439,"date":"2021-08-06T17:06:54","date_gmt":"2021-08-06T17:06:54","guid":{"rendered":"http:\/\/kasperindre.lt\/?post_type=product&#038;p=10439"},"modified":"2024-09-26T19:20:32","modified_gmt":"2024-09-26T19:20:32","slug":"kuno-prausiklis-oi","status":"publish","type":"product","link":"https:\/\/kasperindre.lt\/?product=kuno-prausiklis-oi","title":{"rendered":"K\u016aNO PRAUSIKLIS | OI"},"content":{"rendered":"\t\t<div data-elementor-type=\"wp-post\" data-elementor-id=\"10439\" class=\"elementor elementor-10439\" data-elementor-settings=\"[]\">\n\t\t\t\t\t\t\t<div class=\"elementor-section-wrap\">\n\t\t\t\t\t\t\t<section class=\"elementor-section elementor-top-section elementor-element elementor-element-1672c45b elementor-section-boxed elementor-section-height-default elementor-section-height-default qodef-elementor-content-no\" data-id=\"1672c45b\" data-element_type=\"section\">\n\t\t\t\t\t\t<div class=\"elementor-container elementor-column-gap-default\">\n\t\t\t\t\t<div class=\"elementor-column elementor-col-100 elementor-top-column elementor-element elementor-element-122dd116\" data-id=\"122dd116\" data-element_type=\"column\">\n\t\t\t<div class=\"elementor-widget-wrap elementor-element-populated\">\n\t\t\t\t\t\t\t\t<div class=\"elementor-element elementor-element-2737b291 elementor-widget elementor-widget-text-editor\" data-id=\"2737b291\" data-element_type=\"widget\" data-widget_type=\"text-editor.default\">\n\t\t\t\t<div class=\"elementor-widget-container\">\n\t\t\t\t\t\t\t<div class=\"easytabs-text\"><p>\u0160velniai valanti du\u0161o \u017eel\u0117 suteikia \u0161velnumo ir dr\u0117kina j\u016bs\u0173 od\u0105. Kremin\u0117 tekst\u016bra ir prabangus aromatas kasdien\u012f gro\u017eio ritual\u0105 paver\u010dia malonia patirtimi.<\/p><\/div><div id=\"4707927687300\" class=\"easytabs-container tab-widget-4707927687300 easytabs-inited\" data-et-min-width=\"0\" data-et-auto-accordion=\"0\" data-et-cbw=\"1\" data-et-cbr=\"3\" data-et-sta=\"1\" data-et-amp=\"0\" data-et-flx=\"0\" data-et-wt=\"0\" data-et-ao=\"1\" data-et-tabs-width=\"295\"><div class=\"easytabs-holder easytabs-accordion\"><div class=\"easytabs-contents\"><div class=\"easytabs-content-item easytabs-active\" data-et-marker=\"tabs-oi-kuno-prausiklis-ph-5-5-2\" data-et-handle=\"tabs-kaip-naudoti\"><h5 class=\"easytabs-accordion-item\" tabindex=\"0\" aria-labelledby=\"easytabs-slide-label-4707927687300-0\" aria-selected=\"true\"><a class=\"ui-tabs-anchor js-no-transition\">Kaip naudoti?<\/a><\/h5><div class=\"easytabs-content-holder\" aria-labelledby=\"easytabs-slide-label-4707927687300-0\" aria-expanded=\"true\" aria-hidden=\"false\"><p>Tepkite produkt\u0105 ant dr\u0117gnos odos. \u012emasa\u017euokite, tuomet nuplaukite.<\/p><\/div><\/div><div class=\"easytabs-content-item\" data-et-marker=\"tabs-oi-kuno-prausiklis-ph-5-5-3\" data-et-handle=\"tabs-sudedamosios-dalys\"><h5 class=\"easytabs-accordion-item\" tabindex=\"-1\" aria-labelledby=\"easytabs-slide-label-4707927687300-1\" aria-selected=\"false\"><a class=\"ui-tabs-anchor js-no-transition\">Sudedamosios dalys<\/a><\/h5><div tabindex=\"-1\" aria-labelledby=\"easytabs-slide-label-4707927687300-1\" aria-selected=\"false\"><p>Visuose OI linijos produktuose yra aliejaus, i\u0161gauto i\u0161 Roucou, augalo, kilusio i\u0161 Amazon\u0117s. Jame gausu beta-karotino (100 kart\u0173 daugiau nei morkose), jis atgaivina plauko strukt\u016br\u0105 ir skatina j\u0173 augim\u0105.<\/p><p>AQUA \/ WATER \/ EAU, DISODIUM LAURETH SULFOSUCCINATE, COCAMIDOPROPYL BETAINE, SODIUM LAUROYL METHYL ISETHIONATE, GLYCERIN, COCO-GLUCOSIDE, GLYCOL DISTEARATE, GLYCERYL OLEATE, PARFUM \/ FRAGRANCE, SODIUM COCOYL GLYCINATE, SODIUM CHLORIDE, ACRYLATES\/C10-30 ALKYL ACRYLATE CROSSPOLYMER, BENZYL ALCOHOL, SODIUM COCOYL ISETHIONATE, POLYSORBATE 20, CETYL BETAINE, SODIUM LAUROAMPHOACETATE, SODIUM METHYL COCOYL TAURATE, SODIUM BENZOATE, TETRASODIUM GLUTAMATE DIACETATE, CITRIC ACID, LAURYL BETAINE, POLYQUATERNIUM-7, TRISODIUM ETHYLENEDIAMINE DISUCCINATE, POLYQUATERNIUM-10, GLYCERYL STEARATE, SODIUM HYDROXIDE, CITRONELLOL, BENZOIC ACID, HELIANTHUS ANNUUS SEED OIL \/ HELIANTHUS ANNUUS (SUNFLOWER) SEED OIL, BIXA ORELLANA SEED OIL, TOCOPHEROL<\/p><\/div><\/div><\/div><\/div><\/div>\t\t\t\t\t\t<\/div>\n\t\t\t\t<\/div>\n\t\t\t\t\t<\/div>\n\t\t<\/div>\n\t\t\t\t\t\t\t<\/div>\n\t\t<\/section>\n\t\t\t\t\t\t<\/div>\n\t\t\t\t\t<\/div>\n\t\t","protected":false},"excerpt":{"rendered":"<div class=\"easytabs-text\">\n<p>\u0160velniai valanti du\u0161o \u017eel\u0117 suteikia \u0161velnumo ir dr\u0117kina j\u016bs\u0173 od\u0105. Kremin\u0117 tekst\u016bra ir prabangus aromatas kasdien\u012f gro\u017eio ritual\u0105 paver\u010dia malonia patirtimi.<\/p>\n<\/div>\n","protected":false},"featured_media":10440,"comment_status":"open","ping_status":"closed","template":"","meta":{"om_disable_all_campaigns":false},"product_brand":[],"product_cat":[42],"product_tag":[],"class_list":{"0":"post-10439","1":"product","2":"type-product","3":"status-publish","4":"has-post-thumbnail","6":"product_cat-veido-ir-kuno-prieziura","8":"first","9":"instock","10":"shipping-taxable","11":"purchasable","12":"product-type-simple","13":"add-to-wishlist-before_image"},"aioseo_notices":[],"_links":{"self":[{"href":"https:\/\/kasperindre.lt\/index.php?rest_route=\/wp\/v2\/product\/10439","targetHints":{"allow":["GET"]}}],"collection":[{"href":"https:\/\/kasperindre.lt\/index.php?rest_route=\/wp\/v2\/product"}],"about":[{"href":"https:\/\/kasperindre.lt\/index.php?rest_route=\/wp\/v2\/types\/product"}],"replies":[{"embeddable":true,"href":"https:\/\/kasperindre.lt\/index.php?rest_route=%2Fwp%2Fv2%2Fcomments&post=10439"}],"version-history":[{"count":4,"href":"https:\/\/kasperindre.lt\/index.php?rest_route=\/wp\/v2\/product\/10439\/revisions"}],"predecessor-version":[{"id":10444,"href":"https:\/\/kasperindre.lt\/index.php?rest_route=\/wp\/v2\/product\/10439\/revisions\/10444"}],"wp:featuredmedia":[{"embeddable":true,"href":"https:\/\/kasperindre.lt\/index.php?rest_route=\/wp\/v2\/media\/10440"}],"wp:attachment":[{"href":"https:\/\/kasperindre.lt\/index.php?rest_route=%2Fwp%2Fv2%2Fmedia&parent=10439"}],"wp:term":[{"taxonomy":"product_brand","embeddable":true,"href":"https:\/\/kasperindre.lt\/index.php?rest_route=%2Fwp%2Fv2%2Fproduct_brand&post=10439"},{"taxonomy":"product_cat","embeddable":true,"href":"https:\/\/kasperindre.lt\/index.php?rest_route=%2Fwp%2Fv2%2Fproduct_cat&post=10439"},{"taxonomy":"product_tag","embeddable":true,"href":"https:\/\/kasperindre.lt\/index.php?rest_route=%2Fwp%2Fv2%2Fproduct_tag&post=10439"}],"curies":[{"name":"wp","href":"https:\/\/api.w.org\/{rel}","templated":true}]}}