{"id":10432,"date":"2021-08-06T17:03:48","date_gmt":"2021-08-06T17:03:48","guid":{"rendered":"http:\/\/kasperindre.lt\/?post_type=product&#038;p=10432"},"modified":"2024-09-26T19:19:39","modified_gmt":"2024-09-26T19:19:39","slug":"blizgesys-ir-apsauga-sviesiems-plaukams-heart-of-glass","status":"publish","type":"product","link":"https:\/\/kasperindre.lt\/?product=blizgesys-ir-apsauga-sviesiems-plaukams-heart-of-glass","title":{"rendered":"BLIZGESYS IR APSAUGA \u0160VIESIEMS PLAUKAMS | HEART OF GLASS"},"content":{"rendered":"\t\t<div data-elementor-type=\"wp-post\" data-elementor-id=\"10432\" class=\"elementor elementor-10432\" data-elementor-settings=\"[]\">\n\t\t\t\t\t\t\t<div class=\"elementor-section-wrap\">\n\t\t\t\t\t\t\t<section class=\"elementor-section elementor-top-section elementor-element elementor-element-644e3f5e elementor-section-boxed elementor-section-height-default elementor-section-height-default qodef-elementor-content-no\" data-id=\"644e3f5e\" data-element_type=\"section\">\n\t\t\t\t\t\t<div class=\"elementor-container elementor-column-gap-default\">\n\t\t\t\t\t<div class=\"elementor-column elementor-col-100 elementor-top-column elementor-element elementor-element-72b8ff36\" data-id=\"72b8ff36\" data-element_type=\"column\">\n\t\t\t<div class=\"elementor-widget-wrap elementor-element-populated\">\n\t\t\t\t\t\t\t\t<div class=\"elementor-element elementor-element-731a66b6 elementor-widget elementor-widget-text-editor\" data-id=\"731a66b6\" data-element_type=\"widget\" data-widget_type=\"text-editor.default\">\n\t\t\t\t<div class=\"elementor-widget-container\">\n\t\t\t\t\t\t\t<p>Tai blizgesys ir apsauga \u0161viesiems plaukams, kuris suteikia \u0161vyt\u0117jimo nat\u016braliems ir da\u017eytiems \u0161viesiems plaukams.<\/p><p class=\"sse-size-16\">Stiprinan\u010dio botaninio skys\u010dio \u201eHeart of Glass Sheer Glaze\u201c sud\u0117tyje yra nauja nat\u016brali veiklioji med\u017eiaga &#8211;\u00a0Fortifying Botanical shield, patentuota \u201eDavines Labs\u201c laboratorijoje, kuri i\u0161gauta i\u0161 skandinavi\u0161kos egl\u0117s. \u0160is \u201ebotaninis skydas\u201c yra i\u0161gautas i\u0161 pluo\u0161t\u0173, paimt\u0173 i\u0161 tvariuose mi\u0161kuose u\u017eaugint\u0173 med\u017ei\u0173. Jis stiprina, dr\u0117kina ir suteikia plaukams elastingumo, blizgesio. Tuo pa\u010diu, apsaugodamas juos nuo kar\u0161\u010dio bei padeda plauk\u0173 su\u0161ukavimui i\u0161likti ilgesn\u012f laik\u0105.<\/p><div class=\"easytabs-content-item easytabs-active\" data-et-marker=\"tabs-hog-blizgesys-ir-apsauga-sviesiems-plaukams-2\" data-et-handle=\"tabs-kaip-naudoti\"><h5 class=\"easytabs-accordion-item\" tabindex=\"0\" aria-labelledby=\"easytabs-slide-label-6547449512119-0\" aria-selected=\"true\"><a class=\"ui-tabs-anchor js-no-transition\">Kaip naudoti?<\/a><\/h5><div class=\"easytabs-content-holder\" aria-labelledby=\"easytabs-slide-label-6547449512119-0\" aria-expanded=\"true\" aria-hidden=\"false\"><p>Tolygiai purk\u0161ti nuo 7 iki 15 paspaudim\u0173 ant dr\u0117gn\u0173, rank\u0161luos\u010diu nusausint\u0173 plauk\u0173. Per\u0161ukuoti ir t\u0119sti formavim\u0105 su savo m\u0117gstamais plauk\u0173 produktais.<\/p><\/div><\/div><div class=\"easytabs-content-item\" data-et-marker=\"tabs-hog-blizgesys-ir-apsauga-sviesiems-plaukams-3\" data-et-handle=\"tabs-sudedamosios-dalys\"><h5 class=\"easytabs-accordion-item\" tabindex=\"-1\" aria-labelledby=\"easytabs-slide-label-6547449512119-1\" aria-selected=\"false\"><a class=\"ui-tabs-anchor js-no-transition\">Sudedamosios dalys<\/a><\/h5><p>UV filtrai<\/p><p class=\"p1\"><span class=\"s1\"><b>BIACIDIC BOND KOMPLEKSAS<\/b>\u00a0&#8211; tai molekuli\u0173 kompleksas, sukurtas ir u\u017epatentuotas \u201eDavines Labs\u201c laboratorijoje. Jis sukuria nepaprast\u0105 poveik\u012f plaukams, sustiprina juos, apsaugo bei atstato padaryt\u0105 \u017eal\u0105.\u00a0<\/span><\/p><p class=\"p1\"><span class=\"s1\">&#8222;Heart of Glass&#8221; formul\u0117s yra praturtintos naujovi\u0161ku nat\u016braliu\u00a0<b>baobabo s\u0117kl\u0173<\/b>\u00a0ekstraktu. \u0160is ingredientas yra botanin\u0117 silikon\u0173 naudojimo alternatyva, nes jis padeda dr\u0117kinti ir drausminti plaukus, tod\u0117l jie tampa paslankesni. Ekstraktas gaunamas i\u0161 baobabo plantacij\u0173, auginam\u0173 ir tvariai tvarkom\u0173 teritorij\u0173, siekiant prisid\u0117ti prie ekonomin\u0117s Afrikos pl\u0117tros.<\/span><\/p><p class=\"p1\"><span class=\"s1\">AQUA \/ WATER \/ EAU, CETEARYL ALCOHOL, BEHENTRIMONIUM CHLORIDE, BENZYL ALCOHOL, CELLULOSE, CETRIMONIUM CHLORIDE, CETYL ALCOHOL, DICOCOYLPENTAERYTHRITYLDISTEARYLCITRATE, PARFUM \/ FRAGRANCE, SODIUM BENZOATE, ISOPROPYL ALCOHOL, LACTIC ACID, CAPRYLYL GLYCOL, PHENETHYL BENZOATE, DISODIUM EDTA, POLYGLYCERYL-4 OLEATE, ETHYLHEXYLGLYCERIN, ETHYLHEXYL METHOXYCINNAMATE, HYDROLYZED ADANSONIA DIGITATA SEED EXTRACT, GLYCERYL OLIVATE, ALPHA-ISOMETHYLIONONE, HYDROGENATED RAPESEED ALCOHOL, LINALOOL, COUMARIN.<\/span><\/p><\/div>\t\t\t\t\t\t<\/div>\n\t\t\t\t<\/div>\n\t\t\t\t\t<\/div>\n\t\t<\/div>\n\t\t\t\t\t\t\t<\/div>\n\t\t<\/section>\n\t\t\t\t\t\t<\/div>\n\t\t\t\t\t<\/div>\n\t\t","protected":false},"excerpt":{"rendered":"<p>Tai blizgesys ir apsauga \u0161viesiems plaukams, kuris suteikia \u0161vyt\u0117jimo nat\u016braliems ir da\u017eytiems \u0161viesiems plaukams.<\/p>\n","protected":false},"featured_media":10433,"comment_status":"open","ping_status":"closed","template":"","meta":{"om_disable_all_campaigns":false},"product_brand":[],"product_cat":[80],"product_tag":[],"class_list":{"0":"post-10432","1":"product","2":"type-product","3":"status-publish","4":"has-post-thumbnail","6":"product_cat-apsauga-nuo-karscio","8":"first","9":"instock","10":"shipping-taxable","11":"purchasable","12":"product-type-simple","13":"add-to-wishlist-before_image"},"aioseo_notices":[],"_links":{"self":[{"href":"https:\/\/kasperindre.lt\/index.php?rest_route=\/wp\/v2\/product\/10432","targetHints":{"allow":["GET"]}}],"collection":[{"href":"https:\/\/kasperindre.lt\/index.php?rest_route=\/wp\/v2\/product"}],"about":[{"href":"https:\/\/kasperindre.lt\/index.php?rest_route=\/wp\/v2\/types\/product"}],"replies":[{"embeddable":true,"href":"https:\/\/kasperindre.lt\/index.php?rest_route=%2Fwp%2Fv2%2Fcomments&post=10432"}],"version-history":[{"count":5,"href":"https:\/\/kasperindre.lt\/index.php?rest_route=\/wp\/v2\/product\/10432\/revisions"}],"predecessor-version":[{"id":10500,"href":"https:\/\/kasperindre.lt\/index.php?rest_route=\/wp\/v2\/product\/10432\/revisions\/10500"}],"wp:featuredmedia":[{"embeddable":true,"href":"https:\/\/kasperindre.lt\/index.php?rest_route=\/wp\/v2\/media\/10433"}],"wp:attachment":[{"href":"https:\/\/kasperindre.lt\/index.php?rest_route=%2Fwp%2Fv2%2Fmedia&parent=10432"}],"wp:term":[{"taxonomy":"product_brand","embeddable":true,"href":"https:\/\/kasperindre.lt\/index.php?rest_route=%2Fwp%2Fv2%2Fproduct_brand&post=10432"},{"taxonomy":"product_cat","embeddable":true,"href":"https:\/\/kasperindre.lt\/index.php?rest_route=%2Fwp%2Fv2%2Fproduct_cat&post=10432"},{"taxonomy":"product_tag","embeddable":true,"href":"https:\/\/kasperindre.lt\/index.php?rest_route=%2Fwp%2Fv2%2Fproduct_tag&post=10432"}],"curies":[{"name":"wp","href":"https:\/\/api.w.org\/{rel}","templated":true}]}}