{"id":10418,"date":"2021-08-06T11:18:08","date_gmt":"2021-08-06T11:18:08","guid":{"rendered":"http:\/\/kasperindre.lt\/?post_type=product&#038;p=10418"},"modified":"2024-09-26T19:17:08","modified_gmt":"2024-09-26T19:17:08","slug":"neaerozolis-plauku-lakas","status":"publish","type":"product","link":"https:\/\/kasperindre.lt\/?product=neaerozolis-plauku-lakas","title":{"rendered":"NEAEROZOLIS PLAUK\u0172 LAKAS"},"content":{"rendered":"\t\t<div data-elementor-type=\"wp-post\" data-elementor-id=\"10418\" class=\"elementor elementor-10418\" data-elementor-settings=\"[]\">\n\t\t\t\t\t\t\t<div class=\"elementor-section-wrap\">\n\t\t\t\t\t\t\t<section class=\"elementor-section elementor-top-section elementor-element elementor-element-4db49207 elementor-section-boxed elementor-section-height-default elementor-section-height-default qodef-elementor-content-no\" data-id=\"4db49207\" data-element_type=\"section\">\n\t\t\t\t\t\t<div class=\"elementor-container elementor-column-gap-default\">\n\t\t\t\t\t<div class=\"elementor-column elementor-col-100 elementor-top-column elementor-element elementor-element-e9433ed\" data-id=\"e9433ed\" data-element_type=\"column\">\n\t\t\t<div class=\"elementor-widget-wrap elementor-element-populated\">\n\t\t\t\t\t\t\t\t<div class=\"elementor-element elementor-element-62293c12 elementor-widget elementor-widget-text-editor\" data-id=\"62293c12\" data-element_type=\"widget\" data-widget_type=\"text-editor.default\">\n\t\t\t\t<div class=\"elementor-widget-container\">\n\t\t\t\t\t\t\t<p>Gamtos meil\u0117 ne\u012fmanoma, jei n\u0117ra \u0161irdyje harmonijos. Neaerozolis plauk\u0173 lakas skirtas suformuot\u0173 bei i\u0161\u0161ukuojam\u0173 plauk\u0173 i\u0161vaizdai. Puikiai tinka nat\u016braliai atrodantiems plaukams prilaikyti.<\/p><div class=\"easytabs-text\"><p>Privalumai: be duj\u0173, puikiai tinka naudojant tiesinimo \u017enyples, \u0161velniai blizga ir greitai i\u0161d\u017ei\u016bsta. Lakas atsparus dr\u0117gmei, nelimpa ir neapsunkina plauk\u0173.<\/p><\/div><div id=\"4708773888132\" class=\"easytabs-container tab-widget-4708773888132 easytabs-inited\" data-et-min-width=\"0\" data-et-auto-accordion=\"0\" data-et-cbw=\"1\" data-et-cbr=\"3\" data-et-sta=\"1\" data-et-amp=\"0\" data-et-flx=\"0\" data-et-wt=\"0\" data-et-ao=\"1\" data-et-tabs-width=\"295\"><div class=\"easytabs-holder easytabs-accordion\"><div class=\"easytabs-contents\"><div class=\"easytabs-content-item easytabs-active\" data-et-marker=\"tabs-beaerozolis-plauku-lakas-invisible-no-gas-spray-2\" data-et-handle=\"tabs-kaip-naudoti\"><h5 class=\"easytabs-accordion-item\" tabindex=\"0\" aria-labelledby=\"easytabs-slide-label-4708773888132-0\" aria-selected=\"true\"><a class=\"ui-tabs-anchor js-no-transition\">Kaip naudoti?<\/a><\/h5><div class=\"easytabs-content-holder\" aria-labelledby=\"easytabs-slide-label-4708773888132-0\" aria-expanded=\"true\" aria-hidden=\"false\"><p>Prie\u0161 naudodami suplakite. Purk\u0161kite ant dr\u0117gn\u0173 arba saus\u0173 plauk\u0173 ma\u017edaug 30 cm atstumu. \u0160vyt\u0117jimo poveikis: be aerozolio, i\u0161\u0161ukuojam\u0173 plauk\u0173 i\u0161vaizdai.<\/p><\/div><\/div><div class=\"easytabs-content-item\" data-et-marker=\"tabs-beaerozolis-plauku-lakas-invisible-no-gas-spray-3\" data-et-handle=\"tabs-sudedamosios-dalys\"><h5 class=\"easytabs-accordion-item\" tabindex=\"-1\" aria-labelledby=\"easytabs-slide-label-4708773888132-1\" aria-selected=\"false\"><a class=\"ui-tabs-anchor js-no-transition\">Sudedamosios dalys<\/a><\/h5><p>ALCOHOL DENAT., VA\/CROTONATES\/VINYL NEODECANOATE COPOLYMER, AMINOMETHYL PROPANOL, PARFUM, PROPYLENE GLYCOL, PANTHENOL, AQUA.<\/p><\/div><\/div><\/div><\/div>\t\t\t\t\t\t<\/div>\n\t\t\t\t<\/div>\n\t\t\t\t\t<\/div>\n\t\t<\/div>\n\t\t\t\t\t\t\t<\/div>\n\t\t<\/section>\n\t\t\t\t\t\t<\/div>\n\t\t\t\t\t<\/div>\n\t\t","protected":false},"excerpt":{"rendered":"<p>Gamtos meil\u0117 ne\u012fmanoma, jei n\u0117ra \u0161irdyje harmonijos. Neaerozolis plauk\u0173 lakas skirtas suformuot\u0173 bei i\u0161\u0161ukuojam\u0173 plauk\u0173 i\u0161vaizdai. Puikiai tinka nat\u016braliai atrodantiems plaukams prilaikyti.<\/p>\n","protected":false},"featured_media":10419,"comment_status":"open","ping_status":"closed","template":"","meta":{"om_disable_all_campaigns":false},"product_brand":[],"product_cat":[39],"product_tag":[28,33,68],"class_list":{"0":"post-10418","1":"product","2":"type-product","3":"status-publish","4":"has-post-thumbnail","6":"product_cat-plauku-lakai-ir-purskikliai","7":"product_tag-dazyti-plaukai","8":"product_tag-garbanoti-plaukai","9":"product_tag-normalus-plaukai","11":"first","12":"instock","13":"shipping-taxable","14":"purchasable","15":"product-type-simple","16":"add-to-wishlist-before_image"},"aioseo_notices":[],"_links":{"self":[{"href":"https:\/\/kasperindre.lt\/index.php?rest_route=\/wp\/v2\/product\/10418","targetHints":{"allow":["GET"]}}],"collection":[{"href":"https:\/\/kasperindre.lt\/index.php?rest_route=\/wp\/v2\/product"}],"about":[{"href":"https:\/\/kasperindre.lt\/index.php?rest_route=\/wp\/v2\/types\/product"}],"replies":[{"embeddable":true,"href":"https:\/\/kasperindre.lt\/index.php?rest_route=%2Fwp%2Fv2%2Fcomments&post=10418"}],"version-history":[{"count":5,"href":"https:\/\/kasperindre.lt\/index.php?rest_route=\/wp\/v2\/product\/10418\/revisions"}],"predecessor-version":[{"id":10424,"href":"https:\/\/kasperindre.lt\/index.php?rest_route=\/wp\/v2\/product\/10418\/revisions\/10424"}],"wp:featuredmedia":[{"embeddable":true,"href":"https:\/\/kasperindre.lt\/index.php?rest_route=\/wp\/v2\/media\/10419"}],"wp:attachment":[{"href":"https:\/\/kasperindre.lt\/index.php?rest_route=%2Fwp%2Fv2%2Fmedia&parent=10418"}],"wp:term":[{"taxonomy":"product_brand","embeddable":true,"href":"https:\/\/kasperindre.lt\/index.php?rest_route=%2Fwp%2Fv2%2Fproduct_brand&post=10418"},{"taxonomy":"product_cat","embeddable":true,"href":"https:\/\/kasperindre.lt\/index.php?rest_route=%2Fwp%2Fv2%2Fproduct_cat&post=10418"},{"taxonomy":"product_tag","embeddable":true,"href":"https:\/\/kasperindre.lt\/index.php?rest_route=%2Fwp%2Fv2%2Fproduct_tag&post=10418"}],"curies":[{"name":"wp","href":"https:\/\/api.w.org\/{rel}","templated":true}]}}