{"id":10397,"date":"2021-08-06T11:12:06","date_gmt":"2021-08-06T11:12:06","guid":{"rendered":"http:\/\/kasperindre.lt\/?post_type=product&#038;p=10397"},"modified":"2024-09-26T19:15:06","modified_gmt":"2024-09-26T19:15:06","slug":"plauku-lakas","status":"publish","type":"product","link":"https:\/\/kasperindre.lt\/?product=plauku-lakas","title":{"rendered":"STIPRIOS FIKSACIJOS PLAUK\u0172 LAKAS | STRONG HOLD HAIRSPRAY"},"content":{"rendered":"\t\t<div data-elementor-type=\"wp-post\" data-elementor-id=\"10397\" class=\"elementor elementor-10397\" data-elementor-settings=\"[]\">\n\t\t\t\t\t\t\t<div class=\"elementor-section-wrap\">\n\t\t\t\t\t\t\t<section class=\"elementor-section elementor-top-section elementor-element elementor-element-04c72d9 elementor-section-boxed elementor-section-height-default elementor-section-height-default qodef-elementor-content-no\" data-id=\"04c72d9\" data-element_type=\"section\">\n\t\t\t\t\t\t<div class=\"elementor-container elementor-column-gap-default\">\n\t\t\t\t\t<div class=\"elementor-column elementor-col-100 elementor-top-column elementor-element elementor-element-83a25fe\" data-id=\"83a25fe\" data-element_type=\"column\">\n\t\t\t<div class=\"elementor-widget-wrap elementor-element-populated\">\n\t\t\t\t\t\t\t\t<div class=\"elementor-element elementor-element-0eb2db1 elementor-widget elementor-widget-text-editor\" data-id=\"0eb2db1\" data-element_type=\"widget\" data-widget_type=\"text-editor.default\">\n\t\t\t\t<div class=\"elementor-widget-container\">\n\t\t\t\t\t\t\t<div class=\"easytabs-text\"><p>Stipri strukt\u016bra turi b\u016bti elastinga. Geriau b\u016bti lankstaus po\u017ei\u016brio, nes viskas turi savo prie\u0161ingyb\u0119. Stiprios fiksacijos plauk\u0173 lakas, skirtas suformuotiems plaukams ilgalaikiam efektui i\u0161gauti. Puikiai tinka ilgalaikei, stipriai sutvirtintai i\u0161vaizdai.<\/p><p>Privalumai: besikei\u010diantis stilius, atsparus dr\u0117gmei, greitai d\u017ei\u016bsta. Lakas pur\u0161kia smulkia dulksna, yra lengvai i\u0161\u0161ukuojamas, nesulipina plauk\u0173.<\/p><\/div><div id=\"4708775592068\" class=\"easytabs-container tab-widget-4708775592068 easytabs-inited\" data-et-min-width=\"0\" data-et-auto-accordion=\"0\" data-et-cbw=\"1\" data-et-cbr=\"3\" data-et-sta=\"1\" data-et-amp=\"0\" data-et-flx=\"0\" data-et-wt=\"0\" data-et-ao=\"1\" data-et-tabs-width=\"295\"><div class=\"easytabs-holder easytabs-accordion\"><div class=\"easytabs-contents\"><div class=\"easytabs-content-item easytabs-active\" data-et-marker=\"tabs-stiprios-fiksacijos-plauku-lakas-strong-hold-hairspray-2\" data-et-handle=\"tabs-kaip-naudoti\"><h5 class=\"easytabs-accordion-item\" tabindex=\"0\" aria-labelledby=\"easytabs-slide-label-4708775592068-0\" aria-selected=\"true\"><a class=\"ui-tabs-anchor js-no-transition\">Kaip naudoti?<\/a><\/h5><div class=\"easytabs-content-holder\" aria-labelledby=\"easytabs-slide-label-4708775592068-0\" aria-expanded=\"true\" aria-hidden=\"false\"><p>Prie\u0161 naudodami suplakite. Purk\u0161kite ant suformuot\u0173 plauk\u0173 ma\u017edaug 30 cm atstumu. \u0160vyt\u0117jimo poveikis: stipriai ir ilgalaikei i\u0161vaizdai.<\/p><\/div><\/div><div class=\"easytabs-content-item\" data-et-marker=\"tabs-stiprios-fiksacijos-plauku-lakas-strong-hold-hairspray-3\" data-et-handle=\"tabs-sudedamosios-dalys\"><h5 class=\"easytabs-accordion-item\" tabindex=\"-1\" aria-labelledby=\"easytabs-slide-label-4708775592068-1\" aria-selected=\"false\"><a class=\"ui-tabs-anchor js-no-transition\">Sudedamosios dalys<\/a><\/h5><p>ALCOHOL DENAT., BUTANE, PROPANE, ISOBUTANE, ACRYLATES COPOLYMER, AMINOMETHYL PROPANOL, PARFUM, AQUA, PROPYLENE GLYCOL, PANTHENOL.<\/p><\/div><\/div><\/div><\/div>\t\t\t\t\t\t<\/div>\n\t\t\t\t<\/div>\n\t\t\t\t\t<\/div>\n\t\t<\/div>\n\t\t\t\t\t\t\t<\/div>\n\t\t<\/section>\n\t\t\t\t\t\t<\/div>\n\t\t\t\t\t<\/div>\n\t\t","protected":false},"excerpt":{"rendered":"<div class=\"easytabs-text\">\n<p>Stipri strukt\u016bra turi b\u016bti elastinga. Geriau b\u016bti lankstaus po\u017ei\u016brio, nes viskas turi savo prie\u0161ingyb\u0119. Stiprios fiksacijos plauk\u0173 lakas, skirtas suformuotiems plaukams ilgalaikiam efektui i\u0161gauti. Puikiai tinka ilgalaikei, stipriai sutvirtintai i\u0161vaizdai.<\/p>\n<\/div>\n","protected":false},"featured_media":10398,"comment_status":"open","ping_status":"closed","template":"","meta":{"om_disable_all_campaigns":false},"product_brand":[],"product_cat":[39],"product_tag":[28,33,68],"class_list":{"0":"post-10397","1":"product","2":"type-product","3":"status-publish","4":"has-post-thumbnail","6":"product_cat-plauku-lakai-ir-purskikliai","7":"product_tag-dazyti-plaukai","8":"product_tag-garbanoti-plaukai","9":"product_tag-normalus-plaukai","11":"first","12":"instock","13":"shipping-taxable","14":"purchasable","15":"product-type-variable","16":"add-to-wishlist-before_image"},"aioseo_notices":[],"_links":{"self":[{"href":"https:\/\/kasperindre.lt\/index.php?rest_route=\/wp\/v2\/product\/10397","targetHints":{"allow":["GET"]}}],"collection":[{"href":"https:\/\/kasperindre.lt\/index.php?rest_route=\/wp\/v2\/product"}],"about":[{"href":"https:\/\/kasperindre.lt\/index.php?rest_route=\/wp\/v2\/types\/product"}],"replies":[{"embeddable":true,"href":"https:\/\/kasperindre.lt\/index.php?rest_route=%2Fwp%2Fv2%2Fcomments&post=10397"}],"version-history":[{"count":8,"href":"https:\/\/kasperindre.lt\/index.php?rest_route=\/wp\/v2\/product\/10397\/revisions"}],"predecessor-version":[{"id":11123,"href":"https:\/\/kasperindre.lt\/index.php?rest_route=\/wp\/v2\/product\/10397\/revisions\/11123"}],"wp:featuredmedia":[{"embeddable":true,"href":"https:\/\/kasperindre.lt\/index.php?rest_route=\/wp\/v2\/media\/10398"}],"wp:attachment":[{"href":"https:\/\/kasperindre.lt\/index.php?rest_route=%2Fwp%2Fv2%2Fmedia&parent=10397"}],"wp:term":[{"taxonomy":"product_brand","embeddable":true,"href":"https:\/\/kasperindre.lt\/index.php?rest_route=%2Fwp%2Fv2%2Fproduct_brand&post=10397"},{"taxonomy":"product_cat","embeddable":true,"href":"https:\/\/kasperindre.lt\/index.php?rest_route=%2Fwp%2Fv2%2Fproduct_cat&post=10397"},{"taxonomy":"product_tag","embeddable":true,"href":"https:\/\/kasperindre.lt\/index.php?rest_route=%2Fwp%2Fv2%2Fproduct_tag&post=10397"}],"curies":[{"name":"wp","href":"https:\/\/api.w.org\/{rel}","templated":true}]}}