{"id":10389,"date":"2021-08-06T11:06:58","date_gmt":"2021-08-06T11:06:58","guid":{"rendered":"http:\/\/kasperindre.lt\/?post_type=product&#038;p=10389"},"modified":"2024-09-26T19:14:07","modified_gmt":"2024-09-26T19:14:07","slug":"plauku-kremas-2","status":"publish","type":"product","link":"https:\/\/kasperindre.lt\/?product=plauku-kremas-2","title":{"rendered":"GARBAN\u0172 KREMAS PH: 4.5 | LOVE CURL"},"content":{"rendered":"\t\t<div data-elementor-type=\"wp-post\" data-elementor-id=\"10389\" class=\"elementor elementor-10389\" data-elementor-settings=\"[]\">\n\t\t\t\t\t\t\t<div class=\"elementor-section-wrap\">\n\t\t\t\t\t\t\t<section class=\"elementor-section elementor-top-section elementor-element elementor-element-9152f8d elementor-section-boxed elementor-section-height-default elementor-section-height-default qodef-elementor-content-no\" data-id=\"9152f8d\" data-element_type=\"section\">\n\t\t\t\t\t\t<div class=\"elementor-container elementor-column-gap-default\">\n\t\t\t\t\t<div class=\"elementor-column elementor-col-100 elementor-top-column elementor-element elementor-element-9ede07d\" data-id=\"9ede07d\" data-element_type=\"column\">\n\t\t\t<div class=\"elementor-widget-wrap elementor-element-populated\">\n\t\t\t\t\t\t\t\t<div class=\"elementor-element elementor-element-8a60110 elementor-widget elementor-widget-text-editor\" data-id=\"8a60110\" data-element_type=\"widget\" data-widget_type=\"text-editor.default\">\n\t\t\t\t<div class=\"elementor-widget-container\">\n\t\t\t\t\t\t\t<div class=\"easytabs-text\"><p>Suteikia garbanoms tvirtumo, j\u0173 neapsunkindamas. Nepalieka kremo liku\u010di\u0173 ir suteikia plaukams \u0161velnumo bei \u017evilgesio, juos sudr\u0117kina ir pamaitina.\u00a0<\/p><\/div><div id=\"4713252323460\" class=\"easytabs-container tab-widget-4713252323460 easytabs-inited\" data-et-min-width=\"0\" data-et-auto-accordion=\"0\" data-et-cbw=\"1\" data-et-cbr=\"3\" data-et-sta=\"1\" data-et-amp=\"0\" data-et-flx=\"0\" data-et-wt=\"0\" data-et-ao=\"1\" data-et-tabs-width=\"295\"><div class=\"easytabs-holder easytabs-accordion\"><div class=\"easytabs-contents\"><div class=\"easytabs-content-item easytabs-active\" data-et-marker=\"tabs-love-curl-cream-garbanu-kremas-ph-4-5-2\" data-et-handle=\"tabs-kaip-naudoti\"><h5 class=\"easytabs-accordion-item\" tabindex=\"0\" aria-labelledby=\"easytabs-slide-label-4713252323460-0\" aria-selected=\"true\"><a class=\"ui-tabs-anchor js-no-transition\">Kaip naudoti?<\/a><\/h5><div class=\"easytabs-content-holder\" aria-labelledby=\"easytabs-slide-label-4713252323460-0\" aria-expanded=\"true\" aria-hidden=\"false\"><p>Panaudoj\u0119 LOVE CURL kondicionieri\u0173 ar kauk\u0119, tolygiai paskirstykite produkt\u0105 ant rank\u0161luos\u010diu nusausint\u0173 plauk\u0173. D\u017eiovinant plaukus difuzoriumi, sustiprinamas garban\u0173 efektas.<\/p><\/div><\/div><div class=\"easytabs-content-item\" data-et-marker=\"tabs-love-curl-cream-garbanu-kremas-ph-4-5-3\" data-et-handle=\"tabs-sudedamosios-dalys\"><h5 class=\"easytabs-accordion-item\" tabindex=\"-1\" aria-labelledby=\"easytabs-slide-label-4713252323460-1\" aria-selected=\"false\"><a class=\"ui-tabs-anchor js-no-transition\">Sudedamosios dalys<\/a><\/h5><p>Su dar efektyvesniu \u201eNoto\u201c migdol\u0173 ekstraktu i\u0161 \u201eSlow Food Presidium\u201c. Linija turtinga\u00a0 baltym\u0173, B grup\u0117s vitamin\u0173, vitamino E, neso\u010di\u0173j\u0173 riebal\u0173, magnio, gele\u017eies, kalio, vario ir fosforo.<\/p><p><span class=\"specifics__item\"><span class=\"specifics__container\"><span class=\"specifics__list ingredients\">AQUA \/ WATER \/ EAU, PROPYLENE GLYCOL, TRIETHANOLAMINE, POLYACRYLAMIDOMETHYLPROPANE SULFONIC ACID, VINYL CAPROLACTAM\/VP\/DIMETHYLAMINOETHYL METHACRYLATE COPOLYMER, POLYSORBATE 20, BENZYL ALCOHOL, DIMETHICONE, ETHYLHEXYL METHOXYCINNAMATE, PANTHENOL, ACRYLATES\/C10-30 ALKYL ACRYLATE CROSSPOLYMER, POLYQUATERNIUM-28, CITRIC ACID, GLYCERIN, PARFUM \/ FRAGRANCE, SODIUM BENZOATE, HYDROXYPROPYLTRIMONIUM HYDROLYZED WHEAT PROTEIN, PRUNUS AMYGDALUS DULCIS SEED EXTRACT \/ PRUNUS AMYGDALUS DULCIS (SWEET ALMOND) SEED EXTRACT, MICA, TETRASODIUM GLUTAMATE DIACETATE, TITANIUM DIOXIDE, PHENOXYETHANOL, CAPRYLYL GLYCOL, LIMONENE.<\/span><\/span><\/span><\/p><\/div><\/div><\/div><\/div>\t\t\t\t\t\t<\/div>\n\t\t\t\t<\/div>\n\t\t\t\t\t<\/div>\n\t\t<\/div>\n\t\t\t\t\t\t\t<\/div>\n\t\t<\/section>\n\t\t\t\t\t\t<\/div>\n\t\t\t\t\t<\/div>\n\t\t","protected":false},"excerpt":{"rendered":"<div class=\"easytabs-text\">\n<p>Suteikia garbanoms tvirtumo, j\u0173 neapsunkindamas. Nepalieka kremo liku\u010di\u0173 ir suteikia plaukams \u0161velnumo bei \u017evilgesio, juos sudr\u0117kina ir pamaitina.<\/p>\n<\/div>\n","protected":false},"featured_media":10390,"comment_status":"open","ping_status":"closed","template":"","meta":{"om_disable_all_campaigns":false},"product_brand":[],"product_cat":[40],"product_tag":[33,68],"class_list":{"0":"post-10389","1":"product","2":"type-product","3":"status-publish","4":"has-post-thumbnail","6":"product_cat-plauku-kremai","7":"product_tag-garbanoti-plaukai","8":"product_tag-normalus-plaukai","10":"first","11":"instock","12":"shipping-taxable","13":"purchasable","14":"product-type-simple","15":"add-to-wishlist-before_image"},"aioseo_notices":[],"_links":{"self":[{"href":"https:\/\/kasperindre.lt\/index.php?rest_route=\/wp\/v2\/product\/10389","targetHints":{"allow":["GET"]}}],"collection":[{"href":"https:\/\/kasperindre.lt\/index.php?rest_route=\/wp\/v2\/product"}],"about":[{"href":"https:\/\/kasperindre.lt\/index.php?rest_route=\/wp\/v2\/types\/product"}],"replies":[{"embeddable":true,"href":"https:\/\/kasperindre.lt\/index.php?rest_route=%2Fwp%2Fv2%2Fcomments&post=10389"}],"version-history":[{"count":5,"href":"https:\/\/kasperindre.lt\/index.php?rest_route=\/wp\/v2\/product\/10389\/revisions"}],"predecessor-version":[{"id":11122,"href":"https:\/\/kasperindre.lt\/index.php?rest_route=\/wp\/v2\/product\/10389\/revisions\/11122"}],"wp:featuredmedia":[{"embeddable":true,"href":"https:\/\/kasperindre.lt\/index.php?rest_route=\/wp\/v2\/media\/10390"}],"wp:attachment":[{"href":"https:\/\/kasperindre.lt\/index.php?rest_route=%2Fwp%2Fv2%2Fmedia&parent=10389"}],"wp:term":[{"taxonomy":"product_brand","embeddable":true,"href":"https:\/\/kasperindre.lt\/index.php?rest_route=%2Fwp%2Fv2%2Fproduct_brand&post=10389"},{"taxonomy":"product_cat","embeddable":true,"href":"https:\/\/kasperindre.lt\/index.php?rest_route=%2Fwp%2Fv2%2Fproduct_cat&post=10389"},{"taxonomy":"product_tag","embeddable":true,"href":"https:\/\/kasperindre.lt\/index.php?rest_route=%2Fwp%2Fv2%2Fproduct_tag&post=10389"}],"curies":[{"name":"wp","href":"https:\/\/api.w.org\/{rel}","templated":true}]}}