{"id":10375,"date":"2021-08-06T10:59:30","date_gmt":"2021-08-06T10:59:30","guid":{"rendered":"http:\/\/kasperindre.lt\/?post_type=product&#038;p=10375"},"modified":"2024-09-26T19:13:18","modified_gmt":"2024-09-26T19:13:18","slug":"plauku-kauke-saules-paveiktiems-plaukams-ph-4-su","status":"publish","type":"product","link":"https:\/\/kasperindre.lt\/?product=plauku-kauke-saules-paveiktiems-plaukams-ph-4-su","title":{"rendered":"PLAUK\u0172 KAUK\u0116 SAUL\u0116S PAVEIKTIEMS PLAUKAMS PH: 4 | SU"},"content":{"rendered":"\t\t<div data-elementor-type=\"wp-post\" data-elementor-id=\"10375\" class=\"elementor elementor-10375\" data-elementor-settings=\"[]\">\n\t\t\t\t\t\t\t<div class=\"elementor-section-wrap\">\n\t\t\t\t\t\t\t<section class=\"elementor-section elementor-top-section elementor-element elementor-element-13c88af elementor-section-boxed elementor-section-height-default elementor-section-height-default qodef-elementor-content-no\" data-id=\"13c88af\" data-element_type=\"section\">\n\t\t\t\t\t\t<div class=\"elementor-container elementor-column-gap-default\">\n\t\t\t\t\t<div class=\"elementor-column elementor-col-100 elementor-top-column elementor-element elementor-element-abd920e\" data-id=\"abd920e\" data-element_type=\"column\">\n\t\t\t<div class=\"elementor-widget-wrap elementor-element-populated\">\n\t\t\t\t\t\t\t\t<div class=\"elementor-element elementor-element-21ffa73 elementor-widget elementor-widget-text-editor\" data-id=\"21ffa73\" data-element_type=\"widget\" data-widget_type=\"text-editor.default\">\n\t\t\t\t<div class=\"elementor-widget-container\">\n\t\t\t\t\t\t\t<div class=\"easytabs-text\"><p>Tai saul\u0117s, chloro ir druskos paveikt\u0173 plauk\u0173 kauk\u0117, turinti stipriai maitinant\u012f poveik\u012f. Atstato plaukus, pripildo dr\u0117gm\u0117s, suteikia \u0161velnumo ir blizgesio. Taip pat plaukai tampa lengviau formuojami.<\/p><\/div><div id=\"4708790534276\" class=\"easytabs-container tab-widget-4708790534276 easytabs-inited\" data-et-min-width=\"0\" data-et-auto-accordion=\"0\" data-et-cbw=\"1\" data-et-cbr=\"3\" data-et-sta=\"1\" data-et-amp=\"0\" data-et-flx=\"0\" data-et-wt=\"0\" data-et-ao=\"1\" data-et-tabs-width=\"295\"><div class=\"easytabs-holder easytabs-accordion\"><div class=\"easytabs-contents\"><div class=\"easytabs-content-item easytabs-active\" data-et-marker=\"tabs-su-plauku-kauke-ph-4-2\" data-et-handle=\"tabs-kaip-naudoti\"><h5 class=\"easytabs-accordion-item\" tabindex=\"0\" aria-labelledby=\"easytabs-slide-label-4708790534276-0\" aria-selected=\"true\"><a class=\"ui-tabs-anchor js-no-transition\">Kaip naudoti?<\/a><\/h5><div class=\"easytabs-content-holder\" aria-labelledby=\"easytabs-slide-label-4708790534276-0\" aria-expanded=\"true\" aria-hidden=\"false\"><p>I\u0161plovus \u0161amp\u016bnu, padenkite plaukus kauke, palikite 5\u201315 min., \u012fmasa\u017euokite, per\u0161ukuokite ir nuskalaukite.<\/p><\/div><\/div><div class=\"easytabs-content-item\" data-et-marker=\"tabs-su-plauku-kauke-ph-4-3\" data-et-handle=\"tabs-sudedamosios-dalys\"><h5 class=\"easytabs-accordion-item\" tabindex=\"-1\" aria-labelledby=\"easytabs-slide-label-4708790534276-1\" aria-selected=\"false\"><a class=\"ui-tabs-anchor js-no-transition\">Sudedamosios dalys<\/a><\/h5><p>AQUA \/ WATER \/ EAU, CETEARYL ALCOHOL, BEHENTRIMONIUM CHLORIDE, GLYCERIN, CETRIMONIUM CHLORIDE, BEHENYL ALCOHOL, DIMETHICONE, CETYL ALCOHOL, ORYZA SATIVA CERA \/ ORYZA SATIVA (RICE) BRAN WAX, BUTYROSPERMUM PARKII BUTTER \/ BUTYROSPERMUM PARKII (SHEA) BUTTER, BENZYL ALCOHOL, PARFUM \/ FRAGRANCE, SIMMONDSIA CHINENSIS SEED OIL \/ SIMMONDSIA CHINENSIS (JOJOBA) SEED OIL, AMODIMETHICONE, PRUNUS AMYGDALUS DULCIS OIL \/ PRUNUS AMYGDALUS DULCIS (SWEET ALMOND) OIL, ORYZA SATIVA BRAN OIL \/ ORYZA SATIVA (RICE) BRAN OIL, SODIUM BENZOATE, POLYGLYCERYL-3 DISTEARATE, CITRIC ACID, DISODIUM EDTA, POLYSORBATE 60, CITRUS AURANTIUM AMARA FRUIT EXTRACT \/ CITRUS AURANTIUM AMARA (BITTER ORANGE) FRUIT EXTRACT, GUAR HYDROXYPROPYLTRIMONIUM CHLORIDE, MYRISTIC ACID, STEARIC ACID, PALMITIC ACID, LINALOOL, PHENOXYETHANOL.<\/p><\/div><\/div><\/div><\/div>\t\t\t\t\t\t<\/div>\n\t\t\t\t<\/div>\n\t\t\t\t\t<\/div>\n\t\t<\/div>\n\t\t\t\t\t\t\t<\/div>\n\t\t<\/section>\n\t\t\t\t\t\t<\/div>\n\t\t\t\t\t<\/div>\n\t\t","protected":false},"excerpt":{"rendered":"<div class=\"easytabs-text\">\n<p>Tai saul\u0117s, chloro ir druskos paveikt\u0173 plauk\u0173 kauk\u0117, turinti stipriai maitinant\u012f poveik\u012f. Atstato plaukus, pripildo dr\u0117gm\u0117s, suteikia \u0161velnumo ir blizgesio. Taip pat plaukai tampa lengviau formuojami.<\/p>\n<\/div>\n","protected":false},"featured_media":10376,"comment_status":"open","ping_status":"closed","template":"","meta":{"om_disable_all_campaigns":false},"product_brand":[],"product_cat":[38],"product_tag":[68,49,71,29],"class_list":{"0":"post-10375","1":"product","2":"type-product","3":"status-publish","4":"has-post-thumbnail","6":"product_cat-plauku-kaukes","7":"product_tag-normalus-plaukai","8":"product_tag-ploni-plaukai","9":"product_tag-sausi-plaukai","10":"product_tag-siaustis-linke-plaukai","12":"first","13":"instock","14":"shipping-taxable","15":"purchasable","16":"product-type-simple","17":"add-to-wishlist-before_image"},"aioseo_notices":[],"_links":{"self":[{"href":"https:\/\/kasperindre.lt\/index.php?rest_route=\/wp\/v2\/product\/10375","targetHints":{"allow":["GET"]}}],"collection":[{"href":"https:\/\/kasperindre.lt\/index.php?rest_route=\/wp\/v2\/product"}],"about":[{"href":"https:\/\/kasperindre.lt\/index.php?rest_route=\/wp\/v2\/types\/product"}],"replies":[{"embeddable":true,"href":"https:\/\/kasperindre.lt\/index.php?rest_route=%2Fwp%2Fv2%2Fcomments&post=10375"}],"version-history":[{"count":5,"href":"https:\/\/kasperindre.lt\/index.php?rest_route=\/wp\/v2\/product\/10375\/revisions"}],"predecessor-version":[{"id":11121,"href":"https:\/\/kasperindre.lt\/index.php?rest_route=\/wp\/v2\/product\/10375\/revisions\/11121"}],"wp:featuredmedia":[{"embeddable":true,"href":"https:\/\/kasperindre.lt\/index.php?rest_route=\/wp\/v2\/media\/10376"}],"wp:attachment":[{"href":"https:\/\/kasperindre.lt\/index.php?rest_route=%2Fwp%2Fv2%2Fmedia&parent=10375"}],"wp:term":[{"taxonomy":"product_brand","embeddable":true,"href":"https:\/\/kasperindre.lt\/index.php?rest_route=%2Fwp%2Fv2%2Fproduct_brand&post=10375"},{"taxonomy":"product_cat","embeddable":true,"href":"https:\/\/kasperindre.lt\/index.php?rest_route=%2Fwp%2Fv2%2Fproduct_cat&post=10375"},{"taxonomy":"product_tag","embeddable":true,"href":"https:\/\/kasperindre.lt\/index.php?rest_route=%2Fwp%2Fv2%2Fproduct_tag&post=10375"}],"curies":[{"name":"wp","href":"https:\/\/api.w.org\/{rel}","templated":true}]}}