{"id":10369,"date":"2021-08-06T10:56:33","date_gmt":"2021-08-06T10:56:33","guid":{"rendered":"http:\/\/kasperindre.lt\/?post_type=product&#038;p=10369"},"modified":"2024-09-26T19:11:44","modified_gmt":"2024-09-26T19:11:44","slug":"plauku-kauke-13","status":"publish","type":"product","link":"https:\/\/kasperindre.lt\/?product=plauku-kauke-13","title":{"rendered":"PLAUKUS APSAUGANTI KAUK\u0116 | THE RESTLESS CIRCLE"},"content":{"rendered":"\t\t<div data-elementor-type=\"wp-post\" data-elementor-id=\"10369\" class=\"elementor elementor-10369\" data-elementor-settings=\"[]\">\n\t\t\t\t\t\t\t<div class=\"elementor-section-wrap\">\n\t\t\t\t\t\t\t<section class=\"elementor-section elementor-top-section elementor-element elementor-element-7f1810c elementor-section-boxed elementor-section-height-default elementor-section-height-default qodef-elementor-content-no\" data-id=\"7f1810c\" data-element_type=\"section\">\n\t\t\t\t\t\t<div class=\"elementor-container elementor-column-gap-default\">\n\t\t\t\t\t<div class=\"elementor-column elementor-col-100 elementor-top-column elementor-element elementor-element-14775ee\" data-id=\"14775ee\" data-element_type=\"column\">\n\t\t\t<div class=\"elementor-widget-wrap elementor-element-populated\">\n\t\t\t\t\t\t\t\t<div class=\"elementor-element elementor-element-e4bf791 elementor-widget elementor-widget-text-editor\" data-id=\"e4bf791\" data-element_type=\"widget\" data-widget_type=\"text-editor.default\">\n\t\t\t\t<div class=\"elementor-widget-container\">\n\t\t\t\t\t\t\t<div class=\"easytabs-text\">Nematoma plauk\u0173 kauk\u0117 su CHIA s\u0117kl\u0173 ekstraktu skirta aktyviai gyvenantiems \u017emon\u0117ms, kurie nori pasir\u016bpinti savo plaukais tuo pa\u010diu metu ka\u017ek\u0105 veikdami, pavyzd\u017eiui, eidami \u012f sporto sal\u0119, aktyviai sportuodami lauke.<ul><li>Tinka vis\u0173 tip\u0173 plaukams<\/li><li>Apsaugo nuo l\u016b\u017ein\u0117jimo<\/li><li>Suteikia gausumo<\/li><li>Padaro pavargusius plaukus elastingus<\/li><li>Nematoma tekst\u016bra<\/li><\/ul><\/div><div id=\"4708681416836\" class=\"easytabs-container tab-widget-4708681416836 easytabs-inited\" data-et-min-width=\"0\" data-et-auto-accordion=\"0\" data-et-cbw=\"1\" data-et-cbr=\"3\" data-et-sta=\"1\" data-et-amp=\"0\" data-et-flx=\"0\" data-et-wt=\"0\" data-et-ao=\"1\" data-et-tabs-width=\"295\"><div class=\"easytabs-holder easytabs-accordion\"><div class=\"easytabs-contents\"><div class=\"easytabs-content-item easytabs-active\" data-et-marker=\"tabs-the-restless-circle-plaukus-apsauganti-kauke-2\" data-et-handle=\"tabs-kaip-naudoti\"><h5 class=\"easytabs-accordion-item\" tabindex=\"0\" aria-labelledby=\"easytabs-slide-label-4708681416836-0\" aria-selected=\"true\"><a class=\"ui-tabs-anchor js-no-transition\">Kaip naudoti?<\/a><\/h5><div class=\"easytabs-content-holder\" aria-labelledby=\"easytabs-slide-label-4708681416836-0\" aria-expanded=\"true\" aria-hidden=\"false\"><p>Tolygiai padenkite kauke SAUSUS plaukus per vis\u0105 ilg\u012f, palikite ma\u017eiausiai 15 min. Jei plaukai ties\u016bs: u\u017ed\u0117jus kauk\u0119 rekomenduojama per\u0161ukuoti plaukus, kad ji geriau pasiskirstyt\u0173 ir b\u016bt\u0173 ma\u017eiau pastebima. Jei plaukai banguoti ir garbanoti: padenkite kauk\u0119 \u012fmasa\u017euodami, pary\u0161kindami garbanas. Kauk\u0119 galite palikti per vis\u0105 nakt\u012f.<br \/>Palaik\u0119 15 min. ar ilgiau, nuskalaukite vandeniu, tada \u012ftrinkite labiausiai tinkant\u012f \u0161amp\u016bn\u0105 ir kondicionieri\u0173.<\/p><\/div><\/div><div class=\"easytabs-content-item\" data-et-marker=\"tabs-the-restless-circle-plaukus-apsauganti-kauke-3\" data-et-handle=\"tabs-sudedamosios-dalys\"><h5 class=\"easytabs-accordion-item\" tabindex=\"-1\" aria-labelledby=\"easytabs-slide-label-4708681416836-1\" aria-selected=\"false\"><a class=\"ui-tabs-anchor js-no-transition\">Sudedamosios dalys<\/a><\/h5><p>AQUA \/ WATER \/ EAU, ISODODECANE, CETEARYL ALCOHOL, STEARAMIDOPROPYL DIMETHYLAMINE, ZEA MAYS STARCH\/ ZEA MAYS (CORN) STARCH, HYDROGENATED FARNESENE, CETRIMONIUM CHLORIDE, PARFUM \/ FRAGRANCE, CITRIC ACID, POLYQUATERNIUM-37, BEHENTRIMONIUM METHOSULFATE, POLYGLYCERYL-4 OLEATE, POLYACRYLAMIDOPROPYLTRIMONIUM CHLORIDE, BENZYL ALCOHOL, SALVIA HISPANICA SEED EXTRACT, GLYCERYL OLIVATE, SCLEROTIUM GUM, SODIUM BENZOATE, LINALOOL, HYDROGENATED RAPESEED ALCOHOL, ISOPROPYL ALCOHOL, LIMONENE, CITRONELLOL, LEUCONOSTOC\/RADISH ROOT FERMENT FILTRATE.<\/p><\/div><\/div><\/div><\/div>\t\t\t\t\t\t<\/div>\n\t\t\t\t<\/div>\n\t\t\t\t\t<\/div>\n\t\t<\/div>\n\t\t\t\t\t\t\t<\/div>\n\t\t<\/section>\n\t\t\t\t\t\t<\/div>\n\t\t\t\t\t<\/div>\n\t\t","protected":false},"excerpt":{"rendered":"<div class=\"easytabs-text\">Nematoma plauk\u0173 kauk\u0117 su CHIA s\u0117kl\u0173 ekstraktu skirta aktyviai gyvenantiems \u017emon\u0117ms, kurie nori pasir\u016bpinti savo plaukais tuo pa\u010diu metu ka\u017ek\u0105 veikdami, pavyzd\u017eiui, eidami \u012f sporto sal\u0119, aktyviai sportuodami lauke.<\/div>\n","protected":false},"featured_media":10370,"comment_status":"open","ping_status":"closed","template":"","meta":{"om_disable_all_campaigns":false},"product_brand":[],"product_cat":[38],"product_tag":[28,33,68,49,71],"class_list":{"0":"post-10369","1":"product","2":"type-product","3":"status-publish","4":"has-post-thumbnail","6":"product_cat-plauku-kaukes","7":"product_tag-dazyti-plaukai","8":"product_tag-garbanoti-plaukai","9":"product_tag-normalus-plaukai","10":"product_tag-ploni-plaukai","11":"product_tag-sausi-plaukai","13":"first","14":"instock","15":"shipping-taxable","16":"purchasable","17":"product-type-simple","18":"add-to-wishlist-before_image"},"aioseo_notices":[],"_links":{"self":[{"href":"https:\/\/kasperindre.lt\/index.php?rest_route=\/wp\/v2\/product\/10369","targetHints":{"allow":["GET"]}}],"collection":[{"href":"https:\/\/kasperindre.lt\/index.php?rest_route=\/wp\/v2\/product"}],"about":[{"href":"https:\/\/kasperindre.lt\/index.php?rest_route=\/wp\/v2\/types\/product"}],"replies":[{"embeddable":true,"href":"https:\/\/kasperindre.lt\/index.php?rest_route=%2Fwp%2Fv2%2Fcomments&post=10369"}],"version-history":[{"count":4,"href":"https:\/\/kasperindre.lt\/index.php?rest_route=\/wp\/v2\/product\/10369\/revisions"}],"predecessor-version":[{"id":10374,"href":"https:\/\/kasperindre.lt\/index.php?rest_route=\/wp\/v2\/product\/10369\/revisions\/10374"}],"wp:featuredmedia":[{"embeddable":true,"href":"https:\/\/kasperindre.lt\/index.php?rest_route=\/wp\/v2\/media\/10370"}],"wp:attachment":[{"href":"https:\/\/kasperindre.lt\/index.php?rest_route=%2Fwp%2Fv2%2Fmedia&parent=10369"}],"wp:term":[{"taxonomy":"product_brand","embeddable":true,"href":"https:\/\/kasperindre.lt\/index.php?rest_route=%2Fwp%2Fv2%2Fproduct_brand&post=10369"},{"taxonomy":"product_cat","embeddable":true,"href":"https:\/\/kasperindre.lt\/index.php?rest_route=%2Fwp%2Fv2%2Fproduct_cat&post=10369"},{"taxonomy":"product_tag","embeddable":true,"href":"https:\/\/kasperindre.lt\/index.php?rest_route=%2Fwp%2Fv2%2Fproduct_tag&post=10369"}],"curies":[{"name":"wp","href":"https:\/\/api.w.org\/{rel}","templated":true}]}}