{"id":10353,"date":"2021-08-06T10:48:06","date_gmt":"2021-08-06T10:48:06","guid":{"rendered":"http:\/\/kasperindre.lt\/?post_type=product&#038;p=10353"},"modified":"2024-09-26T19:12:36","modified_gmt":"2024-09-26T19:12:36","slug":"plauku-kauke-11","status":"publish","type":"product","link":"https:\/\/kasperindre.lt\/?product=plauku-kauke-11","title":{"rendered":"ATPALAIDUOJANTI PLAUK\u0172 KAUK\u0116 | THE LET IT GO"},"content":{"rendered":"\t\t<div data-elementor-type=\"wp-post\" data-elementor-id=\"10353\" class=\"elementor elementor-10353\" data-elementor-settings=\"[]\">\n\t\t\t\t\t\t\t<div class=\"elementor-section-wrap\">\n\t\t\t\t\t\t\t<section class=\"elementor-section elementor-top-section elementor-element elementor-element-b9878ff elementor-section-boxed elementor-section-height-default elementor-section-height-default qodef-elementor-content-no\" data-id=\"b9878ff\" data-element_type=\"section\">\n\t\t\t\t\t\t<div class=\"elementor-container elementor-column-gap-default\">\n\t\t\t\t\t<div class=\"elementor-column elementor-col-100 elementor-top-column elementor-element elementor-element-c56a41a\" data-id=\"c56a41a\" data-element_type=\"column\">\n\t\t\t<div class=\"elementor-widget-wrap elementor-element-populated\">\n\t\t\t\t\t\t\t\t<div class=\"elementor-element elementor-element-9f2c39c elementor-widget elementor-widget-text-editor\" data-id=\"9f2c39c\" data-element_type=\"widget\" data-widget_type=\"text-editor.default\">\n\t\t\t\t<div class=\"elementor-widget-container\">\n\t\t\t\t\t\t\t<div class=\"easytabs-text\">Plaukus ir galvos od\u0105 atpalaiduojanti, dr\u0117kinanti ir mink\u0161tinanti kauk\u0117 su Brahmi aliejumi ir pilkuoju moliu. Tai kauk\u0117, kurios norisi po intensyvios dienos, kvapas puikiai atpalaiduoja ir leid\u017eia m\u0117gautis akimirka.<ul><li>Tinka visiems plauk\u0173 tipams<\/li><li>Puikiai kondicionuoja<\/li><\/ul><\/div><div id=\"4708688920708\" class=\"easytabs-container tab-widget-4708688920708 easytabs-inited\" data-et-min-width=\"0\" data-et-auto-accordion=\"0\" data-et-cbw=\"1\" data-et-cbr=\"3\" data-et-sta=\"1\" data-et-amp=\"0\" data-et-flx=\"0\" data-et-wt=\"0\" data-et-ao=\"1\" data-et-tabs-width=\"295\"><div class=\"easytabs-holder easytabs-accordion\"><div class=\"easytabs-contents\"><div class=\"easytabs-content-item easytabs-active\" data-et-marker=\"tabs-the-let-it-go-atpalaiduojamoji-plauku-kauke-2\" data-et-handle=\"tabs-kaip-naudoti\"><h5 class=\"easytabs-accordion-item\" tabindex=\"0\" aria-labelledby=\"easytabs-slide-label-4708688920708-0\" aria-selected=\"true\"><a class=\"ui-tabs-anchor js-no-transition\">Kaip naudoti?<\/a><\/h5><div class=\"easytabs-content-holder\" aria-labelledby=\"easytabs-slide-label-4708688920708-0\" aria-expanded=\"true\" aria-hidden=\"false\"><p>U\u017ed\u0117kite kauk\u0119 ant i\u0161plaut\u0173 ir rank\u0161luos\u010diu nusausint\u0173 plauk\u0173. Palaikykite\u00a03 min. ir nuskalaukite.<\/p><p><br \/>MULTI-MASKING! \u00a0DAUGIAFUNKCIS POVEIKIS!\u00a0<\/p><ol><li>variantas (galvos odai). U\u017etepkite \u201eThe Let It Go Circle\u201c Kauk\u0119 nor\u0117dami dr\u0117kinan\u010dio galvos odos poveikio. Visam plauk\u0173 ilgiui: padenkite \u201eRenaissance Circle\u201c giliam plauk\u0173 atstatymui arba \u201eThe Spotlight\u201c, kad suteiktum\u0117te papildomo \u017evilgesio plaukams.\u00a0<\/li><li>variantas\u00a0(visam plauk\u0173 ilgiui). Naudokite \u201eThe Let It Go Circle\u201c, kuri akimirksiu kondicionuos plaukus. Galvos odai naudokite \u201eThe Purity Circle\u201c, kad i\u0161gautum\u0117te \u0161varos poveik\u012f.<\/li><\/ol><\/div><\/div><div class=\"easytabs-content-item\" data-et-marker=\"tabs-the-let-it-go-atpalaiduojamoji-plauku-kauke-3\" data-et-handle=\"tabs-sudedamosios-dalys\"><h5 class=\"easytabs-accordion-item\" tabindex=\"-1\" aria-labelledby=\"easytabs-slide-label-4708688920708-1\" aria-selected=\"false\"><a class=\"ui-tabs-anchor js-no-transition\">Sudedamosios dalys<\/a><\/h5><p>AQUA \/ WATER \/ EAU, CETEARYL ALCOHOL, BEHENTRIMONIUM CHLORIDE, GLYCERIN, CETYL ALCOHOL, DISTEAROYLETHYL DIMONIUM CHLORIDE, PARFUM \/ FRAGRANCE, CETRIMONIUM CHLORIDE, POLYGLYCERYL-4 OLEATE, GLYCERYL STEARATE, PANTHENOL, LIMONENE, HELIANTHUS ANNUUS SEED OIL \/ HELIANTHUS ANNUUS (SUNFLOWER) SEED OIL, ISOPROPYL ALCOHOL, CITRUS AURANTIUM DULCIS (ORANGE) PEEL OIL, BENZYL ALCOHOL, SIMMONDSIA CHINENSIS SEED OIL \/ SIMMONDSIA CHINENSIS (JOJOBA) SEED OIL, GLYCERYL OLIVATE, DISODIUM EDTA, KAOLIN, SCLEROTIUM GUM, SODIUM BENZOATE, HYDROGENATED RAPESEED ALCOHOL, TOCOPHEROL, CITRIC ACID, LAURUS NOBILIS LEAF OIL, BACOPA MONNIERI EXTRACT.<\/p><\/div><\/div><\/div><\/div>\t\t\t\t\t\t<\/div>\n\t\t\t\t<\/div>\n\t\t\t\t\t<\/div>\n\t\t<\/div>\n\t\t\t\t\t\t\t<\/div>\n\t\t<\/section>\n\t\t\t\t\t\t<\/div>\n\t\t\t\t\t<\/div>\n\t\t","protected":false},"excerpt":{"rendered":"<div class=\"easytabs-text\">\n<p>Plaukus ir galvos od\u0105 atpalaiduojanti, dr\u0117kinanti ir mink\u0161tinanti kauk\u0117 su Brahmi aliejumi ir pilkuoju moliu. Tai kauk\u0117, kurios norisi po intensyvios dienos, kvapas puikiai atpalaiduoja ir leid\u017eia m\u0117gautis akimirka.<\/p>\n<\/div>\n","protected":false},"featured_media":10354,"comment_status":"open","ping_status":"closed","template":"","meta":{"om_disable_all_campaigns":false},"product_brand":[],"product_cat":[44,38],"product_tag":[28,33,68,49,71,29,47],"class_list":{"0":"post-10353","1":"product","2":"type-product","3":"status-publish","4":"has-post-thumbnail","6":"product_cat-mini-produktai","7":"product_cat-plauku-kaukes","8":"product_tag-dazyti-plaukai","9":"product_tag-garbanoti-plaukai","10":"product_tag-normalus-plaukai","11":"product_tag-ploni-plaukai","12":"product_tag-sausi-plaukai","13":"product_tag-siaustis-linke-plaukai","14":"product_tag-slenkantys-plaukai","16":"first","17":"instock","18":"shipping-taxable","19":"purchasable","20":"product-type-variable","21":"add-to-wishlist-before_image"},"aioseo_notices":[],"_links":{"self":[{"href":"https:\/\/kasperindre.lt\/index.php?rest_route=\/wp\/v2\/product\/10353","targetHints":{"allow":["GET"]}}],"collection":[{"href":"https:\/\/kasperindre.lt\/index.php?rest_route=\/wp\/v2\/product"}],"about":[{"href":"https:\/\/kasperindre.lt\/index.php?rest_route=\/wp\/v2\/types\/product"}],"replies":[{"embeddable":true,"href":"https:\/\/kasperindre.lt\/index.php?rest_route=%2Fwp%2Fv2%2Fcomments&post=10353"}],"version-history":[{"count":5,"href":"https:\/\/kasperindre.lt\/index.php?rest_route=\/wp\/v2\/product\/10353\/revisions"}],"predecessor-version":[{"id":11120,"href":"https:\/\/kasperindre.lt\/index.php?rest_route=\/wp\/v2\/product\/10353\/revisions\/11120"}],"wp:featuredmedia":[{"embeddable":true,"href":"https:\/\/kasperindre.lt\/index.php?rest_route=\/wp\/v2\/media\/10354"}],"wp:attachment":[{"href":"https:\/\/kasperindre.lt\/index.php?rest_route=%2Fwp%2Fv2%2Fmedia&parent=10353"}],"wp:term":[{"taxonomy":"product_brand","embeddable":true,"href":"https:\/\/kasperindre.lt\/index.php?rest_route=%2Fwp%2Fv2%2Fproduct_brand&post=10353"},{"taxonomy":"product_cat","embeddable":true,"href":"https:\/\/kasperindre.lt\/index.php?rest_route=%2Fwp%2Fv2%2Fproduct_cat&post=10353"},{"taxonomy":"product_tag","embeddable":true,"href":"https:\/\/kasperindre.lt\/index.php?rest_route=%2Fwp%2Fv2%2Fproduct_tag&post=10353"}],"curies":[{"name":"wp","href":"https:\/\/api.w.org\/{rel}","templated":true}]}}