{"id":10346,"date":"2021-08-06T10:44:15","date_gmt":"2021-08-06T10:44:15","guid":{"rendered":"http:\/\/kasperindre.lt\/?post_type=product&#038;p=10346"},"modified":"2024-09-26T19:11:05","modified_gmt":"2024-09-26T19:11:05","slug":"plauku-kauke-10","status":"publish","type":"product","link":"https:\/\/kasperindre.lt\/?product=plauku-kauke-10","title":{"rendered":"GAIVINANTI PLAUK\u0172 KAUK\u0116 | THE WAKE\u2013UP CIRCLE"},"content":{"rendered":"\t\t<div data-elementor-type=\"wp-post\" data-elementor-id=\"10346\" class=\"elementor elementor-10346\" data-elementor-settings=\"[]\">\n\t\t\t\t\t\t\t<div class=\"elementor-section-wrap\">\n\t\t\t\t\t\t\t<section class=\"elementor-section elementor-top-section elementor-element elementor-element-c911f81 elementor-section-boxed elementor-section-height-default elementor-section-height-default qodef-elementor-content-no\" data-id=\"c911f81\" data-element_type=\"section\">\n\t\t\t\t\t\t<div class=\"elementor-container elementor-column-gap-default\">\n\t\t\t\t\t<div class=\"elementor-column elementor-col-100 elementor-top-column elementor-element elementor-element-0a06522\" data-id=\"0a06522\" data-element_type=\"column\">\n\t\t\t<div class=\"elementor-widget-wrap elementor-element-populated\">\n\t\t\t\t\t\t\t\t<div class=\"elementor-element elementor-element-93892ca elementor-widget elementor-widget-text-editor\" data-id=\"93892ca\" data-element_type=\"widget\" data-widget_type=\"text-editor.default\">\n\t\t\t\t<div class=\"elementor-widget-container\">\n\t\t\t\t\t\t\t<div class=\"easytabs-text\"><p>Atgaivinanti plauk\u0173 kauk\u0117 su brazili\u0161kuoju violetiniu moliu ir rausvosios radiol\u0117s ekstraktu sugr\u0105\u017eina energij\u0105, apimt\u012f ir dr\u0117gm\u0119 plaukams bei galvos odai. Kauk\u0117 prikelia plaukus po \u012ftamp\u0105 kelian\u010di\u0173 situacij\u0173 (skryd\u017ei\u0173, vakar\u0117li\u0173) ar blog\u0173 oro s\u0105lyg\u0173 (kar\u0161\u010dio, \u0161al\u010dio, UV spinduli\u0173).<\/p><ul><li>Ideali pa\u017eeistiems, pavargusiems plaukams<\/li><li>Atstato plauko tonus\u0105 ir apimt\u012f<\/li><li>Dr\u0117kina<\/li><li>Intensyviai kondicionuoja<\/li><\/ul><\/div><div id=\"4708684660868\" class=\"easytabs-container tab-widget-4708684660868 easytabs-inited\" data-et-min-width=\"0\" data-et-auto-accordion=\"0\" data-et-cbw=\"1\" data-et-cbr=\"3\" data-et-sta=\"1\" data-et-amp=\"0\" data-et-flx=\"0\" data-et-wt=\"0\" data-et-ao=\"1\" data-et-tabs-width=\"295\"><div class=\"easytabs-holder easytabs-accordion\"><div class=\"easytabs-contents\"><div class=\"easytabs-content-item easytabs-active\" data-et-marker=\"tabs-the-wake-up-circle-gaivinamoji-plauku-kauke-2\" data-et-handle=\"tabs-kaip-naudoti\"><h5 class=\"easytabs-accordion-item\" tabindex=\"0\" aria-labelledby=\"easytabs-slide-label-4708684660868-0\" aria-selected=\"true\"><a class=\"ui-tabs-anchor js-no-transition\">Kaip naudoti?<\/a><\/h5><div class=\"easytabs-content-holder\" aria-labelledby=\"easytabs-slide-label-4708684660868-0\" aria-expanded=\"true\" aria-hidden=\"false\"><p>U\u017ed\u0117kite kauk\u0119 ant i\u0161plaut\u0173 ir rank\u0161luos\u010diu nusausint\u0173 plauk\u0173 ir galvos odos. Palaikykite 10 min. per\u0161ukuokite ir nuskalaukite. I\u0161d\u017eiovinkite plaukus.<\/p><p>MULTI-MASKING!\u00a0\u00a0 DAUGIAFUNCS \u00a0POVEIKIS!<\/p><ul><li><p>1 variantas (galvos odai): padenkite plaukus \u201eThe Purity Cir- cle\u201c kauke siekdami valomojo galvos odos\u00a0 poveikio. Visam plauk\u0173 ilgiui: u\u017etepkite \u201eThe Wake-Up Circle\u201c kauk\u0119 nor\u0117dami atgaivinti plaukus.<\/p><\/li><li><p>2 variantas (galvos odai): u\u017etepkite \u201eThe Wake-Up Circle\u201c kauk\u0119 ant galvos odos, kad j\u0105 atgaivintum\u0117te. Visam plauk\u0173 ilgiui: nor\u0117dami atstatyti plaukus,\u2019 u\u017etepkite \u201eThe Renaissance Circle\u201c kauk\u0119, o siekdami papildomo plauk\u0173 blizge- sio, naudokite \u201eThe Spotlight Circle\u201c kauk\u0119.<\/p><\/li><\/ul><\/div><\/div><div class=\"easytabs-content-item\" data-et-marker=\"tabs-the-wake-up-circle-gaivinamoji-plauku-kauke-3\" data-et-handle=\"tabs-sudedamosios-dalys\"><h5 class=\"easytabs-accordion-item\" tabindex=\"-1\" aria-labelledby=\"easytabs-slide-label-4708684660868-1\" aria-selected=\"false\"><a class=\"ui-tabs-anchor js-no-transition\">Sudedamosios dalys<\/a><\/h5><p>AQUA \/ WATER \/ EAU, CETEARYL ALCOHOL, GLYCERIN, BEHENTRIMONIUM CHLORIDE, CETYL ALCOHOL, CETRIMONIUM CHLORIDE, PARFUM \/ FRAGRANCE, POLYGLYCERYL-4 OLEATE, GLYCERYL STEARATE, KAOLIN, PANTHENOL, ISOPROPYL ALCOHOL, SIMMONDSIA CHINENSIS SEED OIL \/ SIMMONDSIA CHINENSIS (JOJOBA) SEED OIL, BENZYL ALCOHOL, TOCOPHEROL, VP\/DMAPA ACRYLATES COPOLYMER, GLYCERYL OLIVATE, DISODIUM EDTA, SCLEROTIUM GUM, SODIUM BENZOATE, HYDROGENATED RAPESEED ALCOHOL, HEXYL CINNAMAL, CITRIC ACID, GERANIOL, CITRONELLOL, RHODIOLA ROSEA ROOT EXTRACT, PHENOXYETHANOL, POTASSIUM SORBATE, BENZALKONIUM CHLORIDE.<\/p><\/div><\/div><\/div><\/div>\t\t\t\t\t\t<\/div>\n\t\t\t\t<\/div>\n\t\t\t\t\t<\/div>\n\t\t<\/div>\n\t\t\t\t\t\t\t<\/div>\n\t\t<\/section>\n\t\t\t\t\t\t<\/div>\n\t\t\t\t\t<\/div>\n\t\t","protected":false},"excerpt":{"rendered":"<div class=\"easytabs-text\">\n<p>Atgaivinanti plauk\u0173 kauk\u0117 su brazili\u0161kuoju violetiniu moliu ir rausvosios radiol\u0117s ekstraktu sugr\u0105\u017eina energij\u0105, apimt\u012f ir dr\u0117gm\u0119 plaukams bei galvos odai. Kauk\u0117 prikelia plaukus po \u012ftamp\u0105 kelian\u010di\u0173 situacij\u0173 (skryd\u017ei\u0173, vakar\u0117li\u0173) ar blog\u0173 oro s\u0105lyg\u0173 (kar\u0161\u010dio, \u0161al\u010dio, UV spinduli\u0173).<\/p>\n<\/div>\n<div id=\"4708684660868\" class=\"easytabs-container tab-widget-4708684660868 easytabs-inited\" data-et-min-width=\"0\" data-et-auto-accordion=\"0\" data-et-cbw=\"1\" data-et-cbr=\"3\" data-et-sta=\"1\" data-et-amp=\"0\" data-et-flx=\"0\" data-et-wt=\"0\" data-et-ao=\"1\" data-et-tabs-width=\"295\">\n<div class=\"easytabs-holder easytabs-accordion\">\n<div class=\"easytabs-contents\"><\/div>\n<\/div>\n<\/div>\n","protected":false},"featured_media":10345,"comment_status":"open","ping_status":"closed","template":"","meta":{"om_disable_all_campaigns":false},"product_brand":[],"product_cat":[44,38],"product_tag":[68,69,49,71,29],"class_list":{"0":"post-10346","1":"product","2":"type-product","3":"status-publish","4":"has-post-thumbnail","6":"product_cat-mini-produktai","7":"product_cat-plauku-kaukes","8":"product_tag-normalus-plaukai","9":"product_tag-pleiskanojanti-galvos-oda","10":"product_tag-ploni-plaukai","11":"product_tag-sausi-plaukai","12":"product_tag-siaustis-linke-plaukai","14":"first","15":"instock","16":"shipping-taxable","17":"purchasable","18":"product-type-variable","19":"add-to-wishlist-before_image"},"aioseo_notices":[],"_links":{"self":[{"href":"https:\/\/kasperindre.lt\/index.php?rest_route=\/wp\/v2\/product\/10346","targetHints":{"allow":["GET"]}}],"collection":[{"href":"https:\/\/kasperindre.lt\/index.php?rest_route=\/wp\/v2\/product"}],"about":[{"href":"https:\/\/kasperindre.lt\/index.php?rest_route=\/wp\/v2\/types\/product"}],"replies":[{"embeddable":true,"href":"https:\/\/kasperindre.lt\/index.php?rest_route=%2Fwp%2Fv2%2Fcomments&post=10346"}],"version-history":[{"count":5,"href":"https:\/\/kasperindre.lt\/index.php?rest_route=\/wp\/v2\/product\/10346\/revisions"}],"predecessor-version":[{"id":11119,"href":"https:\/\/kasperindre.lt\/index.php?rest_route=\/wp\/v2\/product\/10346\/revisions\/11119"}],"wp:featuredmedia":[{"embeddable":true,"href":"https:\/\/kasperindre.lt\/index.php?rest_route=\/wp\/v2\/media\/10345"}],"wp:attachment":[{"href":"https:\/\/kasperindre.lt\/index.php?rest_route=%2Fwp%2Fv2%2Fmedia&parent=10346"}],"wp:term":[{"taxonomy":"product_brand","embeddable":true,"href":"https:\/\/kasperindre.lt\/index.php?rest_route=%2Fwp%2Fv2%2Fproduct_brand&post=10346"},{"taxonomy":"product_cat","embeddable":true,"href":"https:\/\/kasperindre.lt\/index.php?rest_route=%2Fwp%2Fv2%2Fproduct_cat&post=10346"},{"taxonomy":"product_tag","embeddable":true,"href":"https:\/\/kasperindre.lt\/index.php?rest_route=%2Fwp%2Fv2%2Fproduct_tag&post=10346"}],"curies":[{"name":"wp","href":"https:\/\/api.w.org\/{rel}","templated":true}]}}