{"id":10324,"date":"2021-08-06T10:20:03","date_gmt":"2021-08-06T10:20:03","guid":{"rendered":"http:\/\/kasperindre.lt\/?post_type=product&#038;p=10324"},"modified":"2024-09-26T19:10:15","modified_gmt":"2024-09-26T19:10:15","slug":"plauku-kauke-8","status":"publish","type":"product","link":"https:\/\/kasperindre.lt\/?product=plauku-kauke-8","title":{"rendered":"VALANTI PLAUK\u0172 KAUK\u0116 | THE PURITY CIRCLE"},"content":{"rendered":"\t\t<div data-elementor-type=\"wp-post\" data-elementor-id=\"10324\" class=\"elementor elementor-10324\" data-elementor-settings=\"[]\">\n\t\t\t\t\t\t\t<div class=\"elementor-section-wrap\">\n\t\t\t\t\t\t\t<section class=\"elementor-section elementor-top-section elementor-element elementor-element-8c5582c elementor-section-boxed elementor-section-height-default elementor-section-height-default qodef-elementor-content-no\" data-id=\"8c5582c\" data-element_type=\"section\">\n\t\t\t\t\t\t<div class=\"elementor-container elementor-column-gap-default\">\n\t\t\t\t\t<div class=\"elementor-column elementor-col-100 elementor-top-column elementor-element elementor-element-710e54f\" data-id=\"710e54f\" data-element_type=\"column\">\n\t\t\t<div class=\"elementor-widget-wrap elementor-element-populated\">\n\t\t\t\t\t\t\t\t<div class=\"elementor-element elementor-element-6e5abd2 elementor-widget elementor-widget-text-editor\" data-id=\"6e5abd2\" data-element_type=\"widget\" data-widget_type=\"text-editor.default\">\n\t\t\t\t<div class=\"elementor-widget-container\">\n\t\t\t\t\t\t\t<div class=\"easytabs-text\"><p>Atgaivinanti, i\u0161valanti ir antioksiduojanti plauk\u0173 kauk\u0117 su bambuko anglimi ir \u201eMatcha\u201c arbatos ekstraktu pa\u0161alina ne\u0161varumus (dulkes, sunkiuosius metalus) ir u\u017ebaigia tobul\u0105 plauk\u0173 valymo proces\u0105.<\/p><ul><li>Pa\u0161alina ne\u0161varumus ir veikia kaip antioksidantas<\/li><li>Suteikia nauj\u0105 gyvyb\u0119 plaukams ir j\u0173 \u0161aknims<\/li><li>Stiprus kondicionavimo efektas<\/li><\/ul><\/div><div id=\"4708690952324\" class=\"easytabs-container tab-widget-4708690952324 easytabs-inited\" data-et-min-width=\"0\" data-et-auto-accordion=\"0\" data-et-cbw=\"1\" data-et-cbr=\"3\" data-et-sta=\"1\" data-et-amp=\"0\" data-et-flx=\"0\" data-et-wt=\"0\" data-et-ao=\"1\" data-et-tabs-width=\"295\"><div class=\"easytabs-holder easytabs-accordion\"><div class=\"easytabs-contents\"><div class=\"easytabs-content-item easytabs-active\" data-et-marker=\"tabs-the-purity-circle-valancioji-plauku-kauke-2\" data-et-handle=\"tabs-kaip-naudoti\"><h5 class=\"easytabs-accordion-item\" tabindex=\"0\" aria-labelledby=\"easytabs-slide-label-4708690952324-0\" aria-selected=\"true\"><a class=\"ui-tabs-anchor js-no-transition\">Kaip naudoti?<\/a><\/h5><div class=\"easytabs-content-holder\" aria-labelledby=\"easytabs-slide-label-4708690952324-0\" aria-expanded=\"true\" aria-hidden=\"false\"><p>1 variantas (prie\u0161 naudojant \u0161amp\u016bn\u0105). Padenkite galvos od\u0105 ir plaukus. Palaikykite 10 min. ir nuskalaukite. Toliau \u012ftrinkite tinkamiausi\u0105 \u0161amp\u016bn\u0105, kauk\u0119 ar kondicionieri\u0173.<\/p><p>2 variantas (panaudojus \u0161amp\u016bn\u0105). Ant i\u0161plaut\u0173 ir rank\u0161luos\u010diu nusausint\u0173 plauk\u0173 u\u017ed\u0117kite kauk\u0119. Palaikykite10 min., i\u0161\u0161ukuokite ir nuskalaukite. I\u0161d\u017eiovinkite plaukus.<\/p><p>MULTI-MASKING! DAUGIAFUNKCIS POVEIKIS!<\/p><p>Galvos odai: nor\u0117dami valomojo galvos odos poveikio, u\u017ed\u0117kite ant plauk\u0173 \u201eThe Purity Circle\u201c kauk\u0119 (prie\u0161 arba po \u0161amp\u016bno). Visam plauk\u0173 ilgiui: u\u017ed\u0117kite bet kuri\u0105 \u201eThe Circle Chronicles\u201c kauk\u0119 priklausomai nuo siekiamo poveikio.<\/p><\/div><\/div><div class=\"easytabs-content-item\" data-et-marker=\"tabs-the-purity-circle-valancioji-plauku-kauke-3\" data-et-handle=\"tabs-sudedamosios-dalys\"><h5 class=\"easytabs-accordion-item\" tabindex=\"-1\" aria-labelledby=\"easytabs-slide-label-4708690952324-1\" aria-selected=\"false\"><a class=\"ui-tabs-anchor js-no-transition\">Sudedamosios dalys<\/a><\/h5><p>AQUA \/ WATER \/ EAU, CETEARYL ALCOHOL, BEHENTRIMONIUM CHLORIDE, CETYL ALCOHOL, DISTEAROYLETHYL DIMONIUM CHLORIDE, COCO-BETAINE, GLYCERIN, GLYCERYL STEARATE, POLYGLYCERYL-4 OLEATE, PARFUM \/ FRAGRANCE, BEHENETH-25, CETRIMONIUM CHLORIDE, SODIUM CHLORIDE, ISOPROPYL ALCOHOL, BENZYL ALCOHOL, CHARCOAL POWDER, TOCOPHEROL, SIMMONDSIA CHINENSIS SEED OIL \/ SIMMONDSIA CHINENSIS (JOJOBA) SEED OIL, GLYCERYL OLIVATE, CITRIC ACID, DISODIUM EDTA, SCLEROTIUM GUM, SODIUM BENZOATE, HYDROGENATED RAPESEED ALCOHOL, CAMELLIA SINENSIS LEAF EXTRACT, GERANIOL, LIMONENE, LINALOOL, POTASSIUM SORBATE.<\/p><\/div><\/div><\/div><\/div>\t\t\t\t\t\t<\/div>\n\t\t\t\t<\/div>\n\t\t\t\t\t<\/div>\n\t\t<\/div>\n\t\t\t\t\t\t\t<\/div>\n\t\t<\/section>\n\t\t\t\t\t\t<\/div>\n\t\t\t\t\t<\/div>\n\t\t","protected":false},"excerpt":{"rendered":"<div class=\"easytabs-text\">\n<p>Atgaivinanti, i\u0161valanti ir antioksiduojanti plauk\u0173 kauk\u0117 su bambuko anglimi ir \u201eMatcha\u201c arbatos ekstraktu pa\u0161alina ne\u0161varumus (dulkes, sunkiuosius metalus) ir u\u017ebaigia tobul\u0105 plauk\u0173 valymo proces\u0105.<\/p>\n<\/div>\n<div id=\"4708690952324\" class=\"easytabs-container tab-widget-4708690952324 easytabs-inited\" data-et-min-width=\"0\" data-et-auto-accordion=\"0\" data-et-cbw=\"1\" data-et-cbr=\"3\" data-et-sta=\"1\" data-et-amp=\"0\" data-et-flx=\"0\" data-et-wt=\"0\" data-et-ao=\"1\" data-et-tabs-width=\"295\">\n<div class=\"easytabs-holder easytabs-accordion\">\n<div class=\"easytabs-contents\"><\/div>\n<\/div>\n<\/div>\n","protected":false},"featured_media":10325,"comment_status":"open","ping_status":"closed","template":"","meta":{"om_disable_all_campaigns":false},"product_brand":[],"product_cat":[44,38],"product_tag":[28,33,68,49,71,29],"class_list":{"0":"post-10324","1":"product","2":"type-product","3":"status-publish","4":"has-post-thumbnail","6":"product_cat-mini-produktai","7":"product_cat-plauku-kaukes","8":"product_tag-dazyti-plaukai","9":"product_tag-garbanoti-plaukai","10":"product_tag-normalus-plaukai","11":"product_tag-ploni-plaukai","12":"product_tag-sausi-plaukai","13":"product_tag-siaustis-linke-plaukai","15":"first","16":"instock","17":"shipping-taxable","18":"purchasable","19":"product-type-variable","20":"add-to-wishlist-before_image"},"aioseo_notices":[],"_links":{"self":[{"href":"https:\/\/kasperindre.lt\/index.php?rest_route=\/wp\/v2\/product\/10324","targetHints":{"allow":["GET"]}}],"collection":[{"href":"https:\/\/kasperindre.lt\/index.php?rest_route=\/wp\/v2\/product"}],"about":[{"href":"https:\/\/kasperindre.lt\/index.php?rest_route=\/wp\/v2\/types\/product"}],"replies":[{"embeddable":true,"href":"https:\/\/kasperindre.lt\/index.php?rest_route=%2Fwp%2Fv2%2Fcomments&post=10324"}],"version-history":[{"count":8,"href":"https:\/\/kasperindre.lt\/index.php?rest_route=\/wp\/v2\/product\/10324\/revisions"}],"predecessor-version":[{"id":11118,"href":"https:\/\/kasperindre.lt\/index.php?rest_route=\/wp\/v2\/product\/10324\/revisions\/11118"}],"wp:featuredmedia":[{"embeddable":true,"href":"https:\/\/kasperindre.lt\/index.php?rest_route=\/wp\/v2\/media\/10325"}],"wp:attachment":[{"href":"https:\/\/kasperindre.lt\/index.php?rest_route=%2Fwp%2Fv2%2Fmedia&parent=10324"}],"wp:term":[{"taxonomy":"product_brand","embeddable":true,"href":"https:\/\/kasperindre.lt\/index.php?rest_route=%2Fwp%2Fv2%2Fproduct_brand&post=10324"},{"taxonomy":"product_cat","embeddable":true,"href":"https:\/\/kasperindre.lt\/index.php?rest_route=%2Fwp%2Fv2%2Fproduct_cat&post=10324"},{"taxonomy":"product_tag","embeddable":true,"href":"https:\/\/kasperindre.lt\/index.php?rest_route=%2Fwp%2Fv2%2Fproduct_tag&post=10324"}],"curies":[{"name":"wp","href":"https:\/\/api.w.org\/{rel}","templated":true}]}}