{"id":10307,"date":"2021-08-06T10:10:29","date_gmt":"2021-08-06T10:10:29","guid":{"rendered":"http:\/\/kasperindre.lt\/?post_type=product&#038;p=10307"},"modified":"2024-09-26T16:28:26","modified_gmt":"2024-09-26T16:28:26","slug":"plauku-kauke-6","status":"publish","type":"product","link":"https:\/\/kasperindre.lt\/?product=plauku-kauke-6","title":{"rendered":"GREITAI PLAUKUS ATKURIANTI KAUK\u0116 | THE QUICK FIX CIRCLE"},"content":{"rendered":"\t\t<div data-elementor-type=\"wp-post\" data-elementor-id=\"10307\" class=\"elementor elementor-10307\" data-elementor-settings=\"[]\">\n\t\t\t\t\t\t\t<div class=\"elementor-section-wrap\">\n\t\t\t\t\t\t\t<section class=\"elementor-section elementor-top-section elementor-element elementor-element-d42a6ff elementor-section-boxed elementor-section-height-default elementor-section-height-default qodef-elementor-content-no\" data-id=\"d42a6ff\" data-element_type=\"section\">\n\t\t\t\t\t\t<div class=\"elementor-container elementor-column-gap-default\">\n\t\t\t\t\t<div class=\"elementor-column elementor-col-100 elementor-top-column elementor-element elementor-element-b8b42a7\" data-id=\"b8b42a7\" data-element_type=\"column\">\n\t\t\t<div class=\"elementor-widget-wrap elementor-element-populated\">\n\t\t\t\t\t\t\t\t<div class=\"elementor-element elementor-element-4fe2c84 elementor-widget elementor-widget-text-editor\" data-id=\"4fe2c84\" data-element_type=\"widget\" data-widget_type=\"text-editor.default\">\n\t\t\t\t<div class=\"elementor-widget-container\">\n\t\t\t\t\t\t\t<div class=\"easytabs-text\"><p>Greitai plaukus atkurianti kauk\u0117 su hialurono r\u016bg\u0161timi ir raudonuoju moliu dr\u0117kina plaukus ir vos per\u00a03 min. sustabdo j\u0173 v\u0117lim\u0105si, padaro plaukus paklusnius bei \u0161velnius it \u0161ilkas.<\/p><ul><li>Idealiai tinka \u012fvairi\u0173 tip\u0173 plaukams, ypa\u010d, jei skubate<\/li><li>Papildomas kondicionuojantis poveikis<\/li><li>Suteikia papildomos apimties ir dr\u0117kina<\/li><\/ul><\/div><div id=\"4708693246084\" class=\"easytabs-container tab-widget-4708693246084 easytabs-inited\" data-et-min-width=\"0\" data-et-auto-accordion=\"0\" data-et-cbw=\"1\" data-et-cbr=\"3\" data-et-sta=\"1\" data-et-amp=\"0\" data-et-flx=\"0\" data-et-wt=\"0\" data-et-ao=\"1\" data-et-tabs-width=\"295\"><div class=\"easytabs-holder easytabs-accordion\"><div class=\"easytabs-contents\"><div class=\"easytabs-content-item easytabs-active\" data-et-marker=\"tabs-the-quick-fix-circle-greitai-plaukus-atkurianti-kauke-2\" data-et-handle=\"tabs-kaip-naudoti\"><h5 class=\"easytabs-accordion-item\" tabindex=\"0\" aria-labelledby=\"easytabs-slide-label-4708693246084-0\" aria-selected=\"true\"><a class=\"ui-tabs-anchor js-no-transition\">Kaip naudoti?<\/a><\/h5><div class=\"easytabs-content-holder\" aria-labelledby=\"easytabs-slide-label-4708693246084-0\" aria-expanded=\"true\" aria-hidden=\"false\"><p>U\u017ed\u0117kite kauk\u0119 ant i\u0161plaut\u0173 ir rank\u0161luos\u010diu nusausint\u0173 plauk\u0173. Palaikykite 3 min. i\u0161\u0161ukuokite ir nuskalaukite. I\u0161d\u017eiovinkite plaukus.<\/p><p>MULTI-MASKING! DAUGIAFUNKCINIS POVEIKIS!<\/p><p>Galvos odai: jei norite valan\u010dio poveikio, u\u017ed\u0117kite \u201eThe Purity Circle\u201c kauk\u0119. Visam plauk\u0173 ilgiui: jei norite giliai sudr\u0117kinti plaukus, u\u017ed\u0117kite \u201eThe Quick Fix Circle\u201c kauk\u0119.<\/p><\/div><\/div><div class=\"easytabs-content-item\" data-et-marker=\"tabs-the-quick-fix-circle-greitai-plaukus-atkurianti-kauke-3\" data-et-handle=\"tabs-sudedamosios-dalys\"><h5 class=\"easytabs-accordion-item\" tabindex=\"-1\" aria-labelledby=\"easytabs-slide-label-4708693246084-1\" aria-selected=\"false\"><a class=\"ui-tabs-anchor js-no-transition\">Sudedamosios dalys<\/a><\/h5><p>AQUA \/ WATER \/ EAU, CETEARYL ALCOHOL, BEHENTRIMONIUM CHLORIDE, GLYCERIN, CETYL ALCOHOL, BEHENTRIMONIUM METHOSULFATE, CETRIMONIUM CHLORIDE, PARFUM \/ FRAGRANCE, POLYGLYCERYL-4 OLEATE, GLYCERYL STEARATE, QUATERNIUM-87, KAOLIN, ISOPROPYL ALCOHOL, SIMMONDSIA CHINENSIS SEED OIL \/ SIMMONDSIA CHINENSIS (JOJOBA) SEED OIL, BENZYL ALCOHOL, GLYCERYL OLIVATE, SCLEROTIUM GUM, SODIUM BENZOATE, HYDROGENATED RAPESEED ALCOHOL, TOCOPHEROL, CITRIC ACID, LIMONENE, PROPYLENE GLYCOL, SODIUM HYALURONATE, HEXYL CINNAMAL, CITRONELLOL, HYDROXYCITRONELLAL, GUAR HYDROXYPROPYLTRIMONIUM CHLORIDE, ETHYLHEXYLGLYCERIN, PHENOXYETHANOL.<\/p><\/div><\/div><\/div><\/div>\t\t\t\t\t\t<\/div>\n\t\t\t\t<\/div>\n\t\t\t\t\t<\/div>\n\t\t<\/div>\n\t\t\t\t\t\t\t<\/div>\n\t\t<\/section>\n\t\t\t\t\t\t<\/div>\n\t\t\t\t\t<\/div>\n\t\t","protected":false},"excerpt":{"rendered":"<div class=\"easytabs-text\">\n<p>Greitai plaukus atkurianti kauk\u0117 su hialurono r\u016bg\u0161timi ir raudonuoju moliu dr\u0117kina plaukus ir vos per 3 min. sustabdo j\u0173 v\u0117lim\u0105si, padaro plaukus paklusnius bei \u0161velnius it \u0161ilkas.<\/p>\n<\/div>\n<div id=\"4708693246084\" class=\"easytabs-container tab-widget-4708693246084 easytabs-inited\" data-et-min-width=\"0\" data-et-auto-accordion=\"0\" data-et-cbw=\"1\" data-et-cbr=\"3\" data-et-sta=\"1\" data-et-amp=\"0\" data-et-flx=\"0\" data-et-wt=\"0\" data-et-ao=\"1\" data-et-tabs-width=\"295\">\n<div class=\"easytabs-holder easytabs-accordion\">\n<div class=\"easytabs-contents\">\n<div class=\"easytabs-content-item\" data-et-marker=\"tabs-the-quick-fix-circle-greitai-plaukus-atkurianti-kauke-3\" data-et-handle=\"tabs-sudedamosios-dalys\">\n<div class=\"easytabs-accordion-item\" tabindex=\"-1\" aria-labelledby=\"easytabs-slide-label-4708693246084-1\" aria-selected=\"false\"><\/div>\n<\/div>\n<\/div>\n<\/div>\n<\/div>\n","protected":false},"featured_media":10308,"comment_status":"open","ping_status":"closed","template":"","meta":{"om_disable_all_campaigns":false},"product_brand":[],"product_cat":[44,38],"product_tag":[28,33,68,49,71,29],"class_list":{"0":"post-10307","1":"product","2":"type-product","3":"status-publish","4":"has-post-thumbnail","6":"product_cat-mini-produktai","7":"product_cat-plauku-kaukes","8":"product_tag-dazyti-plaukai","9":"product_tag-garbanoti-plaukai","10":"product_tag-normalus-plaukai","11":"product_tag-ploni-plaukai","12":"product_tag-sausi-plaukai","13":"product_tag-siaustis-linke-plaukai","15":"first","16":"instock","17":"shipping-taxable","18":"purchasable","19":"product-type-variable","20":"add-to-wishlist-before_image"},"aioseo_notices":[],"_links":{"self":[{"href":"https:\/\/kasperindre.lt\/index.php?rest_route=\/wp\/v2\/product\/10307","targetHints":{"allow":["GET"]}}],"collection":[{"href":"https:\/\/kasperindre.lt\/index.php?rest_route=\/wp\/v2\/product"}],"about":[{"href":"https:\/\/kasperindre.lt\/index.php?rest_route=\/wp\/v2\/types\/product"}],"replies":[{"embeddable":true,"href":"https:\/\/kasperindre.lt\/index.php?rest_route=%2Fwp%2Fv2%2Fcomments&post=10307"}],"version-history":[{"count":5,"href":"https:\/\/kasperindre.lt\/index.php?rest_route=\/wp\/v2\/product\/10307\/revisions"}],"predecessor-version":[{"id":11098,"href":"https:\/\/kasperindre.lt\/index.php?rest_route=\/wp\/v2\/product\/10307\/revisions\/11098"}],"wp:featuredmedia":[{"embeddable":true,"href":"https:\/\/kasperindre.lt\/index.php?rest_route=\/wp\/v2\/media\/10308"}],"wp:attachment":[{"href":"https:\/\/kasperindre.lt\/index.php?rest_route=%2Fwp%2Fv2%2Fmedia&parent=10307"}],"wp:term":[{"taxonomy":"product_brand","embeddable":true,"href":"https:\/\/kasperindre.lt\/index.php?rest_route=%2Fwp%2Fv2%2Fproduct_brand&post=10307"},{"taxonomy":"product_cat","embeddable":true,"href":"https:\/\/kasperindre.lt\/index.php?rest_route=%2Fwp%2Fv2%2Fproduct_cat&post=10307"},{"taxonomy":"product_tag","embeddable":true,"href":"https:\/\/kasperindre.lt\/index.php?rest_route=%2Fwp%2Fv2%2Fproduct_tag&post=10307"}],"curies":[{"name":"wp","href":"https:\/\/api.w.org\/{rel}","templated":true}]}}