{"id":10298,"date":"2021-08-06T10:07:09","date_gmt":"2021-08-06T10:07:09","guid":{"rendered":"http:\/\/kasperindre.lt\/?post_type=product&#038;p=10298"},"modified":"2024-09-26T16:40:21","modified_gmt":"2024-09-26T16:40:21","slug":"plauku-kauke-5","status":"publish","type":"product","link":"https:\/\/kasperindre.lt\/?product=plauku-kauke-5","title":{"rendered":"PLAUK\u0172 KAUK\u0116 \u0160VIESINTIEMS PLAUKAMS PH: 4 | NOUNOU"},"content":{"rendered":"\t\t<div data-elementor-type=\"wp-post\" data-elementor-id=\"10298\" class=\"elementor elementor-10298\" data-elementor-settings=\"[]\">\n\t\t\t\t\t\t\t<div class=\"elementor-section-wrap\">\n\t\t\t\t\t\t\t<section class=\"elementor-section elementor-top-section elementor-element elementor-element-c898793 elementor-section-boxed elementor-section-height-default elementor-section-height-default qodef-elementor-content-no\" data-id=\"c898793\" data-element_type=\"section\">\n\t\t\t\t\t\t<div class=\"elementor-container elementor-column-gap-default\">\n\t\t\t\t\t<div class=\"elementor-column elementor-col-100 elementor-top-column elementor-element elementor-element-e14947b\" data-id=\"e14947b\" data-element_type=\"column\">\n\t\t\t<div class=\"elementor-widget-wrap elementor-element-populated\">\n\t\t\t\t\t\t\t\t<div class=\"elementor-element elementor-element-0dc3424 elementor-widget elementor-widget-text-editor\" data-id=\"0dc3424\" data-element_type=\"widget\" data-widget_type=\"text-editor.default\">\n\t\t\t\t<div class=\"elementor-widget-container\">\n\t\t\t\t\t\t\t<div class=\"easytabs-text\"><p>Intensyviai atstatanti plaukus kauk\u0117, skirta giliai pamaitinti plauk\u0105. Idealiai tinka \u0161viesintiems plaukams. Plaukai tampa \u0161veln\u016bs ir \u0161ilkiniai, kauk\u0117 suteikia jiems svorio, ta\u010diau neapsunkina.<\/p><\/div><div id=\"4713306554500\" class=\"easytabs-container tab-widget-4713306554500 easytabs-inited\" data-et-min-width=\"0\" data-et-auto-accordion=\"0\" data-et-cbw=\"1\" data-et-cbr=\"3\" data-et-sta=\"1\" data-et-amp=\"0\" data-et-flx=\"0\" data-et-wt=\"0\" data-et-ao=\"1\" data-et-tabs-width=\"295\"><div class=\"easytabs-holder easytabs-accordion\"><div class=\"easytabs-contents\"><div class=\"easytabs-content-item easytabs-active\" data-et-marker=\"tabs-nounou-plauku-kauke-ph-4-2\" data-et-handle=\"tabs-kaip-naudoti\"><h5 class=\"easytabs-accordion-item\" tabindex=\"0\" aria-labelledby=\"easytabs-slide-label-4713306554500-0\" aria-selected=\"true\"><a class=\"ui-tabs-anchor js-no-transition\">Kaip naudoti?<\/a><\/h5><div class=\"easytabs-content-holder\" aria-labelledby=\"easytabs-slide-label-4713306554500-0\" aria-expanded=\"true\" aria-hidden=\"false\"><p>Tolygiai paskirstykite produkt\u0105 ant NOUNOU \u0161amp\u016bnu i\u0161plaut\u0173 ir rank\u0161luos\u010diu nusausint\u0173 plauk\u0173. Palikite 10\u201315 min., i\u0161\u0161ukuokite, kruop\u0161\u010diai nuskalaukite. Tada formuokite norim\u0105 stili\u0173.<\/p><\/div><\/div><div class=\"easytabs-content-item\" data-et-marker=\"tabs-nounou-plauku-kauke-ph-4-3\" data-et-handle=\"tabs-sudedamosios-dalys\"><h5 class=\"easytabs-accordion-item\" tabindex=\"-1\" aria-labelledby=\"easytabs-slide-label-4713306554500-1\" aria-selected=\"false\"><a class=\"ui-tabs-anchor js-no-transition\">Sudedamosios dalys<\/a><\/h5><p>Su Torre Guaceto Fiaschetto pomidor\u0173 ekstraktu, i\u0161 l\u0117to maisto prezidiumo. Gausu angliavandeni\u0173 ir baltym\u0173,\u00a0 turi stipri\u0105 maitinam\u0105j\u0105 gali\u0105 ir d\u0117l vitamino C , pasi\u017eymi antioksidaciniu poveikiu.<\/p><p><span class=\"specifics__item\"><span class=\"specifics__container\"><span class=\"specifics__list ingredients\">AQUA \/ WATER \/ EAU, CETEARYL ALCOHOL, GLYCERIN, BEHENTRIMONIUM CHLORIDE, CETYL ALCOHOL, CETRIMONIUM CHLORIDE, BENZOTRIAZOLYL DODECYL P-CRESOL, BEHENYL ALCOHOL, PARFUM \/ FRAGRANCE, BENZYL ALCOHOL, DIMETHICONE, SIMMONDSIA CHINENSIS SEED OIL \/ SIMMONDSIA CHINENSIS (JOJOBA) SEED OIL, OLEA EUROPAEA FRUIT OIL \/ OLEA EUROPAEA (OLIVE) FRUIT OIL, AMODIMETHICONE, DICAPRYLYL ETHER, LAURYL ALCOHOL, DISODIUM EDTA, HYDROXYETHYLCELLULOSE, OCTADECYL DI-T-BUTYL-4-HYDROXYHYDROCINNAMATE, SODIUM BENZOATE, CITRIC ACID, HYDROGENATED OLIVE OIL, TOCOPHEROL, SOLANUM LYCOPERSICUM FRUIT EXTRACT \/ SOLANUM LYCOPERSICUM (TOMATO) FRUIT EXTRACT, LINALOOL, GERANIOL, LIMONENE, CI 19140 \/ YELLOW 5, CI 14700 \/ RED 4, CI 61570 \/ GREEN 5.<\/span><\/span><\/span><\/p><\/div><\/div><\/div><\/div>\t\t\t\t\t\t<\/div>\n\t\t\t\t<\/div>\n\t\t\t\t\t<\/div>\n\t\t<\/div>\n\t\t\t\t\t\t\t<\/div>\n\t\t<\/section>\n\t\t\t\t\t\t<\/div>\n\t\t\t\t\t<\/div>\n\t\t","protected":false},"excerpt":{"rendered":"<div class=\"easytabs-text\">\n<p>Intensyviai atstatanti plaukus kauk\u0117, skirta giliai pamaitinti plauk\u0105. Idealiai tinka \u0161viesintiems plaukams. Plaukai tampa \u0161veln\u016bs ir \u0161ilkiniai, kauk\u0117 suteikia jiems svorio, ta\u010diau neapsunkina.<\/p>\n<\/div>\n","protected":false},"featured_media":10299,"comment_status":"open","ping_status":"closed","template":"","meta":{"om_disable_all_campaigns":false},"product_brand":[],"product_cat":[44,38],"product_tag":[28,68,71,29],"class_list":{"0":"post-10298","1":"product","2":"type-product","3":"status-publish","4":"has-post-thumbnail","6":"product_cat-mini-produktai","7":"product_cat-plauku-kaukes","8":"product_tag-dazyti-plaukai","9":"product_tag-normalus-plaukai","10":"product_tag-sausi-plaukai","11":"product_tag-siaustis-linke-plaukai","13":"first","14":"instock","15":"shipping-taxable","16":"purchasable","17":"product-type-variable","18":"add-to-wishlist-before_image"},"aioseo_notices":[],"_links":{"self":[{"href":"https:\/\/kasperindre.lt\/index.php?rest_route=\/wp\/v2\/product\/10298","targetHints":{"allow":["GET"]}}],"collection":[{"href":"https:\/\/kasperindre.lt\/index.php?rest_route=\/wp\/v2\/product"}],"about":[{"href":"https:\/\/kasperindre.lt\/index.php?rest_route=\/wp\/v2\/types\/product"}],"replies":[{"embeddable":true,"href":"https:\/\/kasperindre.lt\/index.php?rest_route=%2Fwp%2Fv2%2Fcomments&post=10298"}],"version-history":[{"count":5,"href":"https:\/\/kasperindre.lt\/index.php?rest_route=\/wp\/v2\/product\/10298\/revisions"}],"predecessor-version":[{"id":11102,"href":"https:\/\/kasperindre.lt\/index.php?rest_route=\/wp\/v2\/product\/10298\/revisions\/11102"}],"wp:featuredmedia":[{"embeddable":true,"href":"https:\/\/kasperindre.lt\/index.php?rest_route=\/wp\/v2\/media\/10299"}],"wp:attachment":[{"href":"https:\/\/kasperindre.lt\/index.php?rest_route=%2Fwp%2Fv2%2Fmedia&parent=10298"}],"wp:term":[{"taxonomy":"product_brand","embeddable":true,"href":"https:\/\/kasperindre.lt\/index.php?rest_route=%2Fwp%2Fv2%2Fproduct_brand&post=10298"},{"taxonomy":"product_cat","embeddable":true,"href":"https:\/\/kasperindre.lt\/index.php?rest_route=%2Fwp%2Fv2%2Fproduct_cat&post=10298"},{"taxonomy":"product_tag","embeddable":true,"href":"https:\/\/kasperindre.lt\/index.php?rest_route=%2Fwp%2Fv2%2Fproduct_tag&post=10298"}],"curies":[{"name":"wp","href":"https:\/\/api.w.org\/{rel}","templated":true}]}}